{"id":14765,"date":"2018-12-24T23:23:25","date_gmt":"2018-12-24T22:23:25","guid":{"rendered":"https:\/\/test4.mi-backup.ch\/?page_id=14765"},"modified":"2018-12-24T23:23:25","modified_gmt":"2018-12-24T22:23:25","slug":"hvordan-mi-oppstod-blant-de-tradisjonelle-katolikkene","status":"publish","type":"page","link":"https:\/\/test4.mi-backup.ch\/no\/hvordan-mi-oppstod-blant-de-tradisjonelle-katolikkene\/","title":{"rendered":"Hvordan MI oppstod blant de tradisjonelle katolikkene"},"content":{"rendered":"<figure style=\"width: 250px\" class=\"wp-caption alignright\"><img loading=\"lazy\" src=\"https:\/\/test4.mi-backup.ch\/wp-content\/uploads\/media\/Fatima.PathtoPeace.Stehlin_(Copy).png\" width=\"250\" height=\"153\" align=\"top\" border=\"1\" hspace=\"5\" vspace=\"5\" \/><figcaption class=\"wp-caption-text\">Pater Karl Stehlin FSSPX, som gjenopprettet den opprinnelige MI blant de tradisjonelle katolikkene.<\/figcaption><\/figure>\n<p>Den 6. mai 2000 ble Mi gjenopprettet i Polen, i samsvar med holdningen og ordlyden til de opprinnelige statuttene. Dette ble gjennomf\u00f8rt av lederen for FSSPX [Prestebroderskapet St. Pius X., o.a.] i Polen, med tillatelse av hans foresatte, biskop Bernard Fellay, og i samsvar med prinsippene for den supplement\u00e6re jurisdiksjonen.<\/p>\n<p>I februar 2002 skrev den foresatte i et brev til medlemmene av FSSPX: &#8220;Jeg kan bare anbefale dere \u00e5 si ja til dette underfulle, helt apostoliske tiltaket, og \u00e5 utbre det. I dette ser vi en fullkommen overensstemmelse med Fatima p\u00e5 den ene siden, og med den fromme hengivelsen som statuttene v\u00e5re forlanger av oss overfor Jomfru Maria p\u00e5 den andre siden&#8221;.<\/p>\n<p><figure style=\"width: 250px\" class=\"wp-caption alignright\"><img loading=\"lazy\" src=\"https:\/\/test4.mi-backup.ch\/wp-content\/uploads\/media\/bishop_fellay_sspx_superior_general460.jpg\" width=\"250\" height=\"226\" align=\"top\" border=\"1\" hspace=\"5\" vspace=\"5\" \/><figcaption class=\"wp-caption-text\">Biskop Bernard Fellay, [den dav\u00e6rende, o.a.] lederen for FSSPX<\/figcaption><\/figure>I mellomtiden ble den tradisjonelle MI opprettet i tallrike land og har over 10\u2019000 medlemmer.<\/p>\n<p>Dersom noen [&#8230;] vil bli medlem i MI, kan vedkommende henvende seg til enhver av FSSPXs prester for \u00e5 gjennomf\u00f8re opptaksseremonien. Man blir f\u00f8rst anerkjent som &#8220;Immaculatas ridder&#8221; n\u00e5r diplomet for medlemskapet er blitt underskrevet av presten og registrert hos Mi sentralt.<\/p>\n","protected":false},"excerpt":{"rendered":"<p>Den 6. mai 2000 ble Mi gjenopprettet i Polen, i samsvar med holdningen og ordlyden til de opprinnelige statuttene. Dette ble gjennomf\u00f8rt av lederen for FSSPX [Prestebroderskapet St. Pius X., o.a.] i Polen, med tillatelse av hans foresatte, biskop Bernard Fellay, og i samsvar med prinsippene for den supplement\u00e6re jurisdiksjonen.<a class=\"more-link\" href=\"https:\/\/test4.mi-backup.ch\/no\/hvordan-mi-oppstod-blant-de-tradisjonelle-katolikkene\/\">Read More &rarr;<\/a><\/p>\n","protected":false},"author":9,"featured_media":0,"parent":0,"menu_order":0,"comment_status":"closed","ping_status":"closed","template":"","meta":[],"_links":{"self":[{"href":"https:\/\/test4.mi-backup.ch\/no\/wp-json\/wp\/v2\/pages\/14765"}],"collection":[{"href":"https:\/\/test4.mi-backup.ch\/no\/wp-json\/wp\/v2\/pages"}],"about":[{"href":"https:\/\/test4.mi-backup.ch\/no\/wp-json\/wp\/v2\/types\/page"}],"author":[{"embeddable":true,"href":"https:\/\/test4.mi-backup.ch\/no\/wp-json\/wp\/v2\/users\/9"}],"replies":[{"embeddable":true,"href":"https:\/\/test4.mi-backup.ch\/no\/wp-json\/wp\/v2\/comments?post=14765"}],"version-history":[{"count":1,"href":"https:\/\/test4.mi-backup.ch\/no\/wp-json\/wp\/v2\/pages\/14765\/revisions"}],"predecessor-version":[{"id":14766,"href":"https:\/\/test4.mi-backup.ch\/no\/wp-json\/wp\/v2\/pages\/14765\/revisions\/14766"}],"wp:attachment":[{"href":"https:\/\/test4.mi-backup.ch\/no\/wp-json\/wp\/v2\/media?parent=14765"}],"curies":[{"name":"wp","href":"https:\/\/api.w.org\/{rel}","templated":true}]}}