{"id":14767,"date":"2018-12-24T23:35:08","date_gmt":"2018-12-24T22:35:08","guid":{"rendered":"https:\/\/test4.mi-backup.ch\/?page_id=14767"},"modified":"2018-12-24T23:35:08","modified_gmt":"2018-12-24T22:35:08","slug":"mi-etter-konsilet","status":"publish","type":"page","link":"https:\/\/test4.mi-backup.ch\/no\/mi-etter-konsilet\/","title":{"rendered":"MI etter konsilet"},"content":{"rendered":"<figure style=\"width: 250px\" class=\"wp-caption alignright\"><img loading=\"lazy\" src=\"https:\/\/test4.mi-backup.ch\/wp-content\/uploads\/media\/17_-_Pope_John_Paul_II_and_Franciszek_Gajowniczek_at_the_canonization_of_St._Maximilian_Maria_Kolbe_(1982).jpg\" alt=\"Papst Johannes Paul II.\" width=\"250\" height=\"206\" align=\"top\" border=\"1\" hspace=\"5\" vspace=\"5\" \/><figcaption class=\"wp-caption-text\">Pave Johannes Paul II. med Franciszek Gajowniczek, som den hellige Maximilian gikk inn i sultebunkeren for, i anledning av Maximilians helligk\u00e5ring i 1984.<\/figcaption><\/figure>\n<p>Det andre vatikankonsilets revolusjon har heller ikke forsk\u00e5net MI:<\/p>\n<ol>\n<li>Navnet: Man begynte med \u00e5 forandre det altfor krigerske navnet militsen (ridderne) til \u201eMisjonen til Immaculata\u201d. M\u00e5let var at det bedre skulle tilsvare religionsfrihetens prinsipp og tilsvare konsilets pasifistiske maksime. Snart ble ogs\u00e5 statuttene tilpasset konsilets innstilling. Sitatene i de nye statuttene er utelukkende hentet fra tekstene til konsilet, fra pave Paul VI. og pave Johannes Paul II, samt noen sitater av den hellige Maximilian.<\/li>\n<li>M\u00e5lsetningen: Disse statuttene presenterer et helt nytt m\u00e5l for MI: man nevner ikke lenger omvendelsen til frimurerne, heretikerne osv.. Man fjernet ogs\u00e5 den viktige, siste setningen i b\u00f8nnen til MI: &#8220;\u00c5 Maria, unnfanget uten synd&#8230;&#8221;. Denne setningen ble tilf\u00f8yd av grunnleggeren: \u201eog for alle som ikke tar sin tilflukt til deg, spesielt for frimurerne og alle som er blitt anbefalt deg&#8221;. Sjelenes omvendelse, kampen mot villfarelse, og bestrebelsen for \u00e5 f\u00f8re de frafalne tilbake til kirken er heller ikke \u00e5 finne i statuttene lenger. Ikke et ord om Satan, Immaculatas og sjelenes hovedsakelige fiende. Og derfor nevnes det logisk nok heller ikke noe om sjelenes frelse; sjelene, som man for enhver pris m\u00e5 redde fra helvete.<\/li>\n<li>Vesen: N\u00e5r det gjelder MIs vesen, s\u00e5 er det fremdeles snakk om \u00e5 hengi seg helt til Immaculata, men den konkrete virkeliggj\u00f8relsen av denne vigselen ble vesentlig forandret. Ikke et ord om lydighet overfor Immaculatas vilje. I stedet for utbredelsen av den sanne tro st\u00e5r n\u00e5 de aktivitetene i midtpunktet, som har som m\u00e5l \u00e5 opph\u00f8ye menneskeverdet og \u00e5 v\u00e6rne om livet.<\/li>\n<li>Guds Mor presenteres kun som et eksempel og et forbilde til etterlignelse. Derimot ble det som den hellige Maximilian kaller den &#8220;praktiske anvendelsen av dogmet om den uplettede unnfangelse&#8221;, undersl\u00e5tt. Her dreier det seg om hennes aktive rolle som formidler av alle n\u00e5degaver (en sannhet som etter Det 2. vatikankonsilet blir sett p\u00e5 som en mening som kan diskuteres), s\u00e6rlig omvendelsens og helliggj\u00f8relsens n\u00e5de. P\u00e5 denne m\u00e5ten avviser man det som grunnleggeren s\u00e5 som fundamentet for hele sitt verk: &#8220;Alt som utrettes i MI beror p\u00e5 det faktum at Maria formidler alle n\u00e5degaver. Dersom det ikke ville v\u00e6re tilfellet, ville alt arbeidet og anstrengelsene v\u00e5re v\u00e6re meningsl\u00f8se&#8221; (Konferansen av 06.06.1933).<\/li>\n<\/ol>\n","protected":false},"excerpt":{"rendered":"<p>Det andre vatikankonsilets revolusjon har heller ikke forsk\u00e5net MI: Navnet: Man begynte med \u00e5 forandre det altfor krigerske navnet militsen (ridderne) til \u201eMisjonen til Immaculata\u201d. M\u00e5let var at det bedre skulle tilsvare religionsfrihetens prinsipp og tilsvare konsilets pasifistiske maksime. Snart ble ogs\u00e5 statuttene tilpasset konsilets innstilling. Sitatene i de nye<a class=\"more-link\" href=\"https:\/\/test4.mi-backup.ch\/no\/mi-etter-konsilet\/\">Read More &rarr;<\/a><\/p>\n","protected":false},"author":9,"featured_media":0,"parent":0,"menu_order":0,"comment_status":"closed","ping_status":"closed","template":"","meta":[],"_links":{"self":[{"href":"https:\/\/test4.mi-backup.ch\/no\/wp-json\/wp\/v2\/pages\/14767"}],"collection":[{"href":"https:\/\/test4.mi-backup.ch\/no\/wp-json\/wp\/v2\/pages"}],"about":[{"href":"https:\/\/test4.mi-backup.ch\/no\/wp-json\/wp\/v2\/types\/page"}],"author":[{"embeddable":true,"href":"https:\/\/test4.mi-backup.ch\/no\/wp-json\/wp\/v2\/users\/9"}],"replies":[{"embeddable":true,"href":"https:\/\/test4.mi-backup.ch\/no\/wp-json\/wp\/v2\/comments?post=14767"}],"version-history":[{"count":1,"href":"https:\/\/test4.mi-backup.ch\/no\/wp-json\/wp\/v2\/pages\/14767\/revisions"}],"predecessor-version":[{"id":14768,"href":"https:\/\/test4.mi-backup.ch\/no\/wp-json\/wp\/v2\/pages\/14767\/revisions\/14768"}],"wp:attachment":[{"href":"https:\/\/test4.mi-backup.ch\/no\/wp-json\/wp\/v2\/media?parent=14767"}],"curies":[{"name":"wp","href":"https:\/\/api.w.org\/{rel}","templated":true}]}}