{"id":15034,"date":"2016-01-31T15:05:06","date_gmt":"2016-01-31T15:05:06","guid":{"rendered":"https:\/\/test4.mi-backup.ch\/der-ruf-der-immaculata\/"},"modified":"2019-01-13T12:47:27","modified_gmt":"2019-01-13T11:47:27","slug":"der-ruf-der-immaculata","status":"publish","type":"page","link":"https:\/\/test4.mi-backup.ch\/no\/der-ruf-der-immaculata\/","title":{"rendered":"Immaculatas oppfordring"},"content":{"rendered":"<figure style=\"width: 200px\" class=\"wp-caption alignright\"><img loading=\"lazy\" src=\"https:\/\/test4.mi-backup.ch\/wp-content\/uploads\/media\/Mary_serpent.jpg\" width=\"200\" height=\"302\" align=\"top\" border=\"1\" hspace=\"5\" vspace=\"5\" \/><figcaption class=\"wp-caption-text\">Maria seirer over dragen \u2013 ved hjelp av korset<\/figcaption><\/figure>\n<p>V\u00e5r Frue av Fatima kalte v\u00e5r moderne tid for &#8220;tiden for det avgj\u00f8rende slaget&#8221;. Idet hun tilbyr oss sitt uplettede hjerte som &#8220;v\u00e5rt tilfluktssted&#8221;, gir hun oss middelet mot fristelsen til \u00e5 avskaffe troen.<\/p>\n<p>Uten dette tiltaket ville menneskeheten v\u00e6re fullstendig maktesl\u00f8s overfor den &#8220;djevelske b\u00f8lgen, som feier gjennom verden&#8221;.<\/p>\n<p>I forskjellige \u00e5penbaringer (f.eks. i La Salette) og i skriftene til helgenene (f.eks. den hellige Ludwig Maria Grignion av Montfort), \u00e5penbarer Maria middelet mot n\u00e5tidens krise:\u00a0Jeg kommer til \u00e5 oppnevne en liten h\u00e6r av troende, &#8220;Jesu og Marias apostler&#8221;, som kommer til \u00e5 seire ved min hjelp.<\/p>\n<p>Dette m\u00e5let s\u00e5 den hellige Maximilian for seg, da han i 1917 grunnla foreningen for den uplettedes riddere \u2013 Militia Immaculatae (MI).<\/p>\n<h3>Den hellige Maximilians visjon og l\u00e6re<\/h3>\n<p>Drevet av sorgen for sjelenes frelse, f\u00f8rte den hellige Maximilian en aktiv kamp mot Den katolske kirkens fiender. Han visste at Gud bare hadde forutsagt for \u00e9n person, at denne kom til \u00e5 knuse Satans hode og beseire ham. Bare \u00e9n kvinne hadde han lovet \u00e5 overvinne alle heresier i hele verden. Bare Jomfru Maria f\u00f8rer oss frem til den sikre seieren.<\/p>\n<p>Statuttene til MI viser denne kampens natur i sin f\u00f8rste setning: &#8220;Hun kommer til \u00e5 knuse ditt hode.&#8221; Denne kampen kommer av den uforsonlige fiendskapen mellom himmel og helvete. Siden Immaculata deltar i denne kampen, m\u00e5 ogs\u00e5 hennes riddere og tjenere kjempe. Derfor gav den hellige Maximilian foreningen sin navnet milits \u2013 h\u00e6r. Det var denne kampens og misjonens \u00e5nd som fikk millioner mennesker verden over til \u00e5 forene seg i MI under Immaculatas banner i f\u00f8rste halvdel av det 20. \u00e5rhundre.<\/p>\n<h3>\u00a0MIs relevans i dag<\/h3>\n<figure style=\"width: 200px\" class=\"wp-caption alignright\"><img loading=\"lazy\" src=\"https:\/\/test4.mi-backup.ch\/wp-content\/uploads\/media\/Erstes_Heft_kolbe.jpg\" width=\"200\" height=\"300\" align=\"top\" border=\"1\" hspace=\"5\" vspace=\"5\" \/><figcaption class=\"wp-caption-text\">Den opprinnelige utgaven av den hellige Maximilians tidsskrift &#8220;Den uplettedes ridder&#8221;.<\/figcaption><\/figure>\n<p>Grunnleggeren av MI var ikke i tvil om at vrangl\u00e6rene og de falske religionene er en d\u00f8delig gift for sjelene. De gir menneskene et galt m\u00e5l for livet, forvrir logiske tankeganger og skiller seg fra n\u00e5dens kilde.<\/p>\n<p>Ridderne som har viet seg til Immaculata, b\u00f8r, som hennes redskap, utstr\u00e5le hennes \u00e5nd, og benytte alle mulige midler for \u00e5 omvende syndere.<\/p>\n<p>En kampenhet under banneret til Immaculata, som kjemper for den sanne tro, Den katolske kirke og sjelenes redning, er endatil mye mere n\u00f8dvendig i dag enn da MI ble grunnlagt for rundt 100 \u00e5r siden. For \u00e5 gjenopprette arven etter den hellige Maximilian \u2013 som ogs\u00e5 ble endret etter konsilet \u2013 ble MI grunnlagt p\u00e5 nytt i sin opprinnelige \u00e5nd i \u00e5ret 2000 av FSSPX [Prestebroderskapet St. Pius X., o.a.]<\/p>\n<h2>Den s\u00e6regne karakteren ved det \u00e5 vie seg til Immaculata<\/h2>\n<figure id=\"attachment_3562\" aria-describedby=\"caption-attachment-3562\" style=\"width: 200px\" class=\"wp-caption alignright\"><img loading=\"lazy\" class=\"wp-image-3562 size-full\" src=\"https:\/\/test4.mi-backup.ch\/wp-content\/uploads\/2016\/01\/Schmaler-Weg.jpg\" alt=\"\" width=\"200\" height=\"497\" srcset=\"https:\/\/test4.mi-backup.ch\/wp-content\/uploads\/2016\/01\/Schmaler-Weg.jpg 200w, https:\/\/test4.mi-backup.ch\/wp-content\/uploads\/2016\/01\/Schmaler-Weg-121x300.jpg 121w\" sizes=\"(max-width: 200px) 100vw, 200px\" \/><figcaption id=\"caption-attachment-3562\" class=\"wp-caption-text\">Den smale og den brede vei. Det jordiske livet er noe annet enn de fleste tror. Ikke noe behagelig eller kjedelig rusletur gjennom verden. Det dreier seg om Gud eller djevelen! En sjels skjebne, eller et lands skjebne, blir som regel avgjort ved grensen. Vi m\u00e5 bygge sterke festninger ved grensen. Vi m\u00e5 vokte sansene, sjelens porter, med stor omhu. Vi m\u00e5 sette ut vaktposter overalt, vaktposter som ber. Vi m\u00e5 ikke v\u00e5ge oss for langt ut i fiendens land. Unng\u00e5 den neste anledning p\u00e5 alle omr\u00e5der! Ingen innr\u00f8mmelser, ingen kompromisser! Ingen lek med slangen! Det er Guds Mors taktikk. Hun skal v\u00e6re et forbilde for oss b\u00e5de i privatlivet og i politikken. De sm\u00e5 innr\u00f8mmelsene og det \u00e5 v\u00e6re litt uforsiktig ved grensen, er ofte avgj\u00f8rende for krigens utgang. Hun som knuser slangens hode, Jesusbarnets mor, m\u00e5 ogs\u00e5 vekke den offensive innstillingen hos oss. Vi m\u00e5 fordrive djevelen ut av det besatte omr\u00e5det. Prelat Robert M\u00e4der (+1945)<\/figcaption><\/figure>\n<p>Er det n\u00f8dvendig med ytterligere vigsler, dersom man allerede har utf\u00f8rt den fullkomne hengivelse etter den hellige Ludwig Maria?<\/p>\n<p>N\u00e5r det gjelder den fullkomne hengivelsen, dreier det seg om fornyelsen av d\u00e5psl\u00f8ftene og det personlige forholdet mellom sjelen og Maria. Det er en hengivelse av tjeneren til sin herskerinne og mor. Det \u00e5 hellige seg selv st\u00e5r i forgrunnen. Uten tvil er denne vigselen grunnlaget for den marianske fromheten.<\/p>\n<p>Den hellige Maximilians vigsel til Immaculata kan man betegne som fornyelsen av det man lover n\u00e5r man fermes. Den fremtidige ridderen hengir seg til sin dronning som et redskap. M\u00e5let for denne hengivelsen er Marias triumf over slangen og alle heresier. Ridderen bruker alle sine krefter for at hans dronning skal kunne herske i alle sjeler, s\u00e6rlig ogs\u00e5 i de &#8220;frafalne og lunkne&#8221;. Det siste m\u00e5let er &#8220;\u00e5 utbre det milde konged\u00f8mmet til Jesu hellige hjerte. For hvor du trer inn, ber du for at personen omvendes og helliges. For fra Jesu hellige hjerte kommer alle n\u00e5degaver til oss gjennom dine hender&#8221; (Vigselsb\u00f8nn).<\/p>\n<h2>Anbefaling fra lederen for FSSPX<\/h2>\n<p>I februar 2002 skrev lederen for FSSPX, biskop Fellay i et brev til medlemmene av FSSPX: &#8221; Jeg kan bare anbefale dere \u00e5 si ja til dette underfulle, helt apostoliske tiltaket, og \u00e5 utbre det. I dette ser vi en fullkommen overensstemmelse med Fatima p\u00e5 den ene siden, og med den fromme hengivelsen, som statuttene v\u00e5re forlanger av oss overfor Jomfru Maria, p\u00e5 den andre siden&#8221;.<\/p>\n<h2>F\u00f8ler ogs\u00e5 du deg tiltalt av denne oppfordringen til Immaculata?<\/h2>\n<p>Vil du ikke fremfor Gud og Immaculata vurdere om ikke vigselen til Immaculata og kampen som ridder i MI ogs\u00e5 for deg \u2013 under Immaculatas banner \u2013 er Guds vilje for \u00e5 im\u00f8tekomme denne oppfordringen. Selvf\u00f8lgelig dreier det seg her om en rent \u00e5ndelig kamp, som apostelen Paulus allerede har beskrevet: &#8220;Ta p\u00e5 Guds fulle rustning, s\u00e5 dere kan holde stand mot djevelens lumske angrep. For vi har ikke en kamp mot kj\u00f8tt og blod, men mot makter og myndigheter, mot verdens herskere i dette m\u00f8rke, mot ondskapens \u00e5ndeh\u00e6r i himmelrommet (Ef 6,11-12). B\u00e5de menn og kvinner kan derfor bli medlemmer i MI.<\/p>\n<p>Dersom du er interessert, ta kontakt med n\u00e6rmeste prest eller ta <a href=\"https:\/\/test4.mi-backup.ch\/no\/ta-kontakt-med-oss\/\">kontakt<\/a> med oss. Se ogs\u00e5 <a href=\"https:\/\/test4.mi-backup.ch\/de\/leitfaden-zur-mi-aufnahme\/\">Opptagelsen i MI<\/a>)<\/p>\n<p>Ogs\u00e5 dersom du overveier \u00e5 grunnlegge en MI-gruppe (MI 2) sammen med andre, hjelper vi deg gjerne. Veiledning for dette finner du <a href=\"https:\/\/test4.mi-backup.ch\/de\/leitfaden-zur-gruendung-einer-mi-gruppe\/\">her<\/a>.<\/p>\n","protected":false},"excerpt":{"rendered":"<p>V\u00e5r Frue av Fatima kalte v\u00e5r moderne tid for &#8220;tiden for det avgj\u00f8rende slaget&#8221;. Idet hun tilbyr oss sitt uplettede hjerte som &#8220;v\u00e5rt tilfluktssted&#8221;, gir hun oss middelet mot fristelsen til \u00e5 avskaffe troen. Uten dette tiltaket ville menneskeheten v\u00e6re fullstendig maktesl\u00f8s overfor den &#8220;djevelske b\u00f8lgen, som feier gjennom verden&#8221;.<a class=\"more-link\" href=\"https:\/\/test4.mi-backup.ch\/no\/der-ruf-der-immaculata\/\">Read More &rarr;<\/a><\/p>\n","protected":false},"author":9,"featured_media":0,"parent":0,"menu_order":0,"comment_status":"closed","ping_status":"closed","template":"","meta":[],"_links":{"self":[{"href":"https:\/\/test4.mi-backup.ch\/no\/wp-json\/wp\/v2\/pages\/15034"}],"collection":[{"href":"https:\/\/test4.mi-backup.ch\/no\/wp-json\/wp\/v2\/pages"}],"about":[{"href":"https:\/\/test4.mi-backup.ch\/no\/wp-json\/wp\/v2\/types\/page"}],"author":[{"embeddable":true,"href":"https:\/\/test4.mi-backup.ch\/no\/wp-json\/wp\/v2\/users\/9"}],"replies":[{"embeddable":true,"href":"https:\/\/test4.mi-backup.ch\/no\/wp-json\/wp\/v2\/comments?post=15034"}],"version-history":[{"count":2,"href":"https:\/\/test4.mi-backup.ch\/no\/wp-json\/wp\/v2\/pages\/15034\/revisions"}],"predecessor-version":[{"id":15037,"href":"https:\/\/test4.mi-backup.ch\/no\/wp-json\/wp\/v2\/pages\/15034\/revisions\/15037"}],"wp:attachment":[{"href":"https:\/\/test4.mi-backup.ch\/no\/wp-json\/wp\/v2\/media?parent=15034"}],"curies":[{"name":"wp","href":"https:\/\/api.w.org\/{rel}","templated":true}]}}