{"id":19027,"date":"2016-10-29T09:27:24","date_gmt":"2016-10-29T09:27:24","guid":{"rendered":"https:\/\/test4.mi-backup.ch\/der-rosenkranz\/"},"modified":"2020-04-16T10:39:18","modified_gmt":"2020-04-16T08:39:18","slug":"der-rosenkranz","status":"publish","type":"page","link":"https:\/\/test4.mi-backup.ch\/no\/der-rosenkranz\/","title":{"rendered":"Rosenkransen"},"content":{"rendered":"<blockquote><p>\u201eRosenkransen er lenken som l\u00f8fter oss opp til Gud og binder oss til ham.&#8221;<br \/>\nS\u00f8ster Lucia av Fatima<\/p><\/blockquote>\n<figure style=\"width: 250px\" class=\"wp-caption alignright\"><img loading=\"lazy\" src=\"https:\/\/test4.mi-backup.ch\/wp-content\/uploads\/media\/Fatima.jpg\" width=\"250\" height=\"319\" align=\"top\" border=\"1\" hspace=\"5\" vspace=\"5\" \/><figcaption class=\"wp-caption-text\">\u00a0V\u00e5r Frue av Fatima &#8211; rosenkransens dronning<\/figcaption><\/figure>\n<p>Rosenkransen er n\u00f8dvendig! Himmelen vil at den blir bedt! I alle \u00e5penbaringene i Fatima ba Maria om den daglige rosenkransb\u00f8nnen. I den siste \u00e5penbaringen &#8211; den 13. oktober 1917 &#8211; forestilte hun seg som rosenkransenes dronning.<\/p>\n<p>S\u00f8ster Lucia, en av de tre barna som s\u00e5 Maria, sa senere til pater Fuentes:<\/p>\n<p style=\"text-align: left;\">\u201eMaria sa b\u00e5de til mine s\u00f8skenbarn og til meg at hun gir verden de siste botemidlene: Rosenkransen og andakten til Marias uplettede hjerte. Og siden dette er de siste botemidlene, betyr det at det ikke kommer til \u00e5 bli gitt noen flere. Gud byr oss det siste middelet for \u00e5 oppn\u00e5 frelse, nemlig sin hellige Mor. Hvis vi avviser dette siste middelet, kommer vi ikke til \u00e5 oppn\u00e5 himmelens tilgivelse. For, pater, det er slik at Guds Mor har gitt rosenkransen en ny virkning i disse siste tidene som vi lever i. S\u00e5 det finnes ikke noe problem, det v\u00e6re seg et materielt eller s\u00e6rlig et \u00e5ndelig, &#8230; hvor vanskelig det enn m\u00e5tte v\u00e6re, som vi ikke kan l\u00f8se ved \u00e5 be rosenkransen. Med rosenkransen kommer vi til \u00e5 redde oss, kommer vi til \u00e5 helliggj\u00f8re oss. Vi kommer til \u00e5 tr\u00f8ste V\u00e5rherre og redde mange sjeler.&#8221;<\/p>\n<p>Disse p\u00e5standene ser ut til \u00e5 v\u00e6re dr\u00f8ye, men det er de ikke. Gud bruker nemlig gjerne uanselige og beskjedne midler for \u00e5 oppn\u00e5 store ting: &#8220;Det som regnes som svakt i verden, utvalgte Gud seg for \u00e5 gj\u00f8re det sterke til skamme\u201c (1 Kor 1,27).<\/p>\n<p>La s\u00f8ster Lucia gi oss en enda n\u00e6rmere beskrivelse av rosenkransens verdi:<\/p>\n<h3>1) Rosenkransen er den beste beskyttelsen mot villfarelse<\/h3>\n<figure style=\"width: 250px\" class=\"wp-caption alignright\"><img loading=\"lazy\" src=\"https:\/\/test4.mi-backup.ch\/wp-content\/uploads\/media\/Fatima_children_with_rosaries.jpg\" width=\"250\" height=\"160\" align=\"top\" border=\"1\" hspace=\"5\" vspace=\"5\" \/><figcaption class=\"wp-caption-text\">\u00a0De tre barna som var vitne til \u00e5penbaringene i Fatima: Jacinta, Lucia og Francisco<\/figcaption><\/figure>\n<p>\u201eBe rosenkransen hver dag! V\u00e5r Frue har gjentatt dette i alle \u00e5penbaringene. Som om hun p\u00e5 forh\u00e5nd ville beskytte oss mot disse tiders djevelske forvirringer, for at vi ikke skulle la oss villede av de falske l\u00e6rene. \u2026 den djevelske forvirringen rammer verden og f\u00f8rer sjelene p\u00e5 villspor. Det er n\u00f8dvendig \u00e5 gj\u00f8re motstand mot den.<\/p>\n<h3>2) Rosenkransen opprettholder og n\u00e6rer troen<\/h3>\n<p>\u201eGjennom denne b\u00f8nnen vekkes troen opp igjen. Det finnes mange sjeler hvor den enn\u00e5 ikke er helt slukket. Dette skjer til og med hos dem som ikke ber rosenkransen meditativt. Det simple faktum at de tar rosenkransen i h\u00e5nden, betyr at de minnes Gud, betyr at de minnes det overnaturlige. Den enkle tanken p\u00e5 mysteriet i hver del av rosenkransen er mer enn en lysstr\u00e5le. Den f\u00e5r lyset i sjelene til \u00e5 flamme opp.&#8221;.<\/p>\n<h3>3) Rosenkransen f\u00f8rer til forening med Gud<\/h3>\n<figure style=\"width: 250px\" class=\"wp-caption alignright\"><img loading=\"lazy\" src=\"https:\/\/test4.mi-backup.ch\/wp-content\/uploads\/media\/lucia-impostor-1949.jpg\" width=\"250\" height=\"333\" align=\"top\" border=\"1\" hspace=\"5\" vspace=\"5\" \/><figcaption class=\"wp-caption-text\">\u00a0S\u00f8ster Lucia<\/figcaption><\/figure>\n<p>\u201eRosenkransen er den b\u00f8nnen som, nest etter messens liturgi, mest forener oss med Gud. Og som best leder oss inn i det innerste mysteriet til Den Hellige Treenighet og eukaristien. \u2026 Rosenkransen er de fattiges og de rikes, de l\u00e6rdes og de ul\u00e6rdes b\u00f8nn. Den som tar denne andakten fra sjelene, unndrar dem det daglige, \u00e5ndelige br\u00f8d.&#8221;<\/p>\n<p>Har du enn\u00e5 ingen rosenkrans, eller vil du gi bort en? Hjelp oss \u00e5 utbre rosenkransen. Den er ukjent for mange!<\/p>\n<p>Hos oss kan du bestille velsignede rosenkranser, en folder om rosenkransb\u00f8nnen, og to hefter om fordypning av rosenkransen<a href=\"https:\/\/test4.mi-backup.ch\/de\/apostolat\/\">[enn\u00e5 ikke p\u00e5 norsk o.a.].<\/a>.<\/p>\n<p>Flere artikler om rosenkransen:<\/p>\n<ul>\n<li><a href=\"http:\/\/www.katholisches.info\/2014\/10\/die-rosenkranzkoenigin-und-die-schlacht-von-lepanto\/\" target=\"_blank\" rel=\"noopener\">Rosenkransens dronning og slaget ved Lepanto<\/a><\/li>\n<li><a href=\"http:\/\/www.fsspx.at\/de\/news-events\/news\/rosenkranzmonat-wie-betet-man-den-rosenkranz-5221\" class=\"broken_link\" target=\"_blank\" rel=\"noopener\">En veiledning for b\u00f8nn av rosenkransen finner du her.\u00a0<\/a><\/li>\n<\/ul>\n","protected":false},"excerpt":{"rendered":"<p>\u201eRosenkransen er lenken som l\u00f8fter oss opp til Gud og binder oss til ham.&#8221; S\u00f8ster Lucia av Fatima Rosenkransen er n\u00f8dvendig! Himmelen vil at den blir bedt! I alle \u00e5penbaringene i Fatima ba Maria om den daglige rosenkransb\u00f8nnen. I den siste \u00e5penbaringen &#8211; den 13. oktober 1917 &#8211; forestilte hun<a class=\"more-link\" href=\"https:\/\/test4.mi-backup.ch\/no\/der-rosenkranz\/\">Read More &rarr;<\/a><\/p>\n","protected":false},"author":9,"featured_media":31852,"parent":0,"menu_order":0,"comment_status":"closed","ping_status":"closed","template":"","meta":[],"_links":{"self":[{"href":"https:\/\/test4.mi-backup.ch\/no\/wp-json\/wp\/v2\/pages\/19027"}],"collection":[{"href":"https:\/\/test4.mi-backup.ch\/no\/wp-json\/wp\/v2\/pages"}],"about":[{"href":"https:\/\/test4.mi-backup.ch\/no\/wp-json\/wp\/v2\/types\/page"}],"author":[{"embeddable":true,"href":"https:\/\/test4.mi-backup.ch\/no\/wp-json\/wp\/v2\/users\/9"}],"replies":[{"embeddable":true,"href":"https:\/\/test4.mi-backup.ch\/no\/wp-json\/wp\/v2\/comments?post=19027"}],"version-history":[{"count":3,"href":"https:\/\/test4.mi-backup.ch\/no\/wp-json\/wp\/v2\/pages\/19027\/revisions"}],"predecessor-version":[{"id":27395,"href":"https:\/\/test4.mi-backup.ch\/no\/wp-json\/wp\/v2\/pages\/19027\/revisions\/27395"}],"wp:featuredmedia":[{"embeddable":true,"href":"https:\/\/test4.mi-backup.ch\/no\/wp-json\/wp\/v2\/media\/31852"}],"wp:attachment":[{"href":"https:\/\/test4.mi-backup.ch\/no\/wp-json\/wp\/v2\/media?parent=19027"}],"curies":[{"name":"wp","href":"https:\/\/api.w.org\/{rel}","templated":true}]}}