{"id":19030,"date":"2019-07-17T14:33:19","date_gmt":"2019-07-17T12:33:19","guid":{"rendered":"https:\/\/test4.mi-backup.ch\/?page_id=19030"},"modified":"2019-07-17T14:39:09","modified_gmt":"2019-07-17T12:39:09","slug":"das-skapulier","status":"publish","type":"page","link":"https:\/\/test4.mi-backup.ch\/no\/das-skapulier\/","title":{"rendered":"Skapularet"},"content":{"rendered":"<h3>Beskyttelse under Marias kappe<\/h3>\n<blockquote><p>\u201eJomfru Maria lover alle som b\u00e6rer skapularet at de oppn\u00e5r det evige liv. Det er den aller viktigste n\u00e5degaven&#8221;<\/p>\n<p>Pave Pius XII.<\/p><\/blockquote>\n<h3>Opprinnelsen til Skapularet av Karmelberget<\/h3>\n<figure style=\"width: 250px\" class=\"wp-caption alignright\"><img loading=\"lazy\" src=\"https:\/\/test4.mi-backup.ch\/wp-content\/uploads\/media\/Favorit_innen_(Copy).jpg\" alt=\"\" width=\"250\" height=\"336\" border=\"1\" hspace=\"5\" vspace=\"5\" \/><figcaption class=\"wp-caption-text\">\u00a0Maria gir den hellige Simon Stock skapularet den 16. juli 1251.<\/figcaption><\/figure>\n<p>Den 16. juli 1251 viste Jomfru Maria seg for den hellige Simon Stock, lederen for Karmelittene, med et skapular i h\u00e5nden og sa:<br \/>\n<strong>\u201eTa imot dette skapularet, min elskede s\u00f8nn. Den som d\u00f8r ikledd denne kledningen, kommer ikke til \u00e5 m\u00e5tte t\u00e5le den evige ild. Den er et tegn p\u00e5 frelse, en beskyttelse i farer og et pant p\u00e5 fred.&#8221;<\/strong><br \/>\nKarmel-ordenen oppstod i det 12. \u00e5rhundre p\u00e5 Karmelberget i Det hellige land. I f\u00f8lge tradisjonen dro Maria med Jesusbarnet gjentatte ganger p\u00e5 pilegrimsferd til dette fjellet. Men allerede i Det gamle testamentet hadde dette fjellet ved Middelhavet en tilknytning til Maria. Da profeten Elias ba om regn etter tre \u00e5r med t\u00f8rke, steg det en liten sky opp over havet. Den ble stadig st\u00f8rre og brakte endelig det etterlengtede regnet. Elias s\u00e5 i dette et tegn p\u00e5 den lovede Jomfruen. Gjennom henne skulle Frelseren komme. Siden den tid levde det eneboere p\u00e5 Karmelberget som bad om at Frelseren m\u00e5tte komme. Derfor har karmelittene alltid st\u00e5tt under Marias s\u00e6rlige beskyttelse.<\/p>\n<h3>Skapularets betydning<\/h3>\n<p style=\"text-align: left;\">Dette er blitt lovet oss dersom vi trofast b\u00e6rer skapularet:<\/p>\n<p style=\"text-align: center;\"><strong>Maria beskytter oss i farer.<br \/>\nMaria lover oss frelsen.<br \/>\nMaria kommer oss til hjelp i skj\u00e6rsilden.<\/strong><\/p>\n<p>Den katolske kirken har anerkjent denne gaven fra Maria og gjort den til en sakramentalie for alle troende. Himmelen har gjentatte ganger bekreftet dette gjennom omvendelsens under og gjennom beskyttelse i stor n\u00f8d for kropp og for sjel.<br \/>\nSkapularet er et tegn p\u00e5 v\u00e5r tilh\u00f8righet og v\u00e5r kj\u00e6rlighet til v\u00e5r himmelske mor. Vi kan stole p\u00e5 at hun gjennom skapularet gir oss omvendelsens n\u00e5de og utholdenhet til siste slutt. P\u00e5 denne m\u00e5ten \u00e5pner hun den trange porten til himmelen for oss. Det ville imidlertid v\u00e6re galt \u00e5 b\u00e6re Marias kappe uten \u00e5 ha til m\u00e5l \u00e5 f\u00f8lge henne ved \u00e5 holde Guds bud og bli rikere p\u00e5 dyder.<\/p>\n<h3>Privilegiet<\/h3>\n<figure style=\"width: 250px\" class=\"wp-caption alignright\"><img loading=\"lazy\" src=\"https:\/\/test4.mi-backup.ch\/wp-content\/uploads\/media\/elie-terry-nelson_(Copy).jpg\" alt=\"\" width=\"250\" height=\"320\" border=\"1\" hspace=\"5\" vspace=\"5\" \/><figcaption class=\"wp-caption-text\">\u00a0Profeten Elias s\u00e5 i den etterlengtede regnskyen Messias ankomst gjennom Jomfru Maria.<\/figcaption><\/figure>\n<p>1317 viste Jomfru Maria seg for pave Johannes XXII. og lovet ham at de som g\u00e5r med skapularet, skulle bli tr\u00f8stet av henne i skj\u00e6rsilden og bli befridd fra denne s\u00e5 snart som mulig, fortrinnsvis p\u00e5 l\u00f8rdager.<br \/>\nOgs\u00e5 dette privilegiet, gitt av v\u00e5r himmelske mor, ble bekreftet gjentatte ganger av pavene helt frem til v\u00e5r tid.<\/p>\n<h3>Betingelser<\/h3>\n<p>Skapularet best\u00e5r av to brune, firkantete deler av vevet ull. Disse er forbundet med hverandre ved hjelp av to b\u00e5nd, slik at man kan ha skapularet hengende p\u00e5 brystet og ryggen. En prest m\u00e5 overrekke skapularet under b\u00f8nner fra Rituale Romanum f\u00f8r man begynner \u00e5 g\u00e5 med det. Gjennom denne seremonien blir man medlem i skapularbroderskapet og f\u00e5r andel i fortjenestene til karmelittene. N\u00e5r skapularet er blitt utslitt, kan man selv erstatte det med et nytt. Velsignelsen blir da overf\u00f8rt hver gang.<\/p>\n<p>For \u00e5 oppn\u00e5 l\u00f8rdags-privilegiet m\u00e5 man i tillegg til \u00e5 g\u00e5 med skapularet oppfylle f\u00f8lgende betingelser:<br \/>\n1. Man m\u00e5 leve kyskt i henhold til sin stand.<br \/>\n2. Daglig be Marias lille officium (Officium parvum Beat\u00e6 Mari\u00e6 Virginis) eller gi avkall p\u00e5 kj\u00f8tt p\u00e5 onsdager og l\u00f8rdager. Enhver prest kan endre disse betingelsene til en annen god gjerning &#8211; for eksempel \u00e5 be rosenkransen daglig &#8211; dersom det finnes grunn til det.<br \/>\nDet er ogs\u00e5 lov \u00e5 gi skapularet til ikke-katolikker. Men de kan ikke bli opptatt i skapularbroderskapet gjennom seremonien for overrekkelsen. For dem gjelder alts\u00e5 ikke l\u00f8ftene. Men vi kan stole p\u00e5 at de, siden de begir seg under Marias beskyttende kappe, av henne f\u00e5r de n\u00f8dvendige n\u00e5degavene for omvendelse. Det finnes en god del eksempler p\u00e5 dette.<br \/>\nI n\u00f8dstilfelle kan ogs\u00e5 legfolk ta p\u00e5 seg eller overrekke en annen et velsignet skapular idet vedkommende ber en b\u00f8nn til Maria.<\/p>\n<h3>Skapularmedaljen<\/h3>\n<figure style=\"width: 250px\" class=\"wp-caption alignright\"><img loading=\"lazy\" src=\"https:\/\/test4.mi-backup.ch\/wp-content\/uploads\/media\/MadonnadelCarmeloSaluzzoCN_2107285723_(Copy).jpeg\" alt=\"\" width=\"250\" height=\"333\" align=\"top\" border=\"1\" hspace=\"5\" vspace=\"5\" \/><figcaption class=\"wp-caption-text\">\u00a0V\u00e5r Frue av Karmelberget, Saluzzo\/Italia<\/figcaption><\/figure>\n<p>Pave Pius X. ga tillatelse til at skapularet etter overrekkelsen kunne erstattes med en velsignet skapularmedalje. Det var misjon\u00e6rer som hadde bedt ham om dette, s\u00e6rlig med tanke p\u00e5 klimaet i landene der de virket. Men ogs\u00e5 av hensyn til dem som av andre alvorlige grunner ikke kan g\u00e5 med skapularet av stoff. Men i det samme dekretet betonte han at man skulle holde fast ved skapularet av stoff, og sa siden: &#8220;Jeg g\u00e5r med skapularet av stoff. La oss aldri skille oss av med det.&#8221;<br \/>\nDette bekreftet pave Benedikt XV., idet han innvilget 500 dager avlat for \u00e5 kysse skapularet av stoff.<\/p>\n<h3>Fatima og skapularet<\/h3>\n<p>Den 13. Oktober 1917, under den siste \u00e5penbaringen i Fatima, viste Maria seg som V\u00e5r Frue av Karmelberget med skapularet i h\u00e5nden. S\u00f8ster Lucia, en av de tre barna som s\u00e5 Maria, sa siden:<br \/>\n<strong>\u201eMaria \u00f8nsker at alle troende b\u00e6rer skapularet!\u201c<\/strong><\/p>\n<p>Pave Pius XII. tydet dette slik: \u201eDe som b\u00e6rer skapularet b\u00f8r se et uttrykk for vigselen til Marias uplettede hjerte i dette kledet. Denne vigselen har vi uttrykkelig anbefalt.&#8221;<\/p>\n<hr \/>\n<p><span style=\"font-family: Verdana;\"> <img loading=\"lazy\" class=\"alignright\" src=\"https:\/\/test4.mi-backup.ch\/wp-content\/uploads\/media\/Apostolat\/Flyer_Skapulier_Sarto.jpg\" alt=\"\" width=\"250\" height=\"341\" hspace=\"5\" vspace=\"5\" \/> <\/span><\/p>\n<h3>B\u00e6rer du skapularet?<\/h3>\n<p>Ogs\u00e5 du kan benytte deg av denne enest\u00e5ende n\u00e5degaven som ble gitt oss gjennom Maria. La det bli overrakt deg av en prest under b\u00f8nnene fra det romerske ritualet!<br \/>\nEn fin dag for denne overrekkelsen er skapularfesten som feires den 16. juli.<\/p>\n<p>Du kan bestille skapularet sammen med en folder hos<a href=\"https:\/\/www.sarto.de\/product_info.php?info=p10063_Skapulier.html\" target=\"_blank\" rel=\"noopener\"> forlaget Sarto (p\u00e5 tysk, o.a.)<\/a> .<\/p>\n<p style=\"text-align: left;\"><span style=\"font-family: Verdana;\">\u00a0<\/span><\/p>\n<p><a href=\"https:\/\/www.sarto.de\/product_info.php?info=p10063_Skapulier.html\" target=\"_blank\" rel=\"noopener\">Her kan du bestille skapularet sammen med en folder (p\u00e5 tysk, o.a.) som inneholder en sammenfatning av de viktigste informasjonene.<\/a><\/p>\n","protected":false},"excerpt":{"rendered":"<p>Beskyttelse under Marias kappe \u201eJomfru Maria lover alle som b\u00e6rer skapularet at de oppn\u00e5r det evige liv. Det er den aller viktigste n\u00e5degaven&#8221; Pave Pius XII. Opprinnelsen til Skapularet av Karmelberget Den 16. juli 1251 viste Jomfru Maria seg for den hellige Simon Stock, lederen for Karmelittene, med et skapular<a class=\"more-link\" href=\"https:\/\/test4.mi-backup.ch\/no\/das-skapulier\/\">Read More &rarr;<\/a><\/p>\n","protected":false},"author":9,"featured_media":0,"parent":0,"menu_order":0,"comment_status":"closed","ping_status":"closed","template":"","meta":[],"_links":{"self":[{"href":"https:\/\/test4.mi-backup.ch\/no\/wp-json\/wp\/v2\/pages\/19030"}],"collection":[{"href":"https:\/\/test4.mi-backup.ch\/no\/wp-json\/wp\/v2\/pages"}],"about":[{"href":"https:\/\/test4.mi-backup.ch\/no\/wp-json\/wp\/v2\/types\/page"}],"author":[{"embeddable":true,"href":"https:\/\/test4.mi-backup.ch\/no\/wp-json\/wp\/v2\/users\/9"}],"replies":[{"embeddable":true,"href":"https:\/\/test4.mi-backup.ch\/no\/wp-json\/wp\/v2\/comments?post=19030"}],"version-history":[{"count":3,"href":"https:\/\/test4.mi-backup.ch\/no\/wp-json\/wp\/v2\/pages\/19030\/revisions"}],"predecessor-version":[{"id":19033,"href":"https:\/\/test4.mi-backup.ch\/no\/wp-json\/wp\/v2\/pages\/19030\/revisions\/19033"}],"wp:attachment":[{"href":"https:\/\/test4.mi-backup.ch\/no\/wp-json\/wp\/v2\/media?parent=19030"}],"curies":[{"name":"wp","href":"https:\/\/api.w.org\/{rel}","templated":true}]}}