{"id":19034,"date":"2016-11-26T19:50:26","date_gmt":"2016-11-26T19:50:26","guid":{"rendered":"https:\/\/test4.mi-backup.ch\/das-immaculata-bild-der-mi\/"},"modified":"2019-07-17T14:44:13","modified_gmt":"2019-07-17T12:44:13","slug":"das-immaculata-bild-der-mi","status":"publish","type":"page","link":"https:\/\/test4.mi-backup.ch\/no\/das-immaculata-bild-der-mi\/","title":{"rendered":"Immaculata-bildet til MI"},"content":{"rendered":"<h3>V\u00e5r Frue av underet<\/h3>\n<div style=\"width: 300px; float: right; padding-left: 15px;\">\n<p><img loading=\"lazy\" class=\"\" src=\"https:\/\/test4.mi-backup.ch\/wp-content\/uploads\/media\/Immaculata.jpg\" alt=\"\" width=\"300\" height=\"454\" \/><\/p>\n<p><img loading=\"lazy\" class=\"\" src=\"https:\/\/test4.mi-backup.ch\/wp-content\/uploads\/media\/Aktuelles\/2016\/Die_Erscheinung_an_Alphons_Ratisbonne.jpg\" alt=\"\" width=\"299\" height=\"421\" \/><\/p>\n<p>Et av de mest ber\u00f8mte undrene p\u00e5 1800-tallet som ble bevirket gjennom V\u00e5r Frue av den undergj\u00f8rende medaljen: Den 20. januar 1846 viste Guds Mor seg for j\u00f8den Alphons Ratisbonne og oppn\u00e5dde hans omvendelse i l\u00f8pet av et \u00f8yeblikk.<\/p>\n<\/div>\n<p>Alfons Ratisbonne var en 27-\u00e5rig ung og livsglad mann. P\u00e5 grunn av sin j\u00f8diske tro avskydde han den katolske religionen. Han lo av deres dogma og ritualer og spottet den undergj\u00f8rende medaljen. Likevel hadde han en heldig skjebne: Han hadde avsluttet studiet sitt innen rettsvitenskapen med godt resultat, var lykkelig forlovet og hadde en omgang krets av mange rike mennesker. Blant dem var flere bankierer som han var i slekt med, og som lovet ham et fint liv fullt av lykke og kj\u00e6rlighet. For \u00e5 f\u00e5 litt avveksling, besluttet den unge mannen seg en dag til \u00e5 legge ut p\u00e5 en reise og bes\u00f8ke flere byer b\u00e5de i \u00f8st og i vest. Men han utelukket \u00e5 dra til Roma. Han hatet byen fordi den var pavens oppholdssted og luften der gikk for \u00e5 v\u00e6re usunn.<\/p>\n<p>Han var kommet s\u00e5 langt som til Napoli, da han endret reiseruten. Drevet av en hemmelig kraft som han ikke kunne st\u00e5 imot, kj\u00f8pte han en billett til Den evige stad i stedet for til Palermo! Da han var kommet fram til Roma, bes\u00f8kte han mange kjente venner, bl.a. Theodor De Bussi\u00e8re, en ivrig katolikk. Denne kjente til sin venns vantro. Likevel klarte han \u00e5 f\u00e5 ham til \u00e5 love \u00e5 b\u00e6re en undergj\u00f8rende medalje og daglig be b\u00f8nnen til Guds Mor av den hellige Bernhard. Mens han tok imot medaljen, sa han enn\u00e5 h\u00e5nlig at det ville v\u00e6re en leilighet for ham \u00e5 spotte det dumme religi\u00f8se livet til katolikkene sammen med sine venner. Men Theodor de Bussi\u00e8re hadde en dyp tillit. Han<strong> begynte \u00e5 be for omvendelsen<\/strong> av sin j\u00f8diske venn sammen med familien sin,<\/p>\n<p>Den 20. januar var vennene sammen underveis i Roma. De ble st\u00e5ende foran kirken Sant\u2018Andrea delle Fratte. Mens katolikken gikk inn i sakristiet for \u00e5 bestille en requiemmesse, foretrakk Alfons \u00e5 se seg om i &#8220;tempelet&#8221;, for kanskje \u00e5 oppdage noen verdifulle kunstverk. Men ingen ting tiltrakk hans oppmerksomhet i s\u00e6rlig grad, selv om det i kirken fantes forskjellige kunstverk av Bernini, Borromini, Vanvitelli, Maini og andre kjente kunstnere.<\/p>\n<p>Det var omtrent midt p\u00e5 dagen. Den tomme kirken virket forlatt; en svart hund gikk forbi ham og forsvant. \u201ePlutselig \u2013 vi gjengir Alfons egne ord i f\u00f8lge sitt utsagn under ed under den p\u00e5f\u00f8lgende unders\u00f8kelsen \u2013 mens jeg gikk videre i kirken og allerede var st\u00f8tt p\u00e5 forberedelsene til begravelsen, f\u00f8lte jeg en viss rystelse. Synet mitt var som innhyllet i et sl\u00f8r. Hele kirken forekom meg \u00e5 v\u00e6re m\u00f8rk, med unntak av et kapell. Det var som om alt lyset hadde samlet seg p\u00e5 dette ene stedet. Jeg rettet blikket mot dette kapellet som lyste opp. Og der, p\u00e5 alteret, s\u00e5 jeg den hellige Jomfru Maria som stod opprett, levende, stor, majestetisk, vidunderlig vakker og barmhjertig. <strong>Hun lignet fremstillingen p\u00e5 den undergj\u00f8rende medaljen.<\/strong> \u00a0Dette synet tvang meg ned p\u00e5 kn\u00e6rne; jeg pr\u00f8vde gjentatte ganger \u00e5 l\u00f8fte \u00f8ynene til den hellige Jomfru, men \u00e6refrykten og glansen lot meg senke blikket igjen hver gang, uten at dette ber\u00f8vet meg den klare erkjennelsen. Slik s\u00e5 jeg at hennes hender uttrykte forlatelse og barmhjertighet. Selv om hun ikke snakket til meg, forstod jeg den skrekkelige tilstanden som jeg var i, syndens ondskap og den katolske religionens skj\u00f8nnhet. For \u00e5 si det enkelt: Jeg forstod alt. Som j\u00f8de falt jeg p\u00e5 kne, som kristen stod jeg opp igjen!&#8221;.<\/p>\n<p>Etter sin omvendelse fulgte Alfons Ratisbonne Guds kall og ble prest. Som misjon\u00e6r arbeidet han i Palestina, hvor han d\u00f8de p\u00e5 en forbilledlig m\u00e5te.<\/p>\n<p>Dette underet har hatt stor innflytelse p\u00e5 denne sentralt beliggende kirken i Roma, og gjort den til en Maria-helligdom. Den 18. januar 1848 ble alteret, hvor Maria hadde vist seg, og som frem til da hadde v\u00e6rt viet til den hellige erkeengelen Mikael, viet til den hellige Jomfru. Det fikk tittelen til medaljen til minne om den undergj\u00f8rende medaljen som\u00a0 Alfons Ratisbonne bar da han opplevde visjonen. Folk i Roma brukte imidlertid navnet MADONNA DEL MIRACOLO, da omvendelsen ble kjent over hele verden. I l\u00f8pet av f\u00e5 \u00e5r ble kirken til en av verdens mest kjente Maria-helligdommer. Mange hellige reiste til Roma for \u00e5 be foran alteret hvor visjonen hadde funnet sted, eller for \u00e5 feire\u00a0 messen der: Don Bosco, Theresia av Jesusbarnet, Vinzenz Pallotti, Luigi Guanella, og mange andre. I denne sammenhengen m\u00e5 man heller ikke glemme den hellige Maximilian Kolbe, som \u2013 dengang enn\u00e5 prestestudent \u2013 <strong>gjennom historien om Ratisbonnes<\/strong> <strong>omvendelse for f\u00f8rste gang\u00a0 fikk id\u00e9en \u00e5 grunnlegge Militia Immaculatae<\/strong>. Den 29. april 1918 feiret han som nyviet prest sin f\u00f8rste messe ved alteret hvor visjonen hadde funnet sted og bad ved denne anledning Guds Mor spesielt om rike n\u00e5degaver for MI!<\/p>\n","protected":false},"excerpt":{"rendered":"<p>V\u00e5r Frue av underet Et av de mest ber\u00f8mte undrene p\u00e5 1800-tallet som ble bevirket gjennom V\u00e5r Frue av den undergj\u00f8rende medaljen: Den 20. januar 1846 viste Guds Mor seg for j\u00f8den Alphons Ratisbonne og oppn\u00e5dde hans omvendelse i l\u00f8pet av et \u00f8yeblikk. Alfons Ratisbonne var en 27-\u00e5rig ung og<a class=\"more-link\" href=\"https:\/\/test4.mi-backup.ch\/no\/das-immaculata-bild-der-mi\/\">Read More &rarr;<\/a><\/p>\n","protected":false},"author":9,"featured_media":0,"parent":0,"menu_order":0,"comment_status":"closed","ping_status":"closed","template":"","meta":[],"_links":{"self":[{"href":"https:\/\/test4.mi-backup.ch\/no\/wp-json\/wp\/v2\/pages\/19034"}],"collection":[{"href":"https:\/\/test4.mi-backup.ch\/no\/wp-json\/wp\/v2\/pages"}],"about":[{"href":"https:\/\/test4.mi-backup.ch\/no\/wp-json\/wp\/v2\/types\/page"}],"author":[{"embeddable":true,"href":"https:\/\/test4.mi-backup.ch\/no\/wp-json\/wp\/v2\/users\/9"}],"replies":[{"embeddable":true,"href":"https:\/\/test4.mi-backup.ch\/no\/wp-json\/wp\/v2\/comments?post=19034"}],"version-history":[{"count":2,"href":"https:\/\/test4.mi-backup.ch\/no\/wp-json\/wp\/v2\/pages\/19034\/revisions"}],"predecessor-version":[{"id":19036,"href":"https:\/\/test4.mi-backup.ch\/no\/wp-json\/wp\/v2\/pages\/19034\/revisions\/19036"}],"wp:attachment":[{"href":"https:\/\/test4.mi-backup.ch\/no\/wp-json\/wp\/v2\/media?parent=19034"}],"curies":[{"name":"wp","href":"https:\/\/api.w.org\/{rel}","templated":true}]}}