{"id":19047,"date":"2016-08-02T20:36:16","date_gmt":"2016-08-02T20:36:16","guid":{"rendered":"https:\/\/test4.mi-backup.ch\/wundertaetige-medaille\/"},"modified":"2019-07-17T15:27:26","modified_gmt":"2019-07-17T13:27:26","slug":"wundertaetige-medaille","status":"publish","type":"page","link":"https:\/\/test4.mi-backup.ch\/no\/wundertaetige-medaille\/","title":{"rendered":"Den undergj\u00f8rende medaljen"},"content":{"rendered":"<blockquote><p>\u201eAlle som b\u00e6rer denne medaljen, vil f\u00e5 store n\u00e5degaver. S\u00e6rlig rike vil n\u00e5degavene v\u00e6re for dem som b\u00e6rer den med tillit.&#8221;<\/p><\/blockquote>\n<h3>Et tegn p\u00e5 kj\u00e6rlighet<\/h3>\n<p><img loading=\"lazy\" class=\"alignright\" src=\"https:\/\/test4.mi-backup.ch\/wp-content\/uploads\/media\/Medal.jpg\" alt=\"\" width=\"250\" height=\"173\" align=\"top\" border=\"1\" hspace=\"5\" vspace=\"5\" \/>Den undergj\u00f8rende medaljen er en sakramentalie som er anerkjent av Den katolske kirken. Den er et ytre tegn med en indre virkning. Sakramentaliene virker ikke ut fra seg selv, men gjennom kirkens forb\u00f8nn og de troendes fromme bruk av dem. Derfor blir medaljen velsignet av en prest f\u00f8r den b\u00e6res. Guds velsignelse blir kalt ned over den.<\/p>\n<p>Medaljen er et tegn p\u00e5 v\u00e5r himmelske mors kj\u00e6rlighet til sine barn. Hvis vi b\u00e6rer medaljen som et tegn p\u00e5 at vi er Marias barn, og med tillit til at Maria gjennom denne medaljen gir oss sin beskyttelse og velsignelse, blir medaljen ogs\u00e5 til et tegn p\u00e5 v\u00e5r kj\u00e6rlighet til Maria.<\/p>\n<h3>Medaljens opprinnelse<\/h3>\n<div style=\"width: 270px; float: right;\">\n<p><img loading=\"lazy\" class=\"alignright\" src=\"https:\/\/test4.mi-backup.ch\/wp-content\/uploads\/media\/erscheinung2_sephia.jpg\" alt=\"\" width=\"250\" height=\"363\" align=\"top\" border=\"1\" hspace=\"5\" vspace=\"5\" \/><img loading=\"lazy\" class=\"alignright\" src=\"https:\/\/test4.mi-backup.ch\/wp-content\/uploads\/media\/Erscheinung_sephia.jpg\" alt=\"\" width=\"250\" height=\"365\" align=\"top\" border=\"1\" hspace=\"5\" vspace=\"5\" \/><\/p>\n<p><img loading=\"lazy\" class=\"alignright\" src=\"https:\/\/test4.mi-backup.ch\/wp-content\/uploads\/media\/CatherineLabour1.jpg\" alt=\"\" width=\"250\" height=\"178\" align=\"top\" border=\"1\" hspace=\"5\" vspace=\"5\" \/><\/p>\n<p><img loading=\"lazy\" class=\"alignright\" src=\"https:\/\/test4.mi-backup.ch\/wp-content\/uploads\/media\/d-1_merci.jpg\" alt=\"\" width=\"250\" height=\"170\" align=\"top\" border=\"1\" hspace=\"5\" vspace=\"5\" \/><\/p>\n<\/div>\n<p>Den 27. november 1830 \u00e5penbarte Jomfru Maria seg for novisen Katharina Labour\u00e9 i klosteret til de Barmhjertige s\u00f8stre av St. Vincent av Paul (eller vincentianerinnene) i Paris. Under Jomfru Marias fot, som stod p\u00e5 en jordklode, snodde det seg en slange. Her henvises det tydeligvis til den f\u00f8rste boken i Bibelen, f\u00f8rste Mosebok, hvor Gud sier til den satanistiske slangen: &#8220;Jeg vil sette fiendskap mellom deg og kvinnen, mellom ditt avkom og hennes \u00e6tt. Den skal knuse ditt hode, men du skal hogge den i h\u00e6len.&#8221;<\/p>\n<p>P\u00e5 fingrene hadde Guds Mor skj\u00f8nne ringer. Fra edelstenene til disse str\u00e5lte det s\u00e5 lysende, at hele Marias skikkelse var hyllet i lys. Hun forklarte:<strong>\u00a0\u201eStr\u00e5lene er et symbol p\u00e5 n\u00e5degavene, som jeg lar str\u00f8mme ut over alle som ber meg om det.&#8221;<\/strong><\/p>\n<p>Deretter formet det seg en oval ramme rundt Jomfru Maria. P\u00e5 denne stod det med gylne bokstaver: <strong><em>\u201e\u00c5 Maria, unnfanget uten synd, be for oss som tar v\u00e5r tilflukt til deg.\u201c\u00a0<\/em><\/strong><br \/>\nSamtidig h\u00f8rte nonnen en stemme som sa: <strong><em>\u201eLa det preges en medalje som tilsvarer dette bildet! Alle som b\u00e6rer den vil motta store n\u00e5degaver. S\u00e6rlig rike vil n\u00e5degavene v\u00e6re for dem som b\u00e6rer den med tillit.&#8221;<\/em><\/strong><\/p>\n<p>Etter dette s\u00e5 nonnen hvordan baksiden skulle se ut: En <strong>M<\/strong>\u00a0(for Maria), og over den et kors. Under dette Jesu og Marias hjerter. Det hele med en ramme av tolv stjerner (se \u00c5p 12,1). Ved en annen \u00e5penbaring gjentok Guds Mor oppdraget \u00e5 prege en medalje.<\/p>\n<p>S\u00f8ster Katharina levde til sin d\u00f8d i \u00e5ret 1876 i dette klosteret og tjente de fattige og de syke. Hennes legeme, som er uforandret, kan fortsatt sees der i dag. Kirken helligk\u00e5ret henne i 1947. Ved siden av sin troskyldige kj\u00e6rlighet til Maria, utmerket den hellige Katharina seg gjennom sin ydmykhet. Hele sitt liv snakket hun ikke med noen om \u00e5penbaringene, unntatt med sine foresatte i ordenen.<\/p>\n<h3>Den \u201eundergj\u00f8rende \u201c<\/h3>\n<p>Medaljen erobret raskt de troendes hjerter, og folket gav den navnet den &#8220;undergj\u00f8rende&#8221;, fordi det fra begynnelsen av skjedde mange undre gjennom den. De mange p\u00e5fallende omvendelsene og helbredelsene bidro sterkt til medaljens utbredelse. Frem til den hellige Katharinas d\u00f8d var det allerede blitt preget en milliard medaljer. Maria har holdt l\u00f8ftet sitt. Utallige er de n\u00e5degavene som hun allerede har delt ut gjennom medaljen som fremhever hennes uplettede unnfangelse. Omvendelser av syndere, underfulle helbredelser av alle slags sykdommer. hjelp i store vanskeligheter og n\u00f8d, redning i livsfare.<\/p>\n<p>Den undergj\u00f8rende medaljen er en gave fra Marias moderlige hjerte. Slik skulle hennes rene hjertes kj\u00e6rlighet og makt p\u00e5 en s\u00e6rskilt m\u00e5te kunngj\u00f8res i hele verden, til mange menneskers frelse.<\/p>\n<p>Derfor h\u00e5per vi at ogs\u00e5 du retter deg etter Guds Mors ord! B\u00e6r medaljen med \u00e6refrykt og tillit, og del den ut hvor du kan.<\/p>\n<p>Be ofte b\u00f8nnen som st\u00e5r p\u00e5 medaljen: <strong>\u201e\u00c5 Maria, unnfanget uten synd, be for oss som tar v\u00e5r tilflukt til deg. \u201c<\/strong><\/p>\n<p>Kortfilm<\/p>\n<p>P\u00e5 \u201e<a href=\"https:\/\/test4.mi-backup.ch\/de\/video\/\">Video<\/a>\u201c finnes det en kort video (18min) om livet til den hellige Katharina Labour\u00e9 og tilblivelsen av den undergj\u00f8rende medaljen.<\/p>\n","protected":false},"excerpt":{"rendered":"<p>\u201eAlle som b\u00e6rer denne medaljen, vil f\u00e5 store n\u00e5degaver. S\u00e6rlig rike vil n\u00e5degavene v\u00e6re for dem som b\u00e6rer den med tillit.&#8221; Et tegn p\u00e5 kj\u00e6rlighet Den undergj\u00f8rende medaljen er en sakramentalie som er anerkjent av Den katolske kirken. Den er et ytre tegn med en indre virkning. Sakramentaliene virker ikke<a class=\"more-link\" href=\"https:\/\/test4.mi-backup.ch\/no\/wundertaetige-medaille\/\">Read More &rarr;<\/a><\/p>\n","protected":false},"author":9,"featured_media":84599,"parent":0,"menu_order":0,"comment_status":"closed","ping_status":"closed","template":"","meta":[],"_links":{"self":[{"href":"https:\/\/test4.mi-backup.ch\/no\/wp-json\/wp\/v2\/pages\/19047"}],"collection":[{"href":"https:\/\/test4.mi-backup.ch\/no\/wp-json\/wp\/v2\/pages"}],"about":[{"href":"https:\/\/test4.mi-backup.ch\/no\/wp-json\/wp\/v2\/types\/page"}],"author":[{"embeddable":true,"href":"https:\/\/test4.mi-backup.ch\/no\/wp-json\/wp\/v2\/users\/9"}],"replies":[{"embeddable":true,"href":"https:\/\/test4.mi-backup.ch\/no\/wp-json\/wp\/v2\/comments?post=19047"}],"version-history":[{"count":2,"href":"https:\/\/test4.mi-backup.ch\/no\/wp-json\/wp\/v2\/pages\/19047\/revisions"}],"predecessor-version":[{"id":19049,"href":"https:\/\/test4.mi-backup.ch\/no\/wp-json\/wp\/v2\/pages\/19047\/revisions\/19049"}],"wp:featuredmedia":[{"embeddable":true,"href":"https:\/\/test4.mi-backup.ch\/no\/wp-json\/wp\/v2\/media\/84599"}],"wp:attachment":[{"href":"https:\/\/test4.mi-backup.ch\/no\/wp-json\/wp\/v2\/media?parent=19047"}],"curies":[{"name":"wp","href":"https:\/\/api.w.org\/{rel}","templated":true}]}}