{"id":19050,"date":"2014-06-05T14:44:28","date_gmt":"2014-06-05T14:44:28","guid":{"rendered":"https:\/\/test4.mi-backup.ch\/maximilian-und-die-wundertaetige-medaille\/"},"modified":"2019-07-17T15:34:26","modified_gmt":"2019-07-17T13:34:26","slug":"maximilian-und-die-wundertaetige-medaille","status":"publish","type":"page","link":"https:\/\/test4.mi-backup.ch\/no\/maximilian-und-die-wundertaetige-medaille\/","title":{"rendered":"Maximilian og den undergj\u00f8rende medaljen"},"content":{"rendered":"<p>(fra boken; \u201eDie Immaculata, unser Ideal\u201c (Immaculata, v\u00e5rt ideal) av pater Karl Stehlin, sitater av den hellige Maximilian er satt i kursiv.)<\/p>\n<figure style=\"width: 250px\" class=\"wp-caption alignright\"><img loading=\"lazy\" src=\"https:\/\/test4.mi-backup.ch\/wp-content\/uploads\/media\/Notre_Dame_du_Medaille.jpg\" width=\"250\" height=\"427\" align=\"top\" border=\"1\" hspace=\"5\" vspace=\"5\" \/><figcaption class=\"wp-caption-text\">\u00a0V\u00e5r Frue av den undergj\u00f8rende medaljen p\u00e5 \u00e5penbaringsstedet i Rue du Bac i Paris.<\/figcaption><\/figure>\n<p>Som et ytre tegn p\u00e5 tilh\u00f8righeten til MI b\u00e6rer Immaculatas ridder hennes undergj\u00f8rende medalje. Vi mennesker er ikke bare \u00e5ndelige, men har ogs\u00e5 et legeme. Det indre liv, idealet og holdningen m\u00e5 kunne merkes fra utsiden. De m\u00e5 uttrykke seg konkret i livet. Derfor trengs det et ytre tegn for \u00e5 vise den indre holdningen. P\u00e5 samme m\u00e5te har Frelseren villet gi menneskene sine n\u00e5degaver gjennom &#8220;hellige tegn&#8221;, nemlig sakramentene. P\u00e5 lignende m\u00e5te m\u00e5 ogs\u00e5 Immaculatas ridder bekjenne sin holdning utad.<\/p>\n<p>Den undergj\u00f8rende medaljen er det ytre tegnet p\u00e5 den indre hengivelsen til Immaculata.<\/p>\n<p>Og dessuten: som et v\u00e5pen i kampen om sjelene utbrer ridderen medaljen hvor han kan.<\/p>\n<p style=\"padding-left: 30px;\">Den undergj\u00f8rende medaljen skal v\u00e6re v\u00e5penet, ammunisjonen, som ridderen til den uplettede Jomfru Maria nytter. Selv om noen skulle v\u00e6re av verste slag; dersom vedkommende er innforst\u00e5tt med \u00e5 b\u00e6re medaljen, s\u00e5 gi ham den og be for ham. Hvis anledningen byr seg, fors\u00f8k ved hjelp av et godt ord \u00e5 hjelpe vedkommende til \u00e5 begynne \u00e5 elske Guds Mor og flykte til henne i alle vanskeligheter og fristelser. Men den som \u00e6rlig begynner \u00e5 be til Maria, vil ogs\u00e5 snart la seg overtale til \u00e5 skrifte. Det finnes mye ondskap i verden, men la oss tenke p\u00e5 at Immaculata er enda mektigere: &#8220;Hun kommer til \u00e5 knuse slangens hode&#8221;.<\/p>\n<figure style=\"width: 250px\" class=\"wp-caption alignright\"><img loading=\"lazy\" src=\"https:\/\/test4.mi-backup.ch\/wp-content\/uploads\/media\/S._Andrea_delle_Fratte012.JPG\" width=\"250\" height=\"333\" align=\"top\" border=\"1\" hspace=\"5\" vspace=\"5\" \/><figcaption class=\"wp-caption-text\">\u00a0Alteret i kirken St. Andrea delle Fratte i Roma<\/figcaption><\/figure>\n<p>Er en slik praksis ikke litt overdrevet? Hvordan kan det v\u00e6re at grunnleggeren av MI har s\u00e5 mye tillit til en slik &#8220;ytre&#8221; ting? Til det er \u00e5 si at nettopp MIs opprinnelse er tett knyttet til et stort under som skjedde gjennom den undergj\u00f8rende medaljen, nemlig omvendelsen til j\u00f8den Alfons Ratisbonne. Det \u00e5ret MI ble grunnlagt (1917) feiret man nemlig 75-\u00e5rsdagen for dette store underet. Den unge broder Maximilian hadde allerede lenge spurt seg:<\/p>\n<p style=\"padding-left: 30px;\">er det mulig, at v\u00e5re fiender utfolder en slik aktivitet og vinner overmakten, mens vi forblir passive, uten \u00e5 g\u00e5 til verks? Har ikke vi enn\u00e5 mer virksomme v\u00e5pen, nemlig himmelens og den uplettede Jomfru Marias beskyttelse?<\/p>\n<p>Svaret fant han den minneverdige 20. januar, da deres foresatte i huset hvor de bodde, fortalte dem historien om Ratisbonnes omvendelse som introduksjon til en meditasjon. Pater Pal, Maximilians venn som ogs\u00e5 var med p\u00e5 \u00e5 grunnlegge MI, bekreftet at den hellige i l\u00f8pet av denne meditasjonen ble inspirert til \u00e5 grunnlegge en forening av riddere til \u00e6re for Immaculata. Som merke og til beskyttelse skulle die fremtidige ridderne velge den undergj\u00f8rende medaljen. Etter dette begav broder Maximilian seg ofte til kirken Sant Andrea delle Fratte, for \u00e5 be foran alteret hvor Ratisbonne hadde omvendt seg. Dette alteret valgte han ogs\u00e5 da han etter sin prestevielse leste sin f\u00f8rste messe.<\/p>\n<p>Dessuten fortalte pater Maximilian br\u00f8drene sine ofte om spesielt uvanlige hendelser, som han selv hadde opplevd med den undergj\u00f8rende medaljen. For eksempel fors\u00f8kte han, mens han en gang oppholdt seg i Zakopane pga. sin d\u00e5rlige helse, \u00e5 omvende en ung fritenker som stolt kalte seg &#8220;heretiker&#8221;.<\/p>\n<p style=\"padding-left: 30px;\">Ingen argumenter hadde noen virkning. Men av h\u00f8flighet mottok han medaljen. Like etter foreslo jeg ham \u00e5 skrifte. \u201eJeg er ikke forberedt. Det kommer ikke p\u00e5 tale&#8221;, l\u00f8d svaret. Men \u2026 i samme \u00f8yeblikk falt han ned p\u00e5 kn\u00e6rne, som om han ble tvunget til det av en h\u00f8yere makt. Skriftem\u00e5let begynte, den unge mannen gr\u00e5t som et barn. Immaculata hadde seiret.<\/p>\n<p>Naturligvis var ikke medaljen som et fysisk objekt \u00e5rsaken til denne underfulle forandringen i hjertet til et menneske. Det er Immaculata som gir sine s\u00e6rskilte n\u00e5degaver til den som b\u00e6rer medaljen. Og slike hendelser var det veldig mange av i livet til den hellige Maximilian. Derfor:<\/p>\n<p style=\"padding-left: 30px;\">Dele ut medaljen, hvor det er mulig: til barna, for at de alltid b\u00e6rer den om halsen. Til de gamle og unge, for at de under dens beskyttelse f\u00e5r nok kraft til \u00e5 motst\u00e5 fristelsene og fellene som de s\u00e6rlig n\u00e5 til dags er utsatt for. Og ogs\u00e5 til dem som ikke g\u00e5r i kirken, som ikke t\u00f8r \u00e5 skrifte, som ler av religi\u00f8s praksis, som ler av troens sannheter, som er sunket ned i en moralsk sump eller lever utenfor kirken i heresien. Tilby disse absolutt Immaculatas medalje, og be dem om \u00e5 b\u00e6re den. Men be ogs\u00e5 Immaculata innstendig om deres omvendelse. Mange finner til og med en utvei dersom noen vegrer seg \u00e5 motta den undergj\u00f8rende medaljen. De syr den ganske enkelt hemmelig inn i et klesplagg og ber for denne personen. Immaculata kommer f\u00f8r eller senere til \u00e5 vise hva hun form\u00e5r. Den undergj\u00f8rende medaljen &#8211; MIs ammunisjon.<\/p>\n","protected":false},"excerpt":{"rendered":"<p>(fra boken; \u201eDie Immaculata, unser Ideal\u201c (Immaculata, v\u00e5rt ideal) av pater Karl Stehlin, sitater av den hellige Maximilian er satt i kursiv.) Som et ytre tegn p\u00e5 tilh\u00f8righeten til MI b\u00e6rer Immaculatas ridder hennes undergj\u00f8rende medalje. Vi mennesker er ikke bare \u00e5ndelige, men har ogs\u00e5 et legeme. Det indre liv,<a class=\"more-link\" href=\"https:\/\/test4.mi-backup.ch\/no\/maximilian-und-die-wundertaetige-medaille\/\">Read More &rarr;<\/a><\/p>\n","protected":false},"author":9,"featured_media":0,"parent":0,"menu_order":0,"comment_status":"closed","ping_status":"closed","template":"","meta":[],"_links":{"self":[{"href":"https:\/\/test4.mi-backup.ch\/no\/wp-json\/wp\/v2\/pages\/19050"}],"collection":[{"href":"https:\/\/test4.mi-backup.ch\/no\/wp-json\/wp\/v2\/pages"}],"about":[{"href":"https:\/\/test4.mi-backup.ch\/no\/wp-json\/wp\/v2\/types\/page"}],"author":[{"embeddable":true,"href":"https:\/\/test4.mi-backup.ch\/no\/wp-json\/wp\/v2\/users\/9"}],"replies":[{"embeddable":true,"href":"https:\/\/test4.mi-backup.ch\/no\/wp-json\/wp\/v2\/comments?post=19050"}],"version-history":[{"count":2,"href":"https:\/\/test4.mi-backup.ch\/no\/wp-json\/wp\/v2\/pages\/19050\/revisions"}],"predecessor-version":[{"id":19055,"href":"https:\/\/test4.mi-backup.ch\/no\/wp-json\/wp\/v2\/pages\/19050\/revisions\/19055"}],"wp:attachment":[{"href":"https:\/\/test4.mi-backup.ch\/no\/wp-json\/wp\/v2\/media?parent=19050"}],"curies":[{"name":"wp","href":"https:\/\/api.w.org\/{rel}","templated":true}]}}