{"id":19051,"date":"2016-03-04T03:13:20","date_gmt":"2016-03-04T03:13:20","guid":{"rendered":"https:\/\/test4.mi-backup.ch\/welche-wundertaetige-medaille-ist-echt\/"},"modified":"2022-01-13T17:40:41","modified_gmt":"2022-01-13T16:40:41","slug":"welche-wundertaetige-medaille-ist-echt","status":"publish","type":"page","link":"https:\/\/test4.mi-backup.ch\/no\/welche-wundertaetige-medaille-ist-echt\/","title":{"rendered":"Hvilken undergj\u00f8rende medalje er ekte?"},"content":{"rendered":"<figure style=\"width: 350px\" class=\"wp-caption alignright\"><img loading=\"lazy\" src=\"https:\/\/test4.mi-backup.ch\/wp-content\/uploads\/media\/Aktuelles\/2016\/Catherine-et-la-medaille-miraculeuse.JPG\" alt=\"\" width=\"350\" height=\"520\" \/><figcaption class=\"wp-caption-text\">Visjonene til den hellige Katharina Labour\u00e9<\/figcaption><\/figure>\n<p>Det skjer stadig p\u00e5 ny at vi blir kritisert, og m\u00f8tt med p\u00e5stander om at medaljene v\u00e5re ikke er ekte og dermed ikke gyldige. Det blir p\u00e5st\u00e5tt at stjernenes takker ikke stemmer eller at en annen detalj ikke er preget p\u00e5 autentisk m\u00e5te. De viktigste argumentene gjelder formen og anordningen til stjernene, utelatelse av noen ord i b\u00f8nnen og andre detaljer (\u00e5rstall, slangen osv.)<\/p>\n<h3>Pater Karl Stehlin uttalte seg om dette emnet<\/h3>\n<p>Den hellige Katharina Labour\u00e9 har ikke fortalt noen andre enn sin skriftefar, pater Aladel om visjonen fra 1830. Bare gjennom ham kjenner vi den fullstendige beretningen om det som skjedde i Rue de Bac. Jeg har en kopi av den f\u00f8rste utgaven av boken til pater Aladel, som ble skrevet omkring 1845. Den inneholder beskrivelsen av visjonen og enkelte undre som skjedde gjennom medaljen rundt omkring i verden.<\/p>\n<p><em>I visjonen den 27.11.1830 dannet det seg en oval ramme rundt Guds Mor. P\u00e5 denne stod det med gullbokstaver: <strong>\u201e\u00c5 Maria, unnfanget uten synd, be for oss, som tar v\u00e5r tilflukt til deg. \u201cSamtidig<\/strong> h\u00f8rte Katharina ordene: &#8221; La det preges en medalje som viser dette bildet. De personene som b\u00e6rer den vil motta store n\u00e5degaver. N\u00e5degavene vil v\u00e6re s\u00e6rlig rike for dem som har tillit!&#8221;<br \/>\nOg s\u00e5 fikk hun \u00f8ye p\u00e5 bokstaven <strong>M<\/strong>. Over den var et kors som stod p\u00e5 en tverrbjelke. Under var Jesu hjerte, omgitt av en tornekrone, og Marias hjerte, gjennomboret med sverdet.<\/em><\/p>\n<figure style=\"width: 350px\" class=\"wp-caption alignright\"><img loading=\"lazy\" src=\"https:\/\/test4.mi-backup.ch\/wp-content\/uploads\/media\/Aktuelles\/2016\/Erste_Medaille.jpg\" alt=\"\" width=\"350\" height=\"290\" \/><figcaption class=\"wp-caption-text\">Den f\u00f8rste medaljen 1832.<\/figcaption><\/figure>\n<p>Dermed har vi de vesentlige bestanddelene som er n\u00f8dvendige for at denne medaljen virkelig kan kalles den &#8220;undergj\u00f8rende medaljen&#8221; fra Rue de Bac.<\/p>\n<p>Med sikkerhet finner man den mest trofaste og beste realiseringen av disse nettopp i Rue de Bac. Der preges stadig den samme medaljen allerede i lang tid, men bare p\u00e5 fransk. Imidlertid er det der blitt tilf\u00f8yd enkelte ting som ikke er \u00e5 finne i originalteksten, F.eks. \u00e5rstallet 1830.<\/p>\n<p>Det viktige er her Guds Mors utsagn om at medaljen skal preges i henhold til visjonen som Katharina hadde. N\u00e5 er det slik at man ikke bare kan kopiere en s\u00e5 storartet visjon p\u00e5 et papir. Akkurat som statuene til V\u00e5r Frue av Lourdes og Fatima er forskjellige i enkelte detaljer, blir de likevel anerkjent.<\/p>\n<figure id=\"attachment_48076\" aria-describedby=\"caption-attachment-48076\" style=\"width: 339px\" class=\"wp-caption alignright\"><a href=\"https:\/\/test4.mi-backup.ch\/wp-content\/uploads\/2022\/01\/neue-medaille-gold2.jpg\"><img loading=\"lazy\" class=\"wp-image-48076\" src=\"https:\/\/test4.mi-backup.ch\/wp-content\/uploads\/2022\/01\/neue-medaille-gold2.jpg\" alt=\"\" width=\"339\" height=\"271\" srcset=\"https:\/\/test4.mi-backup.ch\/wp-content\/uploads\/2022\/01\/neue-medaille-gold2.jpg 1000w, https:\/\/test4.mi-backup.ch\/wp-content\/uploads\/2022\/01\/neue-medaille-gold2-300x240.jpg 300w, https:\/\/test4.mi-backup.ch\/wp-content\/uploads\/2022\/01\/neue-medaille-gold2-768x614.jpg 768w, https:\/\/test4.mi-backup.ch\/wp-content\/uploads\/2022\/01\/neue-medaille-gold2-425x340.jpg 425w, https:\/\/test4.mi-backup.ch\/wp-content\/uploads\/2022\/01\/neue-medaille-gold2-600x480.jpg 600w\" sizes=\"(max-width: 339px) 100vw, 339px\" \/><\/a><figcaption id=\"caption-attachment-48076\" class=\"wp-caption-text\">MIs medalje<\/figcaption><\/figure>\n<p>P\u00e5 denne m\u00e5ten forstod ogs\u00e5 Pater Aladel dette, for i den samme boken finnes det ogs\u00e5 forskjellige kobberstikk og bilder som viser medaljen p\u00e5 ganske ulikt vis: med en stjerne, med flere stjerner, av og til med seks takker, av og til med fem.<br \/>\nEnda et argument: Dersom man bare ville prege medaljen akkurat slik som den hellige Katharina s\u00e5 den, s\u00e5 m\u00e5tte b\u00f8nnen alltid v\u00e6re p\u00e5 fransk. Kirken har derimot fra begynnelsen av tillatt \u00e5 oversette b\u00f8nnen til andre spr\u00e5k. N\u00e5 er det franske spr\u00e5ket veldig kort og presist. Hvis man vil oversette b\u00f8nnen fra Rue de Bac etter ordlyden, s\u00e5 blir den i de fleste spr\u00e5k betydelig lengre. Dette blir et stort problem for fremstillingen: Enten blir teksten uleselig eller man m\u00e5 forkorte den, noe som faktisk har blitt gjort i manns minne. Ogs\u00e5 disse versjonene av den undergj\u00f8rende medaljen er anerkjent av kirken.<\/p>\n<p><em>Kanskje m\u00e5 man belyse problemet med &#8220;uekte medaljer&#8221; noe dypere.<br \/>\nMedaljen er nemlig en sakramentalie, det betyr et hellig tegn, en symbolsk gjenstand. Gjennom denne blir det formidlet n\u00e5degaver.<\/em><\/p>\n<h5>Hvilken n\u00e5degave er spesiell for den undergj\u00f8rende medaljen?<\/h5>\n<p>Det er Immaculatas \u00e5ndelig n\u00e6rv\u00e6r og mektige virke i v\u00e5rt liv: gjennom medaljen er vi i hverdagen forbundet med v\u00e5r himmelske mor og erfarer hennes s\u00e6rlige hjelp.<br \/>\nDet materielle tegnet skal minne oss om Marias store og vidunderlige mysterier. Faktisk er medaljen et minne om alle de store sannhetene og herlighetene til Maria. Men man kan ikke prege alle de store mysteriene til Immaculata p\u00e5 en liten medalje. Medaljen er s\u00e5 og si et synlig minne og en formaning: &#8220;Tenk p\u00e5 meg, JEG er hos deg!&#8221; \u2013 Og gjennom medaljen ser jeg IMMACULATA for mine \u00f8yne, for at jeg skal \u00e6re og elske henne og h\u00f8re p\u00e5 hennes veiledning.<\/p>\n<p>P\u00e5 lignende m\u00e5te \u00e6rer vi statuen av V\u00e5r Frue av Fatima, selv om ingen tenker p\u00e5 \u00e5 merke statuen med alle mysterier, under og hendelser som skjedde i Fatima. Statuen er et minne om Marias uplettede hjertes makt og virksomme kj\u00e6rlighet, ikke innholdsfortegnelsen over alt som skjedde i Fatima.<\/p>\n<p>Singapore, den 3. mars 2016<\/p>\n","protected":false},"excerpt":{"rendered":"<p>Det skjer stadig p\u00e5 ny at vi blir kritisert, og m\u00f8tt med p\u00e5stander om at medaljene v\u00e5re ikke er ekte og dermed ikke gyldige. Det blir p\u00e5st\u00e5tt at stjernenes takker ikke stemmer eller at en annen detalj ikke er preget p\u00e5 autentisk m\u00e5te. De viktigste argumentene gjelder formen og anordningen<a class=\"more-link\" href=\"https:\/\/test4.mi-backup.ch\/no\/welche-wundertaetige-medaille-ist-echt\/\">Read More &rarr;<\/a><\/p>\n","protected":false},"author":9,"featured_media":0,"parent":0,"menu_order":0,"comment_status":"closed","ping_status":"closed","template":"","meta":[],"_links":{"self":[{"href":"https:\/\/test4.mi-backup.ch\/no\/wp-json\/wp\/v2\/pages\/19051"}],"collection":[{"href":"https:\/\/test4.mi-backup.ch\/no\/wp-json\/wp\/v2\/pages"}],"about":[{"href":"https:\/\/test4.mi-backup.ch\/no\/wp-json\/wp\/v2\/types\/page"}],"author":[{"embeddable":true,"href":"https:\/\/test4.mi-backup.ch\/no\/wp-json\/wp\/v2\/users\/9"}],"replies":[{"embeddable":true,"href":"https:\/\/test4.mi-backup.ch\/no\/wp-json\/wp\/v2\/comments?post=19051"}],"version-history":[{"count":4,"href":"https:\/\/test4.mi-backup.ch\/no\/wp-json\/wp\/v2\/pages\/19051\/revisions"}],"predecessor-version":[{"id":48085,"href":"https:\/\/test4.mi-backup.ch\/no\/wp-json\/wp\/v2\/pages\/19051\/revisions\/48085"}],"wp:attachment":[{"href":"https:\/\/test4.mi-backup.ch\/no\/wp-json\/wp\/v2\/media?parent=19051"}],"curies":[{"name":"wp","href":"https:\/\/api.w.org\/{rel}","templated":true}]}}