{"id":19053,"date":"2015-11-27T20:57:44","date_gmt":"2015-11-27T20:57:44","guid":{"rendered":"https:\/\/test4.mi-backup.ch\/neuzeitliches-wunder\/"},"modified":"2019-07-17T15:35:58","modified_gmt":"2019-07-17T13:35:58","slug":"neuzeitliches-wunder","status":"publish","type":"page","link":"https:\/\/test4.mi-backup.ch\/no\/neuzeitliches-wunder\/","title":{"rendered":"Under i nyere tid"},"content":{"rendered":"<p>En sann beretning om et under som skjedde p\u00e5 forb\u00f8nn av V\u00e5r Frue av den undergj\u00f8rende medaljen, kan hjelpe oss \u00e5 f\u00e5 en stadig st\u00f8rre tillit til Maria og hennes medalje.<\/p>\n<p><img loading=\"lazy\" class=\"alignright\" src=\"https:\/\/test4.mi-backup.ch\/wp-content\/uploads\/media\/OurLadyoftheMiraculousMedal-6.jpg\" alt=\"\" width=\"250\" height=\"363\" align=\"right\" border=\"1\" hspace=\"5\" vspace=\"5\" \/>En brasiliansk mor med sin lille fem\u00e5rige datter dro i \u00e5ret 1995 p\u00e5 en valfart til Rue du Bac i Paris, hvor Maria den gang \u00e5penbarte seg for den hellige Katharina Labour\u00e9. Barnet led av en s\u00e6rpreget type muskelsvinn. Legene erkl\u00e6rte at sykdommen ikke kunne leges. Hendene var allerede helt lammet og innskrumpet. Moren hadde lest noe om Marias \u00e5penbaring i Paris. En ting ber\u00f8rte henne spesielt. Da Maria viste seg for f\u00f8rste gang, satt hun p\u00e5 en polstret stol som stod der i kirken mens hun snakket med Katharina Labour\u00e9. Denne stolen kan man enn\u00e5 se den dag i dag. Slik hadde det seg at denne moren kom p\u00e5 en ide som hun var helt overbevist om. Nemlig at hvis datteren hennes satte seg p\u00e5 denne stolen, s\u00e5 kom Guds Mor til \u00e5 helbrede henne. Med denne overbevisningen reiste hun sammen med datteren sin til Paris. Da de var kommet inn i kirken, som til enhver tid blir opps\u00f8kt av mange troende, s\u00e5 hun at det ikke var s\u00e5 enkelt \u00e5 komme frem til denne stolen til Guds Mor. Den delen av kirken hvor \u00e5penbaringen hadde funnet sted, var avgrenset med tynne tau. Hun spurte en av de barmhjertige s\u00f8strene som nettopp vasket i kirken, om datteren hennes fikk lov til \u00e5 sette seg p\u00e5 stolen.<\/p>\n<p>Men s\u00f8steren sa: \u201eUnnskyld, men det kan jeg ikke tillate, for da ville jo alle be om det \u2013 og det er umulig.&#8221; Det var naturligvis en stor skuffelse for moren. Da s\u00f8strene hadde fjernet seg, tok hun en ny beslutning: Dersom datteren hennes ikke fikk lov til \u00e5 sitte p\u00e5 stolen, skulle hun i det minste ber\u00f8re den. Derfor hvisket hun til henne at hun skulle krabbe under tauene p\u00e5 alle fire, og s\u00e5 under stolen, og ber\u00f8re den nedenfra. Den lille piken gjorde som moren hadde sagt. Men da hun kom frem til stolen, stod hun plutselig opp og la hodet sitt p\u00e5 fl\u00f8yelstrekket til stolen. Etter en stund krabbet hun tilbake igjen. Moren klandret henne: &#8220;Hvorfor gjorde du det?&#8221; Jeg sa jo til deg at du bare skulle ber\u00f8re stolen en kort tid!&#8221; Piken svarte str\u00e5lende: &#8220;Men Mamma, KVINNEN sa til meg at jeg skulle legge hodet mitt p\u00e5 kneet hennes.&#8221;<\/p>\n<p>Etter at de var kommet tilbake til Brasil, kunne legene bekrefte at barnet var blitt helt kurert.<br \/>\nDenne begivenheten viser oss p\u00e5 anskuelig og vidunderlig vis med hvilken holdning og med hvilken tillit vi skal komme til Maria; som denne piken som la hodet sitt p\u00e5 kneet til Guds Mor. Den som lar seg ber\u00f8re av Marias kj\u00e6rlighet, blir frisk av mange s\u00e5r og lidelser.<\/p>\n","protected":false},"excerpt":{"rendered":"<p>En sann beretning om et under som skjedde p\u00e5 forb\u00f8nn av V\u00e5r Frue av den undergj\u00f8rende medaljen, kan hjelpe oss \u00e5 f\u00e5 en stadig st\u00f8rre tillit til Maria og hennes medalje. En brasiliansk mor med sin lille fem\u00e5rige datter dro i \u00e5ret 1995 p\u00e5 en valfart til Rue du Bac<a class=\"more-link\" href=\"https:\/\/test4.mi-backup.ch\/no\/neuzeitliches-wunder\/\">Read More &rarr;<\/a><\/p>\n","protected":false},"author":9,"featured_media":0,"parent":0,"menu_order":0,"comment_status":"closed","ping_status":"closed","template":"","meta":[],"_links":{"self":[{"href":"https:\/\/test4.mi-backup.ch\/no\/wp-json\/wp\/v2\/pages\/19053"}],"collection":[{"href":"https:\/\/test4.mi-backup.ch\/no\/wp-json\/wp\/v2\/pages"}],"about":[{"href":"https:\/\/test4.mi-backup.ch\/no\/wp-json\/wp\/v2\/types\/page"}],"author":[{"embeddable":true,"href":"https:\/\/test4.mi-backup.ch\/no\/wp-json\/wp\/v2\/users\/9"}],"replies":[{"embeddable":true,"href":"https:\/\/test4.mi-backup.ch\/no\/wp-json\/wp\/v2\/comments?post=19053"}],"version-history":[{"count":2,"href":"https:\/\/test4.mi-backup.ch\/no\/wp-json\/wp\/v2\/pages\/19053\/revisions"}],"predecessor-version":[{"id":19057,"href":"https:\/\/test4.mi-backup.ch\/no\/wp-json\/wp\/v2\/pages\/19053\/revisions\/19057"}],"wp:attachment":[{"href":"https:\/\/test4.mi-backup.ch\/no\/wp-json\/wp\/v2\/media?parent=19053"}],"curies":[{"name":"wp","href":"https:\/\/api.w.org\/{rel}","templated":true}]}}