{"id":19437,"date":"2014-10-16T18:05:56","date_gmt":"2014-10-16T18:05:56","guid":{"rendered":"https:\/\/test4.mi-backup.ch\/sein-ideal\/"},"modified":"2019-08-02T17:13:56","modified_gmt":"2019-08-02T15:13:56","slug":"sein-ideal","status":"publish","type":"page","link":"https:\/\/test4.mi-backup.ch\/no\/sein-ideal\/","title":{"rendered":"Hans ideal"},"content":{"rendered":"<p><img loading=\"lazy\" class=\"alignright wp-image-19439\" src=\"https:\/\/test4.mi-backup.ch\/wp-content\/uploads\/2019\/08\/ideal.jpg\" alt=\"\" width=\"267\" height=\"347\" srcset=\"https:\/\/test4.mi-backup.ch\/wp-content\/uploads\/2019\/08\/ideal.jpg 267w, https:\/\/test4.mi-backup.ch\/wp-content\/uploads\/2019\/08\/ideal-231x300.jpg 231w\" sizes=\"(max-width: 267px) 100vw, 267px\" \/><\/p>\n<p>\u201dImmaculata er v\u00e5rt ideal!<br \/>\n\u00c5 n\u00e6rme seg henne, \u00e5 ligne p\u00e5 henne.<br \/>\n\u00c5 tillate henne alltid \u00e5 herske over v\u00e5rt hjerte og vesen,<br \/>\nslik at hun skal kunne leve og virke gjennom menneskene,<br \/>\nslik at hun skal kunne elske Gud med v\u00e5re hjerter.<br \/>\nAt vi tilh\u00f8rer henne uten innskrenkning \u2013<br \/>\ndet er v\u00e5rt ideal!<br \/>\n\u00c5 str\u00e5le ut p\u00e5 v\u00e5r omverden,<br \/>\n\u00e5 vinne sjelene for henne,<br \/>\nslik at hjertene til v\u00e5re medmennesker \u00e5pner seg,<br \/>\nslik at hun skal kunne herske i alle hjerter,<br \/>\nsom sl\u00e5r overalt i verden,<br \/>\nuten forskjell n\u00e5r det gjelder rase, nasjonalitet, spr\u00e5k,<br \/>\nog at hun m\u00e5tte v\u00e6re i alle hjerter,<br \/>\nsom noensinne kommer til \u00e5 v\u00e6re til, helt til verdens ende \u2013<br \/>\ndet er v\u00e5rt ideal!<br \/>\nOg at hennes liv brer seg ut i hver sjel og vokser,<br \/>\ni hver sjel som finnes og kommer til \u00e5 finnes,<br \/>\ndet er v\u00e5rt dyrebare ideal!\u201d<\/p>\n<p>Den hellige Maximilian Kolbe<\/p>\n<p>&nbsp;<\/p>\n","protected":false},"excerpt":{"rendered":"<p>\u201dImmaculata er v\u00e5rt ideal! \u00c5 n\u00e6rme seg henne, \u00e5 ligne p\u00e5 henne. \u00c5 tillate henne alltid \u00e5 herske over v\u00e5rt hjerte og vesen, slik at hun skal kunne leve og virke gjennom menneskene, slik at hun skal kunne elske Gud med v\u00e5re hjerter. At vi tilh\u00f8rer henne uten innskrenkning \u2013<a class=\"more-link\" href=\"https:\/\/test4.mi-backup.ch\/no\/sein-ideal\/\">Read More &rarr;<\/a><\/p>\n","protected":false},"author":9,"featured_media":0,"parent":0,"menu_order":0,"comment_status":"closed","ping_status":"closed","template":"","meta":[],"_links":{"self":[{"href":"https:\/\/test4.mi-backup.ch\/no\/wp-json\/wp\/v2\/pages\/19437"}],"collection":[{"href":"https:\/\/test4.mi-backup.ch\/no\/wp-json\/wp\/v2\/pages"}],"about":[{"href":"https:\/\/test4.mi-backup.ch\/no\/wp-json\/wp\/v2\/types\/page"}],"author":[{"embeddable":true,"href":"https:\/\/test4.mi-backup.ch\/no\/wp-json\/wp\/v2\/users\/9"}],"replies":[{"embeddable":true,"href":"https:\/\/test4.mi-backup.ch\/no\/wp-json\/wp\/v2\/comments?post=19437"}],"version-history":[{"count":2,"href":"https:\/\/test4.mi-backup.ch\/no\/wp-json\/wp\/v2\/pages\/19437\/revisions"}],"predecessor-version":[{"id":19447,"href":"https:\/\/test4.mi-backup.ch\/no\/wp-json\/wp\/v2\/pages\/19437\/revisions\/19447"}],"wp:attachment":[{"href":"https:\/\/test4.mi-backup.ch\/no\/wp-json\/wp\/v2\/media?parent=19437"}],"curies":[{"name":"wp","href":"https:\/\/api.w.org\/{rel}","templated":true}]}}