{"id":35923,"date":"2021-03-16T17:58:09","date_gmt":"2021-03-16T16:58:09","guid":{"rendered":"https:\/\/test4.mi-backup.ch\/?page_id=35923"},"modified":"2021-03-16T17:58:09","modified_gmt":"2021-03-16T16:58:09","slug":"apostolat","status":"publish","type":"page","link":"https:\/\/test4.mi-backup.ch\/no\/apostolat\/","title":{"rendered":"Apostolat"},"content":{"rendered":"<p><i><span style=\"font-weight: 400;\">Pro amore, usque ad victimam \u2013 Alt for kj\u00e6rligheten inntil d\u00f8den!<\/span><\/i><i><span style=\"font-weight: 400;\"><br \/>\n<\/span><\/i><i><span style=\"font-weight: 400;\">(Valgspr\u00e5ket til den hellige Maximilian)<\/span><\/i><\/p>\n<p><span style=\"font-weight: 400;\"><i><img loading=\"lazy\" class=\"size-medium wp-image-35932 alignright\" src=\"https:\/\/test4.mi-backup.ch\/wp-content\/uploads\/2021\/03\/Kolbe_Medaille_1-205x300.jpg\" alt=\"\" width=\"205\" height=\"300\" srcset=\"https:\/\/test4.mi-backup.ch\/wp-content\/uploads\/2021\/03\/Kolbe_Medaille_1-205x300.jpg 205w, https:\/\/test4.mi-backup.ch\/wp-content\/uploads\/2021\/03\/Kolbe_Medaille_1.jpg 349w\" sizes=\"(max-width: 205px) 100vw, 205px\" \/><\/i>Med sin iver for sjelenes frelse og utbredelsen av Kristi rike gjennom Immaculata er han et lysende forbilde for oss. Hans iver var grensel\u00f8s n\u00e5r det gjaldt dette. Helst hadde han arbeidet for Immaculata i alle land. Han hadde knapt bygd opp Den uplettede Jomfru Marias by i Polen f\u00f8r han ba sine foresatte om lov til \u00e5 dra som misjon\u00e6r til Japan. De foresatte spurte forundret om han kunne snakke japansk, om han hadde forbindelser der eller om han hadde penger til \u00e5 betale dette foretagende med. Han m\u00e5tte svare nei p\u00e5 alt. Men de foresatte kjente ham og lot ham dra. Han hadde en um\u00e5telig tillit til Maria og ble aldri skuffet. Hans motto var \u00e5 overgi alt til Immaculata, virkelig alt. Han henvendte seg full av tillit til henne og ventet at hun skulle bevirke det som ikke l\u00e5 i hans makt. (Les ogs\u00e5 <\/span><a href=\"https:\/\/test4.mi-backup.ch\/no\/tatsachenbericht-japan\/\"><span style=\"font-weight: 400;\">&#8220;Beretning fra Japan&#8221;<\/span><\/a><span style=\"font-weight: 400;\">.)<\/span><\/p>\n<p><span style=\"font-weight: 400;\">Valgspr\u00e5ket til den hellige Ignatius \u201ealt til st\u00f8rre \u00e6re for Gud&#8221;, endret han til &#8220;alt til den st\u00f8rste \u00e6re for Gud gjennom Immaculata&#8221;.<\/span><\/p>\n<p><span style=\"font-weight: 400;\">Immaculatas riddere fors\u00f8ker \u00e5 leve opp til sin grunnleggers forbilde s\u00e5 godt de kan. Vi vil f\u00f8rst og fremst utbre den undergj\u00f8rende medaljen. B\u00e5de til enkeltpersoner i hverdagen og ved\u00a0 \u00e5 sende medaljer ut i verden med foldere i forskjellige spr\u00e5k. Vi vil sende medaljer til alle prester, misjon\u00e6rer og legfolk som sp\u00f8r om dem.<\/span><\/p>\n<p><span style=\"font-weight: 400;\"><i><img loading=\"lazy\" class=\"size-medium wp-image-35924 alignright\" src=\"https:\/\/test4.mi-backup.ch\/wp-content\/uploads\/2021\/03\/H20627PV_Heiligenbild-Hl-Maximilian-Kolbe-171x300.jpg\" alt=\"\" width=\"171\" height=\"300\" srcset=\"https:\/\/test4.mi-backup.ch\/wp-content\/uploads\/2021\/03\/H20627PV_Heiligenbild-Hl-Maximilian-Kolbe-171x300.jpg 171w, https:\/\/test4.mi-backup.ch\/wp-content\/uploads\/2021\/03\/H20627PV_Heiligenbild-Hl-Maximilian-Kolbe.jpg 290w\" sizes=\"(max-width: 171px) 100vw, 171px\" \/><\/i>Den hellige Maximilian sa om dette himmelske middelet som fremmer apostolatet:<\/span><\/p>\n<p><span style=\"font-weight: 400;\">\u201e\u00c5 streve for \u00e5 omvende synderne gjennom Immaculatas formidling. \u00c5 bruke alle legitime midler for \u00e5 n\u00e5 m\u00e5let. F\u00f8rst og fremst \u00e5 dele ut den undergj\u00f8rende medaljen.&#8221; (Fra den hellige Maximilian statutter for MI)<\/span><\/p>\n<p><span style=\"font-weight: 400;\">\u201eS\u00e6rlig m\u00e5 man velge de midlene som den uplettede Jomfru Maria selv gir oss. Til disse h\u00f8rer ogs\u00e5 den undergj\u00f8rende medaljen. La oss dele ut denne overalt hvor det er mulig.&#8221; P\u00e5 denne m\u00e5ten vil vi f\u00f8lge den hellige Maximilians eksempel og bli &#8220;alt for alle&#8221; i Immaculatas tjeneste. (jf. 1 Kor 9,22)<\/span><\/p>\n<p><span style=\"font-weight: 400;\">Kanskje ogs\u00e5 du vil tjene Immaculata p\u00e5 denne m\u00e5ten og dele ut den undergj\u00f8rende medaljen?<\/span><\/p>\n<p><span style=\"font-weight: 400;\">Vi st\u00f8tter deg gjerne ved \u00e5 sende deg medaljer og foldere. Disse kan bestilles i <\/span><a href=\"https:\/\/militia-immaculatae.info\/de\/shop\/\" target=\"_blank\" rel=\"noopener\"><span style=\"font-weight: 400;\">nettbutikken<\/span><\/a><span style=\"font-weight: 400;\"> v\u00e5r.<\/span><\/p>\n<p>&nbsp;<\/p>\n","protected":false},"excerpt":{"rendered":"<p>Pro amore, usque ad victimam \u2013 Alt for kj\u00e6rligheten inntil d\u00f8den! (Valgspr\u00e5ket til den hellige Maximilian) Med sin iver for sjelenes frelse og utbredelsen av Kristi rike gjennom Immaculata er han et lysende forbilde for oss. Hans iver var grensel\u00f8s n\u00e5r det gjaldt dette. Helst hadde han arbeidet for Immaculata<a class=\"more-link\" href=\"https:\/\/test4.mi-backup.ch\/no\/apostolat\/\">Read More &rarr;<\/a><\/p>\n","protected":false},"author":217,"featured_media":0,"parent":0,"menu_order":0,"comment_status":"closed","ping_status":"closed","template":"","meta":[],"_links":{"self":[{"href":"https:\/\/test4.mi-backup.ch\/no\/wp-json\/wp\/v2\/pages\/35923"}],"collection":[{"href":"https:\/\/test4.mi-backup.ch\/no\/wp-json\/wp\/v2\/pages"}],"about":[{"href":"https:\/\/test4.mi-backup.ch\/no\/wp-json\/wp\/v2\/types\/page"}],"author":[{"embeddable":true,"href":"https:\/\/test4.mi-backup.ch\/no\/wp-json\/wp\/v2\/users\/217"}],"replies":[{"embeddable":true,"href":"https:\/\/test4.mi-backup.ch\/no\/wp-json\/wp\/v2\/comments?post=35923"}],"version-history":[{"count":1,"href":"https:\/\/test4.mi-backup.ch\/no\/wp-json\/wp\/v2\/pages\/35923\/revisions"}],"predecessor-version":[{"id":35940,"href":"https:\/\/test4.mi-backup.ch\/no\/wp-json\/wp\/v2\/pages\/35923\/revisions\/35940"}],"wp:attachment":[{"href":"https:\/\/test4.mi-backup.ch\/no\/wp-json\/wp\/v2\/media?parent=35923"}],"curies":[{"name":"wp","href":"https:\/\/api.w.org\/{rel}","templated":true}]}}