{"id":35941,"date":"2021-03-16T18:03:13","date_gmt":"2021-03-16T17:03:13","guid":{"rendered":"https:\/\/test4.mi-backup.ch\/?page_id=35941"},"modified":"2021-03-16T18:12:55","modified_gmt":"2021-03-16T17:12:55","slug":"a-grunnlegge-en-mi-gruppe","status":"publish","type":"page","link":"https:\/\/test4.mi-backup.ch\/no\/a-grunnlegge-en-mi-gruppe\/","title":{"rendered":"Hvordan starte en MI-gruppe"},"content":{"rendered":"<p><span style=\"font-weight: 400;\">Det er innlysende at det for det f\u00f8rste er virksommere \u00e5 samarbeide i en gruppe, og for det andre ogs\u00e5 gir mer glede. Derfor har ogs\u00e5 den hellige Maximilian Kolbe tatt sikte p\u00e5 at ridderne treffes regelmessig for \u00e5 be og for \u00e5 arbeide for evangeliets forkynnelse (han kalte dette for MI-trinn 2).<\/span><\/p>\n<p><span style=\"font-weight: 400;\">\u201eP\u00e5 2. trinn av MI sl\u00e5r ridderne seg sammen gjennom spesielle statutter og retningslinjer. De forener sine krefter for \u00e5 n\u00e5 det fastlagte m\u00e5let fortere og mer virkningsfullt&#8221; (den hellige Maximilian Kolbe).<\/span><\/p>\n<p><span style=\"font-weight: 400;\">Dette virker ofte prim\u00e6rt innover, ikke utover. Don Bosco sa om den hellige Dominic Savio:<\/span><i><span style=\"font-weight: 400;\"><br \/>\n<\/span><\/i><i><span style=\"font-weight: 400;\">\u201eDet f\u00f8rste han ble r\u00e5det til for \u00e5 bli hellig, var \u00e5 vinne sjeler for Gud. Faktisk finnes det ikke noe mer hellig i verden enn \u00e5 v\u00e6re med p\u00e5 \u00e5 s\u00f8rge for sjelenes velferd. For dem har Jesus Kristus utgytt den siste dr\u00e5pe av sitt kostbare blod.&#8221;<\/span><\/i><\/p>\n<p><span style=\"font-weight: 400;\">Et felles apostolat i en menighet er dermed f\u00f8rst og fremst til hjelp for de egne troende. \u00c5 ha apostolatets \u00e5nd er et av de beste midlene for helliggj\u00f8relse. Man ruster seg mot verdens \u00e5nd fordi man ikke bare avviser den, men kjemper aktivt imot den.<\/span><\/p>\n<p><span style=\"font-weight: 400;\">Men f\u00f8r man tenker p\u00e5 \u00e5 grunnlegge en gruppe, foresl\u00e5r vi \u00e5 g\u00e5 frem p\u00e5 f\u00f8lgende m\u00e5te:<\/span><\/p>\n<ol>\n<li><span style=\"font-weight: 400;\">Be til Immaculata at hun m\u00e5tte velsigne det du har tenkt \u00e5 iverksette.<\/span><\/li>\n<li><span style=\"font-weight: 400;\">Snakk med presten om planen \u00e5 starte en MI-gruppe.<\/span><\/li>\n<li><span style=\"font-weight: 400;\">Dersom vedkommende prest st\u00f8tter planen, b\u00f8r du tenke over hvem (eventuelt sammen med presten) som kunne v\u00e6re interessert i \u00e5 delta. Og s\u00e5 kan man anbefale MI tilsvarende. For dette form\u00e5let kan f\u00f8lgende tiltak v\u00e6re nyttige:<\/span><span style=\"font-weight: 400;\"><br \/>\n<\/span><span style=\"font-weight: 400;\">\u2013 Preken og\/eller foredrag om Militia Immaculatae<\/span><span style=\"font-weight: 400;\"><br \/>\n<\/span><span style=\"font-weight: 400;\">\u2013 Snakk med troende som kunne v\u00e6re interessert.<\/span><span style=\"font-weight: 400;\"><br \/>\n<\/span><span style=\"font-weight: 400;\">\u2013 Still informasjon om MI til disposisjon, s\u00e6rlig\u00a0<\/span><span style=\"font-weight: 400;\"> ogs\u00e5 veiledningen for opptagelse i MI<\/span><span style=\"font-weight: 400;\">.<\/span><\/li>\n<li><span style=\"font-weight: 400;\">Snakk med presten om hva den lokale MI-gruppen kunne ha som m\u00e5l og hvordan du vil oppn\u00e5 disse (apostolatsaksjoner, \u00e5 treffes regelmessig til b\u00f8nn, foredrag, prosesjoner o.l.) Dersom det er behov for det kan vi v\u00e6re behjelpelig med konkrete ideer. (se ogs\u00e5<\/span><span style=\"font-weight: 400;\"> \u201cKonkret apostolat\u201d<\/span><span style=\"font-weight: 400;\">)<\/span><\/li>\n<\/ol>\n<p><span style=\"font-weight: 400;\">Vi underst\u00f8tter dere gjerne med \u00e5 grunnlegge en MI-gruppe. Ta kontakt med oss:\u00a0<\/span><a href=\"about:blank\"><span style=\"font-weight: 400;\">contact@militia-immaculatae.info<\/span><\/a><\/p>\n<p>&nbsp;<\/p>\n","protected":false},"excerpt":{"rendered":"<p>Det er innlysende at det for det f\u00f8rste er virksommere \u00e5 samarbeide i en gruppe, og for det andre ogs\u00e5 gir mer glede. Derfor har ogs\u00e5 den hellige Maximilian Kolbe tatt sikte p\u00e5 at ridderne treffes regelmessig for \u00e5 be og for \u00e5 arbeide for evangeliets forkynnelse (han kalte dette<a class=\"more-link\" href=\"https:\/\/test4.mi-backup.ch\/no\/a-grunnlegge-en-mi-gruppe\/\">Read More &rarr;<\/a><\/p>\n","protected":false},"author":217,"featured_media":0,"parent":0,"menu_order":0,"comment_status":"closed","ping_status":"closed","template":"","meta":[],"_links":{"self":[{"href":"https:\/\/test4.mi-backup.ch\/no\/wp-json\/wp\/v2\/pages\/35941"}],"collection":[{"href":"https:\/\/test4.mi-backup.ch\/no\/wp-json\/wp\/v2\/pages"}],"about":[{"href":"https:\/\/test4.mi-backup.ch\/no\/wp-json\/wp\/v2\/types\/page"}],"author":[{"embeddable":true,"href":"https:\/\/test4.mi-backup.ch\/no\/wp-json\/wp\/v2\/users\/217"}],"replies":[{"embeddable":true,"href":"https:\/\/test4.mi-backup.ch\/no\/wp-json\/wp\/v2\/comments?post=35941"}],"version-history":[{"count":3,"href":"https:\/\/test4.mi-backup.ch\/no\/wp-json\/wp\/v2\/pages\/35941\/revisions"}],"predecessor-version":[{"id":35957,"href":"https:\/\/test4.mi-backup.ch\/no\/wp-json\/wp\/v2\/pages\/35941\/revisions\/35957"}],"wp:attachment":[{"href":"https:\/\/test4.mi-backup.ch\/no\/wp-json\/wp\/v2\/media?parent=35941"}],"curies":[{"name":"wp","href":"https:\/\/api.w.org\/{rel}","templated":true}]}}