{"id":35953,"date":"2021-03-16T18:10:11","date_gmt":"2021-03-16T17:10:11","guid":{"rendered":"https:\/\/test4.mi-backup.ch\/?page_id=35953"},"modified":"2021-03-16T18:10:11","modified_gmt":"2021-03-16T17:10:11","slug":"donere","status":"publish","type":"page","link":"https:\/\/test4.mi-backup.ch\/no\/donere\/","title":{"rendered":"Donere"},"content":{"rendered":"<p>Militia Immaculatae-kampanjene for verdensomspennende distribusjon av Miraculous Medal. Kan vi som tiggere til de ulastelige be deg om din st\u00f8tte til v\u00e5rt apostolat? Gud bel\u00f8nner deg!<\/p>\n<p>Immaculata kan aldri sl\u00e5s n\u00e5r det gjelder raushet, men vil garantert bel\u00f8nne deg hvert offer!<\/p>\n<p>MI Sveits (ogs\u00e5 for internasjonal distribusjon)<\/p>\n<p>Vil du st\u00f8tte et spesifikt land med donasjonen din? Vi kan sende et visst antall medaljer og brosjyrer til et land du \u00f8nsker, hvis du \u00f8nsker det. V\u00e6rs\u00e5snill kontakt oss.<\/p>\n<p>bankinformasjon<\/p>\n<p>IBAN for EUR: CH13 0078 4294 7153 7200 2<\/p>\n<p style=\"font-weight: 400;\">IBAN for CHF: CH40 0078 4294 7153 7200 1<br \/>\nBIC- \/ Swift: KBTGCH22, bank: Thurgauer Kantonalbank<br \/>\nKonto eier:<br \/>\nMilitia Immaculatae<br \/>\nSt. Gallerstrasse 65<br \/>\nCH-9500 Wil SG<\/p>\n","protected":false},"excerpt":{"rendered":"<p>Militia Immaculatae-kampanjene for verdensomspennende distribusjon av Miraculous Medal. Kan vi som tiggere til de ulastelige be deg om din st\u00f8tte til v\u00e5rt apostolat? Gud bel\u00f8nner deg! Immaculata kan aldri sl\u00e5s n\u00e5r det gjelder raushet, men vil garantert bel\u00f8nne deg hvert offer! MI Sveits (ogs\u00e5 for internasjonal distribusjon) Vil du st\u00f8tte<a class=\"more-link\" href=\"https:\/\/test4.mi-backup.ch\/no\/donere\/\">Read More &rarr;<\/a><\/p>\n","protected":false},"author":217,"featured_media":0,"parent":0,"menu_order":0,"comment_status":"closed","ping_status":"closed","template":"","meta":[],"_links":{"self":[{"href":"https:\/\/test4.mi-backup.ch\/no\/wp-json\/wp\/v2\/pages\/35953"}],"collection":[{"href":"https:\/\/test4.mi-backup.ch\/no\/wp-json\/wp\/v2\/pages"}],"about":[{"href":"https:\/\/test4.mi-backup.ch\/no\/wp-json\/wp\/v2\/types\/page"}],"author":[{"embeddable":true,"href":"https:\/\/test4.mi-backup.ch\/no\/wp-json\/wp\/v2\/users\/217"}],"replies":[{"embeddable":true,"href":"https:\/\/test4.mi-backup.ch\/no\/wp-json\/wp\/v2\/comments?post=35953"}],"version-history":[{"count":1,"href":"https:\/\/test4.mi-backup.ch\/no\/wp-json\/wp\/v2\/pages\/35953\/revisions"}],"predecessor-version":[{"id":35954,"href":"https:\/\/test4.mi-backup.ch\/no\/wp-json\/wp\/v2\/pages\/35953\/revisions\/35954"}],"wp:attachment":[{"href":"https:\/\/test4.mi-backup.ch\/no\/wp-json\/wp\/v2\/media?parent=35953"}],"curies":[{"name":"wp","href":"https:\/\/api.w.org\/{rel}","templated":true}]}}