{"id":35984,"date":"2021-03-18T20:52:00","date_gmt":"2021-03-18T19:52:00","guid":{"rendered":"https:\/\/test4.mi-backup.ch\/?page_id=35984"},"modified":"2021-03-18T21:00:08","modified_gmt":"2021-03-18T20:00:08","slug":"konkret-apostolat","status":"publish","type":"page","link":"https:\/\/test4.mi-backup.ch\/no\/konkret-apostolat\/","title":{"rendered":"Konkret apostolat"},"content":{"rendered":"<p><span style=\"font-weight: 400;\">P\u00e5 denne siden forteller vi om konkrete eksempler p\u00e5 apostolat og v\u00e5re erfaringer med dem.<\/span><\/p>\n<p><b>Erfaringer med utdeling av medaljer:<\/b><\/p>\n<ul>\n<li style=\"font-weight: 400;\" aria-level=\"1\"><span style=\"font-weight: 400;\">Siden det er n\u00e6rmest umulig \u00e5 forutse anledninger i hverdagen hvor man kan gi bort medaljer, er det en forutsetning at man alltid har et par medaljer (og foldere) med seg. Som regel passer folderne inn i en lommebok.<\/span><\/li>\n<li style=\"font-weight: 400;\" aria-level=\"1\"><span style=\"font-weight: 400;\">Det er avgj\u00f8rende for fremgangen hvordan man snakker til folk. Med f\u00f8lgende tiltale har vi gjort gode erfaringer: <\/span><i><span style=\"font-weight: 400;\">F\u00e5r jeg lov til \u00e5 gi deg en undergj\u00f8rende medalje (eller en Maria-medalje)?\u00a0<\/span><\/i><span style=\"font-weight: 400;\">(Dette mens man viser medaljen.) P\u00e5 denne m\u00e5ten kan man unng\u00e5 at folk mistenker en for \u00e5 ville selge dem noe, at man har kommersielle interesser.<\/span><\/li>\n<li style=\"font-weight: 400;\" aria-level=\"1\"><span style=\"font-weight: 400;\">Ansiktsuttrykket v\u00e5rt er naturligvis ogs\u00e5 viktig. Dersom vi vil vitne om Jesu og Marias kj\u00e6rlighet, b\u00f8r man ogs\u00e5 kunne se dette p\u00e5 et vennlig ansiktsuttrykk.<\/span><\/li>\n<li style=\"font-weight: 400;\" aria-level=\"1\"><span style=\"font-weight: 400;\">Dersom vi p\u00e5 denne m\u00e5ten, og med full tillit til Immaculatas mektige hjelp, henvender oss til folk, vil vi bli overrasket over hvor mange som reagerer positivt og med velvilje. Mange setter pris p\u00e5 at noen vil gi dem noe uten egennytte. Og Maria, hjertenes dronning, \u00e5pner virkelig hjertene.<\/span><\/li>\n<li style=\"font-weight: 400;\" aria-level=\"1\"><span style=\"font-weight: 400;\">Det er normalt at man m\u00e5 overvinne seg selv for \u00e5 snakke til en fremmed person p\u00e5 en slik m\u00e5te. Men det kan ogs\u00e5 v\u00e6re at man m\u00e5 overvinne menneskefrykten for \u00e5 snakke til en kjent person \u2013 for eksempel en nabo eller kollega. Nettopp denne overvinnelsen \u2013 ofret opp i den rette mening \u2013 kan v\u00e6re verdifull for sjelene. Dertil hjelper det ogs\u00e5 \u00e5 v\u00e6re knyttet til Jesus og Maria i hverdagen ved hjelp av sm\u00e5 skuddb\u00f8nner (f.eks.: Jesus, Maria, jeg elsker dere; frels sjeler!) S\u00e6rlig rett f\u00f8r man snakker til noen er det tilr\u00e5delig \u00e5 be en slik skuddb\u00f8nn.<\/span><\/li>\n<li style=\"font-weight: 400;\" aria-level=\"1\"><span style=\"font-weight: 400;\">Hva er den verste reaksjonen man kan oppleve p\u00e5 v\u00e5re breddegrader? Det er et bestemt \u201enei\u201c, eventuelt et h\u00e5nlig smil. Et svar som vi ogs\u00e5 har f\u00e5tt h\u00f8re: &#8220;Med HENNE (Maria) vil jeg ikke ha noe \u00e5 gj\u00f8re!&#8221;. Misjon\u00e6rene risikerer delvis mye verre ting.<\/span><\/li>\n<li style=\"font-weight: 400;\" aria-level=\"1\"><span style=\"font-weight: 400;\">Hvor kan man dele ut medaljer? Det sies at kj\u00e6rligheten er oppfinnsom! Slik er det her ogs\u00e5. Mulighetene er s\u00e5 mangfoldige som hverdagen selv. Vi vil bare foresl\u00e5 noen muligheter: familiemedlemmer, venner, slektninger, naboer, kollegaer, folk som har vanskeligheter (syke, fattige, tiggere osv.), folk som g\u00e5r forbi, passasjerer i kollektive transportmidler, bes\u00f8kende i kirker &#8230;\u00a0 etc.<\/span><span style=\"font-weight: 400;\"><br \/>\n<\/span><span style=\"font-weight: 400;\">I Graz (A) og Mantes la Jolie (F) har flere MI-medlemmer sammen hatt god fremgang ved sine f\u00f8rste fors\u00f8k p\u00e5 \u00e5 g\u00e5 fra d\u00f8r til d\u00f8r. Dersom man har en stand hvor man deler ut informasjonsmateriell, er det lett \u00e5 dele ut medaljer ved siden av.<\/span><\/li>\n<li style=\"font-weight: 400;\" aria-level=\"1\"><span style=\"font-weight: 400;\">Siden medaljen er velsignet, b\u00f8r den alltid gis personlig og bare hvis mottakeren tar imot frivillig. Slik kan man minske faren for misbruk. Medaljene burde f.eks. ikke bare puttes i postkassene til fremmede.<\/span><\/li>\n<\/ul>\n<p><span style=\"font-weight: 400;\">Flere erfaringer og forslag\u00a0<\/span><\/p>\n<p><span style=\"font-weight: 400;\">Plakatkampanje<\/span><\/p>\n<p><span style=\"font-weight: 400;\">I 2009 hadde ateistene i Sveits en kampanje hvor de satte opp 250 plakater i forskjellige byer. Ved hjelp av storsinnede sponsorer kunne vi reagere p\u00e5 denne kampanjen og lansere en motkampanje med 70 plakater. Ogs\u00e5 i media ble det berettet om disse kampanjene. En ung mann som var p\u00e5 leting etter den sanne tro, ble p\u00e5 grunn av kampanjen overbevist om at han skulle slutte seg til oss. Han sa senere at det hadde gjort inntrykk p\u00e5 ham at det enn\u00e5 fantes en bevegelse som kjempet for Guds rettigheter. Han er n\u00e5 blant v\u00e5re troende \u2013 og medlem i MI.<\/span><\/p>\n<p><span style=\"font-weight: 400;\">Stand for utdeling av informasjonsmateriell<\/span><\/p>\n<p><span style=\"font-weight: 400;\">I forskjellige sveitsiske byer har vi hatt stand p\u00e5 gata for \u00e5 vitne offentlig om v\u00e5r tro. Til dette setter vi opp store bilder. I tillegg deler vi ut foldere, medaljer, rosenkranser og religi\u00f8se publikasjoner. Selv om folk p\u00e5 gaten ofte ikke vil ta seg tid, er de likevel ofte villige til \u00e5 ta imot en folder. Og slike aksjoner medf\u00f8rer ogs\u00e5 gode samtaler hver gang.<\/span><span style=\"font-weight: 400;\"><br \/>\n<\/span><span style=\"font-weight: 400;\">En gang inviterte vi de forbipasserende til julemessen ved hjelp av en folder, og noen av dem kom.<\/span><\/p>\n<p><span style=\"font-weight: 400;\">Leserbrev<\/span><\/p>\n<p><span style=\"font-weight: 400;\">Dersom Gud, kirken eller v\u00e5r tro blir angrepet offentlig, kan vi ikke late som ingenting. Som fermede og ikke minst som Immaculatas riddere er vi forpliktet til \u00e5 reagere i henhold til v\u00e5re muligheter. \u00c5 skrive leserbrev er en god og gratis mulighet.<\/span><\/p>\n<p><span style=\"font-weight: 400;\">Internt apostolat<\/span><\/p>\n<p><span style=\"font-weight: 400;\">For en MI-forening er det ogs\u00e5 mulig \u00e5 drive apostolat blant de troende. Man kan tilby presten hjelp hvis han trenger det. Ogs\u00e5 det er apostolat.<\/span><\/p>\n<p><span style=\"font-weight: 400;\">Publikasjoner<\/span><\/p>\n<p><span style=\"font-weight: 400;\">Etter forbildet til v\u00e5r grunnlegger, den hellige Maximilian, pr\u00f8ver Immaculatas riddere \u00e5 utbre god litteratur. Det betyr \u00e5 gi eller l\u00e5ne bort gode b\u00f8ker, dele ut foldere og tidsskrifter. Gjennom en stand eller kontakt til personer i v\u00e5r omgivelse kan det oppst\u00e5 muligheter til dette. Dersom vi f\u00e5r sp\u00f8rsm\u00e5l om v\u00e5r tro, eller kommer i samtale om religion, er det ogs\u00e5 en mulighet \u00e5 gi vedkommende person en publikasjon vedr\u00f8rende dette temaet ved en senere anledning.<\/span><\/p>\n<p><span style=\"font-weight: 400;\">Den hellige Don Bosco sier:\u00a0<\/span><i><span style=\"font-weight: 400;\">\u00bbDen som gir bort en god bok, og om han s\u00e5 bare hadde fortjenesten \u00e5 ha vekket en tanke p\u00e5 Gud, har allerede vunnet en uforlignelig fortjeneste hos Gud. Og allikevel, hvor mye mer oppn\u00e5s vanligvis!\u00ab<\/span><\/i><span style=\"font-weight: 400;\">\u00a0Den hellige Augustinus og den hellige Ignatius omvendte seg p\u00e5 grunn av gode b\u00f8ker!<\/span><\/p>\n<p><i><span style=\"font-weight: 400;\">\u201cEnhver m\u00e5 betenke at det \u00e5 bry seg om sjelenes frelse er den kostbareste, og derfor ogs\u00e5 den sikreste barmhjertighetsgjerning, for selv \u00e5 oppn\u00e5 barmhjertighet.&#8221;<\/span><\/i><span style=\"font-weight: 400;\"><br \/>\n<\/span><span style=\"font-weight: 400;\">Den hellige Vinzenz Pallotti<\/span><\/p>\n<p><span style=\"font-weight: 400;\">Ridderne er klare over at et ytre apostolat bare kan bli fruktbart dersom de lever i n\u00e6r tilknytning til Gud.<\/span><\/p>\n<p><i><span style=\"font-weight: 400;\">\u201e\u00c5 v\u00e6re apostel betyr \u00e5 gi Jesus til sjelene og sjelene til Jesus &#8230; V\u00e6r n\u00e6r Ham for \u00e5 gi Ham til andre. Pater Mateo sa det s\u00e5 fint: En som driver apostolat er en kalk full av Jesus som lar sin overflod str\u00f8mme ut p\u00e5 sjelene.<\/span><\/i><\/p>\n<p><i><span style=\"font-weight: 400;\">Legfolks ytre apostolat er ikke noe frivillig anliggende, ikke noen luksus, men en forpliktelse, en n\u00f8dvendighet som kreves.<\/span><\/i><\/p>\n<p><i><span style=\"font-weight: 400;\">L\u00f8sepengene som m\u00e5 betales for \u00e5 fri sjelene, er lidelsen som en sier ja til av kj\u00e6rlighet. Dersom du fjerner korset fra livet ditt, faller alt sammen. Korset er stillaset. Som det bar frelseren, b\u00e6rer det frelsen og m\u00e5 b\u00e6re oss ogs\u00e5 og alle v\u00e5re gjerninger..\u201e<\/span><\/i><span style=\"font-weight: 400;\"><br \/>\n<\/span><span style=\"font-weight: 400;\">Pater Jean du Coeur de J\u00e9sus d\u2019Elb\u00e9e, \u201cAn die Liebe glauben\u201d (\u00c5 tro p\u00e5 kj\u00e6rligheten, o.a.), Sarto forlag<\/span><\/p>\n<p><i><span style=\"font-weight: 400;\">Elsk og s\u00f8rg for, at kj\u00e6rligheten som ikke elskes, elskes!<\/span><\/i><span style=\"font-weight: 400;\"><br \/>\n<\/span><span style=\"font-weight: 400;\">Den hellige Frans av Assisi<\/span><\/p>\n<p><i><span style=\"font-weight: 400;\">Ridderen \u00f8nsker \u00e5 vinne hele verden for Immaculata. \u00c5 bringe henne til hvert hjerte, som sl\u00e5r i denne verden, og noensinne kommer til \u00e5 sl\u00e5, for at hun m\u00e5tte veilede disse hjertene gjennom rikelige n\u00e5degaver. Og for at hun m\u00e5tte varme dem med kj\u00e6rligheten hun b\u00e6rer i sitt moderlige hjerte og tenne kj\u00e6rligheten til Gud i dem, til Jesu hellige hjerte, s\u00e5 den flammer opp.<\/span><\/i><span style=\"font-weight: 400;\"><br \/>\n<\/span><span style=\"font-weight: 400;\">Den hellige Maximilian Kolbe<\/span><\/p>\n<p><i><span style=\"font-weight: 400;\">Pro amore, usque ad victimam \u2013 Alt for kj\u00e6rligheten inntil d\u00f8den!<\/span><\/i><i><span style=\"font-weight: 400;\"><br \/>\n<\/span><\/i><i><span style=\"font-weight: 400;\">(Valgspr\u00e5ket til den hellige Maximilian)<\/span><\/i><\/p>\n<p><img loading=\"lazy\" class=\"alignnone wp-image-35986\" src=\"https:\/\/test4.mi-backup.ch\/wp-content\/uploads\/2021\/03\/Barmherziger-Jezus-173x300.jpg\" alt=\"\" width=\"289\" height=\"501\" srcset=\"https:\/\/test4.mi-backup.ch\/wp-content\/uploads\/2021\/03\/Barmherziger-Jezus-173x300.jpg 173w, https:\/\/test4.mi-backup.ch\/wp-content\/uploads\/2021\/03\/Barmherziger-Jezus.jpg 300w\" sizes=\"(max-width: 289px) 100vw, 289px\" \/><\/p>\n<p><i><span style=\"font-weight: 400;\">Sitio \u2013 jeg t\u00f8rster!<\/span><\/i><i><span style=\"font-weight: 400;\"><br \/>\n<\/span><\/i><i><span style=\"font-weight: 400;\">Joh 19, 28<\/span><\/i><\/p>\n<p><i><span style=\"font-weight: 400;\">Caritas Christi urget nos \u2013 For Kristi kj\u00e6rlighet tvinger oss!<\/span><\/i><i><span style=\"font-weight: 400;\"><br \/>\n<\/span><\/i><i><span style=\"font-weight: 400;\">2 Kor 5,14<\/span><\/i><\/p>\n<p><i><span style=\"font-weight: 400;\">Det dere gjorde mot en av disse mine minste br\u00f8dre, gjorde dere mot meg. Det dere ikke gjorde mot en av disse minste, har dere heller ikke gjort mot meg.\u00a0<\/span><\/i><span style=\"font-weight: 400;\"><br \/>\n<\/span><i><span style=\"font-weight: 400;\">Matt 25, 40\/45<\/span><\/i><\/p>\n<p><i><span style=\"font-weight: 400;\">Den som bekjenner meg for menneskene, ham skal ogs\u00e5 jeg kjennes ved for min Far i himmelen.<\/span><\/i><i><span style=\"font-weight: 400;\"><br \/>\n<\/span><\/i><i><span style=\"font-weight: 400;\">Matt 10, 32<\/span><\/i><\/p>\n<p><i><span style=\"font-weight: 400;\">G\u00e5 ut i hele verden og forkynn evangeliet for alle mennesker! <\/span><\/i><i><span style=\"font-weight: 400;\"><br \/>\n<\/span><\/i><i><span style=\"font-weight: 400;\">Mark 16,15<\/span><\/i><\/p>\n<p><i><span style=\"font-weight: 400;\">Ingen tenner et lys og setter det i kjelleren eller under et kar,..<\/span><\/i><i><span style=\"font-weight: 400;\"><br \/>\n<\/span><\/i><i><span style=\"font-weight: 400;\">Luk 11,33<\/span><\/i><\/p>\n<p><i><span style=\"font-weight: 400;\">S\u00e5 kommer da troen av det budskapet en h\u00f8rer, \u2026<\/span><\/i><i><span style=\"font-weight: 400;\"><br \/>\n<\/span><\/i><i><span style=\"font-weight: 400;\">Rom 10,17<\/span><\/i><\/p>\n<p><i><span style=\"font-weight: 400;\">Men jeg vil med glede ofre, ja bli ofret for eders sjeler.<\/span><\/i><i><span style=\"font-weight: 400;\"><br \/>\n<\/span><\/i><i><span style=\"font-weight: 400;\">2 Kor 12,15<\/span><\/i><\/p>\n<p><i><span style=\"font-weight: 400;\">For alle er jeg blitt alt, for i det minste \u00e5 frelse noen.<\/span><\/i><i><span style=\"font-weight: 400;\"><br \/>\n<\/span><\/i><i><span style=\"font-weight: 400;\">1 Kor 9,22<\/span><\/i><\/p>\n<p><i><span style=\"font-weight: 400;\">\u00c5 rettlede de uvitende\u00a0<\/span><\/i><i><span style=\"font-weight: 400;\">er en \u00e5ndelig barmhjertig gjerning. <\/span><\/i><i><span style=\"font-weight: 400;\">.<\/span><\/i><i><span style=\"font-weight: 400;\"><br \/>\n<\/span><\/i><i><span style=\"font-weight: 400;\">(Katolsk katekisme)<\/span><\/i><\/p>\n","protected":false},"excerpt":{"rendered":"<p>P\u00e5 denne siden forteller vi om konkrete eksempler p\u00e5 apostolat og v\u00e5re erfaringer med dem. Erfaringer med utdeling av medaljer: Siden det er n\u00e6rmest umulig \u00e5 forutse anledninger i hverdagen hvor man kan gi bort medaljer, er det en forutsetning at man alltid har et par medaljer (og foldere) med<a class=\"more-link\" href=\"https:\/\/test4.mi-backup.ch\/no\/konkret-apostolat\/\">Read More &rarr;<\/a><\/p>\n","protected":false},"author":217,"featured_media":84654,"parent":0,"menu_order":0,"comment_status":"closed","ping_status":"closed","template":"","meta":[],"_links":{"self":[{"href":"https:\/\/test4.mi-backup.ch\/no\/wp-json\/wp\/v2\/pages\/35984"}],"collection":[{"href":"https:\/\/test4.mi-backup.ch\/no\/wp-json\/wp\/v2\/pages"}],"about":[{"href":"https:\/\/test4.mi-backup.ch\/no\/wp-json\/wp\/v2\/types\/page"}],"author":[{"embeddable":true,"href":"https:\/\/test4.mi-backup.ch\/no\/wp-json\/wp\/v2\/users\/217"}],"replies":[{"embeddable":true,"href":"https:\/\/test4.mi-backup.ch\/no\/wp-json\/wp\/v2\/comments?post=35984"}],"version-history":[{"count":2,"href":"https:\/\/test4.mi-backup.ch\/no\/wp-json\/wp\/v2\/pages\/35984\/revisions"}],"predecessor-version":[{"id":35994,"href":"https:\/\/test4.mi-backup.ch\/no\/wp-json\/wp\/v2\/pages\/35984\/revisions\/35994"}],"wp:featuredmedia":[{"embeddable":true,"href":"https:\/\/test4.mi-backup.ch\/no\/wp-json\/wp\/v2\/media\/84654"}],"wp:attachment":[{"href":"https:\/\/test4.mi-backup.ch\/no\/wp-json\/wp\/v2\/media?parent=35984"}],"curies":[{"name":"wp","href":"https:\/\/api.w.org\/{rel}","templated":true}]}}