{"id":37580,"date":"2021-05-20T20:47:34","date_gmt":"2021-05-20T18:47:34","guid":{"rendered":"https:\/\/test4.mi-backup.ch\/?page_id=37580"},"modified":"2021-05-20T20:47:34","modified_gmt":"2021-05-20T18:47:34","slug":"opptagelsesseremoni","status":"publish","type":"page","link":"https:\/\/test4.mi-backup.ch\/no\/opptagelsesseremoni\/","title":{"rendered":"Opptagelsesseremoni"},"content":{"rendered":"<p>Seremoni for opptagelsen i Militia Immaculatae<\/p>\n<ol>\n<li><strong><img style=\"width: 250px; height: 377px; border-width: 1px; border-style: solid; margin: 5px; float: right;\" src=\"https:\/\/test4.mi-backup.ch\/wp-content\/uploads\/media\/Aktuelles\/Fatima_Wandermadonna_(Copy).jpg\" alt=\"\" \/>Veni Creator eller \u201eKom Skaper\u00e5nd\u201d<\/strong><\/li>\n<li><strong>Ave Maris Stella (eller en annen b\u00f8nn til Maria)<\/strong><\/li>\n<li><strong>Presten sier noen ord.<\/strong><\/li>\n<li><strong>Fornyelse av d\u00e5psl\u00f8ftene (fakultativt):<\/strong><\/li>\n<\/ol>\n<p>Presten: P\u00e5 d\u00e5psdagen v\u00e5r har vi forsaket Djevelen og alle hans gjerninger og all hans prakt. Vi har lovet \u00e5 tjene Gud trofast i Den katolske kirke. La oss fornye d\u00e5psl\u00f8ftene: S\u00e5 sp\u00f8r jeg dere:<\/p>\n<p>Forsaker dere Djevelen? \u2014 Ja. vi forsaker.<\/p>\n<p>Og alle hans gjerninger? \u2014 Ja. vi forsaker.<\/p>\n<p>Og all hans prakt? \u2014 Ja. vi forsaker.<\/p>\n<p>Tror dere p\u00e5 Gud Fader, den allmektige, himmelens og jorden skaper? \u2014 Ja, vi tror.<\/p>\n<p>Tror dere p\u00e5 Jesus Kristus, Guds enb\u00e5rne S\u00f8nn, v\u00e5r Herre, som ble f\u00f8dt av Jomfru Maria, led og ble gravlagt, oppstod fra de d\u00f8de og sitter ved Faderens h\u00f8yre h\u00e5nd? \u2014 Ja, vi tror.<\/p>\n<p>Tror dere p\u00e5 Den Hellige \u00c5nd, Herren og livgiveren, den hellige katolske Kirke, de helliges samfunn, syndenes forlatelse, kj\u00f8dets oppstandelse og det evige liv? \u2014 Ja, vi tror.<\/p>\n<p>S\u00e5 la oss be til Gud, den allmektige Fader slik som Jesus Kristus har l\u00e6rt oss: Fader v\u00e5r &#8230;<\/p>\n<ol start=\"5\">\n<li><strong>Velsignelse og overrekkelse av den undergj\u00f8rende medaljen (i henhold til Rituale Romanum):<\/strong><\/li>\n<\/ol>\n<ul>\n<li>Adjutorium nostrum in nomine Domini.<\/li>\n<li>Qui fecit coelum et terram.<\/li>\n<li>Dominus vobiscum.<\/li>\n<li>Et cum spiritu tuo.<\/li>\n<li>Omnipotens et misericors Deus, qui per multiplices immaculatae Mariae Virginis apparitiones in terris mirabilia jugiter pro animarum salute operati dignatus es: super hoc numismatis signum, tuam benedictionem benignus infunde; ut pie hoc recolentes ac devote gestantes et illius patrocinium sentiant et tuam misericordiam consequantur Per Christum Dominum nostrum.<\/li>\n<li><\/li>\n<\/ul>\n<p>Presten stenker medaljene med vievann og overrekker dem til hver enkelt av dem som ber om \u00e5 bli opptatt i Militia Immaculatae, mens han ber:<\/p>\n<ul>\n<li>Accipe sanctum Numisma, gesta fideliter, et digna veneratione prosequere: ut piissima et immaculata caelorum Domina te protegat atque defendat: et pietatis suae prodigia renovans, quae a Deo suppliciter postulaveris, tibi misericorditer impetret, ut vivens et moriens in materno ejus amplexu feliciter requiescas. R. Amen.<\/li>\n<\/ul>\n<p>Etter overrekkelsen ber presten:<\/p>\n<ul>\n<li>V Kyrie, eleison. R. Christe, eleison Kyrie, eleison. V Pater noster.. (stille videre til \u2026) Et ne nos inducas in tentationem.<\/li>\n<li>Sed libera nos a malo.<\/li>\n<li>Regina sine labe originale concepta.<\/li>\n<li>Ora pro nobis.<\/li>\n<li>Domine, exaudi orationem meam.<\/li>\n<li>Et clamor meus ad te veniat.<\/li>\n<li>Dominus vobiscum.<\/li>\n<li>Et cum spiritu tuo.<\/li>\n<li>Domine Jesu Christe, qui beatissimam Virginem Mariam matrem tuam ab origine immaculatam innumeris miraculis clarescere voluisti: concede: ut ejusdem patrocinium semper implorantes, gaudia consequamur aeterna. Qui vivis et regnas cum Deo Patre in unitate Spiritus Sancti, Deus, per omnia saecula saeculorum.<\/li>\n<li><\/li>\n<\/ul>\n<ol start=\"6\">\n<li><strong>MIs vigsel til Immaculata: <\/strong><\/li>\n<\/ol>\n<p>O Immaculata, himmelens og jordens dronning, syndernes tilflukt og v\u00e5r mor, som elsker oss s\u00e5 inderlig, Gud har betrodd deg hele barmhjertighetens ordning. Jeg, N.N., en uverdig synder, kneler ned for dine f\u00f8tter og ber deg av hele mitt hjerte: ta imot meg fullt og helt som din eiendom. Gj\u00f8r med meg hva du \u00f8nsker, med min sjels og mitt legemes evner, med hele mitt liv, med min d\u00f8d og min evighet. Bestem fullstendig over meg, slik at det som er sagt om deg g\u00e5r i oppfyllelse: \u00abden (kvinnen, o.a.) skal knuse ditt hode&#8221; (1 Mos\u00a0 3,15) \u2014 og ogs\u00e5: &#8220;Du alene har seiret over alle verdens vrangl\u00e6rer&#8221;. Gj\u00f8r at jeg i dine uplettede og barmhjertige hender blir et redskap som tjener deg, slik at s\u00e5 mange frafalne og lunkne sjeler som mulig m\u00e5tte begynne \u00e5 hedre deg. Slik kommer det milde konged\u00f8mmet til Jesu helligste hjerte til \u00e5 utbre seg mer og mer.\u00a0 For der hvor du trer inn, ber du om omvendelsens og helliggj\u00f8relsens n\u00e5degave. For fra Jesu helligste hjerte kommer alle n\u00e5degaver til oss kun gjennom dine hender. La meg prise deg, \u00e5 helligste Jomfru, gi meg makt mot dine fiender.<\/p>\n<ol start=\"7\">\n<li><strong>MIs b\u00f8nn:<\/strong><br \/>\n\u00c5 Maria, unnfanget uten synd, be for oss som tar v\u00e5r tilflukt til deg, og for alle som ikke tar sin tilflukt til deg, spesielt for frimurerne og alle som er blitt anbefalt deg.<\/li>\n<li><strong>Velsignelse<\/strong><\/li>\n<li><strong>En Maria-salme<\/strong><\/li>\n<li><strong>Sertifikatet p\u00e5 opptagelsen blir underskrevet<\/strong><\/li>\n<\/ol>\n<p>Den hellige Maximilian Kolbes lovsang til Maria<\/p>\n<p>La meg prise deg, hellige Jomfru. La meg prise deg av all min kraft. La meg leve, arbeide og lide for deg og kun for deg. La meg ofre meg og d\u00f8 for deg. La meg bidra til at du lovprises mer. La meg \u00e6re deg slik som ingen enn\u00e5 har gjort. Tillat at andre overg\u00e5r meg i iveren for din lovprisning og at jeg da &#8211; som i en edel kamp &#8211; f\u00e5r utbre din \u00e6re stadig dypere og raskere, stadig prektigere, slik som Han \u00f8nsker det, Han som har hevet deg s\u00e5 usigelig over alle andre vesener. Amen.<\/p>\n","protected":false},"excerpt":{"rendered":"<p>Seremoni for opptagelsen i Militia Immaculatae Veni Creator eller \u201eKom Skaper\u00e5nd\u201d Ave Maris Stella (eller en annen b\u00f8nn til Maria) Presten sier noen ord. Fornyelse av d\u00e5psl\u00f8ftene (fakultativt): Presten: P\u00e5 d\u00e5psdagen v\u00e5r har vi forsaket Djevelen og alle hans gjerninger og all hans prakt. Vi har lovet \u00e5 tjene Gud<a class=\"more-link\" href=\"https:\/\/test4.mi-backup.ch\/no\/opptagelsesseremoni\/\">Read More &rarr;<\/a><\/p>\n","protected":false},"author":217,"featured_media":0,"parent":0,"menu_order":0,"comment_status":"closed","ping_status":"closed","template":"","meta":[],"_links":{"self":[{"href":"https:\/\/test4.mi-backup.ch\/no\/wp-json\/wp\/v2\/pages\/37580"}],"collection":[{"href":"https:\/\/test4.mi-backup.ch\/no\/wp-json\/wp\/v2\/pages"}],"about":[{"href":"https:\/\/test4.mi-backup.ch\/no\/wp-json\/wp\/v2\/types\/page"}],"author":[{"embeddable":true,"href":"https:\/\/test4.mi-backup.ch\/no\/wp-json\/wp\/v2\/users\/217"}],"replies":[{"embeddable":true,"href":"https:\/\/test4.mi-backup.ch\/no\/wp-json\/wp\/v2\/comments?post=37580"}],"version-history":[{"count":1,"href":"https:\/\/test4.mi-backup.ch\/no\/wp-json\/wp\/v2\/pages\/37580\/revisions"}],"predecessor-version":[{"id":37582,"href":"https:\/\/test4.mi-backup.ch\/no\/wp-json\/wp\/v2\/pages\/37580\/revisions\/37582"}],"wp:attachment":[{"href":"https:\/\/test4.mi-backup.ch\/no\/wp-json\/wp\/v2\/media?parent=37580"}],"curies":[{"name":"wp","href":"https:\/\/api.w.org\/{rel}","templated":true}]}}