{"id":10153,"date":"2018-04-06T23:22:54","date_gmt":"2018-04-06T21:22:54","guid":{"rendered":"https:\/\/test4.mi-backup.ch\/?page_id=10153"},"modified":"2019-01-02T21:48:25","modified_gmt":"2019-01-02T20:48:25","slug":"rocznik-2018","status":"publish","type":"page","link":"https:\/\/test4.mi-backup.ch\/pl\/czasopisma-mi\/triumf-niepokalanej\/rocznik-2018\/","title":{"rendered":"Rocznik 2018"},"content":{"rendered":"<figure id=\"attachment_8900\" aria-describedby=\"caption-attachment-8900\" style=\"width: 260px\" class=\"wp-caption alignright\"><a href=\"https:\/\/test4.mi-backup.ch\/wp-content\/uploads\/2019\/01\/TN-2018-03.pdf\" class=\"broken_link\"><img loading=\"lazy\" class=\"wp-image-8900 size-medium\" src=\"https:\/\/test4.mi-backup.ch\/wp-content\/uploads\/2019\/01\/TN-2018-03-okladka-260x200.jpg\" alt=\"\" width=\"260\" height=\"200\" \/><\/a><figcaption id=\"caption-attachment-8900\" class=\"wp-caption-text\"><a href=\"https:\/\/test4.mi-backup.ch\/wp-content\/uploads\/2019\/01\/TN-2018-03.pdf\" class=\"broken_link\">Pobierz numer 2018\/3 (58) (PDF; 1,8 MB)<\/a><\/figcaption><\/figure>\n<h4>Rok 2018, numer 3 (58)<\/h4>\n<p>Zawarto\u015b\u0107:<\/p>\n<p><strong>List do Rycerzy Niepokalanej<\/strong><\/p>\n<p><strong>Dogmat Wiary<\/strong><\/p>\n<ul>\n<li>Niepokalane Pocz\u0119cie<\/li>\n<\/ul>\n<p><strong>Apologetyka \u015bw. Maksymiliana<\/strong><\/p>\n<ul>\n<li>Kim jeste\u015b o Niepokalana?<\/li>\n<li>\u015awi\u0119ty Maksymilian na dzie\u0144 \u00f3smy grudnia<\/li>\n<\/ul>\n<p><strong>Czytaj\u0105c \u015bw. Maksymiliana<\/strong><\/p>\n<ul>\n<li>Zdoby\u0107 serca Polak\u00f3w i wszystkich<\/li>\n<\/ul>\n<p><strong>Modlitwa apostolska<\/strong><\/p>\n<ul>\n<li>M\u00f3j idea\u0142 Jezus, Syn Maryi<\/li>\n<\/ul>\n<p><strong>Od Mi\u0119dzynarodowego Moderatora MI<\/strong><\/p>\n<ul>\n<li>List duszpasterski do wiernych w Polsce nr 1<\/li>\n<\/ul>\n<p><strong>Ko\u015bci\u00f3\u0142 w \u015bwiecie<\/strong><\/p>\n<ul>\n<li>Matka Bo\u017ca Fatimska a Ko\u015bci\u00f3\u0142 w Rosji<\/li>\n<\/ul>\n<p><strong>Historia Cudownego Medalika<\/strong><\/p>\n<ul>\n<li>Maryja \u2013 Po\u015bredniczka Wszystkich \u0141ask<\/li>\n<\/ul>\n<p><strong>Kalendarium<\/strong><\/p>\n<ul>\n<li>Rycerstwo Niepokalanej Tradycyjnej Obserwancji w Polsce \u2013 rok 2018<\/li>\n<\/ul>\n<p><strong>Tradycja<\/strong><\/p>\n<ul>\n<li>Nabo\u017ce\u0144stwo Pierwszych Sob\u00f3t Miesi\u0105ca<\/li>\n<li>Cudowny Medalik<\/li>\n<li>Rycerstwo Niepokalanej Tradycyjnej Obserwancji<\/li>\n<\/ul>\n<p><strong>Postanowienie na rok 2019<\/strong><\/p>\n<hr \/>\n<figure id=\"attachment_8900\" aria-describedby=\"caption-attachment-8900\" style=\"width: 260px\" class=\"wp-caption alignright\"><a href=\"https:\/\/test4.mi-backup.ch\/wp-content\/uploads\/2018\/07\/TN-2018-02.pdf\" class=\"broken_link\"><img loading=\"lazy\" class=\"wp-image-8900 size-medium\" src=\"https:\/\/test4.mi-backup.ch\/wp-content\/uploads\/2018\/07\/TN-2018-02-okladka-260x200.jpg\" alt=\"\" width=\"260\" height=\"200\" \/><\/a><figcaption id=\"caption-attachment-8900\" class=\"wp-caption-text\"><a href=\"https:\/\/test4.mi-backup.ch\/wp-content\/uploads\/2018\/07\/TN-2018-02.pdf\" class=\"broken_link\">Pobierz numer 2018\/2 (57) (PDF; 2,5 MB)<\/a><\/figcaption><\/figure>\n<h4>Rok 2018, numer 2 (57)<\/h4>\n<p>Zawarto\u015b\u0107:<\/p>\n<p><strong>List do Rycerzy Niepokalanej<\/strong><\/p>\n<p><strong>Matka Bo\u017ca Szkaplerzna<\/strong><\/p>\n<ul>\n<li>16 lipca \u2013 Naj\u015bwi\u0119tszej Maryi Panny z G\u00f3ry Karmel<\/li>\n<\/ul>\n<p><strong>Z nauki Ojc\u00f3w Ko\u015bcio\u0142a<\/strong><\/p>\n<ul>\n<li>Piewcy Wniebowzi\u0119cia Maryi<\/li>\n<\/ul>\n<p><strong>Pielgrzymka Tradycji Katolickiej<\/strong><\/p>\n<ul>\n<li>do MB Brzemiennej w Matemblewie<\/li>\n<li>do Sanktuarium Maryjnego w Gietrzwa\u0142dzie<\/li>\n<\/ul>\n<p><strong>Matka Bolesna, wz\u00f3r dla cierpi\u0105cych<\/strong><\/p>\n<ul>\n<li>M\u0119cze\u0144stwo Maryi \u2014 pierwsza Bole\u015b\u0107<\/li>\n<\/ul>\n<p><strong>Od Mi\u0119dzynarodowego Moderatora MI<\/strong><\/p>\n<ul>\n<li>Wojownicy Maryi <em>(doko\u0144czenie)<\/em><\/li>\n<li>Serca zjednoczone<\/li>\n<li>Wracaj\u0105c do Tradycji<\/li>\n<\/ul>\n<p><strong>Tradycja<\/strong><\/p>\n<ul>\n<li>Nabo\u017ce\u0144stwo Pierwszych Sob\u00f3t Miesi\u0105ca<\/li>\n<li>Cudowny Medalik<\/li>\n<li>Rycerstwo Niepokalanej Tradycyjnej Obserwancji<\/li>\n<li>Rycerz Niepokalanej kap\u0142anem Chrystusowym<\/li>\n<\/ul>\n<hr \/>\n<figure id=\"attachment_8900\" aria-describedby=\"caption-attachment-8900\" style=\"width: 260px\" class=\"wp-caption alignright\"><a href=\"https:\/\/test4.mi-backup.ch\/wp-content\/uploads\/2018\/04\/TN-2018-01.pdf\" class=\"broken_link\"><img loading=\"lazy\" class=\"wp-image-8900 size-medium\" src=\"https:\/\/test4.mi-backup.ch\/wp-content\/uploads\/2018\/04\/TN-01-2018-okladka-I-pdf-260x200.jpg\" alt=\"\" width=\"260\" height=\"200\" \/><\/a><figcaption id=\"caption-attachment-8900\" class=\"wp-caption-text\"><a href=\"https:\/\/test4.mi-backup.ch\/wp-content\/uploads\/2018\/04\/TN-2018-01.pdf\" class=\"broken_link\">Pobierz numer 2018\/1 (56) (PDF; 2,2 MB)<\/a><\/figcaption><\/figure>\n<h4>Rok 2018, numer 1 (56)<\/h4>\n<p>Zawarto\u015b\u0107:<\/p>\n<p><strong>List do Rycerzy Niepokalanej<\/strong><\/p>\n<p><strong>Lourdes 1858-2018<\/strong><\/p>\n<ul>\n<li>Objawienia Niepokalanej Dziewicy w Lourdes 1858 roku<\/li>\n<li>Archanio\u0142 Gabriel<\/li>\n<li>B\u0142ogos\u0142awiona jeste\u015b&#8230;<\/li>\n<\/ul>\n<p><strong>Opiekun doskona\u0142y<\/strong><\/p>\n<ul>\n<li>Oblubieniec NMP wzorem do na\u015bladowania dla \u015bwi\u0119tych<\/li>\n<li>M\u0119cze\u0144stwo Maryi<\/li>\n<li>Matki Bo\u017cej Bolesnej \u2014 Siedmiu Bole\u015bci NMP<\/li>\n<\/ul>\n<p><strong>Sanktuaria Maryjne<\/strong><\/p>\n<ul>\n<li>Kult Matki Bolesnej Che\u0142mi\u0144skiej<\/li>\n<\/ul>\n<p><strong>Od Mi\u0119dzynarodowego Moderatora MI<\/strong><\/p>\n<ul>\n<li>Wojownicy Maryi<\/li>\n<li>Kapitu\u0142a generalna Bractwa<\/li>\n<\/ul>\n<p><strong>Tradycja<\/strong><\/p>\n<ul>\n<li>Nabo\u017ce\u0144stwo Pierwszych Sob\u00f3t Miesi\u0105ca<\/li>\n<li>Cudowny Medalik<\/li>\n<li>Rycerstwo Niepokalanej Tradycyjnej Obserwancji<\/li>\n<li>Program pobytu ks. Karola Stehlina FSSPX w Polsce w dniach od 24 do 27 maja 2018 roku<br \/>\n<strong>(III Zlot Rycerstwa Niepokalanej Tradycyjnej Obserwancji \u2013 <a href=\"https:\/\/test4.mi-backup.ch\/wp-content\/uploads\/2018\/04\/TN-2018-01-s36.pdf\">og\u0142oszenie do wydruku w formacie PDF (s. 36)<\/a>)<\/strong><\/li>\n<\/ul>\n","protected":false},"excerpt":{"rendered":"<p>Rok 2018, numer 3 (58) Zawarto\u015b\u0107: List do Rycerzy Niepokalanej Dogmat Wiary Niepokalane Pocz\u0119cie Apologetyka \u015bw. Maksymiliana Kim jeste\u015b o Niepokalana? \u015awi\u0119ty Maksymilian na dzie\u0144 \u00f3smy grudnia Czytaj\u0105c \u015bw. Maksymiliana Zdoby\u0107 serca Polak\u00f3w i wszystkich Modlitwa apostolska M\u00f3j idea\u0142 Jezus, Syn Maryi Od Mi\u0119dzynarodowego Moderatora MI List duszpasterski do wiernych<a class=\"more-link\" href=\"https:\/\/test4.mi-backup.ch\/pl\/czasopisma-mi\/triumf-niepokalanej\/rocznik-2018\/\">Czytaj dalej &rarr;<\/a><\/p>\n","protected":false},"author":9,"featured_media":0,"parent":7579,"menu_order":0,"comment_status":"closed","ping_status":"closed","template":"","meta":[],"_links":{"self":[{"href":"https:\/\/test4.mi-backup.ch\/pl\/wp-json\/wp\/v2\/pages\/10153"}],"collection":[{"href":"https:\/\/test4.mi-backup.ch\/pl\/wp-json\/wp\/v2\/pages"}],"about":[{"href":"https:\/\/test4.mi-backup.ch\/pl\/wp-json\/wp\/v2\/types\/page"}],"author":[{"embeddable":true,"href":"https:\/\/test4.mi-backup.ch\/pl\/wp-json\/wp\/v2\/users\/9"}],"replies":[{"embeddable":true,"href":"https:\/\/test4.mi-backup.ch\/pl\/wp-json\/wp\/v2\/comments?post=10153"}],"version-history":[{"count":8,"href":"https:\/\/test4.mi-backup.ch\/pl\/wp-json\/wp\/v2\/pages\/10153\/revisions"}],"predecessor-version":[{"id":14818,"href":"https:\/\/test4.mi-backup.ch\/pl\/wp-json\/wp\/v2\/pages\/10153\/revisions\/14818"}],"up":[{"embeddable":true,"href":"https:\/\/test4.mi-backup.ch\/pl\/wp-json\/wp\/v2\/pages\/7579"}],"wp:attachment":[{"href":"https:\/\/test4.mi-backup.ch\/pl\/wp-json\/wp\/v2\/media?parent=10153"}],"curies":[{"name":"wp","href":"https:\/\/api.w.org\/{rel}","templated":true}]}}