{"id":14164,"date":"2018-11-22T17:58:26","date_gmt":"2018-11-22T16:58:26","guid":{"rendered":"https:\/\/test4.mi-backup.ch\/?page_id=14164"},"modified":"2018-11-25T13:18:49","modified_gmt":"2018-11-25T12:18:49","slug":"pierwsze-soboty","status":"publish","type":"page","link":"https:\/\/test4.mi-backup.ch\/pl\/pierwsze-soboty\/","title":{"rendered":"Nabo\u017ce\u0144stwo Pierwszych Sob\u00f3t Miesi\u0105ca"},"content":{"rendered":"<div  class=\"shortcode-box border-box style-bluelight table\" ><div class='shortcode-box-icon table-cell-mid'><i class='fa fa-info-circle'><\/i><\/div><div class=\"shortcode-box-content table-cell-mid\"><\/p>\n<p>Nabo\u017ce\u0144stwo Pierwszych Sob\u00f3t Miesi\u0105ca jest odprawiane w nast\u0119puj\u0105cych kaplicach Bractwa Kap\u0142a\u0144skiego \u015bw. Piusa X:<\/p>\n<ul>\n<li><a href=\"http:\/\/www.piusx.org.pl\/kaplice\/Warszawa\" target=\"_blank\" rel=\"noopener\"><strong>Warszawa<\/strong><\/a> \u2013 pierwsze soboty miesi\u0105ca o godz. 7:15 i 19:00<\/li>\n<li><a href=\"http:\/\/www.piusx.org.pl\/kaplice\/Krakow\" target=\"_blank\" rel=\"noopener\"><strong>Krak\u00f3w<\/strong><\/a> \u2013 pierwsze soboty miesi\u0105ca o godz. 18:00<\/li>\n<li><a href=\"http:\/\/www.piusx.org.pl\/kaplice\/Gdynia\" target=\"_blank\" rel=\"noopener\"><strong>Gdynia<\/strong><\/a> \u2013 pierwsze soboty miesi\u0105ca o godz. 18:00<\/li>\n<li><a href=\"http:\/\/www.piusx.org.pl\/kaplice\/Bajerze\" target=\"_blank\" rel=\"noopener\"><strong>Bajerze<\/strong><\/a> \u2013 pierwsze soboty miesi\u0105ca o godz. 7:15<\/li>\n<li><a href=\"http:\/\/www.piusx.org.pl\/kaplice\/Szczecin\" target=\"_blank\" rel=\"noopener\"><strong>Szczecin<\/strong><\/a> \u2013 pierwsze soboty miesi\u0105ca o godz. 19:00<\/li>\n<li><a href=\"http:\/\/www.piusx.org.pl\/kaplice\/Olsztyn\" target=\"_blank\" rel=\"noopener\"><strong>Olsztyn<\/strong><\/a> \u2013 pierwsze soboty miesi\u0105ca o godz. 18:00<\/li>\n<li><a href=\"http:\/\/www.piusx.org.pl\/kaplice\/Poznan\" target=\"_blank\" rel=\"noopener\"><strong>Pozna\u0144<\/strong><\/a> \u2013 pierwsze soboty miesi\u0105ca o godz. 18:00<\/li>\n<li><a href=\"http:\/\/www.piusx.org.pl\/kaplice\/Lublin\" target=\"_blank\" rel=\"noopener\"><strong>Lublin<\/strong><\/a> \u2013 pierwsze soboty miesi\u0105ca o godz. 18:00<\/li>\n<li><a href=\"http:\/\/www.piusx.org.pl\/kaplice\/Chorzow\" target=\"_blank\" rel=\"noopener\"><strong>Chorz\u00f3w<\/strong><\/a> \u2013 pierwsze soboty miesi\u0105ca o godz. 8:30<\/li>\n<li><a href=\"http:\/\/www.piusx.org.pl\/kaplice\/Rzeszow\" target=\"_blank\" rel=\"noopener\"><strong>Rzesz\u00f3w<\/strong><\/a> \u2013 pierwsze soboty miesi\u0105ca o godz. 18:00<\/li>\n<li><a href=\"http:\/\/www.piusx.org.pl\/kaplice\/Lubatowa\" target=\"_blank\" rel=\"noopener\"><strong>Lubatowa<\/strong><\/a> \u2013 pierwsze soboty miesi\u0105ca o godz. 8:00<\/li>\n<\/ul>\n<p><\/div><\/div>\n<p>W 1917 r. w Fatimie Matka Bo\u017ca objawi\u0142a si\u0119 trojgu dzieciom: \u0141ucji, Franciszkowi i Hiacyncie; pokaza\u0142a im swoje Niepokalane Serce otoczone cierniami, przebite i krwawi\u0105ce z powodu ludzkich grzech\u00f3w. Pokaza\u0142a te\u017c dzieciom wizj\u0119 piek\u0142a, do kt\u00f3rego id\u0105 dusze grzesznik\u00f3w i powiedzia\u0142a:<\/p>\n<blockquote><p>Aby je ratowa\u0107, B\u00f3g chce ustanowi\u0107 na \u015bwiecie nabo\u017ce\u0144stwo do mego Niepokalanego Serca. [\u2026 ] Tym, kt\u00f3rzy je przyjm\u0105, obiecuj\u0119 zbawienie.<\/p><\/blockquote>\n<h1>Obietnica<\/h1>\n<p>Matka Bo\u017ca objawi\u0142a si\u0119 \u0141ucji ponownie 10 grudnia 1925 r. w Pontevedra i z\u0142o\u017cy\u0142a nast\u0119puj\u0105c\u0105 obietnic\u0119:<\/p>\n<blockquote><p>Og\u0142o\u015b w moim imieniu, \u017ce obiecuj\u0119 przyby\u0107 w chwili \u015bmierci ze wszystkimi \u0142askami koniecznymi do zbawienia tym osobom, kt\u00f3re w pierwsze soboty pi\u0119ciu kolejnych miesi\u0119cy przyst\u0105pi\u0105 do sakramentu spowiedzi, Komunii \u015bw., odm\u00f3wi\u0105 pi\u0119\u0107 dziesi\u0105tek r\u00f3\u017ca\u0144ca i dotrzymaj\u0105 mi towarzystwa przez 15 minut, rozwa\u017caj\u0105c 15 tajemnic r\u00f3\u017ca\u0144cowych z intencj\u0105 zado\u015b\u0107uczynienia mojemu Niepokalanemu Sercu.<\/p><\/blockquote>\n<h1>Warunki nabo\u017ce\u0144stwa Pierwszych Sob\u00f3t Miesi\u0105ca<\/h1>\n<ol>\n<li><strong>Spowied\u017a \u015bw.<\/strong>\u00a0\u2013\u00a0 w pierwsz\u0105 sobot\u0119 miesi\u0105ca albo do 8 dni przed lub po pierwszej sobocie, pod warunkiem zachowania stanu \u0142aski u\u015bwi\u0119caj\u0105cej (bez grzechu ci\u0119\u017ckiego);<\/li>\n<li><strong>Komunia \u015bw.<\/strong>\u00a0\u2013 w pierwsz\u0105 sobot\u0119 miesi\u0105ca albo, z uzasadnionego powodu i za zgod\u0105 kap\u0142ana, nast\u0119pnego dnia, w niedziel\u0119;<\/li>\n<li><strong>R\u00f3\u017caniec<\/strong>\u00a0\u2013 pi\u0119\u0107 tajemnic r\u00f3\u017ca\u0144ca nale\u017cy odm\u00f3wi\u0107 w spos\u00f3b poprawny, rozwa\u017caj\u0105c ka\u017cd\u0105 z nich;<\/li>\n<li><strong>Rozwa\u017canie<\/strong>\u00a0\u2013 w ci\u0105gu 15. minut mo\u017cna rozwa\u017ca\u0107 wszystkie tajemnice lub dowolnie wybrane, jednak Matka Bo\u017ca prosi\u0142a, by\u015bmy w ci\u0105gu pi\u0119ciu pierwszych sob\u00f3t przynajmniej raz rozwa\u017cyli ka\u017cd\u0105 z nich. Poniewa\u017c Matka Bo\u017ca m\u00f3wi\u0142a o tych, kt\u00f3rzy \u201edotrzymuj\u0105 jej towarzystwa\u201d, powinni\u015bmy pami\u0119ta\u0107 o Jej uczestnictwie w ka\u017cdej z tajemnic, kt\u00f3re wybieramy do rozwa\u017cania.<\/li>\n<\/ol>\n<p>Warunki nabo\u017ce\u0144stwa nale\u017cy wype\u0142nia\u0107 z intencj\u0105 wynagrodzenia za blu\u017anierstwa i zniewagi pope\u0142niane przez ludzi przeciw Niepokalanemu Sercu Maryi.<\/p>\n<p>Niepokalana do \u0141ucji w Fatimie 13.06.1917:\u201eNigdy ci\u0119 nie opuszcz\u0119. Moje Niepokalane Serce b\u0119dzie twoj\u0105 ucieczk\u0105 i drog\u0105, kt\u00f3ra ci\u0119 zaprowadzi do Boga.\u201d<\/p>\n<p>Dalej \u0141ucja wspomina: \u201eW chwili, gdy wypowiada\u0142a te ostatnie s\u0142owa, otworzy\u0142a swoje d\u0142onie i przekaza\u0142a nam powt\u00f3rnie odblask tego niezmiernego \u015bwiat\u0142a. W nim widzieli\u015bmy si\u0119 jak gdyby pogr\u0105\u017ceni w Bogu. Hiacynta i Franciszek wydawali si\u0119 sta\u0107 w tej cz\u0119\u015bci \u015bwiat\u0142a, kt\u00f3re wznosi\u0142o si\u0119 do nieba, a ja w tej, kt\u00f3re si\u0119 rozprzestrzenia\u0142o na ziemi\u0119. Przed praw\u0105 d\u0142oni\u0105 Matki Bo\u017cej znajdowa\u0142o si\u0119 Serce otoczone cierniami, kt\u00f3re wydawa\u0142y si\u0119 je przebija\u0107. Zrozumieli\u015bmy, \u017ce by\u0142o to Niepokalane Serce Maryi, zniewa\u017cane przez grzechy ludzko\u015bci, kt\u00f3re pragn\u0119\u0142o zado\u015b\u0107uczynienia.\u201d<\/p>\n<p>13.09.1939 Nabo\u017ce\u0144stwo Pierwszych Sob\u00f3t Miesi\u0105ca uzyska\u0142o aprobat\u0119 ko\u015bcieln\u0105.<\/p>\n<h1>Istota nabo\u017ce\u0144stwa<\/h1>\n<p>W praktyce nabo\u017ce\u0144stwa pi\u0119ciu sob\u00f3t nale\u017cy przede wszystkim po\u0142o\u017cy\u0107 nacisk na intencj\u0119 wynagrodzenia za grzechy pope\u0142nione przeciwko Niepokalanemu Sercu Maryi, a nie na osobiste zabezpieczenie na godzin\u0119 \u015bmierci. Jak w\u00a0praktyce pierwszych pi\u0105tk\u00f3w, tak i\u00a0pierwszych sob\u00f3t nie mo\u017cna poprzesta\u0107 tylko na dos\u0142ownym potraktowaniu obietnicy, na zasadzie \u201eodprawi\u0119 pi\u0119\u0107 sob\u00f3t i\u00a0mam zapewnione zbawienie wieczne\u201d. Do ko\u0144ca \u017cycia b\u0119dziemy musieli stawia\u0107 czo\u0142a pokusom i\u00a0s\u0142abo\u015bciom, kt\u00f3re spychaj\u0105 nas z\u00a0w\u0142a\u015bciwej drogi, ale nabo\u017ce\u0144stwo to stanowi wielk\u0105 pomoc w\u00a0osi\u0105gni\u0119ciu wiecznej szcz\u0119\u015bliwo\u015bci. Aby je dobrze wype\u0142ni\u0107 i\u00a0odnie\u015b\u0107 sta\u0142\u0105 korzy\u015b\u0107 duchow\u0105, trzeba, aby tym praktykom towarzyszy\u0142o szczere pragnienie codziennego \u017cycia w\u00a0\u0142asce u\u015bwi\u0119caj\u0105cej pod opiek\u0105 Matki Naj\u015bwi\u0119tszej. Je\u015bli na pierwszym miejscu postawimy delikatn\u0105 mi\u0142o\u015b\u0107 dziecka, kt\u00f3re pragnie ukoi\u0107 b\u00f3l w\u00a0sercu ukochanego Ojca i\u00a0Matki, b\u00f3l zadany oboj\u0119tno\u015bci\u0105 i\u00a0wzgard\u0105 tych, kt\u00f3rzy nie kochaj\u0105 \u2014 b\u0105d\u017amy pewni, \u017ce nie zabraknie nam pomocy, \u0142aski i\u00a0obecno\u015bci Matki Naj\u015bwi\u0119tszej w\u00a0godzinie naszej \u015bmierci.<\/p>\n<h3>Dlaczego pi\u0119\u0107 sob\u00f3t?<\/h3>\n<p>Pan Jezus wyja\u015bni\u0142 \u0141ucji podczas czuwania w\u00a0nocy z\u00a029 na 30\u00a0maja\u00a01930\u00a0roku:<\/p>\n<blockquote><p>\u201eMoja c\u00f3rko, pow\u00f3d jest bardzo prosty: jest pi\u0119\u0107 rodzaj\u00f3w zniewag i\u00a0blu\u017anierstw przeciwko Niepokalanemu Sercu Maryi:<\/p>\n<ol>\n<li>Blu\u017anierstwa przeciwko Niepokalanemu Pocz\u0119ciu.<\/li>\n<li>Blu\u017anierstwa przeciw Dziewictwu Matki Bo\u017cej.<\/li>\n<li>Blu\u017anierstwa przeciw Jej Boskiemu Macierzy\u0144stwu, przy r\u00f3wnoczesnym sprzeciwie uznania Jej za Matk\u0119 rodzaju ludzkiego.<\/li>\n<li>Czyny tych, kt\u00f3rzy usi\u0142uj\u0105 publicznie wpoi\u0107 w\u00a0serca dzieci oboj\u0119tno\u015b\u0107, pogard\u0119, a\u00a0nawet nienawi\u015b\u0107 do tej Matki Niepokalanej.<\/li>\n<li>Czyny tych, kt\u00f3rzy profanuj\u0105 wizerunki Naj\u015bwi\u0119tszej Panny.\u201d<\/li>\n<\/ol>\n<\/blockquote>\n","protected":false},"excerpt":{"rendered":"<p>W 1917 r. w Fatimie Matka Bo\u017ca objawi\u0142a si\u0119 trojgu dzieciom: \u0141ucji, Franciszkowi i Hiacyncie; pokaza\u0142a im swoje Niepokalane Serce otoczone cierniami, przebite i krwawi\u0105ce z powodu ludzkich grzech\u00f3w. Pokaza\u0142a te\u017c dzieciom wizj\u0119 piek\u0142a, do kt\u00f3rego id\u0105 dusze grzesznik\u00f3w i powiedzia\u0142a: Aby je ratowa\u0107, B\u00f3g chce ustanowi\u0107 na \u015bwiecie nabo\u017ce\u0144stwo<a class=\"more-link\" href=\"https:\/\/test4.mi-backup.ch\/pl\/pierwsze-soboty\/\">Czytaj dalej &rarr;<\/a><\/p>\n","protected":false},"author":9,"featured_media":0,"parent":0,"menu_order":0,"comment_status":"closed","ping_status":"closed","template":"","meta":[],"_links":{"self":[{"href":"https:\/\/test4.mi-backup.ch\/pl\/wp-json\/wp\/v2\/pages\/14164"}],"collection":[{"href":"https:\/\/test4.mi-backup.ch\/pl\/wp-json\/wp\/v2\/pages"}],"about":[{"href":"https:\/\/test4.mi-backup.ch\/pl\/wp-json\/wp\/v2\/types\/page"}],"author":[{"embeddable":true,"href":"https:\/\/test4.mi-backup.ch\/pl\/wp-json\/wp\/v2\/users\/9"}],"replies":[{"embeddable":true,"href":"https:\/\/test4.mi-backup.ch\/pl\/wp-json\/wp\/v2\/comments?post=14164"}],"version-history":[{"count":9,"href":"https:\/\/test4.mi-backup.ch\/pl\/wp-json\/wp\/v2\/pages\/14164\/revisions"}],"predecessor-version":[{"id":14255,"href":"https:\/\/test4.mi-backup.ch\/pl\/wp-json\/wp\/v2\/pages\/14164\/revisions\/14255"}],"wp:attachment":[{"href":"https:\/\/test4.mi-backup.ch\/pl\/wp-json\/wp\/v2\/media?parent=14164"}],"curies":[{"name":"wp","href":"https:\/\/api.w.org\/{rel}","templated":true}]}}