{"id":14166,"date":"2018-11-22T17:58:55","date_gmt":"2018-11-22T16:58:55","guid":{"rendered":"https:\/\/test4.mi-backup.ch\/?page_id=14166"},"modified":"2020-02-21T19:12:03","modified_gmt":"2020-02-21T18:12:03","slug":"krucjata-eucharystyczna","status":"publish","type":"page","link":"https:\/\/test4.mi-backup.ch\/pl\/krucjata-eucharystyczna\/","title":{"rendered":"Krucjata Eucharystyczna"},"content":{"rendered":"<div  class=\"shortcode-box border-box style-bluelight table\" ><div class='shortcode-box-icon table-cell-mid'><i class='fa fa-info-circle'><\/i><\/div><div class=\"shortcode-box-content table-cell-mid\">Krucjata Eucharystyczna posiada w\u0142asn\u0105 <a href=\"http:\/\/krucjata.fsspx.pl\/\" target=\"_blank\" rel=\"noopener noreferrer\"><strong>witryn\u0119 internetow\u0105<\/strong><\/a> z aktualnymi wiadomo\u015bciami z dzia\u0142alno\u015bci Krucjaty \u2013 zapraszamy do jej odwiedzenia!<\/div><\/div>\n<h1><a href=\"https:\/\/test4.mi-backup.ch\/wp-content\/uploads\/2018\/11\/logo_krucjaty_eucharystycznej.png\"><img loading=\"lazy\" class=\"aligncenter wp-image-14244 size-full\" src=\"https:\/\/test4.mi-backup.ch\/wp-content\/uploads\/2018\/11\/logo_krucjaty_eucharystycznej.png\" alt=\"\" width=\"700\" height=\"210\" srcset=\"https:\/\/test4.mi-backup.ch\/wp-content\/uploads\/2018\/11\/logo_krucjaty_eucharystycznej.png 700w, https:\/\/test4.mi-backup.ch\/wp-content\/uploads\/2018\/11\/logo_krucjaty_eucharystycznej-300x90.png 300w, https:\/\/test4.mi-backup.ch\/wp-content\/uploads\/2018\/11\/logo_krucjaty_eucharystycznej-425x128.png 425w, https:\/\/test4.mi-backup.ch\/wp-content\/uploads\/2018\/11\/logo_krucjaty_eucharystycznej-600x180.png 600w\" sizes=\"(max-width: 700px) 100vw, 700px\" \/><\/a><\/h1>\n<h1>Czym jest Krucjata Eucharystyczna?<\/h1>\n<h2>Co to w og\u00f3le jest krucjata?<\/h2>\n<p>W roku 1071 muzu\u0142manie zaj\u0119li Jerozolim\u0119, a tym samym r\u00f3wnie\u017c Gr\u00f3b \u015awi\u0119ty Naszego Pana Jezusa Chrystusa. Poni\u017cali oni, prze\u015bladowali, a cz\u0119sto nawet zabijali chrze\u015bcijan, kt\u00f3rzy pielgrzymowali do Grobu \u015awi\u0119tego. \u201eNie mo\u017cna tego d\u0142u\u017cej tak zostawi\u0107!\u201d \u2013 powiedzia\u0142 do chrze\u015bcijan \u00f3wczesny papie\u017c, Urban II. \u201eKto z was jest got\u00f3w pokona\u0107 mahometan i wyzwoli\u0107 z ich r\u0105k Gr\u00f3b \u015awi\u0119ty?\u201d. Z tysi\u0119cy garde\u0142 wyrwa\u0142 si\u0119 gromki okrzyk: \u201eJeste\u015bmy gotowi!\u201d. Aby ci m\u0119\u017cni i gotowi do po\u015bwi\u0119cenia wojownicy mogli si\u0119 \u0142atwiej wzajemnie rozpozna\u0107, nosili na piersiach wielki krzy\u017c z czerwonego p\u0142\u00f3tna, st\u0105d te\u017c nazwano ich \u201eKrzy\u017cowcami\u201d. Wyruszyli pieszo i przebyli bardzo d\u0142ug\u0105 drog\u0119. Wielu z nich zmar\u0142o na skutek trud\u00f3w i niebezpiecze\u0144stw podr\u00f3\u017cy. Mimo wielu ofiar, jakie musieli ponie\u015b\u0107 dla Chrystusa, w ko\u0144cu zdo\u0142ali odbi\u0107 Gr\u00f3b \u015awi\u0119ty w Jerozolimie. Dzi\u0119ki temu chrze\u015bcijanie zn\u00f3w mogli pielgrzymowa\u0107 do Jerozolimy i czci\u0107 tam Gr\u00f3b \u015awi\u0119ty, z kt\u00f3rego Nasz Pan chwalebnie zmartwychwsta\u0142.<\/p>\n<h2>Co muzu\u0142manie maj\u0105 wsp\u00f3lnego z Krucjat\u0105 Eucharystyczn\u0105?<\/h2>\n<p>Bardzo wiele! Od pocz\u0105tku XX wieku wrogowie Naszego Pana Jezusa Chrystusa s\u0105 liczniejsi ni\u017c kiedykolwiek przedtem. Chc\u0105 oni zniszczy\u0107 Ko\u015bci\u00f3\u0142 \u015bwi\u0119ty i w swej z\u0142o\u015bliwo\u015bci sprowadzaj\u0105 tysi\u0105ce dusz na wieczne pot\u0119pienie w piekle. W tej sytuacji \u015bwi\u0119ty papie\u017c Pius X i jego nast\u0119pca, papie\u017c Benedykt XV, powiedzieli: \u201eNie mo\u017cna tego d\u0142u\u017cej tak zostawi\u0107!\u201d. Do kogo si\u0119 zwr\u00f3cili? Mo\u017ce do kap\u0142an\u00f3w albo znakomitych osobisto\u015bci? Nie! Oni wezwali na pomoc dzieci. A dlaczego? Poniewa\u017c Pan Jezus umi\u0142owa\u0142 dzieci szczeg\u00f3lnie. Dzieci s\u0105 czyste i wielkoduszne, \u017cyj\u0105 w stanie \u0142aski u\u015bwi\u0119caj\u0105cej, kt\u00f3r\u0105 otrzyma\u0142y na Chrzcie \u015bwi\u0119tym. Dlatego Ojciec \u015awi\u0119ty zwr\u00f3ci\u0142 si\u0119 do dzieci z pytaniem: \u201eKto z was chce mi pom\u00f3c w walce przeciw Szatanowi, aby wyzwoli\u0107 z jego r\u0105k dusze, kt\u00f3re porwa\u0142 on Zbawicielowi?\u201d. Jak my\u015blicie, ile dzieci pod\u0105\u017cy\u0142o za tym wezwaniem?<\/p>\n<p>Ponad 3 miliony! Aby za\u015b mog\u0142y si\u0119 \u0142atwiej wzajemnie rozpoznawa\u0107, dzieci te nosi\u0142y na piersi odznak\u0119, przedstawiaj\u0105c\u0105 Hosti\u0119 na Krzy\u017cu. Dlatego nazwano je \u201eKrzy\u017cowcami\u201d\u201d, a ich armi\u0119 \u2013 \u201eKrucjat\u0105 Eucharystyczn\u0105\u201d.<\/p>\n<h1>Has\u0142a Krucjaty<\/h1>\n<p>Aby m\u00f3c walczy\u0107, \u017co\u0142nierz potrzebuje oczywi\u015bcie broni. \u017bo\u0142nierz bez broni by\u0142by jak maszyna bez pr\u0105du albo samoch\u00f3d bez benzyny. Krzy\u017cowiec posiada cztery silne bronie, kt\u00f3rymi winien pos\u0142ugiwa\u0107 si\u0119 w walce: modlitw\u0119, Komuni\u0119 \u015bwi\u0119t\u0105, gotowo\u015b\u0107 do po\u015bwi\u0119cenia oraz apostolat.<\/p>\n<p>Z tych czterech broni mo\u017cna wysnu\u0107 wielkie has\u0142o, kt\u00f3re Krzy\u017cowiec zawsze ma przed oczyma i kt\u00f3re nieustannie zagrzewa go do walki:<\/p>\n<h2>M\u00d3DL SI\u0118!<\/h2>\n<p>Modlitwa Ofiarowania Dnia, kt\u00f3r\u0105 Krzy\u017cowiec gorliwie odmawia ka\u017cdego ranka, a nast\u0119pnie wielokrotnie odnawia w ci\u0105gu dnia przez ma\u0142e akty strzeliste (np. \u201eO Jezu, wszystko z mi\u0142o\u015bci do Ciebie!\u201d), sprawia, \u017ce \u017cycie Krzy\u017cowca staje si\u0119 nieustann\u0105 modlitw\u0105. Sp\u00f3jrzcie na Jezusa: ca\u0142e Swoje \u017cycie zbawia\u0142 dusze, czy to modl\u0105c si\u0119, czy to pracuj\u0105c, czy te\u017c bawi\u0105c si\u0119. Dlaczego? Poniewa\u017c od pierwszej chwili, gdy tylko przyszed\u0142 na ten \u015bwiat, m\u00f3wi\u0142 do Ojca: \u201eOjcze M\u00f3j! Tobie si\u0119 ofiaruj\u0119. Nie chc\u0119 niczego, jak tylko spe\u0142nia\u0107 Twoj\u0105 \u015bwi\u0119t\u0105 wol\u0119\u201d. Ta my\u015bl Jezusowa o\u017cywia tak\u017ce Krzy\u017cowca i stanowi jego najpi\u0119kniejsz\u0105 modlitw\u0119.<\/p>\n<h2>PRZYJMUJ KOMUNI\u0118 \u015aWI\u0118T\u0104!<\/h2>\n<p>Komunia \u015bwi\u0119ta jest or\u0119\u017cem Krzy\u017cowca. Chroni go przed atakami wrog\u00f3w, a zw\u0142aszcza jego najzacieklejszego wroga \u2013 diab\u0142a. Krzy\u017cowiec powinien cz\u0119sto przyst\u0119powa\u0107 do Komunii \u015bwi\u0119tej, ale jeszcze wa\u017cniejsze jest to, aby dobrze si\u0119 do tego przygotowywa\u0142. Powinien wzbudzi\u0107 w sobie \u017carliwe pragnienie przyj\u0119cia Pana Jezusa, \u015bcis\u0142ego zjednoczenia si\u0119 z Nim i po\u015bwi\u0119cenia Mu swoich ofiar. Kiedy Krzy\u017cowiec nie mo\u017ce przyst\u0105pi\u0107 do Komunii \u015bwi\u0119tej, w\u00f3wczas po prostu m\u00f3wi Panu Jezusowi, \u017ce bardzo chcia\u0142by przyj\u0105\u0107 Go w Komunii \u015bwi\u0119tej, gdyby to by\u0142o mo\u017cliwe. Taki akt nazywamy Komuni\u0105 duchow\u0105. Akt Komunii duchowej wykonywa\u0107 mo\u017cna zawsze i na ka\u017cdym miejscu, nawet kilka razy w ci\u0105gu dnia. Jest to bardzo po\u017c\u0105dane. Najlepszym miejscem na Komuni\u0119 duchow\u0105 jest, rzecz jasna, ko\u015bci\u00f3\u0142, gdzie Pan Jezus obecny jest w tabernakulum.<\/p>\n<h2>OFIARUJ SI\u0118!<\/h2>\n<p>Ojciec \u015awi\u0119ty Benedykt XV powiedzia\u0142: \u201eModlitwa jest dobra, ale ofiara jeszcze lepsza\u201d. Krzy\u017cowiec mi\u0142uje Pana Jezusa nie tylko w s\u0142owach, ale przede wszystkim w swoich uczynkach. Ta czynna mi\u0142o\u015b\u0107 przejawia si\u0119 w ofierze. W domu Krzy\u017cowiec jest pos\u0142uszny i nie oci\u0105ga si\u0119, aby przez to z\u0142o\u017cy\u0107 Panu Jezusowi ofiar\u0119. W szkole uczy si\u0119 pilnie, aby przez to z\u0142o\u017cy\u0107 Panu Jezusowi ofiar\u0119. W zabawach ust\u0119puje swoim towarzyszom, aby przez to z\u0142o\u017cy\u0107 Panu Jezusowi ofiar\u0119. Ofiara to co\u015b, co wymaga od nas ma\u0142ych wyrzecze\u0144, jednak podejmujemy je ch\u0119tnie dla Tego, kogo kochamy dla Pana Jezusa!<\/p>\n<h2>B\u0104D\u0179 APOSTO\u0141EM!<\/h2>\n<p>Krzy\u017cowiec jest aposto\u0142em. Oznacza to, \u017ce z polecenia Bo\u017cego stara si\u0119 ze wszystkich si\u0142, by wszyscy ludzie poznali i umi\u0142owali jedynego prawdziwego Boga. Krzy\u017cowiec pragnie, aby i inne dzieci zosta\u0142y Krzy\u017cowcami, aby modli\u0142y si\u0119, przyjmowa\u0142y Komuni\u0119 \u015bwi\u0119t\u0105, ofiarowa\u0142y si\u0119 i by\u0142y aposto\u0142ami.<\/p>\n<h1>Obowi\u0105zki Krzy\u017cowca<\/h1>\n<p>Krzy\u017cowiec jest \u017co\u0142nierzem Chrystusa. To rycerz, kt\u00f3ry czyni wszystko, aby zdoby\u0107 dusze dla Pana Jezusa i Jego Kr\u00f3lestwa. Jak Krzy\u017cowiec mo\u017ce spe\u0142nia\u0107 to zadanie na co dzie\u0144?<\/p>\n<p>To ca\u0142kiem proste. Tak jak Pan Jezus umar\u0142 za nas na krzy\u017cu, aby zbawi\u0107 nas od grzechu, podobnie Krzy\u017cowiec ofiaruje Panu Jezusowi ca\u0142e swoje \u017cycie.<br \/>\nJak Krzy\u017cowiec mo\u017ce ofiarowa\u0107 Zbawicielowi ca\u0142e swoje \u017cycie?<\/p>\n<p>Mo\u017ce tego dokona\u0107, darowuj\u0105c i ofiaruj\u0105c Zbawicielowi ka\u017cdego ranka wszystkie uczynki, kt\u00f3re spe\u0142ni tego dnia. Na tym w\u0142a\u015bnie polega wielka tajemnica Krucjaty Eucharystycznej! Skoro tylko Krzy\u017cowiec przebudzi si\u0119 rano, \u017cegna si\u0119 znakiem krzy\u017ca i odmawia nast\u0119puj\u0105c\u0105 modlitw\u0119: \u201eO m\u00f3j Jezu, Tobie po\u015bwi\u0119cam ca\u0142y ten dzie\u0144!\u201d, po czym zaraz wstaje z \u0142\u00f3\u017cka, aby nie obrazi\u0107 Pana Jezusa grzechem lenistwa. Nast\u0119pnie kl\u0119ka przed krzy\u017cem i odmawia wielk\u0105 modlitw\u0119 <strong>Ofiarowania dnia<\/strong>:<\/p>\n<blockquote><p>O Boskie Serce Pana Jezusa, ofiaruj\u0119 Ci przez Serce Niepokalane Naj\u015bwi\u0119tszej Maryi Panny wszystkie modlitwy i sprawy, prac\u0119 i krzy\u017ce dnia dzisiejszego. \u0141\u0105cz\u0119 je z tymi wszystkimi intencjami, w jakich Ty sam za nas na o\u0142tarzu si\u0119 ofiarujesz. Ofiaruj\u0119 Ci je za Ojca \u015awi\u0119tego, za Ko\u015bci\u00f3\u0142 \u015bwi\u0119ty, za nawr\u00f3cenie grzesznik\u00f3w i za wszystkie intencje na dzie\u0144 dzisiejszy wyznaczone.<\/p><\/blockquote>\n<p>(tu Krzy\u017cowiec wymienia intencj\u0119 modlitewn\u0105,\u00a0<a href=\"https:\/\/krucjata.fsspx.pl\/intencje-modlitewne\/\" target=\"_blank\" rel=\"noopener noreferrer\">wyznaczon\u0105 na dany miesi\u0105c<\/a>)<\/p>\n<blockquote><p>Nic nie chc\u0119 dnia dzisiejszego uczyni\u0107, co by nie by\u0142o dla samej mi\u0142o\u015bci Twojej i zbawienia mego. Pragn\u0119 te\u017c zyska\u0107 wszystkie odpusty, jakich dzisiaj dost\u0105pi\u0107 mog\u0119, i ofiaruj\u0119 je za dusze w czy\u015b\u0107cu. Amen.<\/p><\/blockquote>\n<p>Dzi\u0119ki temu Ofiarowaniu Dnia wszystko, co czyni Krzy\u017cowiec, staje si\u0119 modlitw\u0105: czy idzie do szko\u0142y, czy uczy si\u0119, czy bawi. W ten spos\u00f3b wype\u0142nia on polecenie Chrystusa: \u201eNieustannie si\u0119 m\u00f3dlcie!\u201d.<\/p>\n<p>Co Pan Jezus robi z tymi wszystkimi uczynkami?<\/p>\n<p>Jezus przyjmuje wszystkie nasze dzienne uczynki, aby dzi\u0119ki nim np. ofiarowa\u0107 \u0142ask\u0119 nawr\u00f3cenia umieraj\u0105cemu grzesznikowi, kt\u00f3ry wzbrania si\u0119 przed spowiedzi\u0105, albo by uwolni\u0107 jak\u0105\u015b dusz\u0119 z czy\u015b\u0107ca, albo by pom\u00f3c jakiemu\u015b kap\u0142anowi w ratowaniu i u\u015bwi\u0119caniu dusz.<\/p>\n<p>Wszystkim tym pos\u0142uguje si\u0119 Pan Jezus wedle swej \u015bwi\u0119tej woli. Jego wol\u0105 jest, aby B\u00f3g by\u0142 coraz bardziej mi\u0142owany, aby coraz bardziej Mu s\u0142u\u017cono, aby wszystkie dusze dost\u0105pi\u0142y zbawienia.<\/p>\n<p>W czasie \u015bredniowiecznych wypraw krzy\u017cowych ci, kt\u00f3rzy wyruszali do Ziemi \u015awi\u0119tej, aby wyzwoli\u0107 Gr\u00f3b Zbawiciela, zobowi\u0105zywali si\u0119 do pos\u0142usze\u0144stwa swemu dow\u00f3dcy. Kto chce do\u0142\u0105czy\u0107 do Krucjaty Eucharystycznej, r\u00f3wnie\u017c sk\u0142ada przyrzeczenie i podejmuje zobowi\u0105zania. Najpierw zostaje Giermkiem. Je\u015bli przez okre\u015blony czas wiernie wype\u0142nia\u0142 swoje obowi\u0105zki, w\u00f3wczas zostaje przyj\u0119ty do grona Krzy\u017cowc\u00f3w. Jako Krzy\u017cowiec modli si\u0119, przyjmuje Komuni\u0119 \u015bwi\u0119t\u0105, ofiarowuje si\u0119 i jest prawdziwym aposto\u0142em\u2026 a\u017c wreszcie staje si\u0119 godny zostania Rycerzem.<\/p>\n<h2>Giermek<\/h2>\n<p>Obowi\u0105zki Giermka to:<\/p>\n<ul>\n<li>odmawia\u0107 codziennie rano modlitw\u0119 Ofiarowania dnia;<\/li>\n<li>codziennie odmawia\u0107 wieczorn\u0105 modlitw\u0119;<\/li>\n<li>wype\u0142nia\u0107 Skarbiec.<\/li>\n<\/ul>\n<h2>Krzy\u017cowiec<\/h2>\n<p>Krzy\u017cowiec dodatkowo zobowi\u0105zuje si\u0119 do:<\/p>\n<ul>\n<li>odmawiania codziennie co najmniej dw\u00f3ch dziesi\u0105tek r\u00f3\u017ca\u0144ca;<\/li>\n<li>przyjmowania (w miar\u0119 mo\u017cliwo\u015bci) w ka\u017cd\u0105 niedziel\u0119 Komunii \u015bwi\u0119tej<\/li>\n<li>podejmowania codziennie jakiej\u015b ofiary;<\/li>\n<li>walki ze swoj\u0105 g\u0142\u00f3wn\u0105 wad\u0105;<\/li>\n<li>spowiadania si\u0119 co miesi\u0105c.<\/li>\n<\/ul>\n<h2>Rycerz<\/h2>\n<p>Poza wy\u017cej wymienionymi, obowi\u0105zki Rycerza to:<\/p>\n<ul>\n<li>codzienne odmawianie jednej cz\u0119\u015bci r\u00f3\u017ca\u0144ca (5 dziesi\u0105tek);<\/li>\n<li>codzienna praktyka komunii duchowej lub (je\u015bli to mo\u017cliwe) nawiedzenie Naj\u015bwi\u0119tszego Sakramentu;<\/li>\n<li>codzienne 15-minutowe rozwa\u017canie;<\/li>\n<li>spowied\u017a raz na 2 tygodnie.<\/li>\n<\/ul>\n<h1>Skarbiec Krzy\u017cowca<\/h1>\n<p>Krzy\u017cowiec ofiarowuje wszystkie uczynki danego dnia Naj\u015bwi\u0119tszemu Sercu Pana Jezusa. W ci\u0105gu dnia stara si\u0119 ka\u017cd\u0105 czynno\u015b\u0107 wykonywa\u0107 z mi\u0142o\u015bci do Pana Jezusa, tak jak Pan Jezus z\u0142o\u017cy\u0142 Siebie w ofierze z mi\u0142o\u015bci do nas. \u201eNie wielko\u015b\u0107 i liczba naszych uczynk\u00f3w sprawia, \u017ce podobamy si\u0119 Bogu, ale mi\u0142o\u015b\u0107, z jak\u0105 je wykonujemy\u201d \u2013 m\u00f3wi \u015bwi\u0119ty Franciszek Salezy. Jest bardzo wa\u017cne, aby Krzy\u017cowiec wiele razy w ci\u0105gu dnia odnawia\u0142 swe dobre postanowienia, powtarzaj\u0105c cz\u0119sto ma\u0142e akty strzeliste: \u201eO Jezu, wszystko z mi\u0142o\u015bci do Ciebie!\u201d. Dzi\u0119ki temu nie tylko jego modlitwy, ale wszystkie jego czynno\u015bci staj\u0105 si\u0119 cenniejsze od z\u0142ota i srebra, a pod koniec dnia Krzy\u017cowiec zebra\u0142 nieprzemijaj\u0105cy skarb, kt\u00f3rego nikt nie zdo\u0142a mu ukra\u015b\u0107. Panem tego skarbu jest sam Pan Jezus, kt\u00f3ry strze\u017ce go i rozporz\u0105dza nim, a w Swej Boskiej wszechwiedzy u\u017cywa tego skarbu tam, gdzie jest on najbardziej potrzebny.<\/p>\n<p>Jak \u017co\u0142nierz po zwyci\u0119skiej bitwie, tak i Krzy\u017cowiec zapisuje wszystkie swe zwyci\u0119stwa, jakie odni\u00f3s\u0142 danego dnia, na kartce zwanej Skarbcem. W ten spos\u00f3b\u00a0<strong>Skarbiec Krzy\u017cowca<\/strong>\u00a0staje si\u0119 jakby zbrojowni\u0105, w kt\u00f3rej znajduje si\u0119 wszystko, czego potrzeba do walki za Pana Jezusa i Jego Kr\u00f3lestwo.<\/p>\n<p>Ka\u017cdego miesi\u0105ca Krzy\u017cowcowi zostaje przydzielone nowe pole bitwy \u2013 okre\u015blony teren, na kt\u00f3rym ma walczy\u0107. Nazywa si\u0119 go\u00a0<a href=\"https:\/\/krucjata.fsspx.pl\/intencje-modlitewne\/\" target=\"_blank\" rel=\"noopener noreferrer\">Modlitewn\u0105 Intencj\u0105 Miesi\u0105ca<\/a>. Intencje te og\u0142asza ka\u017cdorazowo Prze\u0142o\u017cony Generalny Bractwa Kap\u0142a\u0144skiego \u015awi\u0119tego Piusa X. Znale\u017a\u0107 je mo\u017cna w pisemku Krucjaty. Tak oto Krzy\u017cowcy s\u0105 prawdziwymi aposto\u0142ami, poniewa\u017c walcz\u0105, modl\u0105 si\u0119 i ofiaruj\u0105 si\u0119 w wielkich intencjach Ko\u015bcio\u0142a.<\/p>\n<p>Ka\u017cdego miesi\u0105ca Krzy\u017cowiec znale\u017a\u0107 mo\u017ce w pisemku Krucjaty Krzy\u017cowca wydrukowany Skarbiec do wype\u0142nienia. Na ko\u0144cu miesi\u0105ca nale\u017cy odes\u0142a\u0107 go do Sekretariatu Krucjaty Eucharystycznej, gdzie podsumowuje si\u0119 wyniki wszystkich Skarbc\u00f3w i przesy\u0142a je Prze\u0142o\u017conemu Generalnemu Bractwa Kap\u0142a\u0144skiego \u015awi\u0119tego Piusa X. Ca\u0142o\u015b\u0107 wszystkich dobrych uczynk\u00f3w, zapisanych w Skarbcach, Prze\u0142o\u017cony Generalny ofiarowuje co miesi\u0105c we Mszy \u015bwi\u0119tej.<\/p>\n<p>Pobierz <a href=\"https:\/\/krucjata.fsspx.pl\/wp-content\/uploads\/2017\/04\/TABELKA_SKARB_intencja.pdf\" target=\"_blank\" rel=\"noopener noreferrer\">Skarbiec<\/a>\u00a0w formacie PDF.<\/p>\n<h1>Intencje modlitewne na rok 2020<\/h1>\n<ul>\n<li><strong>Stycze\u0144:<\/strong> <em>Za chrze\u015bcijan prze\u015bladowanych i opuszczonych<\/em><\/li>\n<li><strong>Luty:<\/strong> <em>Za chrze\u015bcija\u0144skie mamy<\/em><\/li>\n<li><strong>Marzec:<\/strong> <em>Aby \u015bw. J\u00f3zef wzbudzi\u0142 wiele powo\u0142a\u0144<\/em><\/li>\n<li><strong>Kwiecie\u0144:<\/strong> <em>O wytrwanie w powo\u0142aniu dla ksi\u0119\u017cy i zakonnik\u00f3w<\/em><\/li>\n<li><strong>Maj:<\/strong> <em>Aby Naj\u015bwi\u0119tsza Maryja Panna powo\u0142a\u0142a nas do \u015bwi\u0119to\u015bci<\/em><\/li>\n<li><strong>Czerwiec:<\/strong> <em>O zado\u015b\u0107uczynienie za wszystkie \u015bwi\u0119tokradztwa wzgl\u0119dem Naj\u015bwi\u0119tszego Sakramentu<\/em><\/li>\n<li><strong>Lipiec:<\/strong> <em>O powr\u00f3t duszpasterzy Ko\u015bcio\u0142a do Tradycji<\/em><\/li>\n<li><strong>Sierpie\u0144:<\/strong> <em>O powr\u00f3t do Chrystusa Kr\u00f3la spo\u0142ecze\u0144stw, kt\u00f3re porzuci\u0142y wiar\u0119 katolick\u0105<\/em><\/li>\n<li><strong>Wrzesie\u0144:<\/strong> <em>Za nasze szko\u0142y i tych, kt\u00f3rzy w nich pracuj\u0105<\/em><\/li>\n<li><strong>Pa\u017adziernik:<\/strong> <em>O zado\u015b\u0107uczynienie  za blu\u017anierstwa wobec Naj\u015bwi\u0119tszej Maryi Panny<\/em><\/li>\n<li><strong>Listopad:<\/strong> <em>Za Bractwo \u015bw. Piusa X<\/em><\/li>\n<li><strong>Grudzie\u0144:<\/strong> <em>Za najbardziej zapomniane i opuszczone dusze w czy\u015b\u0107cu<\/em><\/li>\n<\/ul>\n<div  class=\"shortcode-box border-box style-bluelight table\" ><div class='shortcode-box-icon table-cell-mid'><i class='fa fa-info-circle'><\/i><\/div><div class=\"shortcode-box-content table-cell-mid\">Wi\u0119cej informacji na <a href=\"http:\/\/krucjata.fsspx.pl\/\" target=\"_blank\" rel=\"noopener noreferrer\"><strong>witrynie Krucjacie Eucharystycznej<\/strong><\/a>.<\/div><\/div>\n","protected":false},"excerpt":{"rendered":"<p>Czym jest Krucjata Eucharystyczna? Co to w og\u00f3le jest krucjata? W roku 1071 muzu\u0142manie zaj\u0119li Jerozolim\u0119, a tym samym r\u00f3wnie\u017c Gr\u00f3b \u015awi\u0119ty Naszego Pana Jezusa Chrystusa. Poni\u017cali oni, prze\u015bladowali, a cz\u0119sto nawet zabijali chrze\u015bcijan, kt\u00f3rzy pielgrzymowali do Grobu \u015awi\u0119tego. \u201eNie mo\u017cna tego d\u0142u\u017cej tak zostawi\u0107!\u201d \u2013 powiedzia\u0142 do chrze\u015bcijan \u00f3wczesny<a class=\"more-link\" href=\"https:\/\/test4.mi-backup.ch\/pl\/krucjata-eucharystyczna\/\">Czytaj dalej &rarr;<\/a><\/p>\n","protected":false},"author":9,"featured_media":0,"parent":0,"menu_order":0,"comment_status":"closed","ping_status":"closed","template":"","meta":[],"_links":{"self":[{"href":"https:\/\/test4.mi-backup.ch\/pl\/wp-json\/wp\/v2\/pages\/14166"}],"collection":[{"href":"https:\/\/test4.mi-backup.ch\/pl\/wp-json\/wp\/v2\/pages"}],"about":[{"href":"https:\/\/test4.mi-backup.ch\/pl\/wp-json\/wp\/v2\/types\/page"}],"author":[{"embeddable":true,"href":"https:\/\/test4.mi-backup.ch\/pl\/wp-json\/wp\/v2\/users\/9"}],"replies":[{"embeddable":true,"href":"https:\/\/test4.mi-backup.ch\/pl\/wp-json\/wp\/v2\/comments?post=14166"}],"version-history":[{"count":10,"href":"https:\/\/test4.mi-backup.ch\/pl\/wp-json\/wp\/v2\/pages\/14166\/revisions"}],"predecessor-version":[{"id":24743,"href":"https:\/\/test4.mi-backup.ch\/pl\/wp-json\/wp\/v2\/pages\/14166\/revisions\/24743"}],"wp:attachment":[{"href":"https:\/\/test4.mi-backup.ch\/pl\/wp-json\/wp\/v2\/media?parent=14166"}],"curies":[{"name":"wp","href":"https:\/\/api.w.org\/{rel}","templated":true}]}}