{"id":14290,"date":"2018-11-26T18:48:28","date_gmt":"2018-11-26T17:48:28","guid":{"rendered":"https:\/\/test4.mi-backup.ch\/?page_id=14290"},"modified":"2021-01-11T14:15:44","modified_gmt":"2021-01-11T13:15:44","slug":"publiczny-rozaniec-w-obronie-zycia-dzieci-nienarodzonych","status":"publish","type":"page","link":"https:\/\/test4.mi-backup.ch\/pl\/publiczny-rozaniec-w-obronie-zycia-dzieci-nienarodzonych\/","title":{"rendered":"Publiczny r\u00f3\u017caniec w obronie \u017cycia dzieci nienarodzonych"},"content":{"rendered":"<p><a href=\"https:\/\/test4.mi-backup.ch\/wp-content\/uploads\/2018\/10\/2018-warszawa-publiczny-rozaniec.jpg\"><img loading=\"lazy\" class=\"aligncenter wp-image-13345 size-full\" src=\"https:\/\/test4.mi-backup.ch\/wp-content\/uploads\/2018\/10\/2018-warszawa-publiczny-rozaniec.jpg\" alt=\"\" width=\"570\" height=\"200\" srcset=\"https:\/\/test4.mi-backup.ch\/wp-content\/uploads\/2018\/10\/2018-warszawa-publiczny-rozaniec.jpg 570w, https:\/\/test4.mi-backup.ch\/wp-content\/uploads\/2018\/10\/2018-warszawa-publiczny-rozaniec-300x105.jpg 300w, https:\/\/test4.mi-backup.ch\/wp-content\/uploads\/2018\/10\/2018-warszawa-publiczny-rozaniec-425x149.jpg 425w\" sizes=\"(max-width: 570px) 100vw, 570px\" \/><\/a><\/p>\n<p>Warszawskie ko\u0142o m\u0142odzie\u017cy Rycerstwa Niepokalanej oraz Fundacja Pro &#8211; prawo do \u017cycia gor\u0105co zach\u0119ca wszystkich, a szczeg\u00f3lnie ca\u0142e rodziny, na publiczne r\u00f3\u017ca\u0144ce w intencji zado\u015b\u0107uczynienia Panu Bogu za grzechy aborcji dokonywanych w warszawskich szpitalach oraz wyproszenia u Niepokalanej skruchy i nawr\u00f3cenia tym, kt\u00f3rzy s\u0105 za to odpowiedzialni.<\/p>\n<p>R\u00f3\u017ca\u0144ce przeb\u0142agalne s\u0105 odmawiane:<\/p>\n<h4>Warszawa<\/h4>\n<ul>\n<li>przed <strong>Instytutem Matki i Dziecka<\/strong> (przy wje\u017adzie do szpitala od strony ulicy Brylowskiej) \u2014 w ka\u017cd\u0105 drug\u0105 niedziel\u0119 miesi\u0105ca o godz. 11:00<\/li>\n<li>przed <strong>Szpitalem Biela\u0144skim<\/strong> (parking od strony ul. Marymonckiej) \u2014 w ka\u017cd\u0105 czwart\u0105 niedziel\u0119 miesi\u0105ca o godz. 17:00<\/li>\n<\/ul>\n<h4>Pozna\u0144<\/h4>\n<ul>\n<li>przed <strong>Szpitalem Klinicznym im. K. Marcinkowskiego<\/strong> (przed wej\u015bciem do szpitala od strony ul. Jackowskiego) \u2014 w ka\u017cd\u0105 trzeci\u0105 sobot\u0119 miesi\u0105ca o godz. 16:00<\/li>\n<\/ul>\n","protected":false},"excerpt":{"rendered":"<p>Warszawskie ko\u0142o m\u0142odzie\u017cy Rycerstwa Niepokalanej oraz Fundacja Pro &#8211; prawo do \u017cycia gor\u0105co zach\u0119ca wszystkich, a szczeg\u00f3lnie ca\u0142e rodziny, na publiczne r\u00f3\u017ca\u0144ce w intencji zado\u015b\u0107uczynienia Panu Bogu za grzechy aborcji dokonywanych w warszawskich szpitalach oraz wyproszenia u Niepokalanej skruchy i nawr\u00f3cenia tym, kt\u00f3rzy s\u0105 za to odpowiedzialni. R\u00f3\u017ca\u0144ce przeb\u0142agalne s\u0105<a class=\"more-link\" href=\"https:\/\/test4.mi-backup.ch\/pl\/publiczny-rozaniec-w-obronie-zycia-dzieci-nienarodzonych\/\">Czytaj dalej &rarr;<\/a><\/p>\n","protected":false},"author":9,"featured_media":0,"parent":0,"menu_order":0,"comment_status":"closed","ping_status":"closed","template":"","meta":[],"_links":{"self":[{"href":"https:\/\/test4.mi-backup.ch\/pl\/wp-json\/wp\/v2\/pages\/14290"}],"collection":[{"href":"https:\/\/test4.mi-backup.ch\/pl\/wp-json\/wp\/v2\/pages"}],"about":[{"href":"https:\/\/test4.mi-backup.ch\/pl\/wp-json\/wp\/v2\/types\/page"}],"author":[{"embeddable":true,"href":"https:\/\/test4.mi-backup.ch\/pl\/wp-json\/wp\/v2\/users\/9"}],"replies":[{"embeddable":true,"href":"https:\/\/test4.mi-backup.ch\/pl\/wp-json\/wp\/v2\/comments?post=14290"}],"version-history":[{"count":10,"href":"https:\/\/test4.mi-backup.ch\/pl\/wp-json\/wp\/v2\/pages\/14290\/revisions"}],"predecessor-version":[{"id":34074,"href":"https:\/\/test4.mi-backup.ch\/pl\/wp-json\/wp\/v2\/pages\/14290\/revisions\/34074"}],"wp:attachment":[{"href":"https:\/\/test4.mi-backup.ch\/pl\/wp-json\/wp\/v2\/media?parent=14290"}],"curies":[{"name":"wp","href":"https:\/\/api.w.org\/{rel}","templated":true}]}}