{"id":15535,"date":"2019-02-27T20:11:37","date_gmt":"2019-02-27T19:11:37","guid":{"rendered":"https:\/\/test4.mi-backup.ch\/?page_id=15535"},"modified":"2020-01-02T22:20:26","modified_gmt":"2020-01-02T21:20:26","slug":"rocznik-2019","status":"publish","type":"page","link":"https:\/\/test4.mi-backup.ch\/pl\/czasopisma-mi\/triumf-niepokalanej\/rocznik-2019\/","title":{"rendered":"Rocznik 2019"},"content":{"rendered":"<figure id=\"attachment_19984\" aria-describedby=\"caption-attachment-19984\" style=\"width: 259px\" class=\"wp-caption alignright\"><a href=\"https:\/\/test4.mi-backup.ch\/wp-content\/uploads\/2019\/08\/TN-2019-03.pdf\" class=\"broken_link\"><img loading=\"lazy\" class=\"wp-image-19984 size-full\" src=\"https:\/\/test4.mi-backup.ch\/wp-content\/uploads\/2019\/08\/TN_2019_03-e1567097033904.png\" alt=\"\" width=\"259\" height=\"200\" \/><\/a><figcaption id=\"caption-attachment-19984\" class=\"wp-caption-text\"><a href=\"https:\/\/test4.mi-backup.ch\/wp-content\/uploads\/2019\/08\/TN-2019-03.pdf\" class=\"broken_link\">Pobierz numer 2019\/3 (61) (PDF; 3 MB)<\/a><\/figcaption><\/figure>\n<h4>Rok 2019, numer 3 (61)<\/h4>\n<p>Temat numeru: <em>Kap\u0142an w sercu Maryi, Maryja w sercu kap\u0142ana<\/em><\/p>\n<p>Zawarto\u015b\u0107:<\/p>\n<ul>\n<li>Na sobie nie mo\u017cna polega\u0107<\/li>\n<li>Kap\u0142an w sercu Maryi, Maryja w sercu kap\u0142ana<\/li>\n<li>Ojciec dyrektor M.I. o kap\u0142a\u0144stwie<\/li>\n<li>Wsp\u00f3lnota Modlitwy za Kap\u0142an\u00f3w<\/li>\n<li>Bo\u017ca s\u0142u\u017cba<\/li>\n<li>Preambu\u0142a wiary \u2014 dusza ludzka<\/li>\n<li>Owoce modlitwy r\u00f3\u017ca\u0144cowej<\/li>\n<li>Nowi Rycerze po wyk\u0142adzie o Niepokalanej w Katowicach<\/li>\n<li>Wyk\u0142ad ks. Karola Stehlina w Gnie\u017anie<\/li>\n<li>Gniezno prosi Niepokalan\u0105 o opiek\u0119<\/li>\n<li>Konferencja dyrektora M.I. dla m\u0142odych Rycerzy<\/li>\n<li>Dzia\u0142 maryjny na stronie Domu Generalnego Bractwa<\/li>\n<li>Owocna dla M.I. wizyta w Rosji<\/li>\n<li>Milion medalik\u00f3w Niepokalanej<\/li>\n<li>Pi\u0119ciu nowych Rycerzy w Wielkiej Brytanii<\/li>\n<li>Ponad 445 nowych Rycerzy we Francji<\/li>\n<li>Rycerstwo Niepokalanej w Holandii<\/li>\n<li>M.I. rozwija si\u0119 w Ameryce \u015arodkowej<\/li>\n<\/ul>\n<hr \/>\n<figure id=\"attachment_8900\" aria-describedby=\"caption-attachment-8900\" style=\"width: 260px\" class=\"wp-caption alignright\"><a href=\"https:\/\/test4.mi-backup.ch\/wp-content\/uploads\/2019\/05\/TN-2019-02.pdf\" class=\"broken_link\"><img loading=\"lazy\" class=\"wp-image-8900 size-medium\" src=\"https:\/\/test4.mi-backup.ch\/wp-content\/uploads\/2019\/05\/TN-2019-02-okladka-260x200.jpg\" alt=\"\" width=\"260\" height=\"200\" \/><\/a><figcaption id=\"caption-attachment-8900\" class=\"wp-caption-text\"><a href=\"https:\/\/test4.mi-backup.ch\/wp-content\/uploads\/2019\/05\/TN-2019-02.pdf\" class=\"broken_link\">Pobierz numer 2019\/2 (60) (PDF; 4,5 MB)<\/a><\/figcaption><\/figure>\n<h4>Rok 2019, numer 2 (60)<\/h4>\n<p>Temat numeru: <em>Niepokalane Serce Maryi \u2014 naczynie pe\u0142ne \u0142ask, nasza ucieczka i droga do Boga<\/em><\/p>\n<p>Zawarto\u015b\u0107:<\/p>\n<ul>\n<li>Na szczycie mi\u0142o\u015bci stworzenia<\/li>\n<li>Niepokalane Serce Maryi \u2014 naczynie pe\u0142ne \u0142ask, nasza ucieczka i droga do Boga<\/li>\n<li>Bolej\u0105ce Serce Niepokalanej Matki<\/li>\n<li>Idea\u0142 = rzeczywisto\u015b\u0107<\/li>\n<li>Matka Bo\u017ca z Guadalupe \u2014 patronk\u0105 \u017cycia pocz\u0119tego!<\/li>\n<li>Po co katolikom apologetyka?<\/li>\n<li>Dzie\u0144 skupienia M.I. w Gdyni<\/li>\n<li>Rycerstwo Niepokalanej powi\u0119ksza swoje grono w Polsce<\/li>\n<li>M\u0142odzie\u017cowy zlot M.I. w Kazimierzu Dolnym<\/li>\n<li>Przyj\u0119cie 16 os\u00f3b do Rycerstwa w Irlandii<\/li>\n<li>Nowi Rycerze na Litwie, Bia\u0142orusi i w RPA<\/li>\n<li>Rycerz Niepokalanej w j\u0119zyku hiszpa\u0144skim<\/li>\n<li>M.I. rozpoczyna dzia\u0142alno\u015b\u0107 w Hondurasie<\/li>\n<li>Letni ob\u00f3z dla dziewcz\u0105t po\u015bwi\u0119cony postaci \u015bw. Maksymiliana<\/li>\n<li>Nowi Rycerze w Australii<\/li>\n<li>Rycerstwo Niepokalanej na po\u0142udniowym Pacyfiku<\/li>\n<li>Nowi Rycerze w Japonii<\/li>\n<li>Ofiarno\u015b\u0107 w Korei Po\u0142udniowej<\/li>\n<\/ul>\n<hr \/>\n<figure id=\"attachment_8900\" aria-describedby=\"caption-attachment-8900\" style=\"width: 260px\" class=\"wp-caption alignright\"><a href=\"https:\/\/test4.mi-backup.ch\/wp-content\/uploads\/2019\/02\/TN-2019-01.pdf\" class=\"broken_link\"><img loading=\"lazy\" class=\"wp-image-8900 size-medium\" src=\"https:\/\/test4.mi-backup.ch\/wp-content\/uploads\/2019\/02\/TN-2019-01-okladka-260x200.jpg\" alt=\"\" width=\"260\" height=\"200\" \/><\/a><figcaption id=\"caption-attachment-8900\" class=\"wp-caption-text\"><a href=\"https:\/\/test4.mi-backup.ch\/wp-content\/uploads\/2019\/02\/TN-2019-01.pdf\" class=\"broken_link\">Pobierz numer 2019\/1 (59) (PDF; 5 MB)<\/a><\/figcaption><\/figure>\n<h4>Rok 2019, numer 1 (59)<\/h4>\n<p>Temat numeru: <em>Per ipsam cum Ipsa et in Ipsa<\/em><\/p>\n<p>Zawarto\u015b\u0107:<\/p>\n<ul>\n<li>Od rana do wieczora<\/li>\n<li>Per ipsam cum Ipsa et in Ipsa<\/li>\n<li>Cudowny Medalik<\/li>\n<li>Objawienia w La Salette i Lourdes<\/li>\n<li>Katolik i rozum<\/li>\n<li>Rekolekcje adwentowe i 93 nowych Rycerzy<\/li>\n<li>Mi\u0119dzynarodowa centrala M.I.<\/li>\n<li>Apostolat Cudownego Medalika w Polsce<\/li>\n<li>K\u0105cik M.I. przy kiermaszu ksi\u0105\u017cek<\/li>\n<li>Nowy Rycerz w Moskwie<\/li>\n<li>Publikacje w j\u0119zyku rosyjskim<\/li>\n<li>Nowy magazyn dla M.I. w Szwajcarii<\/li>\n<li>Pierwsi Rycerze w Seminarium w Argentynie<\/li>\n<li>Nowi Rycerze w Kolumbii<\/li>\n<li>Rozkwit M.I. w Nikaragui<\/li>\n<li>Niezwykle gorliwi kostaryka\u0144scy Rycerze<\/li>\n<li>Rycerstwo Niepokalanej w Gwatemali<\/li>\n<li>Po\u015bwi\u0119ci\u0107 si\u0119 dla wynagrodzenia grzech\u00f3w<\/li>\n<\/ul>\n","protected":false},"excerpt":{"rendered":"<p>Rok 2019, numer 3 (61) Temat numeru: Kap\u0142an w sercu Maryi, Maryja w sercu kap\u0142ana Zawarto\u015b\u0107: Na sobie nie mo\u017cna polega\u0107 Kap\u0142an w sercu Maryi, Maryja w sercu kap\u0142ana Ojciec dyrektor M.I. o kap\u0142a\u0144stwie Wsp\u00f3lnota Modlitwy za Kap\u0142an\u00f3w Bo\u017ca s\u0142u\u017cba Preambu\u0142a wiary \u2014 dusza ludzka Owoce modlitwy r\u00f3\u017ca\u0144cowej Nowi Rycerze<a class=\"more-link\" href=\"https:\/\/test4.mi-backup.ch\/pl\/czasopisma-mi\/triumf-niepokalanej\/rocznik-2019\/\">Czytaj dalej &rarr;<\/a><\/p>\n","protected":false},"author":9,"featured_media":0,"parent":7579,"menu_order":0,"comment_status":"closed","ping_status":"closed","template":"","meta":[],"_links":{"self":[{"href":"https:\/\/test4.mi-backup.ch\/pl\/wp-json\/wp\/v2\/pages\/15535"}],"collection":[{"href":"https:\/\/test4.mi-backup.ch\/pl\/wp-json\/wp\/v2\/pages"}],"about":[{"href":"https:\/\/test4.mi-backup.ch\/pl\/wp-json\/wp\/v2\/types\/page"}],"author":[{"embeddable":true,"href":"https:\/\/test4.mi-backup.ch\/pl\/wp-json\/wp\/v2\/users\/9"}],"replies":[{"embeddable":true,"href":"https:\/\/test4.mi-backup.ch\/pl\/wp-json\/wp\/v2\/comments?post=15535"}],"version-history":[{"count":7,"href":"https:\/\/test4.mi-backup.ch\/pl\/wp-json\/wp\/v2\/pages\/15535\/revisions"}],"predecessor-version":[{"id":23682,"href":"https:\/\/test4.mi-backup.ch\/pl\/wp-json\/wp\/v2\/pages\/15535\/revisions\/23682"}],"up":[{"embeddable":true,"href":"https:\/\/test4.mi-backup.ch\/pl\/wp-json\/wp\/v2\/pages\/7579"}],"wp:attachment":[{"href":"https:\/\/test4.mi-backup.ch\/pl\/wp-json\/wp\/v2\/media?parent=15535"}],"curies":[{"name":"wp","href":"https:\/\/api.w.org\/{rel}","templated":true}]}}