{"id":23669,"date":"2020-01-02T22:05:56","date_gmt":"2020-01-02T21:05:56","guid":{"rendered":"https:\/\/test4.mi-backup.ch\/?page_id=23669"},"modified":"2020-08-26T11:37:56","modified_gmt":"2020-08-26T09:37:56","slug":"rocznik-2020","status":"publish","type":"page","link":"https:\/\/test4.mi-backup.ch\/pl\/czasopisma-mi\/triumf-niepokalanej\/rocznik-2020\/","title":{"rendered":"Rocznik 2020"},"content":{"rendered":"<figure style=\"width: 259px\" class=\"wp-caption alignright\"><a href=\"https:\/\/test4.mi-backup.ch\/wp-content\/uploads\/2020\/08\/TN-2020-03.pdf\" class=\"broken_link\"><img loading=\"lazy\" class=\"size-full\" src=\"https:\/\/test4.mi-backup.ch\/wp-content\/uploads\/2020\/08\/TN-2020-03-okladka-260x200-1.jpg\" alt=\"\" width=\"259\" height=\"200\" \/><\/a><figcaption class=\"wp-caption-text\"><a href=\"https:\/\/test4.mi-backup.ch\/wp-content\/uploads\/2020\/08\/TN-2020-03.pdf\" class=\"broken_link\">Pobierz numer 2020\/3 (64) (PDF; 2,8 MB)<\/a><\/figcaption><\/figure>\n<h4>Rok 2020, numer 3 (64)<\/h4>\n<p>Temat numeru: <em>Ofiara Syna i Matki<\/em><\/p>\n<p>Zawarto\u015b\u0107:<\/p>\n<ul>\n<li>Praca przez cierpienie<\/li>\n<li>Ofiara Syna i Matki<\/li>\n<li>Nadzwyczajna cena ofiary<\/li>\n<li>Rycerskie historie pisane r\u0119k\u0105 Niepokalanej<\/li>\n<li>Czy jeste\u015b zwyci\u0119zc\u0105?<\/li>\n<li>Modlitwa Anio\u0142a Fatimskiego do Tr\u00f3jcy \u015awi\u0119tej<\/li>\n<li>Cuda jako argument apologetyczny<\/li>\n<li>Nieprzerwany apostolat M.I. w Polsce<\/li>\n<li>Powstanie ko\u0142a M.I. 2 \u2014 Krak\u00f3w Maryi<\/li>\n<li>Funkcjonowanie Centrali M.I.<\/li>\n<li>Apostolat Rycerzy w Dublinie (Irlandia)<\/li>\n<li>Rycerstwo Niepokalanej we Francji<\/li>\n<li>160 nowych Rycerzy w Long Prairie (USA)<\/li>\n<li>Akt odnowienia konsekracji w Davao (Filipiny)<\/li>\n<li>9 dni na nigeryjskich drogach i 868 Rycerzy<\/li>\n<li>Apostolat M.I. w Ameryce \u015arodkowej<\/li>\n<\/ul>\n<hr \/>\n<figure style=\"width: 259px\" class=\"wp-caption alignright\"><a href=\"https:\/\/test4.mi-backup.ch\/wp-content\/uploads\/2020\/04\/TN-2020-02-1.pdf\" class=\"broken_link\"><img loading=\"lazy\" class=\"wp-image-19984 size-full\" src=\"https:\/\/test4.mi-backup.ch\/wp-content\/uploads\/2020\/04\/TN-2020-02-260x200-1-1.jpg\" alt=\"\" width=\"259\" height=\"200\" \/><\/a><figcaption class=\"wp-caption-text\"><a href=\"https:\/\/test4.mi-backup.ch\/wp-content\/uploads\/2020\/04\/TN-2020-02-1.pdf\" class=\"broken_link\">Pobierz numer 2020\/2 (63) (PDF; 3,9 MB)<\/a><\/figcaption><\/figure>\n<h4>Rok 2020, numer 2 (63)<\/h4>\n<p>Temat numeru: <em>R\u00f3\u017caniec \u2014 najwspanialszy skarb Ko\u015bcio\u0142a<\/em><\/p>\n<p>Zawarto\u015b\u0107:<\/p>\n<ul>\n<li>Modlitwa najmilsza Niepokalanej<\/li>\n<li>R\u00f3\u017caniec \u2014 najwspanialszy skarb Ko\u015bcio\u0142a<\/li>\n<li>15 obietnic Maryi dla tych, kt\u00f3rzy odmawiaj\u0105 r\u00f3\u017caniec<\/li>\n<li>R\u00f3\u017caniec \u2014 najlepsza szko\u0142a Niepokalanej<\/li>\n<li>Duch modlitwy<\/li>\n<li>Reforma r\u00f3\u017ca\u0144ca \u015bwi\u0119tego zaprzeczeniem jego istoty<\/li>\n<li>Rycerskie historie pisane r\u0119k\u0105 Niepokalanej<\/li>\n<li>Sanktuarium Matki Bo\u017cej w Pompejach<\/li>\n<li>Od wyrzut\u00f3w sumienia do poznania Boga<\/li>\n<li>20 lat w s\u0142u\u017cbie Niepokalanej<\/li>\n<li>XX rocznica Rycerstwa Niepokalanej Tradycyjnej Obserwancji<\/li>\n<li>Mi\u0119dzynarodowa Centrala Rycerstwa Niepokalanej<\/li>\n<li>Dzia\u0142alno\u015b\u0107 M.I. w Polsce<\/li>\n<li>Prezentacja M.I. na Filipinach<\/li>\n<li>Prezentacja M.I. w Szwajcarii<\/li>\n<li>Prezentacja M.I. w Kolumbii<\/li>\n<li>Prezentacja M.I. w Peru<\/li>\n<li>Prezentacja M.I. w Australii<\/li>\n<li>Prezentacja M.I. na Sri Lance<\/li>\n<li>Ks. Pfeiffer asystentem ojca dyrektora M.I.<\/li>\n<li>Nowi Rycerze we Francji<\/li>\n<li>Rycerze w szkole w Gabonie<\/li>\n<li>Rozw\u00f3j M.I. w Wielkiej Brytanii i Skandynawii<\/li>\n<li>Nowi Rycerze w Polsce<\/li>\n<\/ul>\n<hr \/>\n<figure style=\"width: 259px\" class=\"wp-caption alignright\"><a href=\"https:\/\/test4.mi-backup.ch\/wp-content\/uploads\/2020\/01\/TN-2020-01.pdf\" class=\"broken_link\"><img loading=\"lazy\" class=\"wp-image-19984 size-full\" src=\"https:\/\/test4.mi-backup.ch\/wp-content\/uploads\/2020\/01\/TN-2020-01_okladka.jpg\" alt=\"\" width=\"259\" height=\"200\" \/><\/a><figcaption class=\"wp-caption-text\"><a href=\"https:\/\/test4.mi-backup.ch\/wp-content\/uploads\/2020\/01\/TN-2020-01.pdf\" class=\"broken_link\">Pobierz numer 2020\/1 (62) (PDF; 4,2 MB)<\/a><\/figcaption><\/figure>\n<h4>Rok 2020, numer 1 (62)<\/h4>\n<p>Temat numeru: <em>Misja Rycerza \u2014 zdoby\u0107 ca\u0142y \u015bwiat dla Niepokalanej!<\/em><\/p>\n<p>Zawarto\u015b\u0107:<\/p>\n<ul>\n<li>By\u0107 pi\u00f3rem w r\u0119ku Niepokalanej<\/li>\n<li>Zdoby\u0107 ca\u0142y \u015bwiat dla Niepokalanej \u2014 misja Rycerza<\/li>\n<li>Gorliwo\u015b\u0107 apostolska<\/li>\n<li>Ojciec dyrektor M.I. o apostolacie Rycerzy<\/li>\n<li>Apostolat Cudownego Medalika<\/li>\n<li>Rycerskie historie pisane r\u0119k\u0105 Niepokalanej<\/li>\n<li>Sanktuarium w Nazar\u00e9<\/li>\n<li>Preambu\u0142a wiary \u2014 istnienie Boga<\/li>\n<li>Przes\u0142anie Matki Bo\u017cej Fatimskiej w Polsce<\/li>\n<li>Marsz R\u00f3\u017ca\u0144cowy w Warszawie<\/li>\n<li>Dni skupienia M.I. w Poznaniu<\/li>\n<li>K\u0105cik M.I. w szkole \u015bw. Tomasza z Akwinu<\/li>\n<li>Dzie\u0144 skupienia M.I. w \u0141odzi<\/li>\n<li>Zadania katolika w czasach cichej apostazji<\/li>\n<li>Wizyta dyrektora M.I. w Anglii<\/li>\n<li>Nowi Rycerze w Irlandii<\/li>\n<li>Rozw\u00f3j Rycerstwa w Ameryce Po\u0142udniowej<\/li>\n<\/ul>\n","protected":false},"excerpt":{"rendered":"<p>Rok 2020, numer 3 (64) Temat numeru: Ofiara Syna i Matki Zawarto\u015b\u0107: Praca przez cierpienie Ofiara Syna i Matki Nadzwyczajna cena ofiary Rycerskie historie pisane r\u0119k\u0105 Niepokalanej Czy jeste\u015b zwyci\u0119zc\u0105? Modlitwa Anio\u0142a Fatimskiego do Tr\u00f3jcy \u015awi\u0119tej Cuda jako argument apologetyczny Nieprzerwany apostolat M.I. w Polsce Powstanie ko\u0142a M.I. 2 \u2014<a class=\"more-link\" href=\"https:\/\/test4.mi-backup.ch\/pl\/czasopisma-mi\/triumf-niepokalanej\/rocznik-2020\/\">Czytaj dalej &rarr;<\/a><\/p>\n","protected":false},"author":9,"featured_media":0,"parent":7579,"menu_order":0,"comment_status":"closed","ping_status":"closed","template":"","meta":[],"_links":{"self":[{"href":"https:\/\/test4.mi-backup.ch\/pl\/wp-json\/wp\/v2\/pages\/23669"}],"collection":[{"href":"https:\/\/test4.mi-backup.ch\/pl\/wp-json\/wp\/v2\/pages"}],"about":[{"href":"https:\/\/test4.mi-backup.ch\/pl\/wp-json\/wp\/v2\/types\/page"}],"author":[{"embeddable":true,"href":"https:\/\/test4.mi-backup.ch\/pl\/wp-json\/wp\/v2\/users\/9"}],"replies":[{"embeddable":true,"href":"https:\/\/test4.mi-backup.ch\/pl\/wp-json\/wp\/v2\/comments?post=23669"}],"version-history":[{"count":10,"href":"https:\/\/test4.mi-backup.ch\/pl\/wp-json\/wp\/v2\/pages\/23669\/revisions"}],"predecessor-version":[{"id":30668,"href":"https:\/\/test4.mi-backup.ch\/pl\/wp-json\/wp\/v2\/pages\/23669\/revisions\/30668"}],"up":[{"embeddable":true,"href":"https:\/\/test4.mi-backup.ch\/pl\/wp-json\/wp\/v2\/pages\/7579"}],"wp:attachment":[{"href":"https:\/\/test4.mi-backup.ch\/pl\/wp-json\/wp\/v2\/media?parent=23669"}],"curies":[{"name":"wp","href":"https:\/\/api.w.org\/{rel}","templated":true}]}}