{"id":28596,"date":"2020-05-28T21:06:17","date_gmt":"2020-05-28T19:06:17","guid":{"rendered":"https:\/\/test4.mi-backup.ch\/?page_id=28596"},"modified":"2020-05-28T21:16:05","modified_gmt":"2020-05-28T19:16:05","slug":"grupy-mi-2","status":"publish","type":"page","link":"https:\/\/test4.mi-backup.ch\/pl\/grupy-mi-2\/","title":{"rendered":"Grupy MI 2"},"content":{"rendered":"<p>Celem Ko\u0142a M.I. 2 jest jeszcze doskonalsze oddanie si\u0119 Naj\u015bwi\u0119tszej Maryi Pannie Rycerzy, aby stali si\u0119 w Jej r\u0119kach skutecznymi narz\u0119dziami w zdobywaniu wszystkich dusz, kt\u00f3rych Ona pragnie. Or\u0119\u017cem Rycerzy, a wi\u0119c \u015brodkami do realizacji tego celu, s\u0105:<\/p>\n<ul>\n<li>codzienne pi\u0119tnastominutowe rozwa\u017canie zako\u0144czone duchow\u0105 Komuni\u0105 \u015bwi\u0119t\u0105,<\/li>\n<li>codzienny rachunek sumienia,<\/li>\n<li>codzienny r\u00f3\u017caniec,<\/li>\n<li>uczestnictwo w spotkaniach Ko\u0142a M.I. 2,<\/li>\n<li>anga\u017cowanie si\u0119 w dzia\u0142alno\u015b\u0107 Ko\u0142a (organizowanie publicznych modlitw, wyk\u0142ad\u00f3w, kolporta\u017cu publikacji M.I., ponadto wszelka pomoc w og\u00f3lnopolskim apostolacie M.I. oraz w przeoratach).<\/li>\n<\/ul>\n<p><strong>Zapraszamy do odwiedzenia podstron grup MI 2 dzia\u0142aj\u0105cych w nast\u0119puj\u0105cych miastach:<\/strong><\/p>\n<ul>\n<li><a href=\"https:\/\/test4.mi-backup.ch\/pl\/grupy-mi-2\/krakow\">Krak\u00f3w<\/a><\/li>\n<\/ul>\n","protected":false},"excerpt":{"rendered":"<p>Celem Ko\u0142a M.I. 2 jest jeszcze doskonalsze oddanie si\u0119 Naj\u015bwi\u0119tszej Maryi Pannie Rycerzy, aby stali si\u0119 w Jej r\u0119kach skutecznymi narz\u0119dziami w zdobywaniu wszystkich dusz, kt\u00f3rych Ona pragnie. Or\u0119\u017cem Rycerzy, a wi\u0119c \u015brodkami do realizacji tego celu, s\u0105: codzienne pi\u0119tnastominutowe rozwa\u017canie zako\u0144czone duchow\u0105 Komuni\u0105 \u015bwi\u0119t\u0105, codzienny rachunek sumienia, codzienny r\u00f3\u017caniec,<a class=\"more-link\" href=\"https:\/\/test4.mi-backup.ch\/pl\/grupy-mi-2\/\">Czytaj dalej &rarr;<\/a><\/p>\n","protected":false},"author":9,"featured_media":0,"parent":0,"menu_order":0,"comment_status":"closed","ping_status":"closed","template":"","meta":[],"_links":{"self":[{"href":"https:\/\/test4.mi-backup.ch\/pl\/wp-json\/wp\/v2\/pages\/28596"}],"collection":[{"href":"https:\/\/test4.mi-backup.ch\/pl\/wp-json\/wp\/v2\/pages"}],"about":[{"href":"https:\/\/test4.mi-backup.ch\/pl\/wp-json\/wp\/v2\/types\/page"}],"author":[{"embeddable":true,"href":"https:\/\/test4.mi-backup.ch\/pl\/wp-json\/wp\/v2\/users\/9"}],"replies":[{"embeddable":true,"href":"https:\/\/test4.mi-backup.ch\/pl\/wp-json\/wp\/v2\/comments?post=28596"}],"version-history":[{"count":8,"href":"https:\/\/test4.mi-backup.ch\/pl\/wp-json\/wp\/v2\/pages\/28596\/revisions"}],"predecessor-version":[{"id":28607,"href":"https:\/\/test4.mi-backup.ch\/pl\/wp-json\/wp\/v2\/pages\/28596\/revisions\/28607"}],"wp:attachment":[{"href":"https:\/\/test4.mi-backup.ch\/pl\/wp-json\/wp\/v2\/media?parent=28596"}],"curies":[{"name":"wp","href":"https:\/\/api.w.org\/{rel}","templated":true}]}}