{"id":28598,"date":"2020-05-28T21:06:39","date_gmt":"2020-05-28T19:06:39","guid":{"rendered":"https:\/\/test4.mi-backup.ch\/?page_id=28598"},"modified":"2020-05-28T21:22:35","modified_gmt":"2020-05-28T19:22:35","slug":"krakow","status":"publish","type":"page","link":"https:\/\/test4.mi-backup.ch\/pl\/grupy-mi-2\/krakow\/","title":{"rendered":"Krak\u00f3w"},"content":{"rendered":"<p>Spotkania Ko\u0142a M.I. 2 w Krakowie odbywaj\u0105 si\u0119 <strong>w pierwsze soboty miesi\u0105ca w przeoracie \u015bw. Stanis\u0142awa Biskupa i M\u0119czennika<\/strong>. Podczas spotka\u0144 Rycerze modl\u0105 si\u0119, dziel\u0105 si\u0119 pomys\u0142ami na skuteczniejsz\u0105 realizacj\u0119 cel\u00f3w Ko\u0142a M.I. 2 oraz s\u0142uchaj\u0105 konferencji ks. Huberta Kuszpy, prezesa Ko\u0142a. Poniewa\u017c \u017cycie wewn\u0119trzne jest podstaw\u0105 owocnego apostolatu, na konferencjach Rycerze otrzymuj\u0105 wskaz\u00f3wki, jak jeszcze \u015bci\u015blej przylgn\u0105\u0107 do Niepokalanego Serca Maryi, a przez to jeszcze bardziej upodobni\u0107 si\u0119 do naszego Pana Jezusa Chrystusa. Dzi\u0119ki wyk\u0142adom zg\u0142\u0119biaj\u0105 tajniki modlitwy wewn\u0119trznej &#8211; ucz\u0105 si\u0119, jak przeprowadzi\u0107 rozwa\u017canie czy rachunek sumienia w taki spos\u00f3b, aby te praktyki przenikn\u0119\u0142y \u017cycie codzienne, u\u015bwi\u0119caj\u0105c ich oraz ich otoczenie.<\/p>\n<p>Patronami Ko\u0142a M.I. 2 s\u0105 patroni Krakowa:<\/p>\n<ul>\n<li>Matka Bo\u017ca Bolesna \u2013 Sm\u0119tna Dobrodziejka Krakowa,<\/li>\n<li>\u015bw. J\u00f3zef Oblubieniec Naj\u015bwi\u0119tszej Maryi Panny \u2013 og\u0142oszony w 1715 roku patronem miasta.<\/li>\n<\/ul>\n<p>Na trzeciego patrona obrano \u015bw. Jacka Odrow\u0105\u017ca, kt\u00f3ry za\u0142o\u017cy\u0142 w Krakowie pierwszy klasztor dominika\u0144ski.<\/p>\n<p>Obecnie krakowskie Ko\u0142o M.I. 2 liczy ok. 20 Rycerzy, ale ufamy, \u017ce b\u0119dzie ich przybywa\u0107. Zapraszamy do wst\u0105pienia w szeregi Rycerstwa, aby jak najwi\u0119cej dusz pozyska\u0107 dla Niepokalanej, a przez Niepokalan\u0105 dla Chrystusa.<\/p>\n<p><strong>Pliki do pobrania:<\/strong><\/p>\n<p><a href=\"https:\/\/test4.mi-backup.ch\/wp-content\/uploads\/2020\/05\/grupa_mi_2_krakow_statut.pdf\" target=\"_blank\" rel=\"noopener noreferrer\">Statut krakowskiego Ko\u0142a MI 2<\/a><\/p>\n","protected":false},"excerpt":{"rendered":"<p>Spotkania Ko\u0142a M.I. 2 w Krakowie odbywaj\u0105 si\u0119 w pierwsze soboty miesi\u0105ca w przeoracie \u015bw. Stanis\u0142awa Biskupa i M\u0119czennika. Podczas spotka\u0144 Rycerze modl\u0105 si\u0119, dziel\u0105 si\u0119 pomys\u0142ami na skuteczniejsz\u0105 realizacj\u0119 cel\u00f3w Ko\u0142a M.I. 2 oraz s\u0142uchaj\u0105 konferencji ks. Huberta Kuszpy, prezesa Ko\u0142a. Poniewa\u017c \u017cycie wewn\u0119trzne jest podstaw\u0105 owocnego apostolatu, na<a class=\"more-link\" href=\"https:\/\/test4.mi-backup.ch\/pl\/grupy-mi-2\/krakow\/\">Czytaj dalej &rarr;<\/a><\/p>\n","protected":false},"author":9,"featured_media":0,"parent":28596,"menu_order":0,"comment_status":"closed","ping_status":"closed","template":"","meta":[],"_links":{"self":[{"href":"https:\/\/test4.mi-backup.ch\/pl\/wp-json\/wp\/v2\/pages\/28598"}],"collection":[{"href":"https:\/\/test4.mi-backup.ch\/pl\/wp-json\/wp\/v2\/pages"}],"about":[{"href":"https:\/\/test4.mi-backup.ch\/pl\/wp-json\/wp\/v2\/types\/page"}],"author":[{"embeddable":true,"href":"https:\/\/test4.mi-backup.ch\/pl\/wp-json\/wp\/v2\/users\/9"}],"replies":[{"embeddable":true,"href":"https:\/\/test4.mi-backup.ch\/pl\/wp-json\/wp\/v2\/comments?post=28598"}],"version-history":[{"count":5,"href":"https:\/\/test4.mi-backup.ch\/pl\/wp-json\/wp\/v2\/pages\/28598\/revisions"}],"predecessor-version":[{"id":28619,"href":"https:\/\/test4.mi-backup.ch\/pl\/wp-json\/wp\/v2\/pages\/28598\/revisions\/28619"}],"up":[{"embeddable":true,"href":"https:\/\/test4.mi-backup.ch\/pl\/wp-json\/wp\/v2\/pages\/28596"}],"wp:attachment":[{"href":"https:\/\/test4.mi-backup.ch\/pl\/wp-json\/wp\/v2\/media?parent=28598"}],"curies":[{"name":"wp","href":"https:\/\/api.w.org\/{rel}","templated":true}]}}