{"id":33619,"date":"2021-01-05T12:15:42","date_gmt":"2021-01-05T11:15:42","guid":{"rendered":"https:\/\/test4.mi-backup.ch\/?page_id=33619"},"modified":"2021-06-22T08:29:23","modified_gmt":"2021-06-22T06:29:23","slug":"msza-swieta-wszechczasow","status":"publish","type":"page","link":"https:\/\/test4.mi-backup.ch\/pl\/msza-swieta-wszechczasow\/","title":{"rendered":"Msza \u015awi\u0119ta Wszechczas\u00f3w"},"content":{"rendered":"<p><a href=\"https:\/\/test4.mi-backup.ch\/wp-content\/uploads\/2021\/06\/Santa-Missa.jpg\"><img loading=\"lazy\" class=\"size-medium wp-image-38151 alignleft\" src=\"https:\/\/test4.mi-backup.ch\/wp-content\/uploads\/2021\/06\/Santa-Missa-204x300.jpg\" alt=\"\" width=\"204\" height=\"300\" srcset=\"https:\/\/test4.mi-backup.ch\/wp-content\/uploads\/2021\/06\/Santa-Missa-204x300.jpg 204w, https:\/\/test4.mi-backup.ch\/wp-content\/uploads\/2021\/06\/Santa-Missa.jpg 300w\" sizes=\"(max-width: 204px) 100vw, 204px\" \/><\/a><\/p>\n<p><a href=\"https:\/\/www.piusx.org.pl\/liturgia\/\" target=\"_blank\" rel=\"noopener\">Informacje o Mszy \u015awi\u0119tej Wszechczas\u00f3w<\/a><\/p>\n","protected":false},"excerpt":{"rendered":"<p>Informacje o Mszy \u015awi\u0119tej Wszechczas\u00f3w<a class=\"more-link\" href=\"https:\/\/test4.mi-backup.ch\/pl\/msza-swieta-wszechczasow\/\">Czytaj dalej &rarr;<\/a><\/p>\n","protected":false},"author":9,"featured_media":0,"parent":0,"menu_order":0,"comment_status":"closed","ping_status":"closed","template":"","meta":[],"_links":{"self":[{"href":"https:\/\/test4.mi-backup.ch\/pl\/wp-json\/wp\/v2\/pages\/33619"}],"collection":[{"href":"https:\/\/test4.mi-backup.ch\/pl\/wp-json\/wp\/v2\/pages"}],"about":[{"href":"https:\/\/test4.mi-backup.ch\/pl\/wp-json\/wp\/v2\/types\/page"}],"author":[{"embeddable":true,"href":"https:\/\/test4.mi-backup.ch\/pl\/wp-json\/wp\/v2\/users\/9"}],"replies":[{"embeddable":true,"href":"https:\/\/test4.mi-backup.ch\/pl\/wp-json\/wp\/v2\/comments?post=33619"}],"version-history":[{"count":5,"href":"https:\/\/test4.mi-backup.ch\/pl\/wp-json\/wp\/v2\/pages\/33619\/revisions"}],"predecessor-version":[{"id":38161,"href":"https:\/\/test4.mi-backup.ch\/pl\/wp-json\/wp\/v2\/pages\/33619\/revisions\/38161"}],"wp:attachment":[{"href":"https:\/\/test4.mi-backup.ch\/pl\/wp-json\/wp\/v2\/media?parent=33619"}],"curies":[{"name":"wp","href":"https:\/\/api.w.org\/{rel}","templated":true}]}}