{"id":7075,"date":"2016-02-25T00:33:19","date_gmt":"2016-02-25T00:33:19","guid":{"rendered":"https:\/\/test4.mi-backup.ch\/?page_id=7075"},"modified":"2019-03-27T16:47:08","modified_gmt":"2019-03-27T15:47:08","slug":"odpusty","status":"publish","type":"page","link":"https:\/\/test4.mi-backup.ch\/pl\/odpusty\/","title":{"rendered":"Odpusty"},"content":{"rendered":"<h3>Odpusty dla cz\u0142onk\u00f3w MI<\/h3>\n<div>Zgodnie z brewem papie\u017ca Piusa XI z 18 grudnia 1926 r., cz\u0142onkowie Milicji Niepokalanej mog\u0105 uzyska\u0107 odpust zupe\u0142ny w nast\u0119puj\u0105ce dni:<\/div>\n<ul>\n<li>w dniu przyj\u0119cia do MI,<\/li>\n<li>11 lutego \u2013 w uroczysto\u015b\u0107 Objawienia Niepokalanej w Lourdes,<\/li>\n<li>25 marca \u2013 w uroczysto\u015b\u0107 Zwiastowania,<\/li>\n<li>13 maja \u2013 w rocznic\u0119 pierwszego objawienia Matki Bo\u017cej w Fatimie,<\/li>\n<li>15 sierpnia \u2013 w uroczysto\u015b\u0107 Wniebowzi\u0119cia Naj\u015bwi\u0119tszej Maryi Panny,<\/li>\n<li>4 pa\u017adziernika \u2013 w uroczysto\u015b\u0107 \u015bw. Franciszka z Asy\u017cu,<\/li>\n<li>16 pa\u017adziernika \u2013 w rocznic\u0119 za\u0142o\u017cenia MI,<\/li>\n<li>27 listopada \u2013 w uroczysto\u015b\u0107 Matki Bo\u017cej od Cudownego Medalika,<\/li>\n<li>8 grudnia \u2013 w uroczysto\u015b\u0107 Niepokalanego Pocz\u0119cia Naj\u015bwi\u0119tszej Maryi Panny.<\/li>\n<\/ul>\n<div>Warunki otrzymania odpustu zupe\u0142nego: opr\u00f3cz zwyk\u0142ych warunk\u00f3w (spowied\u017a w ci\u0105gu 8 dni, Komunia \u015bw., modlitwa w intencjach Ojca \u015awi\u0119tego, wolno\u015b\u0107 od przywi\u0105zania do jakiegokolwiek grzechu) nale\u017cy odnowi\u0107 przyrzeczenie wiernego zachowania programu MI.<\/div>\n","protected":false},"excerpt":{"rendered":"<p>Odpusty dla cz\u0142onk\u00f3w MI Zgodnie z brewem papie\u017ca Piusa XI z 18 grudnia 1926 r., cz\u0142onkowie Milicji Niepokalanej mog\u0105 uzyska\u0107 odpust zupe\u0142ny w nast\u0119puj\u0105ce dni: w dniu przyj\u0119cia do MI, 11 lutego \u2013 w uroczysto\u015b\u0107 Objawienia Niepokalanej w Lourdes, 25 marca \u2013 w uroczysto\u015b\u0107 Zwiastowania, 13 maja \u2013 w rocznic\u0119<a class=\"more-link\" href=\"https:\/\/test4.mi-backup.ch\/pl\/odpusty\/\">Czytaj dalej &rarr;<\/a><\/p>\n","protected":false},"author":9,"featured_media":0,"parent":0,"menu_order":0,"comment_status":"closed","ping_status":"closed","template":"","meta":[],"_links":{"self":[{"href":"https:\/\/test4.mi-backup.ch\/pl\/wp-json\/wp\/v2\/pages\/7075"}],"collection":[{"href":"https:\/\/test4.mi-backup.ch\/pl\/wp-json\/wp\/v2\/pages"}],"about":[{"href":"https:\/\/test4.mi-backup.ch\/pl\/wp-json\/wp\/v2\/types\/page"}],"author":[{"embeddable":true,"href":"https:\/\/test4.mi-backup.ch\/pl\/wp-json\/wp\/v2\/users\/9"}],"replies":[{"embeddable":true,"href":"https:\/\/test4.mi-backup.ch\/pl\/wp-json\/wp\/v2\/comments?post=7075"}],"version-history":[{"count":6,"href":"https:\/\/test4.mi-backup.ch\/pl\/wp-json\/wp\/v2\/pages\/7075\/revisions"}],"predecessor-version":[{"id":16014,"href":"https:\/\/test4.mi-backup.ch\/pl\/wp-json\/wp\/v2\/pages\/7075\/revisions\/16014"}],"wp:attachment":[{"href":"https:\/\/test4.mi-backup.ch\/pl\/wp-json\/wp\/v2\/media?parent=7075"}],"curies":[{"name":"wp","href":"https:\/\/api.w.org\/{rel}","templated":true}]}}