{"id":7084,"date":"2017-09-27T21:03:22","date_gmt":"2017-09-27T19:03:22","guid":{"rendered":"https:\/\/test4.mi-backup.ch\/?page_id=7084"},"modified":"2022-08-27T13:28:10","modified_gmt":"2022-08-27T11:28:10","slug":"apostolat","status":"publish","type":"page","link":"https:\/\/test4.mi-backup.ch\/pl\/apostolat\/","title":{"rendered":"Apostolat"},"content":{"rendered":"<blockquote><p><strong><em>w budowie. Prosz\u0119 o cierpliwo\u015b\u0107<\/em><\/strong><\/p><\/blockquote>\n<div style=\"position: relative; width: 100%; height: 0; padding-top: 100.0000%; padding-bottom: 48px; box-shadow: 0 2px 8px 0 rgba(63,69,81,0.16); margin-top: 1.6em; margin-bottom: 0.9em; overflow: hidden; border-radius: 8px; will-change: transform;\"><iframe style=\"position: absolute; width: 100%; height: 100%; top: 0; left: 0; border: none; padding: 0; margin: 0;\" src=\"https:\/\/www.canva.com\/design\/DAFKgtWBoqo\/view?embed\" allowfullscreen=\"allowfullscreen\"><br \/>\n<\/iframe><\/div>\n<p><a href=\"https:\/\/www.canva.com\/design\/DAFKgtWBoqo\/view?utm_content=DAFKgtWBoqo&amp;utm_campaign=designshare&amp;utm_medium=embeds&amp;utm_source=link\" target=\"_blank\" rel=\"noopener\">Polish APOSTOLAT DE LA MI<\/a><\/p>\n<p><a href=\"https:\/\/test4.mi-backup.ch\/wp-content\/uploads\/2022\/08\/1-apostolat-general-MI.jpg\"><img loading=\"lazy\" class=\"alignright wp-image-78059\" src=\"https:\/\/test4.mi-backup.ch\/wp-content\/uploads\/2022\/08\/1-apostolat-general-MI-212x300.jpg\" alt=\"\" width=\"300\" height=\"424\" srcset=\"https:\/\/test4.mi-backup.ch\/wp-content\/uploads\/2022\/08\/1-apostolat-general-MI-212x300.jpg 212w, https:\/\/test4.mi-backup.ch\/wp-content\/uploads\/2022\/08\/1-apostolat-general-MI-724x1024.jpg 724w, https:\/\/test4.mi-backup.ch\/wp-content\/uploads\/2022\/08\/1-apostolat-general-MI-768x1086.jpg 768w, https:\/\/test4.mi-backup.ch\/wp-content\/uploads\/2022\/08\/1-apostolat-general-MI-1086x1536.jpg 1086w, https:\/\/test4.mi-backup.ch\/wp-content\/uploads\/2022\/08\/1-apostolat-general-MI-389x550.jpg 389w, https:\/\/test4.mi-backup.ch\/wp-content\/uploads\/2022\/08\/1-apostolat-general-MI-600x849.jpg 600w, https:\/\/test4.mi-backup.ch\/wp-content\/uploads\/2022\/08\/1-apostolat-general-MI.jpg 1414w\" sizes=\"(max-width: 300px) 100vw, 300px\" \/><\/a>Apostolat MI odbywa si\u0119 pod duchowym przewodnictwem i opiek\u0105 \u015bw. Maksymiliana Kolbego. Jest on dla nas l\u015bni\u0105cym przyk\u0142adem ze wzgl\u0119du na jego gorliwo\u015b\u0107 dla zbawienia dusz i krzewienia Kr\u00f3lestwa Chrystusowego przez Niepokalan\u0105. Gorliwo\u015b\u0107 ta nie zna granic. Pracowa\u0142 dla Niepokalanowa wi\u0119cej i lepiej ni\u017c ktokolwiek inny.<\/p>\n<p>Ledwie zbudowa\u0142 w Polsce Niepokalan\u00f3w, ju\u017c poprosi\u0142 prze\u0142o\u017conych o pozwolenie, czy m\u00f3g\u0142by uda\u0107 si\u0119 jako misjonarz do Japonii. Zapytali go zdziwieni, czy m\u00f3wi po japo\u0144sku, czy ma tam koneksje, czy s\u0105 na to przedsi\u0119wzi\u0119cie pieni\u0105dze. Musia\u0142 na te pytania odpowiedzie\u0107 przecz\u0105co, ale ju\u017c go poznali i pozwolili mu dzia\u0142a\u0107.<\/p>\n<p><strong>Niezmierzona ufno\u015b\u0107 w jego Pani\u0105 nigdy go nie zawiod\u0142a<\/strong>. Zgodnie z jego dewiz\u0105, odda\u0142by Jej wszystko, naprawd\u0119 wszystko. Nast\u0119pnie zwraca\u0142 si\u0119 do niej pe\u0142en zaufania, \u017ce Ona uczyni wszystko, co nie le\u017cy w jego mocy.<\/p>\n<p>&nbsp;<\/p>\n<h4><strong>WI\u0118CEJ NA TEMAT RYCERZY<\/strong><\/h4>\n","protected":false},"excerpt":{"rendered":"<p>w budowie. Prosz\u0119 o cierpliwo\u015b\u0107 Polish APOSTOLAT DE LA MI Apostolat MI odbywa si\u0119 pod duchowym przewodnictwem i opiek\u0105 \u015bw. Maksymiliana Kolbego. Jest on dla nas l\u015bni\u0105cym przyk\u0142adem ze wzgl\u0119du na jego gorliwo\u015b\u0107 dla zbawienia dusz i krzewienia Kr\u00f3lestwa Chrystusowego przez Niepokalan\u0105. Gorliwo\u015b\u0107 ta nie zna granic. Pracowa\u0142 dla Niepokalanowa<a class=\"more-link\" href=\"https:\/\/test4.mi-backup.ch\/pl\/apostolat\/\">Czytaj dalej &rarr;<\/a><\/p>\n","protected":false},"author":9,"featured_media":75876,"parent":0,"menu_order":0,"comment_status":"closed","ping_status":"closed","template":"","meta":[],"_links":{"self":[{"href":"https:\/\/test4.mi-backup.ch\/pl\/wp-json\/wp\/v2\/pages\/7084"}],"collection":[{"href":"https:\/\/test4.mi-backup.ch\/pl\/wp-json\/wp\/v2\/pages"}],"about":[{"href":"https:\/\/test4.mi-backup.ch\/pl\/wp-json\/wp\/v2\/types\/page"}],"author":[{"embeddable":true,"href":"https:\/\/test4.mi-backup.ch\/pl\/wp-json\/wp\/v2\/users\/9"}],"replies":[{"embeddable":true,"href":"https:\/\/test4.mi-backup.ch\/pl\/wp-json\/wp\/v2\/comments?post=7084"}],"version-history":[{"count":10,"href":"https:\/\/test4.mi-backup.ch\/pl\/wp-json\/wp\/v2\/pages\/7084\/revisions"}],"predecessor-version":[{"id":78068,"href":"https:\/\/test4.mi-backup.ch\/pl\/wp-json\/wp\/v2\/pages\/7084\/revisions\/78068"}],"wp:featuredmedia":[{"embeddable":true,"href":"https:\/\/test4.mi-backup.ch\/pl\/wp-json\/wp\/v2\/media\/75876"}],"wp:attachment":[{"href":"https:\/\/test4.mi-backup.ch\/pl\/wp-json\/wp\/v2\/media?parent=7084"}],"curies":[{"name":"wp","href":"https:\/\/api.w.org\/{rel}","templated":true}]}}