{"id":7087,"date":"2017-10-27T10:33:07","date_gmt":"2017-10-27T08:33:07","guid":{"rendered":"https:\/\/test4.mi-backup.ch\/?page_id=7087"},"modified":"2018-01-30T21:42:48","modified_gmt":"2018-01-30T20:42:48","slug":"apostolat-w-szczegolach","status":"publish","type":"page","link":"https:\/\/test4.mi-backup.ch\/pl\/apostolat-w-szczegolach\/","title":{"rendered":"Apostolat w szczeg\u00f3\u0142ach"},"content":{"rendered":"<p>Na tej stronie internetowej udzielimy Ci praktycznych porad dotycz\u0105cych rozpowszechniania Cudownego Medalika oraz podzielimy si\u0119 naszym do\u015bwiadczeniem.<\/p>\n<h3><strong>Oto nasze do\u015bwiadczenia w apostolacie:<\/strong><\/h3>\n<div style=\"width: 300px;float: right;padding-left: 15px\">\n<p><img loading=\"lazy\" class=\"alignright\" src=\"https:\/\/test4.mi-backup.ch\/wp-content\/uploads\/media\/Apostolat\/Herz_Jesu.jpg\" alt=\"\" width=\"300\" height=\"519\" align=\"top\" border=\"1\" vspace=\"5\" \/><\/p>\n<p><em><span style=\"font-family: Tahoma\">Sitio &#8211; pragn\u0119!<\/span><br \/>\n<\/em><span style=\"font-family: Tahoma\"><em>J 19, 29<\/em><\/span><\/p>\n<p><span style=\"font-family: Tahoma\"><em>Caritas Christi urget nos &#8211; mi\u0142o\u015b\u0107 Chrystusa przynagla nas!<br \/>\n2 Kor 5, 14<\/em><\/span><\/p>\n<p><span style=\"font-family: Tahoma\"><em>Wszystko, co uczynili\u015bcie jednemu z tych braci moich najmniejszych, Mnie\u015bcie uczynili. Wszystko, czego nie uczynili\u015bcie jednemu z tych najmniejszych, tego\u015bcie i Mnie nie uczynili. <\/em><\/span><br \/>\n<span style=\"font-family: Tahoma\"><em>Mt 25, 40\/45<\/em><\/span><\/p>\n<p><span style=\"font-family: Tahoma\"><em>Do ka\u017cdego wi\u0119c, kt\u00f3ry si\u0119 przyzna do Mnie przed lud\u017ami, przyznam si\u0119 i Ja przed moim Ojcem, kt\u00f3ry jest w niebie.<br \/>\nMt 10, 32<\/em><\/span><\/p>\n<p><span style=\"font-family: Tahoma\"><em>Id\u017acie na ca\u0142y \u015bwiat i g\u0142o\u015bcie Ewangeli\u0119 wszelkiemu stworzeniu.<br \/>\nMk 16, 15<\/em><\/span><\/p>\n<p><span style=\"font-family: Tahoma\"><em>Nikt nie zapala \u015bwiat\u0142a i nie stawia go w ukryciu ani pod korcem.<br \/>\n\u0141k 11, 33<\/em><\/span><\/p>\n<p><span style=\"font-family: Tahoma\"><em>Przeto wiara rodzi si\u0119 z tego, co si\u0119 s\u0142yszy.<br \/>\nRz 10, 17<\/em><\/span><\/p>\n<p><em><span style=\"font-family: Tahoma\">Ja za\u015b bardzo ch\u0119tnie ponios\u0119 wydatki i nawet siebie samego wydam za dusze wasze.<br \/>\n2 Kor 12, 15<\/span><\/em><\/p>\n<p><em><span style=\"font-family: Tahoma\">Sta\u0142em si\u0119 wszystkim dla wszystkich, \u017ceby w og\u00f3le ocali\u0107 przynajmniej niekt\u00f3rych.<br \/>\n1 Kor 9, 22<\/span><\/em><\/p>\n<p><em><span style=\"font-family: Tahoma\">Nieumiej\u0119tnych poucza\u0107 to uczynek mi\u0142osierdzia co do duszy.<br \/>\n(Katechizm Ko\u015bcio\u0142a Katolickiego)<br \/>\n<\/span><\/em><\/p>\n<\/div>\n<ul>\n<li>Poniewa\u017c nigdy nie wiemy, kiedy b\u0119dziemy mieli sposobno\u015b\u0107, aby obdarowa\u0107 kogo\u015b medalikiem, zawsze no\u015bmy ze sob\u0105 pewn\u0105 ich liczb\u0119 wraz z ulotkami. Nawet one zwykle mieszcz\u0105 si\u0119 w torebce.<\/li>\n<li>Aby odnie\u015b\u0107 sukces, wa\u017cne jest, w jaki spos\u00f3b rozmawiamy z lud\u017ami. Praktyka pokaza\u0142a, \u017ce dobre rezultaty mo\u017cna osi\u0105gn\u0105\u0107 wypowiadaj\u0105c nast\u0119puj\u0105ce s\u0142owa: <em>Czy m\u00f3g\u0142bym wr\u0119czy\u0107 Panu\/Pani\/Ci Cudowny Medalik (lub Medalik Niepokalanego Pocz\u0119cia) <strong>w prezencie<\/strong>?<\/em> (pokazuj\u0105c medalik) W ten spos\u00f3b od razu znikaj\u0105 obawy wielu os\u00f3b, kt\u00f3re pocz\u0105tkowo s\u0105dz\u0105, \u017ce chcemy im co\u015b sprzeda\u0107.<\/li>\n<li>R\u00f3wnie wa\u017cna jest naturalno\u015b\u0107 w sposobie wyra\u017cania si\u0119. Je\u017celi chcemy dawa\u0107 \u015bwiadectwo mi\u0142o\u015bci Jezusa i Maryi, powinno by\u0107 to widoczne w naszym przyjaznym wyrazie twarzy.<\/li>\n<li>Je\u017celi b\u0119dziemy podchodzi\u0107 do ludzi w ten spos\u00f3b, pe\u0142ni ufno\u015bci w pot\u0119\u017cn\u0105 moc Niepokalanej, b\u0119dziemy zaskoczeni, u jak wielu z nich odpowied\u017a b\u0119dzie pozytywna oraz \u017cyczliwa. Niejeden cieszy si\u0119 ju\u017c chocia\u017cby z tego, \u017ce kto\u015b chce go bezinteresownie obdarowa\u0107. Maryja, Kr\u00f3lowa Serc, naprawd\u0119 otwiera serca.<\/li>\n<li>To normalne, \u017ce musimy nieraz przem\u00f3c samego siebie, aby przem\u00f3wi\u0107 w taki spos\u00f3b do innych. Zdarza si\u0119, \u017ce musimy pokona\u0107 r\u00f3\u017cnego rodzaju obawy, zanim nawi\u0105\u017cemy rozmow\u0119 ze znan\u0105 nam osob\u0105, tak\u0105 jak s\u0105siad lub kolega z pracy. Cz\u0119sto w\u0142a\u015bnie to pokonanie samego siebie &#8211; je\u017celi jest ofiarowane z w\u0142a\u015bciwym nastawieniem &#8211; mo\u017ce by\u0107 bardzo cenne dla dusz. Pomocne w tym jest pozostawanie w \u0142\u0105czno\u015bci z Panem Jezusem i Maryj\u0105 w naszym \u017cyciu codziennym poprzez ma\u0142e akty strzeliste (na przyk\u0142ad: Jezu, Maryjo, kocham Was, ratujcie dusze!). Tak\u0105 kr\u00f3tk\u0105 modlitw\u0119 roztropnie jest wypowiada\u0107 zw\u0142aszcza tu\u017c przed rozmow\u0105 z napotkanym.<\/li>\n<li>Jaka jest najgorsza reakcja, jakiej mo\u017cemy do\u015bwiadczy\u0107? To stanowcze \u201enie\u201d, mo\u017ce szyderczy u\u015bmiech, a mo\u017ce odpowied\u017a, kt\u00f3r\u0105 ju\u017c pewnie us\u0142yszeli\u015bmy: \u201eNie chc\u0119 z Ni\u0105 mie\u0107 nic wsp\u00f3lnego!\u201d (z Maryj\u0105). Misjonarze nieraz podejmuj\u0105 wi\u0119ksze ryzyko!<\/li>\n<li>Gdzie mo\u017cemy rozdawa\u0107 medaliki? M\u00f3wi si\u0119, \u017ce \u201emi\u0142o\u015b\u0107 jest tw\u00f3rcza\u201d. Tak jest r\u00f3wnie\u017c tutaj. Mo\u017cliwo\u015bci s\u0105 tak r\u00f3\u017cnorodne, jak samo codzienne \u017cycie. Podajemy dla przyk\u0142adu tylko kilka z nich: cz\u0142onkowie rodziny, przyjaciele, krewni, s\u0105siedzi, koledzy z pracy, ludzie cierpi\u0105cy na fizyczne czy duchowe dolegliwo\u015bci (chorzy, biedni, \u017cebracy, itp.), przechodnie, pasa\u017cerowie komunikacji publicznej, nawiedzaj\u0105cy ko\u015bcio\u0142y, etc.<\/li>\n<li>Poniewa\u017c medalik jest po\u015bwi\u0119cony, musi by\u0107 zawsze dawany osobi\u015bcie i za zgod\u0105 odbiorcy. W ten spos\u00f3b mo\u017cna zredukowa\u0107 ryzyko nadu\u017cycia. Przyk\u0142adowo, medalik nigdy nie powinien by\u0107 pozostawiany w czyich\u015b skrzynkach pocztowych.<\/li>\n<\/ul>\n","protected":false},"excerpt":{"rendered":"<p>Na tej stronie internetowej udzielimy Ci praktycznych porad dotycz\u0105cych rozpowszechniania Cudownego Medalika oraz podzielimy si\u0119 naszym do\u015bwiadczeniem. Oto nasze do\u015bwiadczenia w apostolacie: Sitio &#8211; pragn\u0119! J 19, 29 Caritas Christi urget nos &#8211; mi\u0142o\u015b\u0107 Chrystusa przynagla nas! 2 Kor 5, 14 Wszystko, co uczynili\u015bcie jednemu z tych braci moich najmniejszych,<a class=\"more-link\" href=\"https:\/\/test4.mi-backup.ch\/pl\/apostolat-w-szczegolach\/\">Czytaj dalej &rarr;<\/a><\/p>\n","protected":false},"author":9,"featured_media":84655,"parent":0,"menu_order":0,"comment_status":"closed","ping_status":"closed","template":"","meta":[],"_links":{"self":[{"href":"https:\/\/test4.mi-backup.ch\/pl\/wp-json\/wp\/v2\/pages\/7087"}],"collection":[{"href":"https:\/\/test4.mi-backup.ch\/pl\/wp-json\/wp\/v2\/pages"}],"about":[{"href":"https:\/\/test4.mi-backup.ch\/pl\/wp-json\/wp\/v2\/types\/page"}],"author":[{"embeddable":true,"href":"https:\/\/test4.mi-backup.ch\/pl\/wp-json\/wp\/v2\/users\/9"}],"replies":[{"embeddable":true,"href":"https:\/\/test4.mi-backup.ch\/pl\/wp-json\/wp\/v2\/comments?post=7087"}],"version-history":[{"count":10,"href":"https:\/\/test4.mi-backup.ch\/pl\/wp-json\/wp\/v2\/pages\/7087\/revisions"}],"predecessor-version":[{"id":9085,"href":"https:\/\/test4.mi-backup.ch\/pl\/wp-json\/wp\/v2\/pages\/7087\/revisions\/9085"}],"wp:featuredmedia":[{"embeddable":true,"href":"https:\/\/test4.mi-backup.ch\/pl\/wp-json\/wp\/v2\/media\/84655"}],"wp:attachment":[{"href":"https:\/\/test4.mi-backup.ch\/pl\/wp-json\/wp\/v2\/media?parent=7087"}],"curies":[{"name":"wp","href":"https:\/\/api.w.org\/{rel}","templated":true}]}}