{"id":7090,"date":"2017-10-25T22:52:33","date_gmt":"2017-10-25T20:52:33","guid":{"rendered":"https:\/\/test4.mi-backup.ch\/?page_id=7090"},"modified":"2022-08-10T11:38:29","modified_gmt":"2022-08-10T09:38:29","slug":"ceremonia-przyjecia","status":"publish","type":"page","link":"https:\/\/test4.mi-backup.ch\/pl\/ceremonia-przyjecia\/","title":{"rendered":"Ceremonia przyj\u0119cia"},"content":{"rendered":"<h4><strong>Veni Creator lub \u201eO Stworzycielu, Duchu, przyjd\u017a\u201d<\/strong><\/h4>\n<div style=\"position: relative; width: 100%; height: 0; padding-top: 133.3333%; padding-bottom: 48px; box-shadow: 0 2px 8px 0 rgba(63,69,81,0.16); margin-top: 1.6em; margin-bottom: 0.9em; overflow: hidden; border-radius: 8px; will-change: transform;\"><iframe style=\"position: absolute; width: 100%; height: 100%; top: 0; left: 0; border: none; padding: 0; margin: 0;\" src=\"https:\/\/www.canva.com\/design\/DAFI6UERmig\/view?embed\" allowfullscreen=\"allowfullscreen\"><br \/>\n<\/iframe><\/div>\n<p><a href=\"https:\/\/www.canva.com\/design\/DAFI6UERmig\/view?utm_content=DAFI6UERmig&amp;utm_campaign=designshare&amp;utm_medium=embeds&amp;utm_source=link\" target=\"_blank\" rel=\"noopener\">Pol Veni Creator Spiritus<\/a><\/p>\n<hr \/>\n<h4><strong>Ave Maris Stella (Witaj, Gwiazdo Morza)<\/strong><\/h4>\n<div style=\"position: relative; width: 100%; height: 0; padding-top: 133.3333%; padding-bottom: 48px; box-shadow: 0 2px 8px 0 rgba(63,69,81,0.16); margin-top: 1.6em; margin-bottom: 0.9em; overflow: hidden; border-radius: 8px; will-change: transform;\"><iframe style=\"position: absolute; width: 100%; height: 100%; top: 0; left: 0; border: none; padding: 0; margin: 0;\" src=\"https:\/\/www.canva.com\/design\/DAFI6aF1YGM\/view?embed\" allowfullscreen=\"allowfullscreen\"><br \/>\n<\/iframe><\/div>\n<p><a href=\"https:\/\/www.canva.com\/design\/DAFI6aF1YGM\/view?utm_content=DAFI6aF1YGM&amp;utm_campaign=designshare&amp;utm_medium=embeds&amp;utm_source=link\" target=\"_blank\" rel=\"noopener\" class=\"broken_link\">Pol Ave Maris stella<\/a><\/p>\n<h4><strong>Przemowa kap\u0142ana<\/strong><\/h4>\n<h4><strong>Odnowienie przyrzecze\u0144 chrzcielnych (opcjonalnie):<\/strong><\/h4>\n<p style=\"padding-left: 30px;\">Kap\u0142an: W dniu naszego Chrztu \u015awi\u0119tego wyrzekli\u015bmy si\u0119 Szatana, jego dzie\u0142 i \u015bwiata. Przyrzekli\u015bmy wiernie s\u0142u\u017cy\u0107 Panu Bogu w Jego \u015bwi\u0119tym Ko\u015bciele. Odn\u00f3wmy to przyrzeczenie. Zatem pytam si\u0119 was:<\/p>\n<p style=\"padding-left: 30px;\">Czy wyrzekacie si\u0119 Szatana? \u2014 Wyrzekamy si\u0119!<\/p>\n<p style=\"padding-left: 30px;\">Czy wyrzekacie si\u0119 jego dzie\u0142? \u2014 Wyrzekamy si\u0119!<\/p>\n<p style=\"padding-left: 30px;\">Czy wyrzekacie si\u0119 jego pokus? \u2014 Wyrzekamy si\u0119!<\/p>\n<p style=\"padding-left: 30px;\">Czy wierzycie w Boga, Ojca Wszechmog\u0105cego, Stworzyciela Nieba i Ziemi? \u2014 Wierzymy!<\/p>\n<p style=\"padding-left: 30px;\">Czy wierzycie w Jezusa Chrystusa, Syna Jego jedynego, Pana naszego, zrodzonego i um\u0119czonego? \u2014 Wierzymy!<\/p>\n<p style=\"padding-left: 30px;\">Czy wierzycie w Ducha \u015awi\u0119tego, w \u015bwi\u0119ty Ko\u015bci\u00f3\u0142 Powszechny, w \u015bwi\u0119tych obcowanie, grzech\u00f3w odpuszczenie, cia\u0142a zmartwychwstanie i \u017cywot wieczny? \u2014 Wierzymy!<\/p>\n<p style=\"padding-left: 30px;\">M\u00f3dlmy si\u0119 do Boga Ojca, jak nas nauczy\u0142 Pan nasz, Jezus Chrystus: Ojcze nasz&#8230;<\/p>\n<h4><strong>\u015awi\u0119cenie i na\u0142o\u017cenie Cudownych Medalik\u00f3w (z rytua\u0142u rzymskiego):<\/strong><\/h4>\n<ul>\n<li>Adjutorium nostrum in nomine Domini.<\/li>\n<li>Qui fecit coelum et terram.<\/li>\n<li>Dominus vobiscum.<\/li>\n<li>Et cum spiritu tuo.<\/li>\n<li>Oremus. Omnipotens et misericors Deus, qui per multiplices immaculatae Mariae Virginis apparitiones in terris mirabilia jugiter pro animarum salute operati dignatus es: super hoc numismatis signum, tuam benedictionem benignus infunde; ut pie hoc recolentes ac devote gestantes et illius patrocinium sentiant et tuam misericordiam consequantur Per Christum Dominum nostrum.<\/li>\n<li>Amen.<\/li>\n<\/ul>\n<p>Kap\u0142an kropi Medaliki wod\u0105 \u015bwi\u0119con\u0105, a nast\u0119pnie nak\u0142ada ka\u017cdemu prosz\u0105cemu o przyj\u0119cie, modl\u0105c si\u0119 nast\u0119puj\u0105co:<\/p>\n<ul>\n<li>Accipe sanctum Numisma, gesta fideliter, et digna veneratione prosequere: ut piissima et immaculata caelorum Domina te protegat atque defendat: et pietatis suae prodigia renovans, quae a Deo suppliciter postulaveris, tibi misericorditer impetret, ut vivens et moriens in materno ejus amplexu feliciter requiescas. R. Amen.<\/li>\n<\/ul>\n<p>Po na\u0142o\u017ceniu Medalika, kap\u0142an odmawia modlitw\u0119:<\/p>\n<ul>\n<li>V Kyrie, eleison. R. Christe, eleison Kyrie, eleison. V Pater noster.. (dalej szeptem a\u017c do s\u0142\u00f3w&#8230;) Et ne nos inducas in tentationem.<\/li>\n<li>Sed libera nos a malo.<\/li>\n<li>Regina sine labe originale concepta.<\/li>\n<li>Ora pro nobis.<\/li>\n<li>Domine, exaudi orationem meam.<\/li>\n<li>Et clamor meus ad te veniat.<\/li>\n<li>Dominus vobiscum.<\/li>\n<li>Et cum spiritu tuo.<\/li>\n<li>Oremus. Domine Jesu Christe, qui beatissimam Virginem Mariam matrem tuam ab origine immaculatam innumeris miraculis clarescere voluisti: concede: ut ejusdem patrocinium semper implorantes, gaudia consequamur aeterna. Qui vivis et regnas cum Deo Patre in unitate Spiritus Sancti, Deus, per omnia saecula saeculorum.<\/li>\n<li>Amen.<\/li>\n<\/ul>\n<h4><strong>Akt po\u015bwi\u0119cenia si\u0119 Naj\u015bwi\u0119tszej Maryi Pannie Niepokalanej<\/strong><\/h4>\n<div style=\"position: relative; width: 100%; height: 0; padding-top: 133.3333%; padding-bottom: 48px; box-shadow: 0 2px 8px 0 rgba(63,69,81,0.16); margin-top: 1.6em; margin-bottom: 0.9em; overflow: hidden; border-radius: 8px; will-change: transform;\"><iframe style=\"position: absolute; width: 100%; height: 100%; top: 0; left: 0; border: none; padding: 0; margin: 0;\" src=\"https:\/\/www.canva.com\/design\/DAFI6UXwjOo\/view?embed\" allowfullscreen=\"allowfullscreen\"><br \/>\n<\/iframe><\/div>\n<p><a href=\"https:\/\/www.canva.com\/design\/DAFI6UXwjOo\/view?utm_content=DAFI6UXwjOo&amp;utm_campaign=designshare&amp;utm_medium=embeds&amp;utm_source=link\" target=\"_blank\" rel=\"noopener\">Akt po\u015bwi\u0119cenia si\u0119 Naj\u015bwi\u0119tszej Maryi Pannie Niepokalanej<\/a><\/p>\n<h4><strong>B\u0142ogos\u0142awie\u0144stwo kap\u0142ana<\/strong><\/h4>\n<h4><strong>Pie\u015b\u0144 maryjna<\/strong><\/h4>\n<h4><strong>Podpisanie i wr\u0119czenie dyplomu przyj\u0119cia do MI<\/strong><\/h4>\n<h4><strong>Modlitwa \u015bw. Maksymiliana do Niepokalanej<\/strong><\/h4>\n<p>Dozw\u00f3l mi chwali\u0107 Ci\u0119, Panno Przenaj\u015bwi\u0119tsza.<br \/>\nDozw\u00f3l, bym w\u0142asnym kosztem Ci\u0119 chwali\u0142.<br \/>\nDozw\u00f3l, bym dla Ciebie i\u00a0tylko dla Ciebie \u017cy\u0142, pracowa\u0142, cierpia\u0142, wyniszczy\u0142 si\u0119 i\u00a0umar\u0142.<br \/>\nDozw\u00f3l, bym do Ciebie ca\u0142y \u015bwiat przywi\u00f3d\u0142.<br \/>\nDozw\u00f3l, bym si\u0119 przyczyni\u0142 do jeszcze wi\u0119kszego, do jak najwi\u0119kszego wyniesienia Ciebie.<br \/>\nDozw\u00f3l, bym Ci przyni\u00f3s\u0142 tak\u0105 chwa\u0142\u0119, jakiej jeszcze nikt Ci nie przyni\u00f3s\u0142.<br \/>\nDozw\u00f3l, by inni mnie w\u00a0gorliwo\u015bci o\u00a0wywy\u017cszenie Ciebie prze\u015bcigali, a\u00a0ja ich, tak by w\u00a0szlachetnym wsp\u00f3\u0142zawodnictwie chwa\u0142a Twoja wzrasta\u0142a coraz g\u0142\u0119biej, coraz szybciej, coraz pot\u0119\u017cniej, tak jak tego pragnie Ten, kt\u00f3ry Ci\u0119 tak niewys\u0142owienie ponad wszystkie istoty wyni\u00f3s\u0142.<br \/>\nW Tobie jednej bez por\u00f3wnania bardziej uwielbiony sta\u0142 si\u0119 B\u00f3g ni\u017c we wszystkich \u015awi\u0119tych swoich.<br \/>\nDla Ciebie stworzy\u0142 B\u00f3g \u015bwiat. Dla Ciebie i\u00a0mnie te\u017c B\u00f3g do bytu powo\u0142a\u0142. Sk\u0105d\u017ce mi to szcz\u0119\u015bcie?<br \/>\nO dozw\u00f3l mi chwali\u0107 Ci\u0119, o\u00a0Panno Przenaj\u015bwi\u0119tsza.<\/p>\n","protected":false},"excerpt":{"rendered":"<p>Veni Creator lub \u201eO Stworzycielu, Duchu, przyjd\u017a\u201d Pol Veni Creator Spiritus Ave Maris Stella (Witaj, Gwiazdo Morza) Pol Ave Maris stella Przemowa kap\u0142ana Odnowienie przyrzecze\u0144 chrzcielnych (opcjonalnie): Kap\u0142an: W dniu naszego Chrztu \u015awi\u0119tego wyrzekli\u015bmy si\u0119 Szatana, jego dzie\u0142 i \u015bwiata. Przyrzekli\u015bmy wiernie s\u0142u\u017cy\u0107 Panu Bogu w Jego \u015bwi\u0119tym Ko\u015bciele. Odn\u00f3wmy<a class=\"more-link\" href=\"https:\/\/test4.mi-backup.ch\/pl\/ceremonia-przyjecia\/\">Czytaj dalej &rarr;<\/a><\/p>\n","protected":false},"author":9,"featured_media":0,"parent":0,"menu_order":0,"comment_status":"closed","ping_status":"closed","template":"","meta":[],"_links":{"self":[{"href":"https:\/\/test4.mi-backup.ch\/pl\/wp-json\/wp\/v2\/pages\/7090"}],"collection":[{"href":"https:\/\/test4.mi-backup.ch\/pl\/wp-json\/wp\/v2\/pages"}],"about":[{"href":"https:\/\/test4.mi-backup.ch\/pl\/wp-json\/wp\/v2\/types\/page"}],"author":[{"embeddable":true,"href":"https:\/\/test4.mi-backup.ch\/pl\/wp-json\/wp\/v2\/users\/9"}],"replies":[{"embeddable":true,"href":"https:\/\/test4.mi-backup.ch\/pl\/wp-json\/wp\/v2\/comments?post=7090"}],"version-history":[{"count":7,"href":"https:\/\/test4.mi-backup.ch\/pl\/wp-json\/wp\/v2\/pages\/7090\/revisions"}],"predecessor-version":[{"id":75944,"href":"https:\/\/test4.mi-backup.ch\/pl\/wp-json\/wp\/v2\/pages\/7090\/revisions\/75944"}],"wp:attachment":[{"href":"https:\/\/test4.mi-backup.ch\/pl\/wp-json\/wp\/v2\/media?parent=7090"}],"curies":[{"name":"wp","href":"https:\/\/api.w.org\/{rel}","templated":true}]}}