{"id":7093,"date":"2017-10-29T19:57:33","date_gmt":"2017-10-29T18:57:33","guid":{"rendered":"https:\/\/test4.mi-backup.ch\/?page_id=7093"},"modified":"2017-10-29T19:57:33","modified_gmt":"2017-10-29T18:57:33","slug":"wizerunek-niepokalanej-mi","status":"publish","type":"page","link":"https:\/\/test4.mi-backup.ch\/pl\/wizerunek-niepokalanej-mi\/","title":{"rendered":"Wizerunek Niepokalanej MI"},"content":{"rendered":"<div style=\"width: 300px;float: right;padding-left: 15px\">\n<p><img loading=\"lazy\" class=\"\" src=\"https:\/\/test4.mi-backup.ch\/wp-content\/uploads\/media\/Immaculata.jpg\" alt=\"\" width=\"300\" height=\"454\" \/><\/p>\n<p><img loading=\"lazy\" class=\"\" src=\"https:\/\/test4.mi-backup.ch\/wp-content\/uploads\/media\/Aktuelles\/2016\/Die_Erscheinung_an_Alphons_Ratisbonne.jpg\" alt=\"\" width=\"299\" height=\"421\" \/><\/p>\n<p><span style=\"font-family: tahoma,geneva,sans-serif\">Jeden z najs\u0142awniejszych cud\u00f3w XIX wieku, uczyniony przez NMP od Cudownego Medalika: 20 stycznia 1846 Matka Bo\u017ca objawi\u0142a si\u0119 \u017bydowi Alfonsowi Ratisbonne&#8217;owi i sprawi\u0142a, \u017ce w mgnieniu oka si\u0119 nawr\u00f3ci\u0142.<\/span><\/p>\n<\/div>\n<h3>Naj\u015bwi\u0119tsza Maryja Panna od Cudu<\/h3>\n<p>Alfons Ratisbonne (1814 \u2013 1884), francuski \u017cyd ze Strasburga, pochodzi\u0142 z bogatej rodziny bankier\u00f3w. Odnosi\u0142 si\u0119 z pogard\u0105 do religii katolickiej, na\u015bmiewa\u0142 si\u0119 z jej dogmat\u00f3w i praktyk, a tak\u017ce kpi\u0142 z Cudownego Medalika. Po uko\u0144czeniu studi\u00f3w prawniczych zar\u0119czy\u0142 si\u0119 z bogat\u0105 \u017cyd\u00f3wk\u0105. To wszystko zapowiada\u0142o mu pi\u0119kne, wype\u0142nione mi\u0142o\u015bci\u0105 i szcz\u0119\u015bciem \u017cycie.<\/p>\n<p>W listopadzie 1841 r. Alfons Ratisbonne wyruszy\u0142 w podr\u00f3\u017c po Europie. Od razu wykluczy\u0142 pobyt w Rzymie, poniewa\u017c nienawidzi\u0142 tego miasta, gdy\u017c by\u0142o siedzib\u0105 papie\u017ca. Jednak przybywszy do Neapolu, popychany przez nieznana mu si\u0142\u0119, kt\u00f3rej nie m\u00f3g\u0142 si\u0119 oprze\u0107, zmieni\u0142 swoje plany i kupi\u0142 bilet do Rzymu zamiast do Palermo!<\/p>\n<p>Po Rzymie oprowadza go baron Teodore de Bussieres, kt\u00f3ry przedstawia mu wiar\u0119 katolick\u0105 oraz obdarowuje go Cudownym Medalikiem. Pocz\u0105tkowo Ratisbonne nie chce si\u0119 zgodzi\u0107 na przyj\u0119cie medalika, a\u017c wreszcie, by pokaza\u0107, \u017ce nie przywi\u0105zuje do niego \u017cadnej wagi, pozwoli\u0142 go sobie zawiesi\u0107 na szyi.<\/p>\n<p>Baron prosi Alfonsa, by codziennie rano i wieczorem odmawia\u0142 modlitw\u0119\u00a0<em>Memore<\/em>\u00a0\u015bw. Bernarda. Ratisbonne ulega namowom barona Bussi\u00e8res, i by spe\u0142ni\u0107 jego pro\u015bb\u0119 przepisuje tekst modlitwy. Od tego czasu modlitwa ta tkwi w jego my\u015blach: \u201ePomnij, o najmi\u0142osierniejsza Panno Maryjo\u2026\u201d.<\/p>\n<p>Baron de Bussi\u00e8res prosi swoj\u0105 rodzin\u0119 oraz przyjaci\u00f3\u0142 o modlitw\u0119 w intencji nawr\u00f3cenia Alfonsa Ratisbonne\u2019a. Jednym z tych przyjaci\u00f3\u0142 jest hrabia Laferronays. Jest wielkim czcicielem Matki Bo\u017cej i w swoim \u017cyciu wielokrotnie do\u015bwiadcza\u0142 Jej pomocy. Nast\u0119pnego dnia hrabia Laferronays umiera. Baron ofiarowuje sw\u0105 pomoc rodzinie hrabiego przy przygotowaniu pogrzebu. 20 stycznia 1842 r. baron Teodor de Bussi\u00e8res nie towarzyszy Alfonsowi w zwiedzaniu Rzymu. Jednak spotyka go na Placu Hiszpa\u0144skim i prosi, by pojecha\u0142 z nim do ko\u015bcio\u0142a Sant\u2019 Andrea delle Fratte w celu ustalenia spraw zwi\u0105zanych z pogrzebem. Baron udaje si\u0119 do zakrystii, a Alfons czeka na niego w pustym ko\u015bciele. Nagle spostrzeg\u0142 w kaplicy \u015bw. Micha\u0142a Archanio\u0142a jak\u0105\u015b cudown\u0105 jasno\u015b\u0107. Ratisbonne opisuje to nastepuj\u0105co: \u201e\u2026ukaza\u0142a si\u0119 stoj\u0105ca na o\u0142tarzu du\u017ca, l\u015bni\u0105ca, pe\u0142na majestatu i s\u0142odyczy <strong>Naj\u015bwi\u0119tsza Panna, taka jaka jest na moim medaliku<\/strong>; si\u0142a nieprzeparta popchn\u0119\u0142a mnie ku Niej. Naj\u015bwi\u0119tsza Panna da\u0142a mi znak r\u0119k\u0105, bym ukl\u0105k\u0142. Zdawa\u0142a mi si\u0119 m\u00f3wi\u0107: Tak dobrze! Wcale do mnie nie m\u00f3wi\u0142a, ale ja wszystko rozumia\u0142em.\u201d<\/p>\n<p>Kiedy baron Bussieres wyszed\u0142 z zakrystii, ujrza\u0142 przyjaciela le\u017c\u0105cego krzy\u017cem na posadzce.\u00a0Ratisbonne \u015bciska\u0142 w r\u0119kach Medalik i krzykn\u0105\u0142: <em>Widzia\u0142em J\u0105! Upad\u0142em jako \u017cyd, powsta\u0142em jako chrze\u015bcijanin!<\/em>.<\/p>\n<p>Wkr\u00f3tce po tym Alfons Ratisbonne zosta\u0142 ochrzczony, przyjmuj\u0105c imi\u0119 Maryi. W 1847 roku wst\u0105pi\u0142 do Zakonu Jezuit\u00f3w i przyj\u0105\u0142 \u015bwi\u0119cenia kap\u0142a\u0144skie. P\u00f3\u017aniej za\u0142o\u017cy\u0142 Zgromadzenie Naj\u015bwi\u0119tszej Dziewicy Syjo\u0144skiej, kt\u00f3re po\u015bwi\u0119ci\u0142o si\u0119 nawracaniu \u017cyd\u00f3w na wiar\u0119 katolick\u0105; a\u017c do \u015bmierci prowadzi\u0142 dzia\u0142alno\u015b\u0107 misyjn\u0105 w Palestynie.<\/p>\n<p>Wiadomo\u015b\u0107 o nawr\u00f3ceniu Alfonsa Ratisbonne szybko rozesz\u0142a si\u0119 po ca\u0142ej Europie i wywo\u0142a\u0142a ogromne poruszenie. Papie\u017c Grzegorz XVI, po dog\u0142\u0119bnym zbadaniu sprawy przez specjaln\u0105 komisj\u0119, wyda\u0142 dekret potwierdzaj\u0105cy cudowne nawr\u00f3cenie Ratisbonne`a za prawdziwe dzia\u0142anie Bo\u017ce za wstawiennictwem Naj\u015bwi\u0119tszej Maryi Panny.<\/p>\n<p>Ko\u015bci\u00f3\u0142 Sant\u2019 Andrea delle Fratte w Rzymie dzi\u0119ki cudowi nawr\u00f3cenia sta\u0142 si\u0119 w kr\u00f3tkim czasie sanktuarium maryjnym. 18 stycznia 1848 r. o\u0142tarz, przy kt\u00f3rym ukaza\u0142a si\u0119 Matka Bo\u017ca, dotychczas po\u015bwi\u0119cony \u015bwi\u0119temu Micha\u0142owi Archanio\u0142owi, zosta\u0142 po\u015bwi\u0119cony Naj\u015bwi\u0119tszej Maryi Pannie od Cudownego Medalika. U Rzymian przyj\u0119\u0142o si\u0119 okre\u015blenie MADONNA DEL MIRACOLO \u2013 <em>Madonna od Cudu<\/em>. W ci\u0105gu kilku lat ko\u015bci\u00f3\u0142 sta\u0142 si\u0119 jednym z najbardziej znanych sanktuari\u00f3w maryjnych na ca\u0142ym \u015bwiecie. Wielu p\u00f3\u017aniejszych \u015bwi\u0119tych przybywa\u0142o do Rzymu, by pomodli\u0107 si\u0119 przy o\u0142tarzu, przy kt\u00f3rym objawi\u0142a si\u0119 Niepokalana czy te\u017c odprawi\u0107 Msz\u0119 \u015bw. : Jan Bosko, Teresa od Dzieci\u0105tka Jezus, Wincenty Pallotti, Alojzy Guanella i in. Jest jeszcze jeden \u015bwi\u0119ty, kt\u00f3ry w kontek\u015bcie cudu nawr\u00f3cenia powinien by\u0107 wymieniony &#8211; Maksymilian Maria Kolbe. Dzi\u0119ki historii Alfonsa Ratisbonne \u2013 75 lat p\u00f3\u017aniej \u2013 jeszcze jako seminarzysta otrzymuje <strong>pierwsz\u0105 inspiracj\u0119 do za\u0142o\u017cenia Rycerstwa Niepokalanej<\/strong>. (MI zostaje za\u0142o\u017cona 16.10.1917 r.) Rozmy\u015blaj\u0105c nad tym nawr\u00f3ceniem kleryk Maksymilian u\u015bwiadomi\u0142 sobie wielk\u0105 pot\u0119g\u0119 Matki Bo\u017cej, kt\u00f3ra swych najbardziej zaciek\u0142ych wrog\u00f3w potrafi zmienia\u0107 na wierne s\u0142ugi. 29 kwietnia 1918 odprawi\u0142 swoja pierwsz\u0105 Msz\u0119 \u015bw. przy o\u0142tarzu, przy kt\u00f3rym objawi\u0142a si\u0119 Niepokalana i wyprosi\u0142 w spos\u00f3b szczeg\u00f3lny od Niebia\u0144skiej Matki obfite b\u0142ogos\u0142awie\u0144stwo dla MI.<\/p>\n<p>&nbsp;<\/p>\n","protected":false},"excerpt":{"rendered":"<p>Jeden z najs\u0142awniejszych cud\u00f3w XIX wieku, uczyniony przez NMP od Cudownego Medalika: 20 stycznia 1846 Matka Bo\u017ca objawi\u0142a si\u0119 \u017bydowi Alfonsowi Ratisbonne&#8217;owi i sprawi\u0142a, \u017ce w mgnieniu oka si\u0119 nawr\u00f3ci\u0142. Naj\u015bwi\u0119tsza Maryja Panna od Cudu Alfons Ratisbonne (1814 \u2013 1884), francuski \u017cyd ze Strasburga, pochodzi\u0142 z bogatej rodziny bankier\u00f3w. Odnosi\u0142<a class=\"more-link\" href=\"https:\/\/test4.mi-backup.ch\/pl\/wizerunek-niepokalanej-mi\/\">Czytaj dalej &rarr;<\/a><\/p>\n","protected":false},"author":9,"featured_media":0,"parent":0,"menu_order":0,"comment_status":"closed","ping_status":"closed","template":"","meta":[],"_links":{"self":[{"href":"https:\/\/test4.mi-backup.ch\/pl\/wp-json\/wp\/v2\/pages\/7093"}],"collection":[{"href":"https:\/\/test4.mi-backup.ch\/pl\/wp-json\/wp\/v2\/pages"}],"about":[{"href":"https:\/\/test4.mi-backup.ch\/pl\/wp-json\/wp\/v2\/types\/page"}],"author":[{"embeddable":true,"href":"https:\/\/test4.mi-backup.ch\/pl\/wp-json\/wp\/v2\/users\/9"}],"replies":[{"embeddable":true,"href":"https:\/\/test4.mi-backup.ch\/pl\/wp-json\/wp\/v2\/comments?post=7093"}],"version-history":[{"count":4,"href":"https:\/\/test4.mi-backup.ch\/pl\/wp-json\/wp\/v2\/pages\/7093\/revisions"}],"predecessor-version":[{"id":7782,"href":"https:\/\/test4.mi-backup.ch\/pl\/wp-json\/wp\/v2\/pages\/7093\/revisions\/7782"}],"wp:attachment":[{"href":"https:\/\/test4.mi-backup.ch\/pl\/wp-json\/wp\/v2\/media?parent=7093"}],"curies":[{"name":"wp","href":"https:\/\/api.w.org\/{rel}","templated":true}]}}