{"id":7094,"date":"2017-10-27T22:12:10","date_gmt":"2017-10-27T20:12:10","guid":{"rendered":"https:\/\/test4.mi-backup.ch\/?page_id=7094"},"modified":"2018-12-09T11:22:10","modified_gmt":"2018-12-09T10:22:10","slug":"szkaplerz","status":"publish","type":"page","link":"https:\/\/test4.mi-backup.ch\/pl\/szkaplerz\/","title":{"rendered":"Szkaplerz"},"content":{"rendered":"<h3>Ochronny p\u0142aszcz Maryi<\/h3>\n<blockquote><p>\u201eNaj\u015bwi\u0119tsza Maryja Panna obiecuje nosz\u0105cym Szkaplerz dost\u0105pienie \u017cycia wiecznego. To najwi\u0119ksza ze wszystkich \u0142ask.\u201d<\/p>\n<p><em>Papie\u017c Pius XII<\/em><\/p><\/blockquote>\n<h3><strong>Pocz\u0105tki Szkaplerza z G\u00f3ry Karmel<\/strong><\/h3>\n<figure style=\"width: 250px\" class=\"wp-caption alignright\"><img loading=\"lazy\" src=\"https:\/\/test4.mi-backup.ch\/wp-content\/uploads\/media\/Favorit_innen_(Copy).jpg\" alt=\"\" width=\"250\" height=\"336\" border=\"1\" hspace=\"5\" vspace=\"5\" \/><figcaption class=\"wp-caption-text\">Maryja wr\u0119cza Szkaplerz \u015bw. Szymonowi Stockowi 16 lipca 1251 r.<\/figcaption><\/figure>\n<p>W dniu 16 lipca 1251 roku Naj\u015bwi\u0119tsza Maryja Panna objawi\u0142a si\u0119 \u015bw. Szymonowi Stockowi, genera\u0142owi Zakonu Karmelita\u0144skiego, z szkaplerzem w r\u0119ku i powiedzia\u0142a: <strong>\u201ePrzyjmij, najmilszy synu, Szkaplerz twojego Zakonu. Kto w nim umrze, nie dozna ognia piekielnego. Oto znak zbawienia, ratunek w niebezpiecze\u0144stwach i przymierze pokoju.\u201d<\/strong><\/p>\n<p>Zakon Karmelita\u0144ski powsta\u0142 w XII wieku na G\u00f3rze Karmel w Ziemi \u015awi\u0119tej. Wed\u0142ug tradycji Maryja z dzieci\u0105tkiem Jezus pielgrzymowa\u0142a na t\u0119 g\u00f3r\u0119. Jednak ju\u017c w Starym Testamencie ta g\u00f3ra nad Morzem \u015ar\u00f3dziemnym by\u0142a zwi\u0105zana z Maryj\u0105. Kiedy prorok Eliasz po trzyletniej suszy modli\u0142 si\u0119 o deszcz, nad morzem podni\u00f3s\u0142 si\u0119 ma\u0142y ob\u0142ok, kt\u00f3ry stawa\u0142 si\u0119 coraz wi\u0119kszy i w ko\u0144cu przyni\u00f3s\u0142 wyczekiwany deszcz. Eliasz ujrza\u0142 w tym znak przepowiadaj\u0105cy Dziewic\u0119 przynosz\u0105c\u0105 wyczekiwanego Zbawiciela. Od tego momentu na G\u00f3rze Karmel mo\u017cna by\u0142o spotka\u0107 pustelnik\u00f3w modl\u0105cych si\u0119 o przyj\u015bcie Zbawiciela. Z tego powodu Zakon Karmelita\u0144ski cieszy si\u0119 szczeg\u00f3ln\u0105 ochron\u0105 Maryi.<\/p>\n<h3>Obietnice Szkaplerza<\/h3>\n<p style=\"text-align: left\">To jest nam obiecane, je\u015bli wiernie b\u0119dziemy nosi\u0107 Szkaplerz:<\/p>\n<p style=\"text-align: center\"><strong>Maryja chroni nas przed niebezpiecze\u0144stwem.<br \/>\nMaryja obiecuje nam ratunek.<br \/>\nMaryja przychodzi nam z pomoc\u0105 w czy\u015b\u0107cu.<\/strong><\/p>\n<p>Ko\u015bci\u00f3\u0142 Katolicki uzna\u0142 ten dar Maryi i podni\u00f3s\u0142 go do rangi sakramentali\u00f3w dla wiernych. Niebo potwierdzi\u0142o je przez liczne cuda nawr\u00f3cenia i przez ochron\u0119 podczas wielkich niebezpiecze\u0144stw dla cia\u0142a i duszy.<br \/>\nSzkaplerz jest znakiem przynale\u017cno\u015bci i naszej mi\u0142o\u015bci do naszej Matki w Niebie. Mo\u017cemy ufa\u0107, \u017ce przez Szkaplerz daje nam\u00a0Ona \u0142ask\u0119 nawr\u00f3cenia lub \u0142ask\u0119 wytrwa\u0142o\u015bci a\u017c do ko\u0144ca i tym sposobem otworzy nam bram\u0119 do Nieba. Jednak bez postanowienia p\u00f3j\u015bcia drog\u0105 przykaza\u0144 Bo\u017cych i cn\u00f3t, noszenie Szaty Maryi by\u0142oby zuchwalstwem.<\/p>\n<h3>Przywilej sobotni<\/h3>\n<figure style=\"width: 250px\" class=\"wp-caption alignright\"><img loading=\"lazy\" src=\"https:\/\/test4.mi-backup.ch\/wp-content\/uploads\/media\/elie-terry-nelson_(Copy).jpg\" alt=\"\" width=\"250\" height=\"320\" border=\"1\" hspace=\"5\" vspace=\"5\" \/><figcaption class=\"wp-caption-text\">Prorok Eliasz w wyczekiwanym ob\u0142oku ujrza\u0142 przyj\u015bcie Mesjasza przez Maryj\u0119 Dziewic\u0119..<\/figcaption><\/figure>\n<p>Prorok Eliasz w wyczekiwanym ob\u0142oku ujrza\u0142 przyj\u015bcie Mesjasza przez Maryj\u0119 Dziewic\u0119.<br \/>\nW 1317 roku Maryja Dziewica ukaza\u0142a si\u0119 Papie\u017cowi Janowi XXII i obieca\u0142a mu, \u017ce ci, kt\u00f3rzy nosz\u0105 z wiar\u0105 Jej szkaplerz, b\u0119d\u0105 uwolnieni z czy\u015b\u0107ca w pierwsz\u0105 sobot\u0119 po \u015bmierci.<br \/>\nR\u00f3wnie\u017c ten przywilej naszej Matki w Niebie zosta\u0142 potwierdzony przez papie\u017cy a\u017c do naszych czas\u00f3w.<\/p>\n<h3>Warunki<\/h3>\n<p>Szkaplerz sk\u0142ada si\u0119 z dw\u00f3ch br\u0105zowych czworok\u0105tnych cz\u0119\u015bci tkanej we\u0142ny powi\u0105zanych dwiema ta\u015bmami, kt\u00f3ry w ten spos\u00f3b mo\u017cna nosi\u0107 na klatce piersiowej i na plecach. Pierwsze na\u0142o\u017cenie musi by\u0107 uczynione przez kap\u0142ana i poprzedzone modlitw\u0105 z Rytua\u0142u Rzymskiego. Przez t\u0119 ceremoni\u0119 przyjmuj\u0105cy szkaplerz stanie si\u0119 cz\u0142onkiem Bractwa Szkaplerznego i ma udzia\u0142 w duchowych dobrach Zakonu Karmelita\u0144skiego. Kiedy szkaplerz ulegnie zniszczeniu, mo\u017cna samemu na\u0142o\u017cy\u0107 nowy, a zwi\u0105zane z nim b\u0142ogos\u0142awie\u0144stwo zostanie zawsze przeniesione.<br \/>\nDo uzyskania przywileju sobotniego, poza samym noszeniem musz\u0105 by\u0107 spe\u0142nione nast\u0119puj\u0105ce obowi\u0105zki:<br \/>\n1. Zachowanie czysto\u015b\u0107 wed\u0142ug stanu.<br \/>\n2. Codzienna modlitwa Ma\u0142ego Oficjum ku Czci Naj\u015bwi\u0119tszej Maryi Panny lub post od mi\u0119sa w \u015brody i soboty. Ka\u017cdy kap\u0142an mo\u017ce zamieni\u0107 ten obowi\u0105zek, o ile istniej\u0105 ku temu powody, na inne dobre uczynki, np. codzienn\u0105 modlitw\u0119 r\u00f3\u017ca\u0144cow\u0105.<br \/>\nNiekatolicy r\u00f3wnie\u017c mog\u0105 otrzyma\u0107 szkaplerz, jednak nie mog\u0105 oni by\u0107 w\u0142\u0105czeni przez ceremoni\u0119 na\u0142o\u017cenia do Bractwa Szkaplerznego. Zatem nie dotycz\u0105 ich obietnice. Jednak mo\u017cemy mie\u0107 ufno\u015b\u0107, \u017ce i oni, udaj\u0105c si\u0119 pod ochronny p\u0142aszcz Maryi, otrzymaj\u0105 od Niej \u0142ask\u0119 nawr\u00f3cenia, co mo\u017cna dowie\u015b\u0107 licznymi przyk\u0142adami.<br \/>\nW przypadku szczeg\u00f3lnej konieczno\u015bci osoba \u015bwiecka mo\u017ce na\u0142o\u017cy\u0107 sobie lub innej osobie po\u015bwi\u0119cony szkaplerz, odmawiaj\u0105c przy tym modlitw\u0119 do Maryi.<\/p>\n<h3>Medalik Szkaplerzny<\/h3>\n<figure style=\"width: 250px\" class=\"wp-caption alignright\"><img loading=\"lazy\" src=\"https:\/\/test4.mi-backup.ch\/wp-content\/uploads\/media\/MadonnadelCarmeloSaluzzoCN_2107285723_(Copy).jpeg\" alt=\"\" width=\"250\" height=\"333\" align=\"top\" border=\"1\" hspace=\"5\" vspace=\"5\" \/><figcaption class=\"wp-caption-text\">Nasza Naj\u015bwi\u0119tsza Panienka z G\u00f3ry Karmel, Saluzzo, W\u0142ochy<\/figcaption><\/figure>\n<p>Na pro\u015bb\u0119 misjonarzy papie\u017c Pius X dekretem \u015awi\u0119tego Oficjum z 16 grudnia 1910 zezwoli\u0142, \u017ceby szkaplerz po na\u0142o\u017ceniu m\u00f3g\u0142 by\u0107 zast\u0105piony przez medalik szkaplerzny. Mo\u017ce to nast\u0105pi\u0107 jedynie tylko ze wzgl\u0119du na klimat w krajach misyjnych albo mo\u017ce dotyczy\u0107 os\u00f3b, kt\u00f3re z wa\u017cnych przyczyn nie mog\u0105 nosi\u0107 szkaplerza z materia\u0142u (np. ci\u0119\u017cka praca fizyczna). W tym samym dekrecie zaznaczy\u0142 stanowczo, \u017ceby nie odst\u0119powa\u0107 od szkaplerza z materia\u0142u i powiedzia\u0142: \u201eJa nosz\u0119 szkaplerz z materia\u0142u. Nigdy go nie \u015bci\u0105gajmy.\u201d<br \/>\nTo samo potwierdzi\u0142 Papie\u017c Benedykt XV, udzielaj\u0105c 500 dni odpustu za poca\u0142owanie szkaplerza z materia\u0142u. Sta\u0142e noszenie medalika zamiast szkaplerza tylko dla wygody albo ze wstydu ogranicza \u0142aski, kt\u00f3re mo\u017cemy uzyska\u0107 poprzez szkaplerz. Medalik nie jest szat\u0105 i nie ma symboliki okrycia p\u0142aszczem Maryi.<\/p>\n<h3>Fatima i Szkaplerz<\/h3>\n<p>Dnia 13 pa\u017adziernika 1917 roku Maryja ukaza\u0142a si\u0119 w ostatnim objawieniu w Fatimie jako nasza Naj\u015bwi\u0119tsza Panienka z G\u00f3ry Karmel ze szkaplerzem w d\u0142oni. Siostra \u0141ucja, jedna z wizjoner\u00f3w, powiedzia\u0142a p\u00f3\u017aniej:<br \/>\n<strong>\u201eMaryja \u017cyczy sobie, \u017ceby wszyscy wierni nosili Szkaplerz!\u201d<\/strong><br \/>\nPapie\u017c Pius XII interpretowa\u0142 to nast\u0119puj\u0105co: \u201eNosz\u0105cy Szkaplerz niech widz\u0105 w tej szacie wyraz po\u015bwi\u0119cenia si\u0119 Niepokalanemu Sercu Maryi, co \u017cywotnie wskazali\u015bmy.\u201d<\/p>\n<hr \/>\n<p><span style=\"font-family: Verdana\"> <img loading=\"lazy\" class=\"alignright\" src=\"https:\/\/test4.mi-backup.ch\/wp-content\/uploads\/media\/Apostolat\/Flyer_Skapulier_Sarto.jpg\" alt=\"\" width=\"250\" height=\"341\" hspace=\"5\" vspace=\"5\" \/> <\/span><\/p>\n<h3>A czy Ty nosisz ju\u017c Szkaplerz?<\/h3>\n<p>Korzystaj z tego wyj\u0105tkowego daru \u0142aski Maryi i pozw\u00f3l, \u017ceby kap\u0142an modlitw\u0105 z Rytua\u0142u Rzymskiego na\u0142o\u017cy\u0142 Ci szkaplerz!<br \/>\nObchodzone 16 lipca \u015bwi\u0119to Matki Bo\u017cej Szkaplerznej jest pi\u0119knym dniem do na\u0142o\u017cenia szkaplerza.<\/p>\n","protected":false},"excerpt":{"rendered":"<p>Ochronny p\u0142aszcz Maryi \u201eNaj\u015bwi\u0119tsza Maryja Panna obiecuje nosz\u0105cym Szkaplerz dost\u0105pienie \u017cycia wiecznego. To najwi\u0119ksza ze wszystkich \u0142ask.\u201d Papie\u017c Pius XII Pocz\u0105tki Szkaplerza z G\u00f3ry Karmel W dniu 16 lipca 1251 roku Naj\u015bwi\u0119tsza Maryja Panna objawi\u0142a si\u0119 \u015bw. Szymonowi Stockowi, genera\u0142owi Zakonu Karmelita\u0144skiego, z szkaplerzem w r\u0119ku i powiedzia\u0142a: \u201ePrzyjmij, najmilszy<a class=\"more-link\" href=\"https:\/\/test4.mi-backup.ch\/pl\/szkaplerz\/\">Czytaj dalej &rarr;<\/a><\/p>\n","protected":false},"author":9,"featured_media":0,"parent":0,"menu_order":0,"comment_status":"closed","ping_status":"closed","template":"","meta":[],"_links":{"self":[{"href":"https:\/\/test4.mi-backup.ch\/pl\/wp-json\/wp\/v2\/pages\/7094"}],"collection":[{"href":"https:\/\/test4.mi-backup.ch\/pl\/wp-json\/wp\/v2\/pages"}],"about":[{"href":"https:\/\/test4.mi-backup.ch\/pl\/wp-json\/wp\/v2\/types\/page"}],"author":[{"embeddable":true,"href":"https:\/\/test4.mi-backup.ch\/pl\/wp-json\/wp\/v2\/users\/9"}],"replies":[{"embeddable":true,"href":"https:\/\/test4.mi-backup.ch\/pl\/wp-json\/wp\/v2\/comments?post=7094"}],"version-history":[{"count":10,"href":"https:\/\/test4.mi-backup.ch\/pl\/wp-json\/wp\/v2\/pages\/7094\/revisions"}],"predecessor-version":[{"id":14598,"href":"https:\/\/test4.mi-backup.ch\/pl\/wp-json\/wp\/v2\/pages\/7094\/revisions\/14598"}],"wp:attachment":[{"href":"https:\/\/test4.mi-backup.ch\/pl\/wp-json\/wp\/v2\/media?parent=7094"}],"curies":[{"name":"wp","href":"https:\/\/api.w.org\/{rel}","templated":true}]}}