{"id":7095,"date":"2017-10-29T12:53:01","date_gmt":"2017-10-29T11:53:01","guid":{"rendered":"https:\/\/test4.mi-backup.ch\/?page_id=7095"},"modified":"2017-10-29T12:53:01","modified_gmt":"2017-10-29T11:53:01","slug":"rozaniec","status":"publish","type":"page","link":"https:\/\/test4.mi-backup.ch\/pl\/rozaniec\/","title":{"rendered":"R\u00f3\u017caniec"},"content":{"rendered":"<blockquote><p>\u201eR\u00f3\u017caniec to \u0142a\u0144cuch, kt\u00f3ry unosi nas do Boga i z nim wi\u0105\u017ce.\u201d<br \/>\n<em>Siostra \u0141ucja z Fatimy<\/em><\/p><\/blockquote>\n<figure style=\"width: 250px\" class=\"wp-caption alignright\"><img loading=\"lazy\" src=\"https:\/\/test4.mi-backup.ch\/wp-content\/uploads\/media\/Fatima.jpg\" width=\"250\" height=\"319\" align=\"top\" border=\"1\" hspace=\"5\" vspace=\"5\" \/><figcaption class=\"wp-caption-text\">Matka Bo\u017ca Fatimska \u2013 Kr\u00f3lowa R\u00f3\u017ca\u0144ca \u015awi\u0119tego<\/figcaption><\/figure>\n<p>R\u00f3\u017caniec jest niezb\u0119dny! To niebiosa chc\u0105, by go odmawia\u0107! Podczas wszystkich objawie\u0144 fatimskich Maryja prosi\u0142a o codzienn\u0105 modlitw\u0119 r\u00f3\u017ca\u0144cow\u0105, a w ostatnim \u2013 13 pa\u017adziernika 1917 r. \u2013 przedstawi\u0142a si\u0119 jako Kr\u00f3lowa R\u00f3\u017ca\u0144ca \u015awi\u0119tego.<\/p>\n<p>Siostra \u0141ucja, jedna z tr\u00f3jki dzieci, kt\u00f3rym objawia\u0142a si\u0119 Matka Bo\u017ca, m\u00f3wi\u0142a potem ojcu Fuentesowi:<\/p>\n<blockquote>\n<p style=\"text-align: left\">\u201eMaryja powiedzia\u0142a do mnie i moich kuzyn\u00f3w, \u017ce daje \u015bwiatu ostatni\u0105 desk\u0119 ratunku: r\u00f3\u017caniec i nabo\u017ce\u0144stwo do Niepokalanego Serca Maryi. I s\u0105 to ostatnie \u015brodki do osi\u0105gni\u0119cia zbawienia, co oznacza, \u017ce innych nie b\u0119dzie. B\u00f3g ofiaruje nam ostatni\u0105 drog\u0119 do zbawienia: w\u0142asn\u0105 Matk\u0119 Naj\u015bwi\u0119tsz\u0105. Je\u015bli j\u0105 odrzucimy, nie dost\u0105pimy ju\u017c przebaczenia niebios. Ot\u00f3\u017c, ojcze, Matka Bo\u017ca nada\u0142a modlitwie r\u00f3\u017ca\u0144cowej w tych czasach ostatecznych, w kt\u00f3rych \u017cyjemy, nowe znaczenie. Dlatego nie ma takiego problemu, czy to doczesnego, czy, przede wszystkim, duchowego [\u2026], jakkolwiek trudnego, kt\u00f3rego nie da\u0142oby si\u0119 rozwi\u0105za\u0107, odmawiaj\u0105c r\u00f3\u017caniec. Dzi\u0119ki r\u00f3\u017ca\u0144cowi ocalimy samych siebie, b\u0119dziemy si\u0119 u\u015bwi\u0119ca\u0107, pociesza\u0107 naszego Pana i doprowadzimy wiele dusz do zbawienia.\u201d<\/p>\n<\/blockquote>\n<p>Ta wypowied\u017a mo\u017ce si\u0119 wydawa\u0107 nazbyt \u015bmia\u0142a, ale taka nie jest. B\u00f3g mianowicie ch\u0119tnie wykorzystuje niepozorne i skromne \u015brodki, aby czyni\u0107 wielkie rzeczy: \u201eA md\u0142e \u015bwiata B\u00f3g wybra\u0142, aby zawstydzi\u0142 mocne\u201d (1 Kor 1,27).<\/p>\n<p>Pozw\u00f3lmy s. \u0141ucji opisa\u0107 jeszcze dok\u0142adniej warto\u015b\u0107 r\u00f3\u017ca\u0144ca:<\/p>\n<h3>1) R\u00f3\u017caniec jest najlepsz\u0105 ochron\u0105 przed b\u0142\u0119dem<\/h3>\n<figure style=\"width: 250px\" class=\"wp-caption alignright\"><img loading=\"lazy\" src=\"https:\/\/test4.mi-backup.ch\/wp-content\/uploads\/media\/Fatima_children_with_rosaries.jpg\" width=\"250\" height=\"160\" align=\"top\" border=\"1\" hspace=\"5\" vspace=\"5\" \/><figcaption class=\"wp-caption-text\">Trzej wizjonerzy: Hiacynta, \u0141ucja i Franciszek<\/figcaption><\/figure>\n<p>\u201eOdmawiajmy codziennie r\u00f3\u017caniec! Matka Bo\u017ca powtarza\u0142a to podczas wszystkich objawie\u0144, aby chroni\u0107 nas zawczasu przed tymi czasami diabelskiego zam\u0119tu, by\u015bmy nie dali si\u0119 zwie\u015b\u0107 fa\u0142szywymi naukami. [\u2026] Diabelski zam\u0119t ogarnia \u015bwiat i zwodzi dusze. Nale\u017cy stawi\u0107 mu czo\u0142a.\u201d<\/p>\n<h3>2) R\u00f3\u017caniec utrzymuje i \u017cywi wiar\u0119<\/h3>\n<p>\u201ePoprzez t\u0119 modlitw\u0119 na nowo roznieca si\u0119 p\u0142omyk wiary, kt\u00f3ry jeszcze tli w wielu duszach. Dzieje si\u0119 tak nawet u tych, kt\u00f3rzy nie modl\u0105 si\u0119 zbyt uwa\u017cnie. Ju\u017c sam fakt wzi\u0119cia r\u00f3\u017ca\u0144ca do r\u0119ki \u015bwiadczy o tym, \u017ce pami\u0119ta si\u0119 o Bogu, o tym, co nadprzyrodzone. Zaledwie wspomnienie tajemnicy podczas wymawiania ka\u017cdego kr\u00f3tkiego zdania jest czym\u015b wi\u0119cej ni\u017c promieniem, kt\u00f3ry utrzymuje \u00abkurz\u0105cy si\u0119 len\u00bb (Iz 42, 3).\u201d<\/p>\n<h3>3) R\u00f3\u017caniec prowadzi do zjednoczenia z Bogiem<\/h3>\n<figure style=\"width: 250px\" class=\"wp-caption alignright\"><img loading=\"lazy\" src=\"https:\/\/test4.mi-backup.ch\/wp-content\/uploads\/media\/lucia-impostor-1949.jpg\" width=\"250\" height=\"333\" align=\"top\" border=\"1\" hspace=\"5\" vspace=\"5\" \/><figcaption class=\"wp-caption-text\">Siostra \u0141ucja<\/figcaption><\/figure>\n<p>\u201eModlitwa r\u00f3\u017ca\u0144cowa, zaraz po liturgii Mszy \u015awi\u0119tej, najpe\u0142niej jednoczy nas z Bogiem i najlepiej wprowadza w najg\u0142\u0119bsz\u0105 tajemnic\u0119 Tr\u00f3jcy Przenaj\u015bwi\u0119tszej i Eucharystii. [\u2026] R\u00f3\u017caniec to modlitwa ludzi biednych i bogatych, uczonych i prostych. Ten, kto odbiera duszom to nabo\u017ce\u0144stwo, pozbawia je duchowego chleba powszedniego.\u201d<\/p>\n","protected":false},"excerpt":{"rendered":"<p>\u201eR\u00f3\u017caniec to \u0142a\u0144cuch, kt\u00f3ry unosi nas do Boga i z nim wi\u0105\u017ce.\u201d Siostra \u0141ucja z Fatimy R\u00f3\u017caniec jest niezb\u0119dny! To niebiosa chc\u0105, by go odmawia\u0107! Podczas wszystkich objawie\u0144 fatimskich Maryja prosi\u0142a o codzienn\u0105 modlitw\u0119 r\u00f3\u017ca\u0144cow\u0105, a w ostatnim \u2013 13 pa\u017adziernika 1917 r. \u2013 przedstawi\u0142a si\u0119 jako Kr\u00f3lowa R\u00f3\u017ca\u0144ca \u015awi\u0119tego.<a class=\"more-link\" href=\"https:\/\/test4.mi-backup.ch\/pl\/rozaniec\/\">Czytaj dalej &rarr;<\/a><\/p>\n","protected":false},"author":9,"featured_media":31853,"parent":0,"menu_order":0,"comment_status":"closed","ping_status":"closed","template":"","meta":[],"_links":{"self":[{"href":"https:\/\/test4.mi-backup.ch\/pl\/wp-json\/wp\/v2\/pages\/7095"}],"collection":[{"href":"https:\/\/test4.mi-backup.ch\/pl\/wp-json\/wp\/v2\/pages"}],"about":[{"href":"https:\/\/test4.mi-backup.ch\/pl\/wp-json\/wp\/v2\/types\/page"}],"author":[{"embeddable":true,"href":"https:\/\/test4.mi-backup.ch\/pl\/wp-json\/wp\/v2\/users\/9"}],"replies":[{"embeddable":true,"href":"https:\/\/test4.mi-backup.ch\/pl\/wp-json\/wp\/v2\/comments?post=7095"}],"version-history":[{"count":3,"href":"https:\/\/test4.mi-backup.ch\/pl\/wp-json\/wp\/v2\/pages\/7095\/revisions"}],"predecessor-version":[{"id":7762,"href":"https:\/\/test4.mi-backup.ch\/pl\/wp-json\/wp\/v2\/pages\/7095\/revisions\/7762"}],"wp:featuredmedia":[{"embeddable":true,"href":"https:\/\/test4.mi-backup.ch\/pl\/wp-json\/wp\/v2\/media\/31853"}],"wp:attachment":[{"href":"https:\/\/test4.mi-backup.ch\/pl\/wp-json\/wp\/v2\/media?parent=7095"}],"curies":[{"name":"wp","href":"https:\/\/api.w.org\/{rel}","templated":true}]}}