{"id":7096,"date":"2017-10-23T12:35:40","date_gmt":"2017-10-23T10:35:40","guid":{"rendered":"https:\/\/test4.mi-backup.ch\/?page_id=7096"},"modified":"2018-11-25T13:53:06","modified_gmt":"2018-11-25T12:53:06","slug":"wezwanie-niepokalanej","status":"publish","type":"page","link":"https:\/\/test4.mi-backup.ch\/pl\/wezwanie-niepokalanej\/","title":{"rendered":"Wezwanie Niepokalanej"},"content":{"rendered":"<figure style=\"width: 200px\" class=\"wp-caption alignright\"><img loading=\"lazy\" src=\"https:\/\/test4.mi-backup.ch\/wp-content\/uploads\/media\/Mary_serpent.jpg\" width=\"200\" height=\"302\" align=\"top\" border=\"1\" hspace=\"5\" vspace=\"5\" \/><figcaption class=\"wp-caption-text\">Maryja pokonuje Smoka &#8211; krzy\u017cem<\/figcaption><\/figure>\n<p>Matka Boska Fatimska nazywa czasy wsp\u00f3\u0142czesne epok\u0105 \u201edecyduj\u0105cej bitwy\u201d. Ofiaruj\u0105c Swoje Niepokalane Serce jako \u201eucieczk\u0119\u201d, daje \u015bwiatu \u015brodek do tego, by zwyci\u0119\u017cy\u0107 pokus\u0119 porzucenia wiary.<\/p>\n<p>Bez tego \u015brodka ludzko\u015b\u0107 by\u0142aby ca\u0142kiem bezsilna wobec \u201ediabelskiej fali przetaczaj\u0105cej si\u0119 przez \u015bwiat\u201d.<\/p>\n<p>W r\u00f3\u017cnych objawieniach (np.\u00a0w\u00a0La Salette) i\u00a0w\u00a0pismach \u015bwi\u0119tych (np.\u00a0\u015bw.\u00a0Ludwik Maria Grignion de Montfort) wskazuje na \u015brodek zaradczy wsp\u00f3\u0142czesnego kryzysu:\u00a0<em>Powo\u0142am ma\u0142\u0105 armi\u0119 wiernych \u201eaposto\u0142\u00f3w Jezusa i Maryi\u201d, kt\u00f3ra z moj\u0105 pomoc\u0105 zwyci\u0119\u017cy.<\/em><\/p>\n<p>Realizacja tego celu przy\u015bwieca\u0142a \u015bw. Maksymilianowi, gdy w\u00a01917\u00a0r. zak\u0142ada\u0142 ruch Rycerstwa Niepokalanej \u2014 Militia Immaculatae (w\u00a0skr\u00f3cie MI).<\/p>\n<h3>Wizja i nauczanie\u00a0\u015bw. Maksymiliana<\/h3>\n<p>\u015awi\u0119ty Maksymilian Maria Kolbe, wiedziony trosk\u0105 o\u00a0dusze ludzkie, podj\u0105\u0142 walk\u0119 z\u00a0coraz aktywniejszymi wrogami Ko\u015bcio\u0142a katolickiego. Wiedzia\u0142, \u017ce B\u00f3g tylko jednej Osobie obieca\u0142, \u017ce zetrze g\u0142ow\u0119 szatana. Jednej tylko Niewie\u015bcie przyrzeczona zosta\u0142a moc do pokonania wszystkich herezji, na ca\u0142ym \u015bwiecie. Tylko Naj\u015bwi\u0119tsza Maryja Panna prowadzi w\u00a0skuteczny spos\u00f3b a\u017c do niew\u0105tpliwego zwyci\u0119stwa.<\/p>\n<p>Statuty Milicji Niepokalanej ju\u017c w\u00a0pierwszym zdaniu pokazuj\u0105 natur\u0119 tej walki: \u201eOna zetrze g\u0142ow\u0119 twoj\u0105\u201d. Jest to pierwsza i\u00a0jedyna, raz na zawsze wypowiedziana wojna nieba przeciw piek\u0142u. Je\u015bli walczy Niepokalana, to walczy\u0107 te\u017c musz\u0105 jej rycerze, s\u0142udzy, niewolnicy. To Ona ma kierowa\u0107 ich \u017cyciem i\u00a0dzia\u0142aniami. \u015awi\u0119ty Maksymilian nazwa\u0142 za\u0142o\u017cone przez siebie dzie\u0142o mianem \u201eMilitia\u201d, co mo\u017cna przet\u0142umaczy\u0107 jako: \u201emilicja\u201d, \u201erycerstwo\u201d, \u201earmia\u201d. Rycerz ze swej natury nale\u017cy do elitarnej formacji, do gwardii przybocznej. MI wyst\u0119puje zawsze u boku Niepokalanej. To w\u0142a\u015bnie tym duchem walki i\u00a0misj\u0105 zachwyci\u0142y si\u0119 w\u00a0pierwszej po\u0142owie XX\u00a0wieku miliony ludzi, kt\u00f3rzy zaci\u0105gn\u0119li si\u0119 pod sztandar Niepokalanej w\u00a0Polsce i\u00a0na ca\u0142ym \u015bwiecie.<\/p>\n<h3>Aktualno\u015b\u0107 MI dzi\u015b<\/h3>\n<figure style=\"width: 200px\" class=\"wp-caption alignright\"><img loading=\"lazy\" src=\"https:\/\/test4.mi-backup.ch\/wp-content\/uploads\/media\/Erstes_Heft_kolbe.jpg\" width=\"200\" height=\"300\" align=\"top\" border=\"1\" hspace=\"5\" vspace=\"5\" \/><figcaption class=\"wp-caption-text\">Pierwsze wydanie czasopisma \u201eRycerz Niepokalanej\u201d \u015bw. Maksymiliana<\/figcaption><\/figure>\n<p>Za\u0142o\u017cyciel Rycerstwa nie mia\u0142 w\u0105tpliwo\u015bci, \u017ce b\u0142\u0119dne doktryny i\u00a0fa\u0142szywe religie s\u0105 \u015bmierteln\u0105 trucizn\u0105 dla dusz, poniewa\u017c zaciemniaj\u0105 ludzki rozum, fa\u0142szuj\u0105 logiczne my\u015blenie i\u00a0odcinaj\u0105 od \u017ar\u00f3d\u0142a \u0142aski.<\/p>\n<p>Rycerze, oddaj\u0105c si\u0119 Niepokalanej jako narz\u0119dzia w\u00a0Jej r\u0119kach, mieli \u201epromieniowa\u0107 Niepokalan\u0105\u201d i\u00a0wszystkimi godziwymi \u015brodkami stara\u0107 si\u0119 o\u00a0nawr\u00f3cenie grzesznik\u00f3w, heretyk\u00f3w i\u00a0schizmatyk\u00f3w.<\/p>\n<p>Podobnie jak sto lat temu, tak i\u00a0dzi\u015b, katolik powinien by\u0107 przepe\u0142niony duchem walki, w\u00a0przeciwnym razie przepadnie w\u00a0marazmie tego \u015bwiata. A\u00a0poniewa\u017c wr\u00f3g wywiera sw\u00f3j wp\u0142yw w\u00a0niewidzialny, nieuchwytny spos\u00f3b, sta\u0142 si\u0119 bardzo niebezpieczny.<\/p>\n<p>Istnieje wiele czynnik\u00f3w, kt\u00f3re w\u00a0negatywny spos\u00f3b oddzia\u0142ywaj\u0105 na nas i\u00a0naszych bliskich, a\u00a0szczeg\u00f3lnie dzieci. Zabiegi manipulacyjne stosowane w\u00a0mediach, upowszechnienie agresji, wszechobecne reklamy wp\u0142ywaj\u0105ce na nasz\u0105 pod\u015bwiadomo\u015b\u0107, promocja fa\u0142szywych ideologii lewicowych w\u00a0szko\u0142ach i\u00a0na uniwersytetach \u2014 s\u0105 to tylko niekt\u00f3re z\u00a0czynnik\u00f3w niszcz\u0105cych dusze ludzkie. A\u00a0dusza, kt\u00f3ra s\u0142abnie otwiera si\u0119 na dzia\u0142anie z\u0142a i\u00a0staje si\u0119 jego narz\u0119dziem. Sama do\u015bwiadcza tego bole\u015bnie uwik\u0142aniem w\u00a0uzale\u017cnienia, toksyczne relacje z\u00a0innymi lud\u017ami, nieporadno\u015b\u0107 wobec \u201eb\u00f3l\u00f3w egzystencjalnych\u201d.<\/p>\n<p>Oddzia\u0142 bojowy pod sztandarem Niepokalanej dla prawdziwej wiary, Ko\u015bcio\u0142a katolickiego i zbawienia dusz jest wci\u0105\u017c potrzebny, dzi\u015b bardziej ni\u017c oko\u0142o 100 lat temu w czasie zak\u0142adania MI. Aby zn\u00f3w o\u017cywi\u0107 spu\u015bcizn\u0119 \u015bw. Maksymiliana,\u00a0kt\u00f3ra po Soborze r\u00f3wnie\u017c zosta\u0142a przeobra\u017cona, w 2000 roku Rycerstwo Niepokalanej zosta\u0142o na nowo za\u0142o\u017cone w Bractwie Kap\u0142a\u0144skim \u015bw. Piusa X zgodnie ze swym pierwotnym duchem.<\/p>\n<h2>Specyficzny charakter po\u015bwi\u0119cenia si\u0119 Niepokalanej<\/h2>\n<figure id=\"attachment_3562\" aria-describedby=\"caption-attachment-3562\" style=\"width: 200px\" class=\"wp-caption alignright\"><img loading=\"lazy\" class=\"wp-image-3562 size-full\" src=\"https:\/\/test4.mi-backup.ch\/wp-content\/uploads\/2016\/01\/Schmaler-Weg.jpg\" width=\"200\" height=\"497\" srcset=\"https:\/\/test4.mi-backup.ch\/wp-content\/uploads\/2016\/01\/Schmaler-Weg.jpg 200w, https:\/\/test4.mi-backup.ch\/wp-content\/uploads\/2016\/01\/Schmaler-Weg-121x300.jpg 121w\" sizes=\"(max-width: 200px) 100vw, 200px\" \/><figcaption id=\"caption-attachment-3562\" class=\"wp-caption-text\"><strong>W\u0105ska i szeroka droga<\/strong><br \/>\u017bycie ziemskie jest czym\u015b innym, ni\u017c wi\u0119kszo\u015b\u0107 s\u0105dzi. \u017badn\u0105 b\u0142og\u0105 czy nudn\u0105 przechadzk\u0105 przez \u015bwiat: <strong>tu chodzi o Boga lub diab\u0142a!<\/strong> Los duszy, podobnie jak kraju, rozstrzyga si\u0119 zazwyczaj na kra\u0144cu. Musimy zbudowa\u0107 na granicy solidn\u0105 twierdz\u0119, ostro\u017cnie wodzi\u0107 zmys\u0142y, bramy wej\u015bciowe naszej duszy. Musimy wsz\u0119dzie postawi\u0107 stra\u017cnik\u00f3w, rozmodlonych stra\u017cnik\u00f3w. Nie mo\u017cemy zanadto zapuszcza\u0107 si\u0119 na terytorium wroga. Nale\u017cy unika\u0107 kolejnych sposobno\u015bci w ka\u017cdej dziedzinie! <strong>\u017badnych ustepstw, \u017cadnych kompromis\u00f3w! Nigdy nie igra\u0107 z w\u0119\u017cem! To jest taktyka Matki Bo\u017cej.<\/strong>\u00a0Powinna Ona by\u0107 naszym przyk\u0142adem tak w \u017cyciu prywatnym, jak i w polityce. Ma\u0142e ust\u0119pstwa, ma\u0142e nieostro\u017cno\u015bci na granicy cz\u0119sto decyduj\u0105 o wyniku wojny. Niewiasta z Dzieci\u0105tkiem zgniataj\u0105ca \u0142eb w\u0119\u017ca musi tak\u017ce i u nas obudzi\u0107 katolickiego ducha walki. Musimy wyp\u0119dzi\u0107 diabla z okupowanej ziemi. Pra\u0142at Robert M\u00e4der (+1945)<\/figcaption><\/figure>\n<p>Czy jest jeszcze konieczne dalsze po\u015bwi\u0119cenie si\u0119 Maryi, je\u017celi ju\u017c wype\u0142ni\u0142o si\u0119 akt ca\u0142kowitego ofiarowania si\u0119 \u015bw. Ludwika Marii?<\/p>\n<p>Ca\u0142kowite ofiarowanie si\u0119 dotyczy odnowy przyrzecze\u0144 chrzcielnych i osobistego zwi\u0105zku duszy z Maryj\u0105. To jest oddanie si\u0119 s\u0142ugi pani i matce. Pierwszoplanow\u0105 rol\u0119 odgrywa osobiste u\u015bwi\u0119cenie. Konsekracja ta jest bez w\u0105tpienia kamieniem w\u0119gielnym duchowo\u015bci maryjnej.<\/p>\n<p>Po\u015bwi\u0119cenie si\u0119 Niepokalanej \u015bw. Maksymiliana mo\u017ce by\u0107 opisane jako odnowienie mocnego przyrzeczenia. Przysz\u0142y rycerz oddaje si\u0119 z powrotem swej kr\u00f3lowej jako narz\u0119dzie. Celem tego jest triumf Maryi nad w\u0119\u017cem i wszelkimi herezjami. Rycerz wykorzystuje wszystkie swe si\u0142y po to, aby jego kr\u00f3lowa panowa\u0142a\u00a0mo\u017cliwie nad wszystkimi duszami, a szczeg\u00f3lnie nad \u201eupad\u0142ymi i letnimi duszami\u201d. Ostatnim celem jest rozprzestrzenienie\u00a0\u201es\u0142odkiego kr\u00f3lestwa Naj\u015bwi\u0119tszego Serca. Gdziekolwiek wejdziesz, przyjmujesz \u0142ask\u0119 nawr\u00f3cenia i u\u015bwi\u0119cenia, gdy\u017c z Naj\u015bwi\u0119tszego Serca Jezusowego \u0142aska dotrze do nas tylko przez Twe r\u0119ce.\u201d (formu\u0142a po\u015bwi\u0119cenia).<\/p>\n<h2>Zalecenie prze\u0142o\u017conego generalnego Bractwa Kap\u0142a\u0144skiego \u015bw. Piusa X<\/h2>\n<p>W lutym 2002 prze\u0142o\u017cony generalny, bp Fellay, napisa\u0142 w li\u015bcie do cz\u0142onk\u00f3w Bractwa Kap\u0142a\u0144skiego \u015bw. Piusa X:\u00a0\u201e<strong>Mog\u0119 Was tylko zaprosi\u0107, aby\u015bcie podj\u0119li t\u0119 wspania\u0142\u0105, jak\u017ce apostolsk\u0105 inicjatyw\u0119 i j\u0105 rozpowszechniali. Dostrzegamy w niej z jednej strony doskona\u0142\u0105 zgodno\u015b\u0107 z or\u0119dziem fatimskim, z drugiej za\u015b z tym pobo\u017cnym oddaniem, kt\u00f3rego domagaj\u0105 si\u0119 od nas nasze statuty dla Naj\u015bwi\u0119tszej Panny Maryi.<\/strong>\u201d.<\/p>\n<h2>Zatem, czy Ty tak\u017ce czujesz si\u0119 poruszony wezwaniem Niepokalanej?<\/h2>\n<p>Prosimy rozwa\u017c to przed Panem Bogiem i Niepokalan\u0105, czy mo\u017ce tak\u017ce dla Ciebie Pan B\u00f3g nie obra\u0142 drogi po\u015bwi\u0119cenia si\u0119 Niepokalanej i, jako cz\u0142onka MI, rycerskiej walki pod Jej sztandarem, aby\u015b m\u00f3g\u0142 odpowiedzie\u0107 na Jej wezwanie. Poci\u0105ga to za sob\u0105 oczywi\u015bcie czysto duchow\u0105 walk\u0119, kt\u00f3r\u0105 opisa\u0142 ju\u017c Aposto\u0142 Pawe\u0142: \u201eObleczcie pe\u0142n\u0105 zbroj\u0119 Bo\u017c\u0105, by\u015bcie mogli si\u0119 osta\u0107 wobec podst\u0119pnych zakus\u00f3w diab\u0142a. Nie toczymy bowiem walki przeciw krwi i cia\u0142u, lecz przeciw Zwierzchno\u015bciom, przeciw W\u0142adzom, przeciw rz\u0105dcom \u015bwiata tych ciemno\u015bci, przeciw pierwiastkom duchowym z\u0142a na wy\u017cynach niebieskich.\u201d (Ef 6, 11-12) Cz\u0142onkostwo w MI jest w r\u00f3wnym stopniu otwarte dla m\u0119\u017cczyzn i kobiet.<\/p>\n<div  class=\"shortcode-box border-box style-yellowlight table\" ><div class='shortcode-box-icon table-cell-mid'><i class='fa fa-pencil'><\/i><\/div><div class=\"shortcode-box-content table-cell-mid\">Zainteresowanych prosimy o zg\u0142oszenie si\u0119 do swego miejscowego kap\u0142ana lub bezpo\u015brednio do <a href=\"https:\/\/test4.mi-backup.ch\/pl\/kontakt\/\">nas<\/a>.<\/div><\/div>\n<div  class=\"shortcode-box border-box style-yellowlight table\" ><div class='shortcode-box-icon table-cell-mid'><i class='fa fa-pencil'><\/i><\/div><div class=\"shortcode-box-content table-cell-mid\">Patrz tak\u017ce:\u00a0<a href=\"https:\/\/test4.mi-backup.ch\/pl\/warunki-przystapienia-do-mi\/\">Warunki przyst\u0105pienia do MI<\/a><\/div><\/div>\n<div  class=\"shortcode-box border-box style-yellowlight table\" ><div class='shortcode-box-icon table-cell-mid'><i class='fa fa-pencil'><\/i><\/div><div class=\"shortcode-box-content table-cell-mid\">Je\u017celi planujesz za\u0142o\u017cy\u0107 razem z innymi grup\u0119 MI (MI 2), z ch\u0119ci\u0105 b\u0119dziemy Ci\u0119 wspiera\u0107. Wskaz\u00f3wki, jak to zrobi\u0107, znajdziesz\u00a0<a href=\"https:\/\/test4.mi-backup.ch\/pl\/warunki-zakladania-grup-mi\/\">tutaj<\/a>.<\/div><\/div>\n","protected":false},"excerpt":{"rendered":"<p>Matka Boska Fatimska nazywa czasy wsp\u00f3\u0142czesne epok\u0105 \u201edecyduj\u0105cej bitwy\u201d. Ofiaruj\u0105c Swoje Niepokalane Serce jako \u201eucieczk\u0119\u201d, daje \u015bwiatu \u015brodek do tego, by zwyci\u0119\u017cy\u0107 pokus\u0119 porzucenia wiary. Bez tego \u015brodka ludzko\u015b\u0107 by\u0142aby ca\u0142kiem bezsilna wobec \u201ediabelskiej fali przetaczaj\u0105cej si\u0119 przez \u015bwiat\u201d. W r\u00f3\u017cnych objawieniach (np.\u00a0w\u00a0La Salette) i\u00a0w\u00a0pismach \u015bwi\u0119tych (np.\u00a0\u015bw.\u00a0Ludwik Maria Grignion de<a class=\"more-link\" href=\"https:\/\/test4.mi-backup.ch\/pl\/wezwanie-niepokalanej\/\">Czytaj dalej &rarr;<\/a><\/p>\n","protected":false},"author":9,"featured_media":0,"parent":0,"menu_order":0,"comment_status":"closed","ping_status":"closed","template":"","meta":[],"_links":{"self":[{"href":"https:\/\/test4.mi-backup.ch\/pl\/wp-json\/wp\/v2\/pages\/7096"}],"collection":[{"href":"https:\/\/test4.mi-backup.ch\/pl\/wp-json\/wp\/v2\/pages"}],"about":[{"href":"https:\/\/test4.mi-backup.ch\/pl\/wp-json\/wp\/v2\/types\/page"}],"author":[{"embeddable":true,"href":"https:\/\/test4.mi-backup.ch\/pl\/wp-json\/wp\/v2\/users\/9"}],"replies":[{"embeddable":true,"href":"https:\/\/test4.mi-backup.ch\/pl\/wp-json\/wp\/v2\/comments?post=7096"}],"version-history":[{"count":10,"href":"https:\/\/test4.mi-backup.ch\/pl\/wp-json\/wp\/v2\/pages\/7096\/revisions"}],"predecessor-version":[{"id":14261,"href":"https:\/\/test4.mi-backup.ch\/pl\/wp-json\/wp\/v2\/pages\/7096\/revisions\/14261"}],"wp:attachment":[{"href":"https:\/\/test4.mi-backup.ch\/pl\/wp-json\/wp\/v2\/media?parent=7096"}],"curies":[{"name":"wp","href":"https:\/\/api.w.org\/{rel}","templated":true}]}}