{"id":7097,"date":"2017-10-22T17:37:07","date_gmt":"2017-10-22T15:37:07","guid":{"rendered":"https:\/\/test4.mi-backup.ch\/?page_id=7097"},"modified":"2022-03-09T17:10:39","modified_gmt":"2022-03-09T16:10:39","slug":"encyklika-ad-diem-illum","status":"publish","type":"page","link":"https:\/\/test4.mi-backup.ch\/pl\/encyklika-ad-diem-illum\/","title":{"rendered":"Encyklika &#8220;Ad Diem Illum&#8221;"},"content":{"rendered":"<p style=\"text-align: left\"><strong><img loading=\"lazy\" class=\"alignright\" src=\"https:\/\/test4.mi-backup.ch\/wp-content\/uploads\/media\/piusx.jpg\" alt=\"\" width=\"250\" height=\"317\" align=\"right\" border=\"1\" hspace=\"5\" vspace=\"5\" \/><\/strong><\/p>\n<p>Tajemnica i znaczenie Niepokalanego Pocz\u0119cia Naj\u015bwi\u0119tszej Maryi Panny zosta\u0142o obja\u015bnione przez \u015bw. Piusa X, Papie\u017ca, w encyklice \u201eAd Diem Illum\u201d w czasie obchod\u00f3w 50. jubileuszu og\u0142oszenia dogmatu.<\/p>\n<div  class=\"shortcode-box border-box style-bluelight table\" ><div class='shortcode-box-icon table-cell-mid'><i class='fa fa-info-circle'><\/i><\/div><div class=\"shortcode-box-content table-cell-mid\">Tre\u015b\u0107 encykliki dost\u0119pna jest pod\u00a0<strong>tym odno\u015bnikiem<\/strong>.<\/div><\/div>\n","protected":false},"excerpt":{"rendered":"<p>Tajemnica i znaczenie Niepokalanego Pocz\u0119cia Naj\u015bwi\u0119tszej Maryi Panny zosta\u0142o obja\u015bnione przez \u015bw. Piusa X, Papie\u017ca, w encyklice \u201eAd Diem Illum\u201d w czasie obchod\u00f3w 50. jubileuszu og\u0142oszenia dogmatu.<a class=\"more-link\" href=\"https:\/\/test4.mi-backup.ch\/pl\/encyklika-ad-diem-illum\/\">Czytaj dalej &rarr;<\/a><\/p>\n","protected":false},"author":9,"featured_media":0,"parent":0,"menu_order":0,"comment_status":"closed","ping_status":"closed","template":"","meta":[],"_links":{"self":[{"href":"https:\/\/test4.mi-backup.ch\/pl\/wp-json\/wp\/v2\/pages\/7097"}],"collection":[{"href":"https:\/\/test4.mi-backup.ch\/pl\/wp-json\/wp\/v2\/pages"}],"about":[{"href":"https:\/\/test4.mi-backup.ch\/pl\/wp-json\/wp\/v2\/types\/page"}],"author":[{"embeddable":true,"href":"https:\/\/test4.mi-backup.ch\/pl\/wp-json\/wp\/v2\/users\/9"}],"replies":[{"embeddable":true,"href":"https:\/\/test4.mi-backup.ch\/pl\/wp-json\/wp\/v2\/comments?post=7097"}],"version-history":[{"count":8,"href":"https:\/\/test4.mi-backup.ch\/pl\/wp-json\/wp\/v2\/pages\/7097\/revisions"}],"predecessor-version":[{"id":55085,"href":"https:\/\/test4.mi-backup.ch\/pl\/wp-json\/wp\/v2\/pages\/7097\/revisions\/55085"}],"wp:attachment":[{"href":"https:\/\/test4.mi-backup.ch\/pl\/wp-json\/wp\/v2\/media?parent=7097"}],"curies":[{"name":"wp","href":"https:\/\/api.w.org\/{rel}","templated":true}]}}