{"id":7098,"date":"2017-10-03T21:56:35","date_gmt":"2017-10-03T19:56:35","guid":{"rendered":"https:\/\/test4.mi-backup.ch\/?page_id=7098"},"modified":"2017-10-22T15:39:10","modified_gmt":"2017-10-22T13:39:10","slug":"niepokalana","status":"publish","type":"page","link":"https:\/\/test4.mi-backup.ch\/pl\/niepokalana\/","title":{"rendered":"Niepokalana"},"content":{"rendered":"<blockquote><p>\u201eOna zetrze g\u0142ow\u0119 twoj\u0105.\u201d (Rdz 3,15)<br \/>\n\u201eWszystkie herezje Sama\u015b zniszczy\u0142a na ca\u0142ym \u015bwiecie.\u201d (z brewiarza rzymskiego)<\/p><\/blockquote>\n<div style=\"width: 300px;float: right;padding-left: 15px\">\n<p><img loading=\"lazy\" class=\"aligncenter\" src=\"https:\/\/test4.mi-backup.ch\/wp-content\/uploads\/media\/Immaculata.jpg\" alt=\"\" width=\"300\" height=\"454\" align=\"top\" border=\"1\" hspace=\"5\" vspace=\"5\" \/><\/p>\n<p style=\"text-align: center\"><strong><em>Dozw\u00f3l mi chwali\u0107 Ci\u0119 Panno Przenaj\u015bwi\u0119tsza. Daj mi moc przeciwko nieprzyjacio\u0142om Twoim.<\/em><\/strong><br \/>\n(z modlitwy MI)<\/p>\n<p style=\"text-align: center\"><strong><em>O Maryjo, bez grzechu pocz\u0119ta, m\u00f3dl si\u0119 za nami, kt\u00f3rzy si\u0119 do Ciebie uciekamy i za wszystkimi, kt\u00f3rzy si\u0119 do Ciebie nie uciekaj\u0105, a zw\u0142aszcza za masonami i poleconym Tobie.<\/em><\/strong><br \/>\n(akt strzelisty MI \u015bw. Maksymiliana)<\/p>\n<p style=\"text-align: center\">Powy\u017cej: cudowny obraz z ko\u015bcio\u0142a Sant\u2019Andrea delle Fratte w Rzymie. To tutaj Maryja zdzia\u0142a\u0142a w 1842 r. znany cud natychmiastowego nawr\u00f3cenia \u017cyda nazwiskiem Alphonse Ratisbonne, kt\u00f3remu si\u0119 objawi\u0142a. Do cudu tego przyczyni\u0142 si\u0119 cudowny medalik, kt\u00f3ry nosi\u0142 on przy sobie przez kilka dni ze wzgl\u0119du na przyjaciela. Po objawieniu Ratisbonne pozna\u0142 ca\u0142\u0105 wiar\u0119 katolick\u0105 i zosta\u0142 kap\u0142anem. \u015aw. Maksymilian odprawia\u0142 na o\u0142tarzu przed tym obrazem swoj\u0105 prymicj\u0119.<\/p>\n<p style=\"text-align: center\"><em><strong>Nigdy nie pozostawi\u0119 ci\u0119 samej. Moje Niepokalane Serce b\u0119dzie twoj\u0105 ucieczk\u0105 i drog\u0105, kt\u00f3ra zaprowadzi ci\u0119 do Boga.<\/strong><\/em>(obietnica Maryi z\u0142o\u017cona \u0141ucji w Fatimie)<\/p>\n<p style=\"text-align: center\"><img loading=\"lazy\" class=\"aligncenter\" src=\"https:\/\/test4.mi-backup.ch\/wp-content\/uploads\/media\/Fatima.jpg\" alt=\"\" width=\"300\" height=\"383\" align=\"top\" border=\"1\" hspace=\"5\" vspace=\"5\" \/><\/p>\n<p style=\"text-align: center\"><em><strong>Na ko\u0144cu moje Niepokalane Serce zatriumfuje!<\/strong><\/em><\/p>\n<p style=\"text-align: center\">Ilustracja: figura Matki Bo\u017cej Fatimskiej z Niepokalanym Sercem.<span style=\"font-family: Tahoma\"><br \/>\n<\/span><\/p>\n<\/div>\n<p class=\"western\">Wci\u0105\u017c na nowo s\u0142yszymy wo\u0142anie \u015bwi\u0119tych: \u201eKim jeste\u015b, Niepokalana?\u201d Okre\u015blenie \u201eNiepokalana\u201d \u2013 \u2018bez zmazy\u2019 \u2013 jakim obdarza si\u0119 Maryj\u0119, jest jakby przygotowaniem do og\u0142oszenia dogmatu o niepokalanym pocz\u0119ciu Maryi (1854) i objawie\u0144 w Lourdes (1858), gdzie Maryja przedstawi\u0142a si\u0119 \u015bwi\u0119tej Bernadecie s\u0142owami <em>\u201e<b>Ja jestem Niepokalane Pocz\u0119cie<\/b>\u201d<\/em>. \u015awi\u0119ty Maksymilian prawie zawsze tytu\u0142owa\u0142 Maryj\u0119 <i>Niepokalan\u0105<\/i>. Ludzie stoj\u0105 oniemiali w obliczu niezliczonych pochodz\u0105cych od Niej cud\u00f3w i tajemnic. Stanowi Bo\u017ce arcydzie\u0142o w swej doskona\u0142o\u015bci i pot\u0119dze. Ko\u015bci\u00f3\u0142 wychwala jej przymioty i chce, by czci\u0107 j\u0105 bardziej ni\u017c anio\u0142\u00f3w i \u015bwi\u0119tych (hyperdulia).<\/p>\n<p class=\"western\">Jej rola w zbawczym dziele Chrystusa jest wyj\u0105tkowa. B\u0119d\u0105c matk\u0105 Boga, uczestniczy w owym dziele jako nowa Ewa i Wsp\u00f3\u0142zbawicielka. Przekazuje owoce zbawienia wszystkim swym dzieciom jako po\u015bredniczka wszelkich \u0142ask. Jest nam ona dana przez Boga jako si\u0142a, dzi\u0119ki kt\u00f3rej cz\u0142owiek przede wszystkim si\u0119 nawraca, a nast\u0119pnie jako droga, kt\u00f3r\u0105 przychodzi do Chrystusa. To jej zawdzi\u0119czamy wszystkie nasze osobiste \u0142aski.<\/p>\n<p class=\"western\">Jest Ona r\u00f3wnie\u017c wielkim znakiem na niebie, prowadz\u0105cym chrze\u015bcija\u0144skie zast\u0119py do walki przeciw szatanowi. Zwyci\u0119\u017ca we wszystkich Bo\u017cych bitwach. Zw\u0142aszcza jednak na ko\u0144cu czas\u00f3w stanowi ostatni ratunek, jaki B\u00f3g daje \u015bwiatu. Zosta\u0142o to ju\u017c zapowiedziane w Objawieniu \u015bw. Jana: <em><b>\u201eI ukaza\u0142 si\u0119 znak wielki na niebie: Niewiasta obleczona w s\u0142o\u0144ce a ksi\u0119\u017cyc pod jej nogami, a na g\u0142owie jej korona z gwiazd dwunastu.\u201d<\/b><\/em> (Ap 12,1). \u201ePrzez Maryj\u0119 rozpocz\u0119\u0142o si\u0119 zbawienie \u015bwiata, przez Ni\u0105 te\u017c si\u0119 ono dokona.\u201d (\u015bw. Ludwik Maria Grignion de Montfort)<\/p>\n<p class=\"western\">Ukazuje si\u0119 ona, bezpo\u015brednio poprzez swe objawienia, po\u015brednio poprzez wybrane przez Ni\u0105 w szczeg\u00f3lny spos\u00f3b narz\u0119dzia, aby okaza\u0107 sw\u0105 niewyobra\u017caln\u0105 pot\u0119g\u0119 w chwili najstraszniejszych atak\u00f3w wroga dusz. Jej serce staje si\u0119 ostatni\u0105 ucieczk\u0105 prze\u015bladowanych i uciskanych dzieci Bo\u017cych, kt\u00f3re chc\u0105 wiernie wytrwa\u0107 pod krzy\u017cem Pa\u0144skim. Pod jej sztandarem gromadz\u0105 si\u0119 jej dzieci, jej rycerze i tworz\u0105 ma\u0142e wojsko, kt\u00f3re przetrwa najwi\u0119ksze pr\u00f3by i ostatecznie pokona pozornie przewa\u017caj\u0105ce si\u0142y przeciwnika, zgodnie z tym, co Maryja zapowiedzia\u0142a w Fatimie: <em>\u201e<b>Na ko\u0144cu moje Niepokalane Serce zatriumfuje!<\/b>\u201d<\/em>.<\/p>\n<p class=\"western\">Chcemy zatem za przyk\u0142adem \u015bw. Maksymiliana, \u015bw. Ludwika i wszystkich \u015bwi\u0119tych spogl\u0105da\u0107 z ufno\u015bci\u0105 na Niepokalan\u0105 we wszelkich trudno\u015bciach \u017cycia i wsp\u00f3\u0142czesnego \u015bwiata, zgodnie ze s\u0142owami \u015bw. Bernarda z Clairvaux:<\/p>\n<p class=\"western\"><em>\u201eO, kimkolwiek jeste\u015b \u2013 widz\u0105c, \u017ce w nurcie tych czas\u00f3w, po\u015br\u00f3d burzy i niepogody raczej gwa\u0142townie jeste\u015b miotany ni\u017c chodzisz po pewnym gruncie, nie odwracaj swego spojrzenia od \u015bwiat\u0142a tego cia\u0142a niebieskiego, je\u015bli nie chcesz zaton\u0105\u0107 podczas burz. Kiedy podnosz\u0105 si\u0119 wichry pokus, kiedy dryfujesz wprost na ska\u0142y l\u0119k\u00f3w, wznie\u015b oczy ku gwie\u017adzie, udaj si\u0119 do Maryi! Kiedy ponosz\u0105 ci\u0119 fale pychy albo ambicji, albo oszczerstwa, albo zazdro\u015bci, wznie\u015b oczy ku gwie\u017adzie, udaj si\u0119 do Maryi! Kiedy stateczkowi twej duszy grozi zatoni\u0119cie przez gniew b\u0105d\u017a chciwo\u015b\u0107, \u017c\u0105dze cia\u0142a, wznie\u015b oczy ku Maryi! Kiedy zmieszany straszliwym rozmiarem swej winy, zawstydzony splamieniem sumienia, przera\u017cony groz\u0105 s\u0105du, o ma\u0142o nie pogr\u0105\u017casz si\u0119 w otch\u0142a\u0144 rozpaczy, w czelu\u015b\u0107 frasunku \u2013 wtedy pomy\u015bl o Maryi!<\/em><\/p>\n<p class=\"western\"><em>Po\u015br\u00f3d niebezpiecze\u0144stw i l\u0119k\u00f3w, w niepewno\u015bci i strapieniu my\u015bl o Maryi, wzywaj Maryi! Niech jej imi\u0119 nie schodzi z twych ust i nie przestaje go\u015bci\u0107 w twym sercu! I by dost\u0105pi\u0107 wys\u0142uchania swych pr\u00f3\u015bb, nie przestawaj na\u015bladowa\u0107 jej \u017cycia.<\/em><\/p>\n<p class=\"western\"><em>Je\u015bli za ni\u0105 pod\u0105\u017cysz, nie zb\u0142\u0105dzisz; je\u015bli b\u0119dziesz si\u0119 do niej modli\u0142, nie popadniesz w rozpacz, je\u015bli zachowasz j\u0105 w swoich my\u015blach, nie post\u0105pisz fa\u0142szywie. Kiedy ona ci\u0119 podtrzymuje, nie upadniesz; gdy ci\u0119 chroni, nie musisz si\u0119 ju\u017c niczego wi\u0119cej obawia\u0107; kiedy ci\u0119 prowadzi, nie doznasz ju\u017c znu\u017cenia; z jej pomoc\u0105 dotrzesz do przystani!\u201d<\/em><\/p>\n<table width=\"740\" cellpadding=\"5\">\n<tbody>\n<tr>\n<td valign=\"top\" width=\"451\"><em><br \/>\n<\/em><\/td>\n<td valign=\"top\" width=\"277\"><\/td>\n<\/tr>\n<\/tbody>\n<\/table>\n","protected":false},"excerpt":{"rendered":"<p>\u201eOna zetrze g\u0142ow\u0119 twoj\u0105.\u201d (Rdz 3,15) \u201eWszystkie herezje Sama\u015b zniszczy\u0142a na ca\u0142ym \u015bwiecie.\u201d (z brewiarza rzymskiego) Dozw\u00f3l mi chwali\u0107 Ci\u0119 Panno Przenaj\u015bwi\u0119tsza. Daj mi moc przeciwko nieprzyjacio\u0142om Twoim. (z modlitwy MI) O Maryjo, bez grzechu pocz\u0119ta, m\u00f3dl si\u0119 za nami, kt\u00f3rzy si\u0119 do Ciebie uciekamy i za wszystkimi, kt\u00f3rzy si\u0119<a class=\"more-link\" href=\"https:\/\/test4.mi-backup.ch\/pl\/niepokalana\/\">Czytaj dalej &rarr;<\/a><\/p>\n","protected":false},"author":9,"featured_media":0,"parent":0,"menu_order":0,"comment_status":"closed","ping_status":"closed","template":"","meta":[],"_links":{"self":[{"href":"https:\/\/test4.mi-backup.ch\/pl\/wp-json\/wp\/v2\/pages\/7098"}],"collection":[{"href":"https:\/\/test4.mi-backup.ch\/pl\/wp-json\/wp\/v2\/pages"}],"about":[{"href":"https:\/\/test4.mi-backup.ch\/pl\/wp-json\/wp\/v2\/types\/page"}],"author":[{"embeddable":true,"href":"https:\/\/test4.mi-backup.ch\/pl\/wp-json\/wp\/v2\/users\/9"}],"replies":[{"embeddable":true,"href":"https:\/\/test4.mi-backup.ch\/pl\/wp-json\/wp\/v2\/comments?post=7098"}],"version-history":[{"count":10,"href":"https:\/\/test4.mi-backup.ch\/pl\/wp-json\/wp\/v2\/pages\/7098\/revisions"}],"predecessor-version":[{"id":7382,"href":"https:\/\/test4.mi-backup.ch\/pl\/wp-json\/wp\/v2\/pages\/7098\/revisions\/7382"}],"wp:attachment":[{"href":"https:\/\/test4.mi-backup.ch\/pl\/wp-json\/wp\/v2\/media?parent=7098"}],"curies":[{"name":"wp","href":"https:\/\/api.w.org\/{rel}","templated":true}]}}