{"id":7112,"date":"2017-10-22T20:50:18","date_gmt":"2017-10-22T18:50:18","guid":{"rendered":"https:\/\/test4.mi-backup.ch\/?page_id=7112"},"modified":"2022-08-02T17:18:22","modified_gmt":"2022-08-02T15:18:22","slug":"rycerstwo","status":"publish","type":"page","link":"https:\/\/test4.mi-backup.ch\/pl\/rycerstwo\/","title":{"rendered":"Rycerstwo"},"content":{"rendered":"<p style=\"text-align: right;\"><a href=\"\/\/test4.mi-backup.ch\/wp-content\/uploads\/media\/kolbe4.jpg.jpg\"><img loading=\"lazy\" class=\"alignright\" src=\"\/\/test4.mi-backup.ch\/wp-content\/uploads\/media\/kolbe4.jpg.jpg\" alt=\"\" width=\"300\" height=\"448\" align=\"top\" border=\"1\" hspace=\"5\" vspace=\"5\" \/><\/a><\/p>\n<p style=\"text-align: justify;\">Militia Immaculatae <span class=\"st\">(w j\u0119zyku \u0142aci\u0144skim, w t\u0142umaczeniu polskim: Rycerstwo Niepokalanej) jest dzie\u0142em <\/span><span class=\"st\">\u015bw. Maksymiliana Kolbe.<\/span><\/p>\n<p><span class=\"st\">Ojciec Kolbe za\u0142o\u017cy\u0142 w 1917 roku w Rzymie razem z kilkoma franciszkanami katolick\u0105 organizacj\u0119 Militia Immaculatae (MI). Po I wojnie \u015bwiatowej zbudowa\u0142 niedaleko Warszawy centrum misyjne: Niepokalan\u00f3w. Zgodnie z zamiarem \u015bw. Maksymiliana chodzi o duchow\u0105 armi\u0119 w s\u0142u\u017cbie Niepokalanej walcz\u0105c\u0105 o ratowanie dusz.<\/span><\/p>\n<p>Militia Immaculatae jest duchow\u0105 armi\u0105 w s\u0142u\u017cbie Niepokalanej. Jej celem jest przede wszystkim osobiste u\u015bwi\u0119cenie poprzez powszechne po\u015brednictwo Maryi i poprzez apostolskie dzia\u0142anie wobec bli\u017anich. (Przeczytaj<a href=\"https:\/\/test4.mi-backup.ch\/pl\/pochodzenie-oraz-os-czasu-m-i\/\"> artyku\u0142 Pochodzenie oraz o\u015b czasu M.I.<\/a>)<\/p>\n<hr \/>\n<h4><strong>Oryginalne statuty Rycerstwa Niepokalanej<a href=\"\/\/test4.mi-backup.ch\/wp-content\/uploads\/media\/Statuten.jpg\"><img loading=\"lazy\" class=\"alignright\" src=\"\/\/test4.mi-backup.ch\/wp-content\/uploads\/media\/Statuten.jpg\" alt=\"\" width=\"300\" height=\"467\" align=\"top\" border=\"1\" hspace=\"5\" vspace=\"5\" \/><\/a><\/strong><\/h4>\n<p>Zgodnie z\u00a0programem Rycerstwa Niepokalanej za\u0142o\u017conym przez \u015bw.\u00a0Maksymiliana Kolbego celem Rycerzy Niepokalanej Tradycyjnej Obserwancji jest:<\/p>\n<p><em>(przekazujemy w formie, w jakiej zosta\u0142y r\u0119cznie napisane przez \u015bw. Maksymiliana)<\/em><\/p>\n<p style=\"padding-left: 40px;\"><em>\u201eOna zetrze g\u0142ow\u0119 twoj\u0105.\u201d (Rdz 3,15)<\/em><\/p>\n<p style=\"padding-left: 40px;\"><em>\u201eWszystkie herezje Sama\u015b zniszczy\u0142a na ca\u0142ym \u015bwiecie.\u201d (z brewiarza rzymskiego)<\/em><\/p>\n<h4><strong>I. Cel:<\/strong><\/h4>\n<p>Stara\u0107 si\u0119 o\u00a0nawr\u00f3cenie grzesznik\u00f3w, heretyk\u00f3w, schizmatyk\u00f3w\u00a0itd., a\u00a0zw\u0142aszcza mason\u00f3w oraz o\u00a0u\u015bwi\u0119cenie wszystkich pod opiek\u0105 i\u00a0za po\u015brednictwem Niepokalanej.<\/p>\n<h4><strong>II. Warunki:<\/strong><\/h4>\n<ol>\n<li>Odda\u0107 si\u0119 ca\u0142kowicie Niepokalanej jako narz\u0119dzie w\u00a0Jej Niepokalanych r\u0119kach.<\/li>\n<li>Wpisa\u0107 si\u0119 do ksi\u0119gi Rycerstwa w\u00a0miejscu, gdzie Rycerstwo Niepokalanej Tradycyjnej Obserwacji jest za\u0142o\u017cone.<\/li>\n<li>Nosi\u0107 Cudowny Medalik.<\/li>\n<\/ol>\n<h4><strong>III. \u015arodki:<\/strong><\/h4>\n<ol>\n<li>Odmawia\u0107 codziennie akt strzelisty do Niepokalanej:<br \/>\n<blockquote><p><strong>\u201eO Maryjo bez grzechu pocz\u0119ta, m\u00f3dl si\u0119 za nami, kt\u00f3rzy si\u0119 do Ciebie uciekamy, i\u00a0za wszystkimi, kt\u00f3rzy si\u0119 do Ciebie nie uciekaj\u0105, a\u00a0zw\u0142aszcza za masonami i\u00a0poleconymi Tobie.\u201d<\/strong><\/p><\/blockquote>\n<\/li>\n<li>Wykorzysta\u0107 dla sprawy Niepokalanej wszystkie \u015brodki godziwe, na jakie pozwala stan, warunki i\u00a0okoliczno\u015bci \u2014 co zostawia si\u0119 gorliwo\u015bci i\u00a0roztropno\u015bci ka\u017cdego rycerza.<\/li>\n<li>Zaleca si\u0119 rozpowszechnianie Cudownego Medalika.<\/li>\n<\/ol>\n<div  class=\"shortcode-box border-box style-yellowlight table\" ><div class='shortcode-box-icon table-cell-mid'><i class='fa fa-pencil'><\/i><\/div><div class=\"shortcode-box-content table-cell-mid\"><\/p>\n<p><strong>Uwaga:<\/strong><\/p>\n<ul>\n<li>\u015arodki te s\u0105 tylko zalecane.<\/li>\n<li>Nie obowi\u0105zuj\u0105 pod grzechem, cho\u0107by najmniejszym; jedynym bod\u017acem jest mi\u0142o\u015b\u0107 ku Przenaj\u015bwi\u0119tszemu Sercu Pana Jezusa, aby jak najwi\u0119cej dusz jak naj\u015bci\u015blej z\u00a0Nim po\u0142\u0105czy\u0107 przez Niepokalan\u0105.<\/li>\n<\/ul>\n<p><\/div><\/div>\n","protected":false},"excerpt":{"rendered":"<p>Militia Immaculatae (w j\u0119zyku \u0142aci\u0144skim, w t\u0142umaczeniu polskim: Rycerstwo Niepokalanej) jest dzie\u0142em \u015bw. Maksymiliana Kolbe. Ojciec Kolbe za\u0142o\u017cy\u0142 w 1917 roku w Rzymie razem z kilkoma franciszkanami katolick\u0105 organizacj\u0119 Militia Immaculatae (MI). Po I wojnie \u015bwiatowej zbudowa\u0142 niedaleko Warszawy centrum misyjne: Niepokalan\u00f3w. Zgodnie z zamiarem \u015bw. Maksymiliana chodzi o duchow\u0105<a class=\"more-link\" href=\"https:\/\/test4.mi-backup.ch\/pl\/rycerstwo\/\">Czytaj dalej &rarr;<\/a><\/p>\n","protected":false},"author":9,"featured_media":0,"parent":0,"menu_order":0,"comment_status":"closed","ping_status":"closed","template":"","meta":[],"_links":{"self":[{"href":"https:\/\/test4.mi-backup.ch\/pl\/wp-json\/wp\/v2\/pages\/7112"}],"collection":[{"href":"https:\/\/test4.mi-backup.ch\/pl\/wp-json\/wp\/v2\/pages"}],"about":[{"href":"https:\/\/test4.mi-backup.ch\/pl\/wp-json\/wp\/v2\/types\/page"}],"author":[{"embeddable":true,"href":"https:\/\/test4.mi-backup.ch\/pl\/wp-json\/wp\/v2\/users\/9"}],"replies":[{"embeddable":true,"href":"https:\/\/test4.mi-backup.ch\/pl\/wp-json\/wp\/v2\/comments?post=7112"}],"version-history":[{"count":10,"href":"https:\/\/test4.mi-backup.ch\/pl\/wp-json\/wp\/v2\/pages\/7112\/revisions"}],"predecessor-version":[{"id":74008,"href":"https:\/\/test4.mi-backup.ch\/pl\/wp-json\/wp\/v2\/pages\/7112\/revisions\/74008"}],"wp:attachment":[{"href":"https:\/\/test4.mi-backup.ch\/pl\/wp-json\/wp\/v2\/media?parent=7112"}],"curies":[{"name":"wp","href":"https:\/\/api.w.org\/{rel}","templated":true}]}}