{"id":7113,"date":"2017-10-22T16:13:41","date_gmt":"2017-10-22T14:13:41","guid":{"rendered":"https:\/\/test4.mi-backup.ch\/?page_id=7113"},"modified":"2017-10-23T09:28:57","modified_gmt":"2017-10-23T07:28:57","slug":"mi-po-soborze","status":"publish","type":"page","link":"https:\/\/test4.mi-backup.ch\/pl\/rycerstwo\/mi-po-soborze\/","title":{"rendered":"MI po Soborze"},"content":{"rendered":"<figure style=\"width: 250px\" class=\"wp-caption alignright\"><img loading=\"lazy\" src=\"https:\/\/test4.mi-backup.ch\/wp-content\/uploads\/media\/17_-_Pope_John_Paul_II_and_Franciszek_Gajowniczek_at_the_canonization_of_St._Maximilian_Maria_Kolbe_(1982).jpg\" alt=\"Papie\u017c Jan Pawe\u0142 II\" width=\"250\" height=\"206\" align=\"top\" border=\"1\" hspace=\"5\" vspace=\"5\" \/><figcaption class=\"wp-caption-text\">Papie\u017c Jan Pawe\u0142 II z Franciszkiem Gajowniczkiem, dla kt\u00f3rego po\u015bwi\u0119ci\u0142 swe \u017cycie w bunkrze g\u0142odowym \u015bw. Maksymilian. Zdj\u0119cie z kanonizacji \u015bw. Maksymiliana (1984).<\/figcaption><\/figure>\n<p>W przeddzie\u0144 II\u00a0Soboru Watyka\u0144skiego Rycerstwo Niepokalanej liczy\u0142o cztery miliony cz\u0142onk\u00f3w w\u00a0Polsce i\u00a0na \u015bwiecie. Zmiany, jakie dotkn\u0119\u0142y Rycerstwo po soborze, zmieni\u0142y zupe\u0142nie jego charakter:<\/p>\n<p>&nbsp;<\/p>\n<ol>\n<li>Nazwa\u00a0\u2013 zacz\u0119\u0142o si\u0119 od zmiany rzekomo nazbyt \u201ewojowniczej\u201d nazwy \u2013 Militia (Rycerstwo) na \u201eMisja Niepokalanej\u201d, kt\u00f3ra mia\u0142a lepiej odpowiada\u0107 zasadom wolno\u015bci religijnej i posoborowemu pacyfizmowi. Wkr\u00f3tce po tym, statuty zosta\u0142y przystosowane do ducha Soboru. \u0179r\u00f3d\u0142em cytat\u00f3w s\u0105 niemal wy\u0142\u0105cznie teksty soborowe oraz pisma papie\u017cy Paw\u0142a VI i Jana Paw\u0142a II, z kilkoma wyj\u0105tkami cytat\u00f3w ze \u015bw. Maksymiliana.<\/li>\n<li>Cel\u00a0\u2013 zmienione statuty ukazuj\u0105 zupe\u0142nie nowy cel MI: ju\u017c nie ma \u017cadnej wzmianki o nawr\u00f3ceniu mason\u00f3w, heretyk\u00f3w, itp. Nawet akt strzelisty MI (\u201eO Maryjo, bez grzechu pierworodnego pocz\u0119ta, &#8230;\u201d) zosta\u0142 pozbawiony ostatniego zdania, kt\u00f3re zosta\u0142o dodane przez za\u0142o\u017cyciela:\u00a0\u201e(&#8230;) i za wszystkimi, kt\u00f3rzy si\u0119 do Ciebie nie uciekaj\u0105, a zw\u0142aszcza za masonami i poleconymi Tobie.\u201d. Nawr\u00f3cenie dusz, walka z b\u0142\u0119dami oraz wysi\u0142ki w celu sprowadzenia odszczepie\u0144c\u00f3w z powrotem na \u0142ono \u015awi\u0119tej Matki Ko\u015bcio\u0142a sa podobnie nieobecne w nowych statutach. Nie wymienia si\u0119 Szatana, najgorszego wroga Niepokalanej i dusz, dlatego wi\u0119c logicznym jest tak\u017ce brak wzmianki o zbawieniu tych dusz, kt\u00f3re musz\u0105 by\u0107 wydarte za wszelk\u0105 cen\u0119 z otch\u0142ani piekielnych.<\/li>\n<li>Istota\u00a0\u2013 co do istoty, wci\u0105\u017c m\u00f3wi si\u0119 o ca\u0142kowitym po\u015bwi\u0119ceniu si\u0119 Maryi, ale radykalnie zmieniono rozumienie tego, co to konkretnie oznacza: \u017cadnego s\u0142owa o pos\u0142usze\u0144stwie woli Niepokalanej; zamiast apostolatu szerzenia prawdziwej wiary, skupiono si\u0119 na dzia\u0142alno\u015bci na rzecz promowania godno\u015bci osoby ludzkiej i ochronie \u017cycia.<\/li>\n<li>Matka Bo\u017ca zosta\u0142a ukazana jedynie jako przyk\u0142ad i wz\u00f3r do na\u015bladowania. Z drugiej strony, nowe statuty milcz\u0105 o tym, co \u015bw. Maksymilian nazywa\u00a0\u201epraktycznym zastosowaniem dogmatu o Niepokalanym Pocz\u0119ciu\u201d, a mianowicie o Jej czynnym udziale jako po\u015bredniczki wszystkich \u0142ask (prawda, kt\u00f3ra przez II Sob\u00f3r Watyka\u0144ski zosta\u0142a uczyniona dyskusyjn\u0105 opini\u0105), zw\u0142aszcza \u0142ask nawr\u00f3cenia i u\u015bwi\u0119cenia. Tym sposobem zaprzecza si\u0119 temu, co przez za\u0142o\u017cyciela zosta\u0142o uznane za fundament ca\u0142ego dzie\u0142a:\u00a0\u201eWszystkie dzie\u0142a MI s\u0105 oparte na tej prawdzie, \u017ce Maryja jest po\u015bredniczk\u0105 wszystkich \u0142ask. Gdyby tak nie by\u0142o, nasza praca i wysi\u0142ki by\u0142yby daremne.\u201d (konferencja, 6 czerwca 1933)<\/li>\n<\/ol>\n","protected":false},"excerpt":{"rendered":"<p>W przeddzie\u0144 II\u00a0Soboru Watyka\u0144skiego Rycerstwo Niepokalanej liczy\u0142o cztery miliony cz\u0142onk\u00f3w w\u00a0Polsce i\u00a0na \u015bwiecie. Zmiany, jakie dotkn\u0119\u0142y Rycerstwo po soborze, zmieni\u0142y zupe\u0142nie jego charakter: &nbsp; Nazwa\u00a0\u2013 zacz\u0119\u0142o si\u0119 od zmiany rzekomo nazbyt \u201ewojowniczej\u201d nazwy \u2013 Militia (Rycerstwo) na \u201eMisja Niepokalanej\u201d, kt\u00f3ra mia\u0142a lepiej odpowiada\u0107 zasadom wolno\u015bci religijnej i posoborowemu pacyfizmowi. Wkr\u00f3tce<a class=\"more-link\" href=\"https:\/\/test4.mi-backup.ch\/pl\/rycerstwo\/mi-po-soborze\/\">Czytaj dalej &rarr;<\/a><\/p>\n","protected":false},"author":9,"featured_media":0,"parent":7112,"menu_order":0,"comment_status":"closed","ping_status":"closed","template":"","meta":[],"_links":{"self":[{"href":"https:\/\/test4.mi-backup.ch\/pl\/wp-json\/wp\/v2\/pages\/7113"}],"collection":[{"href":"https:\/\/test4.mi-backup.ch\/pl\/wp-json\/wp\/v2\/pages"}],"about":[{"href":"https:\/\/test4.mi-backup.ch\/pl\/wp-json\/wp\/v2\/types\/page"}],"author":[{"embeddable":true,"href":"https:\/\/test4.mi-backup.ch\/pl\/wp-json\/wp\/v2\/users\/9"}],"replies":[{"embeddable":true,"href":"https:\/\/test4.mi-backup.ch\/pl\/wp-json\/wp\/v2\/comments?post=7113"}],"version-history":[{"count":6,"href":"https:\/\/test4.mi-backup.ch\/pl\/wp-json\/wp\/v2\/pages\/7113\/revisions"}],"predecessor-version":[{"id":7451,"href":"https:\/\/test4.mi-backup.ch\/pl\/wp-json\/wp\/v2\/pages\/7113\/revisions\/7451"}],"up":[{"embeddable":true,"href":"https:\/\/test4.mi-backup.ch\/pl\/wp-json\/wp\/v2\/pages\/7112"}],"wp:attachment":[{"href":"https:\/\/test4.mi-backup.ch\/pl\/wp-json\/wp\/v2\/media?parent=7113"}],"curies":[{"name":"wp","href":"https:\/\/api.w.org\/{rel}","templated":true}]}}