{"id":7114,"date":"2017-10-24T10:12:50","date_gmt":"2017-10-24T08:12:50","guid":{"rendered":"https:\/\/test4.mi-backup.ch\/?page_id=7114"},"modified":"2018-11-25T13:57:48","modified_gmt":"2018-11-25T12:57:48","slug":"rycerze","status":"publish","type":"page","link":"https:\/\/test4.mi-backup.ch\/pl\/rycerze\/","title":{"rendered":"Rycerze"},"content":{"rendered":"<p><img loading=\"lazy\" class=\"size-medium wp-image-1569 alignright\" src=\"https:\/\/test4.mi-backup.ch\/wp-content\/uploads\/2017\/01\/Ritter-Altar-173x300.jpg\" alt=\"\" width=\"173\" height=\"300\" srcset=\"https:\/\/test4.mi-backup.ch\/wp-content\/uploads\/2017\/01\/Ritter-Altar-173x300.jpg 173w, https:\/\/test4.mi-backup.ch\/wp-content\/uploads\/2017\/01\/Ritter-Altar.jpg 236w\" sizes=\"(max-width: 173px) 100vw, 173px\" \/>Maksymilian Kolbe nazwa\u0142 cz\u0142onk\u00f3w MI\u00a0\u201erycerzami\u201d nie dlatego, \u017ceby byli z siebie samych szczeg\u00f3lnie silnymi, dzielnymi czy pot\u0119\u017cnymi, ale z powodu tego, \u017ce s\u0142u\u017c\u0105 oni tak dostojnej Kr\u00f3lowej, kt\u00f3rej nale\u017cy si\u0119 nie mniej ni\u017c idea\u0142 rycerza; rycerza, kt\u00f3ry jest got\u00f3w, niepomny siebie, odda\u0107 si\u0119 ca\u0142kowicie za idea\u0142, dla swojej Kr\u00f3lowej. \u015aw. Maksymilian tak nakre\u015bli\u0142 ten idea\u0142:\u00a0Pro amore, usque ad victimam \u2013 Wszystko dla mi\u0142o\u015bci, a\u017c do ofiary \u017cycia. Jako \u017ce chodzi tutaj o walk\u0119 duchow\u0105, tak m\u0119\u017cczy\u017ani, jak i kobiety s\u0105 w r\u00f3wnym do tego rycerstwa powo\u0142ani.<\/p>\n<p>Idea\u0142 Rycerza:<\/p>\n<ul>\n<li>\u201eRycerz jest natchniony wznios\u0142ym idea\u0142em. Nie zadowalaj\u0105 go p\u00f3\u0142\u015brodki ani miernota; on chce wszystkiego! \u015awiat jest dla niego za ma\u0142y.\u201d (\u015bw. Maksymilian)<\/li>\n<li>Gdy tylko ju\u017c pozna\u0142 i pokocha\u0142 Niepokalan\u0105, zda\u0142 sobie spraw\u0119 z powo\u0142ania; by\u0107 Jej or\u0119downikiem, sta\u0107 Jej narz\u0119dziem, pozwoli\u0107 si\u0119 Jej prowadzi\u0107. T\u0119 ch\u0119\u0107 wyra\u017ca przez oddanie si\u0119 Niepokalanej. Jednak\u017ce, nie zadowala si\u0119 samym po\u015bwi\u0119ceniem, lecz raczej \u201estara si\u0119, jak tylko mo\u017ce, dla Niej zdoby\u0107 serca innych, aby i one dla Niej si\u0119 po\u015bwi\u0119ci\u0142y\u201d (\u015bw. Maksymilian). Za \u015bw. Maksymilianem powtarza: \u201e\u017byj\u0119 tylko dla dusz, to moje zadanie!\u201d.<\/li>\n<li>Maryja prowadzi rycerza do Chrystusa, dlatego jego motto brzmi: Ca\u0142y \u015bwiat dla Chrystusa przez Niepokalan\u0105! T\u0119skni on za tym, aby Chrystus zn\u00f3w odbiera\u0142 chwa\u0142\u0119 w spo\u0142ecze\u0144stwie, maj\u0105c \u015bwiadomo\u015b\u0107, \u017ce \u201enie ma \u017cadnego skuteczniejszego \u015brodka (przeciw z\u0142u dzisiejszych czas\u00f3w) nad przywr\u00f3cenie panowania naszego Pana\u201d (Pius X).<\/li>\n<li>Rycerz nie pozwala, aby jego w\u0142asne s\u0142abo\u015bci czy przewa\u017caj\u0105ca moc wroga go zniech\u0119ci\u0142y. \u201eS\u0105 dwie drogi: w\u0142asna si\u0142a albo moc Bo\u017ca. Wszystko zale\u017cy od tego, kt\u00f3r\u0105 p\u00f3jdziemy. Kiedy sprawa ma zerow\u0105 warto\u015b\u0107 (to jest wsparta nasz\u0105 w\u0142asn\u0105 si\u0142\u0105), wtedy i wynik b\u0119dzie zerowy. B\u0119dziemy wi\u0119c budowa\u0107 na sobie samych, czy na Bogu?\u201d (\u015bw. Maksymilian). Tak wi\u0119c wo\u0142a on za Dawidem Goliatom tego \u015bwiata, kt\u00f3rzy zdetronizowali Chrystusa: \u201eTy idziesz na mnie z mieczem, dzid\u0105 i zakrzywionym no\u017cem, ja za\u015b id\u0119 na ciebie w imi\u0119 Pana Zast\u0119p\u00f3w, Boga wojsk izraelskich, kt\u00f3rym ur\u0105ga\u0142e\u015b.\u201d (1 Sam 17, 45) Nie pok\u0142ada nadziei w \u015brodkach i wiedzy \u015bwiatowej, lecz raczej w Bogu jedynie. Na podobie\u0144stwo Dawida w tej walce korzysta ze \u015brodk\u00f3w, kt\u00f3re w oczach \u015bwiata s\u0105 g\u0142upstwem. Ufa \u201eor\u0119\u017cu\u201d, kt\u00f3re podarowa\u0142a mu jego Pani, zw\u0142aszcza Cudownemu Medalikowi i R\u00f3\u017ca\u0144cowi \u2013 \u201eprocy Dawida\u201d (Pius XII) i \u201eostatniemu \u015brodkowi zaradczemu\u201d (Matka Bo\u017ca fatimska).<\/li>\n<\/ul>\n<p>Nasz patron podsumowuje ten idea\u0142 nast\u0119puj\u0105co:<\/p>\n<blockquote><p>\u201eRozwa\u017cmy dzi\u015b portret prawdziwego Rycerza Niepokalanej. Nie kurczy on swojego serca dla siebie samego, ani nawet dla swej rodziny, krewnych, przyjaci\u00f3\u0142 czy rodak\u00f3w; obejmuje on nim ca\u0142y swiat, wszystkich razem i ka\u017cdego z osobna, poniewa\u017c wszyscy bez wyj\u0105tku s\u0105 odkupieni przez Krew Chrystusow\u0105, wszyscy s\u0105 naszymi bra\u0107mi. Pragnie on dla ka\u017cdego prawdziwego szcz\u0119\u015bcia, o\u015bwiecenia \u015bwiat\u0142em wiary, oczyszczenia z grzech\u00f3w i serca rozpalonego Bo\u017c\u0105 mi\u0142o\u015bci\u0105, mi\u0142o\u015bci\u0105 bez granic. Szcz\u0119\u015bcie ca\u0142ej ludzko\u015bci w Panu Bogu przez Niepokalan\u0105 \u2013 to jego marzenie. Rycerz Niepokalanej jest wojownikiem o zdobycie dla Niej serc wszystkich! \u2013 Wszystkim naprzeciw podaje swoj\u0105 troskliw\u0105 d\u0142o\u0144, za wszystkich si\u0119 modli, za wszystkich znosi cierpienia.\u201d<\/p><\/blockquote>\n<p>(\u015bw. Maksymilian Kolbe)<\/p>\n<div  class=\"shortcode-box border-box style-yellowlight table\" ><div class='shortcode-box-icon table-cell-mid'><i class='fa fa-pencil'><\/i><\/div><div class=\"shortcode-box-content table-cell-mid\">Je\u017celi ten idea\u0142 przemawia\u00a0tak\u017ce i do Ciebie, wi\u0119cej informacji o Rycerzach Niepokalanej i o <a href=\"https:\/\/test4.mi-backup.ch\/pl\/warunki-przystapienia-do-mi\/\">warunkach przyst\u0105pienia do MI<\/a> znajdziesz na innych podstronach tej witryny.<\/div><\/div>\n<div  class=\"shortcode-box border-box style-yellowlight table\" ><div class='shortcode-box-icon table-cell-mid'><i class='fa fa-pencil'><\/i><\/div><div class=\"shortcode-box-content table-cell-mid\">Je\u017celi ju\u017c przyst\u0105pi\u0142e\u015b do MI, ale z biegiem czasu ten idea\u0142 popad\u0142 w zapomnienie, na innych podstronach tej witryny znajdziesz cenne informacje, kt\u00f3re mog\u0105 by\u0107 pomocne do jego ponownego o\u017cywienia: by\u0107 mo\u017ce m\u00f3g\u0142by\u015b do\u0142\u0105czy\u0107 do <a href=\"https:\/\/test4.mi-backup.ch\/pl\/osrodki\/\" class=\"broken_link\">grupy MI<\/a> lub odda\u0107 si\u0119 lekturze naszych <a href=\"https:\/\/test4.mi-backup.ch\/pl\/czasopisma-mi\/\">pism<\/a>.<\/div><\/div>\n<div  class=\"shortcode-box border-box style-yellowlight table\" ><div class='shortcode-box-icon table-cell-mid'><i class='fa fa-pencil'><\/i><\/div><div class=\"shortcode-box-content table-cell-mid\">W razie pyta\u0144, pozostajemy do dyspozycji: <a href=\"https:\/\/test4.mi-backup.ch\/pl\/kontakt\/\">kontakt<\/a><\/div><\/div>\n","protected":false},"excerpt":{"rendered":"<p>Maksymilian Kolbe nazwa\u0142 cz\u0142onk\u00f3w MI\u00a0\u201erycerzami\u201d nie dlatego, \u017ceby byli z siebie samych szczeg\u00f3lnie silnymi, dzielnymi czy pot\u0119\u017cnymi, ale z powodu tego, \u017ce s\u0142u\u017c\u0105 oni tak dostojnej Kr\u00f3lowej, kt\u00f3rej nale\u017cy si\u0119 nie mniej ni\u017c idea\u0142 rycerza; rycerza, kt\u00f3ry jest got\u00f3w, niepomny siebie, odda\u0107 si\u0119 ca\u0142kowicie za idea\u0142, dla swojej Kr\u00f3lowej. \u015aw.<a class=\"more-link\" href=\"https:\/\/test4.mi-backup.ch\/pl\/rycerze\/\">Czytaj dalej &rarr;<\/a><\/p>\n","protected":false},"author":9,"featured_media":0,"parent":0,"menu_order":0,"comment_status":"closed","ping_status":"closed","template":"","meta":[],"_links":{"self":[{"href":"https:\/\/test4.mi-backup.ch\/pl\/wp-json\/wp\/v2\/pages\/7114"}],"collection":[{"href":"https:\/\/test4.mi-backup.ch\/pl\/wp-json\/wp\/v2\/pages"}],"about":[{"href":"https:\/\/test4.mi-backup.ch\/pl\/wp-json\/wp\/v2\/types\/page"}],"author":[{"embeddable":true,"href":"https:\/\/test4.mi-backup.ch\/pl\/wp-json\/wp\/v2\/users\/9"}],"replies":[{"embeddable":true,"href":"https:\/\/test4.mi-backup.ch\/pl\/wp-json\/wp\/v2\/comments?post=7114"}],"version-history":[{"count":10,"href":"https:\/\/test4.mi-backup.ch\/pl\/wp-json\/wp\/v2\/pages\/7114\/revisions"}],"predecessor-version":[{"id":14262,"href":"https:\/\/test4.mi-backup.ch\/pl\/wp-json\/wp\/v2\/pages\/7114\/revisions\/14262"}],"wp:attachment":[{"href":"https:\/\/test4.mi-backup.ch\/pl\/wp-json\/wp\/v2\/media?parent=7114"}],"curies":[{"name":"wp","href":"https:\/\/api.w.org\/{rel}","templated":true}]}}