{"id":7115,"date":"2017-10-27T20:04:58","date_gmt":"2017-10-27T18:04:58","guid":{"rendered":"https:\/\/test4.mi-backup.ch\/?page_id=7115"},"modified":"2017-10-27T20:04:58","modified_gmt":"2017-10-27T18:04:58","slug":"objasnienia-sw-maksymiliana","status":"publish","type":"page","link":"https:\/\/test4.mi-backup.ch\/pl\/objasnienia-sw-maksymiliana\/","title":{"rendered":"Obja\u015bnienia \u015bw. Maksymiliana"},"content":{"rendered":"<h3><img loading=\"lazy\" class=\"alignright\" src=\"https:\/\/test4.mi-backup.ch\/wp-content\/uploads\/media\/kolbe3.jpg_(Copy).JPG\" alt=\"\" width=\"213\" height=\"290\" align=\"left\" border=\"1\" hspace=\"10\" vspace=\"3\" \/>Dlaczego powinni\u015bmy zwr\u00f3ci\u0107 si\u0119 do Niepokalanej?<\/h3>\n<p>\u201eJe\u015bli chodzi o nawr\u00f3cenie dusz, to tylko przez Maryj\u0119, a nie inaczej mo\u017cemy to uczyni\u0107. B\u00f3g w niezmierzonej swej dobroci uczyni\u0142 Matk\u0119 Naj\u015bwi\u0119tsz\u0105 Skarbniczk\u0105 swych \u0142ask i tylko przez Ni\u0105 zlewa je na \u015bwiat. S\u0142uszn\u0105 jest tedy rzecz\u0105, aby\u015bmy o te \u0142aski prosili Pana Boga zawsze za po\u015brednictwem Niepokalanej.\u201d (konferencja, 30 maja 1933)<\/p>\n<h3>Co oznacza \u201eca\u0142kowite po\u015bwi\u0119cenie si\u0119\u201d Jej?<\/h3>\n<p>\u201ePragniemy do tego stopnia nale\u017ce\u0107 do Niepokalanej, by nie tylko nie pozosta\u0142o w nas nic, co by nie by\u0142o Jej, ale by\u015bmy zostali unicestwieni w Niej, przemienieni w Ni\u0105, przeistoczeni w Ni\u0105, aby tylko Ona pozosta\u0142a. &#8211; By\u015bmy tak bardzo byli Jej, jak Ona jest Boga.\u201d (list, 12 kwietnia 1933)<\/p>\n<h3>Czy \u201eakt ca\u0142kowitego po\u015bwi\u0119cenia si\u0119 Jej\u201d jest wystarczaj\u0105cy?<\/h3>\n<p>\u201eMi\u0142o\u015b\u0107 Niepokalanej polega nie tylko na akcie po\u015bwi\u0119cenia si\u0119 cho\u0107by odm\u00f3wionym z wielkim zapa\u0142em, lecz na znoszeniu wielu wyrzecze\u0144 i na pracy dla Niej bez wytchnienia.\u201d (list, 10 lutego 1937)<\/p>\n<h3>Czy to po\u015bwi\u0119cenie si\u0119 jest rzeczywi\u015bcie nieodwo\u0142alne?<\/h3>\n<p>\u201eW Rycerstwie Niepokalanej starannie nale\u017cy rozr\u00f3\u017cni\u0107 dwie rzeczy: istot\u0119 i rzeczy nieistotne. Do istoty nie nale\u017cy taka czy inna forma organizacyjna, lecz samo po\u015bwi\u0119cenie samego siebie Niepokalanej, po\u015bwi\u0119cenie bezwarunkowe i bezgraniczne. Mi\u0142o\u015b\u0107 ku Niepokalanej a\u017c do promieniowania na zewn\u0105trz, aby dusze z otoczenia zapala\u0142y si\u0119 tym ogniem.\u201d (list, 13 grudnia 1938)<\/p>\n<h3>Jak wp\u0142ywa akt po\u015bwi\u0119cenia si\u0119 na nasze dzia\u0142ania i nasz\u0105 prac\u0119?<\/h3>\n<p>\u201eTo po\u015bwi\u0119cenie nie wymaga bynajmniej, by zaraz opu\u015bci\u0107 \u015bwiat, rodzin\u0119 i wst\u0105pi\u0107 do klasztoru. Nie. Mo\u017cna w dalszym ci\u0105gu w dotychczasowym stanie oddawa\u0107 si\u0119 wszystkim dotychczasowym uczciwym zaj\u0119ciom, tylko \u017ce to ju\u017c nie my sami ofiarujemy te nasze codzienne zaj\u0119cia Bogu, ale Ona, Niepokalana, kt\u00f3rej stali\u015bmy si\u0119 w\u0142asno\u015bci\u0105, je ofiaruje. I to ofiaruje je nie jako nasze, u\u0142omne, pe\u0142ne niedoskona\u0142o\u015bci, ale jako swoje w\u0142asne, bo my ze wszystkim, co nasze jest \u2013 do Niej nale\u017cymy. St\u0105d i wszelkie nasze zaj\u0119cia do Niej nale\u017c\u0105. Niepokalana za\u015b nie mo\u017ce ofiarowa\u0107 Bogu nic skalanego. W Jej niepokalanych r\u0119kach nasze niedoskona\u0142e czyny staj\u0105 si\u0119 te\u017c nieskalane, czyste i st\u0105d bez por\u00f3wnania wi\u0119cej warto\u015bciowe.\u201d (ulotka: Stowarzyszenie Milicji Niepokalanej, 1938)<\/p>\n<h3>Czy nasze prace nale\u017c\u0105 do Niepokalanej tylko w\u00f3wczas, gdy o Niej my\u015blimy podczas ich wykonywania?<\/h3>\n<p>\u201eIstota oddania si\u0119 Niepokalanej nie polega na ci\u0105g\u0142ej pami\u0119ci o Niej, ale na woli. Tak wi\u0119c dusza zaj\u0119ta ca\u0142a dobrym spe\u0142nianiem swego obowi\u0105zku, nie przestaje by\u0107 w\u0142asno\u015bci\u0105 Niepokalanej i jej my\u015bli, s\u0142owa i czyny nie przestaj\u0105 by\u0107 Niepokalanej, chocia\u017c o tym nie my\u015bli.\u201d (ulotka: Stowarzyszenie Milicji Niepokalanej, 1938)<\/p>\n<h3>Dlaczego powinni\u015bmy nosi\u0107 Cudowny Medalik i propagowa\u0107 go?<\/h3>\n<p>\u201eMilicja Niepokalanej pos\u0142uguje si\u0119 wszelkimi byle godziwymi \u015brodkami, kt\u00f3re do celu prowadzi\u0107 mog\u0105. Szczeg\u00f3lnie nale\u017cy wybiera\u0107 te \u015brodki, kt\u00f3re Niepokalana sama nam daje, a do nich nale\u017cy Cudowny Medalik.\u201d (Rycerz Niepokalanej, 1937)<\/p>\n<h3>Czy s\u0105 inne metody prowadzenia apostolatu?<\/h3>\n<p>\u201eMusimy nie tylko broni\u0107 wiary, przyczynia\u0107 si\u0119 do zbawienia dusz, ale w brawurowym ataku, nie pami\u0119taj\u0105c zupe\u0142nie o sobie, zdobywa\u0107 dla Niepokalanej dusz\u0119 po duszy, plac\u00f3wk\u0119 po plac\u00f3wce, zatkn\u0105\u0107 Jej sztandary na wydawnictwach dziennik\u00f3w, prasy periodycznej i nieperiodycznej, agencjach prasowych, antenach radiowych, pa\u0142acach sztuki, literatury, teatrach, kinach, sejmach i senatach, s\u0142owem wsz\u0119dzie po ca\u0142ym \u015bwiecie, i dopilnowa\u0107, by nikt nigdy nie zdo\u0142a\u0142 tych sztandar\u00f3w usun\u0105\u0107.\u201d (list, 21 grudnia 1928)<\/p>\n<h3>Na czym polega szczeg\u00f3lny charakter MI?<\/h3>\n<p>\u201eMI jest bardzo ofensywna. Nam nie wystarcza broni\u0107 religii, wychodzimy z twierdzy i ufaj\u0105c naszej Hetmance idziemy mi\u0119dzy nieprzyjaci\u00f3\u0142 i \u0142owimy serca, by je zdoby\u0107 dla Niepokalanej. Ka\u017cde serce, kt\u00f3re bije i bi\u0107 b\u0119dzie do ko\u0144ca \u015bwiata na ziemi, musi by\u0107 zdobycz\u0105 Niepokalanej. Oto nasz cel. I to mo\u017cliwie jak najpr\u0119dzej.\u201d (list, 23 kwietnia 1929)<\/p>\n<p>\u201eSama my\u015bl, \u017ce tyle jeszcze dusz nie zna nawet imienia Maryi, nie daje mu spokoju. Pragn\u0105\u0142by ca\u0142y \u015bwiat dla Niej pozyska\u0107. Wprowadzi\u0107 J\u0105 do ka\u017cdego serca, kt\u00f3re bije pod s\u0142o\u0144cem i kiedykolwiek bi\u0107 b\u0119dzie, by Ona obfito\u015bci\u0105 \u0142ask mog\u0142a o\u015bwieci\u0107 te serca, by je ogrza\u0142a mi\u0142o\u015bci\u0105 swego matczynego Serca i rozp\u0142omieni\u0142a w nich ogie\u0144 mi\u0142o\u015bci ku Bogu, ku Sercu Boskiemu \u2013 Jezusa.\u201d (ulotka: Stowarzyszenie Milicji Niepokalanej, 1938))<\/p>\n<h3>Czy MI jest prawdziwym wojskiem, armi\u0105 przygotowan\u0105 do bitwy?<\/h3>\n<p>\u201eWobec tak pot\u0119\u017cnych atak\u00f3w nieprzyjaci\u00f3\u0142 Bo\u017cego Ko\u015bcio\u0142a, czy wolno nam sta\u0107 bezczynnie? Czy wolno tylko biada\u0107 i \u0142zy roni\u0107? \u2013 Nie! Pami\u0119tajmy, \u017ce na s\u0105dzie Bo\u017cym zdamy nie tylko \u015bcis\u0142y rachunek z czynno\u015bci wype\u0142nionych, ale tak\u017ce Pan B\u00f3g policzy wszystkie dobre uczynki, kt\u00f3re mogli\u015bmy zdzia\u0142a\u0107, a zaniedbali\u015bmy.\u201d (Rycerz Niepokalanej, 2\/1923)<\/p>\n<p>\u201eTylko tak po rycersku cierpie\u0107, pracowa\u0107, umrze\u0107, ale nie \u015bmierci\u0105 zwyczajn\u0105 \u2013 ot, dosta\u0107 kulka w \u0142eb, by przypiecz\u0119towa\u0107 swoja mi\u0142o\u015b\u0107 ku Niepokalanej, tak po rycersku przela\u0107 krew a\u017c do ostatniej kropli dla przyspieszenia zdobycia ca\u0142ego \u015bwiata dla Niej.\u201d (Rycerz Niepokalanej, 1939)<\/p>\n<h3>Kto i co jest najwi\u0119kszym wrogiem w tej bitwie?<\/h3>\n<p>\u201eNa ca\u0142ej kuli ziemskiej tu s\u0142abiej, tam bardziej zaciekle toczy si\u0119 walka przeciwko Ko\u015bcio\u0142owi i szcz\u0119\u015bciu dusz. Wr\u00f3g ukazuje si\u0119 w rozmaitej szacie i pod r\u00f3\u017cnymi nazwami. Og\u00f3lnie wiadomo, jak socjalizm, wykorzystuj\u0105c n\u0119dzne po\u0142o\u017cenie robotnika, zaszczepi\u0142 mu jad niewiary. Widzimy, jak bolszewicy t\u0119pi\u0105 religi\u0119. S\u0142yszeli\u015bmy nauki materialist\u00f3w, pragn\u0105cych \u015bcie\u015bni\u0107 wszech\u015bwiat do tego tylko, co bezpo\u015brednio zmys\u0142ami poznajemy, i tak wm\u00f3wi\u0107 w siebie i w drugich, \u017ce nie ma Boga ani duszy. Teozofia wszczepia oboj\u0119tno\u015b\u0107 religijn\u0105, a Badacze Pisma \u015awi\u0119tego i inni protestanci grubymi dolarami jednaj\u0105 sobie wyznawc\u00f3w. Wszystkie te obozy tworz\u0105 zgodn\u0105 lini\u0119 bojow\u0105 przeciw Ko\u015bcio\u0142owi.\u201d (Rycerz Niepokalanej, 2\/1923)<\/p>\n<p>\u201eZa tymi stra\u017cami przednimi idzie dopiero gros armii nieprzyjaciela. Pierwszorz\u0119dnym, najwi\u0119kszym i najpot\u0119\u017cniejszym wrogiem Ko\u015bcio\u0142a jest masoneria.\u201d (manuskrypt: \u201eDzisiejsi wrogowie Ko\u015bcio\u0142a\u201d)<\/p>\n<h3>Jak MI postrzega ekumenizm?<\/h3>\n<p>\u201eHerezje, a wi\u0119c nie heretyk\u00f3w niszczy, bo ich kocha, pragnie ich nawr\u00f3cenia, w\u0142a\u015bnie z mi\u0142o\u015bci ku nim uwalnia ich od herezji, niszczy w nich b\u0142\u0119dne pogl\u0105dy i przekonania. Zniszczy\u0142a, a wi\u0119c nie tylko umniejszy\u0142a, os\u0142abi\u0142a, ale zupe\u0142nie usun\u0119\u0142a i \u2013 zniszczy\u0142a tak, \u017ce po nich \u015bladu nie pozostanie. Jakie? Wszystkie! Wi\u0119c bez \u017cadnego wyj\u0105tku \u2013 wszystkie. A gdzie? Na ca\u0142ym \u015bwiecie! Wi\u0119c nie tylko w jednym lub drugim kraju lub cz\u0119\u015bci ziemi, ale we wszystkich krajach na ca\u0142ym \u015bwiecie. I to sama\u015b zniszczy\u0142a. Wi\u0119c nie potrzeba niczego wi\u0119cej, bo to zdolna jest uczyni\u0107 Ona sama.\u201d (Rycerz Niepokalanej, 12\/1933)<\/p>\n<h3>Dlaczego akty strzeliste?<\/h3>\n<p>\u201eNale\u017cymy do dusz, kt\u00f3re s\u0105 przeznaczone do tego, aby mie\u0107 r\u0119ce wzniesione w modlitwie, i w du\u017cej mierze przysz\u0142o\u015b\u0107 od nich zale\u017cy. Starajmy si\u0119 doda\u0107 do modlitw codziennych du\u017co modlitw prywatnych, by tym wi\u0119cej wp\u0142yn\u0105\u0107 na te wa\u017cne sprawy. \u017badna modlitwa, nawet najmniejszy akt nie jest bezskuteczny. Pan B\u00f3g chce by\u015bmy rz\u0105dzili \u015bwiatem przez modlitw\u0119.\u201d (konferencja, 10 marca 1940)<\/p>\n<h3>Czy istniej\u0105 zgromadzenia i spotkania w ramach MI?<\/h3>\n<p>\u201eW ka\u017cdej miejscowo\u015bci powstanie ko\u0142o , nie tyle liczne, ile gorliwe MI 2 , a raczej r\u00f3\u017cne ko\u0142a wedle r\u00f3\u017cno\u015bci stan\u00f3w, warunk\u00f3w i okoliczno\u015bci, kt\u00f3rych celem b\u0119dzie (&#8230;) roznieca\u0107 ten ogie\u0144 dooko\u0142a wedle mo\u017cno\u015bci (&#8230;), wsp\u00f3lnie obmy\u015blaj\u0105c po temu \u015brodki, rozwa\u017caj\u0105c wyniki i ulepszaj\u0105c wedle do\u015bwiadczenia metody dzia\u0142ania.\u201d (list, 2 grudnia 1931)<\/p>\n<h3>Czy taka organizacja jest konieczna dla apostolatu?<\/h3>\n<p>\u201eDzia\u0142alno\u015b\u0107 zewn\u0119trzna jest dobra, ale oczywi\u015bcie jest rzecz\u0105 drugorz\u0119dn\u0105 i wi\u0119cej ni\u017c drugorz\u0119dn\u0105 wobec \u017cycia wewn\u0119trznego, \u017cycia skupienia, modlitwy, \u017cycia osobistej mi\u0142o\u015bci ku Bogu. W miar\u0119 jak sami coraz bardziej gorze\u0107 b\u0119dziemy mi\u0142o\u015bci\u0105 Bo\u017c\u0105 i drugich t\u0105 mi\u0142o\u015bci\u0105 zapala\u0107 b\u0119dziemy mogli.\u201d (list, 10 wrze\u015bnia 1940)<\/p>\n<h3>Czy Matka Bo\u017ca nie prosi tak\u017ce, by czyni\u0107 pokut\u0119?<\/h3>\n<p>\u201eTymi nadnaturalnymi \u015brodkami s\u0105: modlitwa i cierpienie. Gdyby\u015bmy du\u017co pracowali, ale bez w\u0142asnej ofiary, to wszystko jeszcze by\u0142oby niczym.\u201d (konferencja, 5 marca 1938)<\/p>\n<p>\u201eMusimy przyjmowa\u0107 z r\u0105k Niepokalanej to, co Ona sama kiedy i jak zes\u0142a\u0107 raczy, czy przyjemne, czy przykre. Wsz\u0119dzie potrzeba krzy\u017cy, bo i Niepokalana sz\u0142a przez krzy\u017ce po tym \u015bwiecie i sam Pan Jezus nie inn\u0105 obra\u0142 drog\u0119.\u201d (list, 28 grudnia 1934)<\/p>\n<h3>Jak mo\u017cna podsumowa\u0107 ten idea\u0142?<\/h3>\n<p>\u201eCzy\u017c nie pi\u0119kny to idea\u0142 \u017cycia? &#8211; Wojna, by zdoby\u0107 ca\u0142y \u015bwiat, serca wszystkich i ka\u017cdego z osobna, zaczynaj\u0105c od siebie. Pot\u0119ga nasza w uznaniu swej g\u0142upoty, s\u0142abo\u015bci i n\u0119dzy, i ufno\u015bci bezgranicznej w dobro\u0107 i pot\u0119g\u0119 Niepokalanej.\u201d (list, 11 grudnia 1930)<\/p>\n<p>\u201eWodzem tej armii b\u0119dzie Niepokalana i pod Jej sztandarem rozegra si\u0119 walna bitwa i zatkniemy Jej znaki na twierdzach kr\u00f3la ciemno\u015bci. &#8211; I Niepokalana b\u0119dzie Kr\u00f3low\u0105 ca\u0142ego \u015bwiata i ka\u017cdej duszy z osobna.\u201d (list, 30 maja 1931)<\/p>\n<div><\/div>\n","protected":false},"excerpt":{"rendered":"<p>Dlaczego powinni\u015bmy zwr\u00f3ci\u0107 si\u0119 do Niepokalanej? \u201eJe\u015bli chodzi o nawr\u00f3cenie dusz, to tylko przez Maryj\u0119, a nie inaczej mo\u017cemy to uczyni\u0107. B\u00f3g w niezmierzonej swej dobroci uczyni\u0142 Matk\u0119 Naj\u015bwi\u0119tsz\u0105 Skarbniczk\u0105 swych \u0142ask i tylko przez Ni\u0105 zlewa je na \u015bwiat. S\u0142uszn\u0105 jest tedy rzecz\u0105, aby\u015bmy o te \u0142aski prosili Pana<a class=\"more-link\" href=\"https:\/\/test4.mi-backup.ch\/pl\/objasnienia-sw-maksymiliana\/\">Czytaj dalej &rarr;<\/a><\/p>\n","protected":false},"author":9,"featured_media":0,"parent":0,"menu_order":0,"comment_status":"closed","ping_status":"closed","template":"","meta":[],"_links":{"self":[{"href":"https:\/\/test4.mi-backup.ch\/pl\/wp-json\/wp\/v2\/pages\/7115"}],"collection":[{"href":"https:\/\/test4.mi-backup.ch\/pl\/wp-json\/wp\/v2\/pages"}],"about":[{"href":"https:\/\/test4.mi-backup.ch\/pl\/wp-json\/wp\/v2\/types\/page"}],"author":[{"embeddable":true,"href":"https:\/\/test4.mi-backup.ch\/pl\/wp-json\/wp\/v2\/users\/9"}],"replies":[{"embeddable":true,"href":"https:\/\/test4.mi-backup.ch\/pl\/wp-json\/wp\/v2\/comments?post=7115"}],"version-history":[{"count":10,"href":"https:\/\/test4.mi-backup.ch\/pl\/wp-json\/wp\/v2\/pages\/7115\/revisions"}],"predecessor-version":[{"id":7747,"href":"https:\/\/test4.mi-backup.ch\/pl\/wp-json\/wp\/v2\/pages\/7115\/revisions\/7747"}],"wp:attachment":[{"href":"https:\/\/test4.mi-backup.ch\/pl\/wp-json\/wp\/v2\/media?parent=7115"}],"curies":[{"name":"wp","href":"https:\/\/api.w.org\/{rel}","templated":true}]}}