{"id":7118,"date":"2021-10-23T08:30:58","date_gmt":"2021-10-23T06:30:58","guid":{"rendered":"https:\/\/test4.mi-backup.ch\/?page_id=7118"},"modified":"2022-08-19T11:33:15","modified_gmt":"2022-08-19T09:33:15","slug":"rycerstwo-niepokalanej-tradycyjnej-obserwancji-dzisiaj","status":"publish","type":"page","link":"https:\/\/test4.mi-backup.ch\/pl\/rycerstwo-niepokalanej-tradycyjnej-obserwancji-dzisiaj\/","title":{"rendered":"Rycerstwo Niepokalanej Tradycyjnej Obserwancji dzisiaj"},"content":{"rendered":"<blockquote>\n<div dir=\"auto\">\n<div dir=\"auto\"><em>Wiele os\u00f3b poznaje Rycerstwo dzi\u0119ki komu\u015b, nawet ca\u0142kiem nieznajomemu, kto da\u0142 im medalik i ulotk\u0119. Na niej znajduj\u0105 one s\u0142owa &#8220;Militia Immaculatae&#8221;. Jeste\u015b jedn\u0105 z nich? Ju\u017c odpowiadamy na pytanie, gdzie jest tworzone to dzie\u0142o. W Warszawie, w mi\u0119dzynarodowej centrali M.I.\u00a0 Jest to praca duchowa, ale i apostolska, ma za zadanie wszelkimi godziwymi \u015brodkami pozyska\u0107 dusze dla Maryi, przez Maryj\u0119 i w Maryi. Do\u0142\u0105cz do nas!<\/em><\/div>\n<\/div>\n<\/blockquote>\n<div style=\"position: relative; width: 100%; height: 0; padding-top: 100.0000%; padding-bottom: 48px; box-shadow: 0 2px 8px 0 rgba(63,69,81,0.16); margin-top: 1.6em; margin-bottom: 0.9em; overflow: hidden; border-radius: 8px; will-change: transform;\"><iframe style=\"position: absolute; width: 100%; height: 100%; top: 0; left: 0; border: none; padding: 0; margin: 0;\" src=\"https:\/\/www.canva.com\/design\/DAFJkNpd0Ug\/view?embed\" allowfullscreen=\"allowfullscreen\"><br \/>\n<\/iframe><\/div>\n<p><a href=\"https:\/\/www.canva.com\/design\/DAFJkNpd0Ug\/view?utm_content=DAFJkNpd0Ug&amp;utm_campaign=designshare&amp;utm_medium=embeds&amp;utm_source=link\" target=\"_blank\" rel=\"noopener\" class=\"broken_link\">Organizacja Milicji Immaculat\u00e6 Traditionalis Observance<\/a><\/p>\n","protected":false},"excerpt":{"rendered":"<p>Wiele os\u00f3b poznaje Rycerstwo dzi\u0119ki komu\u015b, nawet ca\u0142kiem nieznajomemu, kto da\u0142 im medalik i ulotk\u0119. Na niej znajduj\u0105 one s\u0142owa &#8220;Militia Immaculatae&#8221;. Jeste\u015b jedn\u0105 z nich? Ju\u017c odpowiadamy na pytanie, gdzie jest tworzone to dzie\u0142o. W Warszawie, w mi\u0119dzynarodowej centrali M.I.\u00a0 Jest to praca duchowa, ale i apostolska, ma za<a class=\"more-link\" href=\"https:\/\/test4.mi-backup.ch\/pl\/rycerstwo-niepokalanej-tradycyjnej-obserwancji-dzisiaj\/\">Czytaj dalej &rarr;<\/a><\/p>\n","protected":false},"author":9,"featured_media":71069,"parent":0,"menu_order":0,"comment_status":"closed","ping_status":"closed","template":"","meta":[],"_links":{"self":[{"href":"https:\/\/test4.mi-backup.ch\/pl\/wp-json\/wp\/v2\/pages\/7118"}],"collection":[{"href":"https:\/\/test4.mi-backup.ch\/pl\/wp-json\/wp\/v2\/pages"}],"about":[{"href":"https:\/\/test4.mi-backup.ch\/pl\/wp-json\/wp\/v2\/types\/page"}],"author":[{"embeddable":true,"href":"https:\/\/test4.mi-backup.ch\/pl\/wp-json\/wp\/v2\/users\/9"}],"replies":[{"embeddable":true,"href":"https:\/\/test4.mi-backup.ch\/pl\/wp-json\/wp\/v2\/comments?post=7118"}],"version-history":[{"count":10,"href":"https:\/\/test4.mi-backup.ch\/pl\/wp-json\/wp\/v2\/pages\/7118\/revisions"}],"predecessor-version":[{"id":77549,"href":"https:\/\/test4.mi-backup.ch\/pl\/wp-json\/wp\/v2\/pages\/7118\/revisions\/77549"}],"wp:featuredmedia":[{"embeddable":true,"href":"https:\/\/test4.mi-backup.ch\/pl\/wp-json\/wp\/v2\/media\/71069"}],"wp:attachment":[{"href":"https:\/\/test4.mi-backup.ch\/pl\/wp-json\/wp\/v2\/media?parent=7118"}],"curies":[{"name":"wp","href":"https:\/\/api.w.org\/{rel}","templated":true}]}}