{"id":7123,"date":"2017-10-22T22:03:00","date_gmt":"2017-10-22T20:03:00","guid":{"rendered":"https:\/\/test4.mi-backup.ch\/?page_id=7123"},"modified":"2018-05-19T17:27:29","modified_gmt":"2018-05-19T15:27:29","slug":"informacje-prawne","status":"publish","type":"page","link":"https:\/\/test4.mi-backup.ch\/pl\/informacje-prawne\/","title":{"rendered":"Informacje prawne"},"content":{"rendered":"<div class=\"impressum\">\n<h3>Impressum i adres kontaktowy<\/h3>\n<p>Militia Immaculatae (MI-Schweiz)<br \/>\nKirchgemeinde St. Maria<br \/>\nSt. Gallerstr. 65<br \/>\nCH-9500 Wil<br \/>\nSchweiz<\/p>\n<h3>Forma prawna<\/h3>\n<p>Nazw\u0105 \u201eMilitia Immaculatae\u201d (w skr\u00f3cie \u201eMI\u201d) okre\u015bla si\u0119\u00a0<strong>stowarzyszenie (Verein)\u00a0<\/strong>w rozumieniu art. 60 i nast\u0119p. <a href=\"https:\/\/www.admin.ch\/opc\/de\/classified-compilation\/19070042\/index.html\" target=\"_blank\" rel=\"noopener\" class=\"broken_link\">Szwajcarskiego Kodeksu Cywilnego<\/a>. Siedziba stowarzyszenia znajduje si\u0119 w Wil, kanton St. Gallen (SG), Szwajcaria.<\/p>\n<h3>Osoby upowa\u017cnione<\/h3>\n<ul>\n<li>ks. Karl Stehlin, og\u00f3lno\u015bwiatowy koordynator MI<\/li>\n<li>Benjamin Aepli, prezes szwajcarskiego oddzia\u0142u MI<\/li>\n<\/ul>\n<h3>Wy\u0142\u0105czenie odpowiedzialno\u015bci<\/h3>\n<p>Autor nie ponosi odpowiedzialno\u015bci za aktualno\u015b\u0107, poprawno\u015b\u0107, kompletno\u015b\u0107 i jako\u015b\u0107 dostarczonych informacji.<\/p>\n<p>Wy\u0142\u0105czone s\u0105 roszczenia z tytu\u0142u odpowiedzialno\u015bci wobec autora z powodu uszkodze\u0144 o charakterze materialnym lub niematerialnym wynikaj\u0105cych z dost\u0119pu, u\u017cywania lub niewykorzystania opublikowanych informacji, niew\u0142a\u015bciwego wykorzystania po\u0142\u0105cze\u0144 lub zak\u0142\u00f3ce\u0144 technicznych.<\/p>\n<p>Wszystkie oferty s\u0105 niewi\u0105\u017c\u0105ce. Autor wyra\u017anie zastrzega sobie prawo do zmiany, poprawienia lub usuni\u0119cia cz\u0119\u015bci stron lub ca\u0142ej oferty bez uprzedniego powiadomienia lub do czasowego lub sta\u0142ego wypowiedzenia publikacji.<\/p>\n<h3>Odpowiedzialno\u015b\u0107 za linki<\/h3>\n<p>Odno\u015bniki i linki do innych stron internetowych le\u017c\u0105 poza nasz\u0105 odpowiedzialno\u015bci\u0105. Odrzucamy jak\u0105kolwiek odpowiedzialno\u015b\u0107 za takie strony internetowe. Dost\u0119p oraz korzystanie z nich odbywa si\u0119 na w\u0142asne ryzyko u\u017cytkownika.<\/p>\n<h3>Prawa autorskie<\/h3>\n<p>Prawa autorskie i wszelkie inne prawa do tre\u015bci, materia\u0142\u00f3w wideo, zdj\u0119\u0107 lub innych plik\u00f3w na stronie nale\u017c\u0105 wy\u0142\u0105cznie do <strong>stowarzyszenia Militia Immaculatae<\/strong> (MI-Schweiz) lub konkretnych posiadaczy praw. Powielanie jakichkolwiek element\u00f3w wymaga wcze\u015bniejszej pisemnej zgody w\u0142a\u015bcicieli praw autorskich.<\/p>\n<h3>Polityka prywatno\u015bci<\/h3>\n<p>Na podstawie art. 13 szwajcarskiej konstytucji federalnej i federalnej ustawy o ochronie danych osobowych (Datenschutzgesetz, DSG) ka\u017cda osoba ma prawo do ochrony prywatno\u015bci, a tak\u017ce ochrony przed nadu\u017cyciem jej danych osobowych. Wykonujemy te przepisy. Dane osobowe s\u0105 \u015bci\u015ble poufne, a nie sprzedawane osobom trzecim ani przekazywane osobom trzecim.<\/p>\n<p>W \u015bcis\u0142ej wsp\u00f3\u0142pracy z naszymi dostawcami us\u0142ug hostingowych staramy si\u0119 chroni\u0107 najlepiej jak to mo\u017cliwe bazy danych przed dost\u0119pem, utrat\u0105, nadu\u017cyciem lub podrabianiem przez osoby trzecie.<\/p>\n<p>Podczas uzyskiwania dost\u0119pu do naszych stron internetowych w plikach dziennik\u00f3w s\u0105 zapisywane nast\u0119puj\u0105ce dane: adres IP, data, godzina, \u017c\u0105danie przegl\u0105darki i og\u00f3lne informacje o systemie operacyjnym i przegl\u0105darce internetowej. Te dane o u\u017cytkowaniu stanowi\u0105 podstaw\u0119 statystycznych, anonimowych ocen, kt\u00f3re s\u0142u\u017c\u0105 identyfikacji trend\u00f3w, dzi\u0119ki kt\u00f3rym mo\u017cemy poprawi\u0107 nasz\u0105 ofert\u0119.<\/p>\n<\/div>\n<p>Furthermore, we refer to our full\u00a0<a href=\"https:\/\/test4.mi-backup.ch\/en\/privacy-policy\/\" target=\"_blank\" rel=\"noopener\" data-saferedirecturl=\"https:\/\/www.google.com\/url?hl=de&amp;q=https:\/\/test4.mi-backup.ch\/en\/privacypolicy\/&amp;source=gmail&amp;ust=1526827070540000&amp;usg=AFQjCNF7pM7LcOGe4b1w5SsMmKqAfhIxcA\">Privacy Policy<\/a>.<\/p>\n<div class=\"impressum\">\n<h3>Obowi\u0105zuj\u0105ce prawo i jurysdykcja<\/h3>\n<p>Zastosowanie ma prawo szwajcarskie. S\u0105dem w\u0142a\u015bciwym jest Wil, kanton St. Gallen (SG), Szwajcaria.<\/p>\n<\/div>\n","protected":false},"excerpt":{"rendered":"<p>Impressum i adres kontaktowy Militia Immaculatae (MI-Schweiz) Kirchgemeinde St. Maria St. Gallerstr. 65 CH-9500 Wil Schweiz Forma prawna Nazw\u0105 \u201eMilitia Immaculatae\u201d (w skr\u00f3cie \u201eMI\u201d) okre\u015bla si\u0119\u00a0stowarzyszenie (Verein)\u00a0w rozumieniu art. 60 i nast\u0119p. Szwajcarskiego Kodeksu Cywilnego. Siedziba stowarzyszenia znajduje si\u0119 w Wil, kanton St. Gallen (SG), Szwajcaria. Osoby upowa\u017cnione ks. Karl<a class=\"more-link\" href=\"https:\/\/test4.mi-backup.ch\/pl\/informacje-prawne\/\">Czytaj dalej &rarr;<\/a><\/p>\n","protected":false},"author":9,"featured_media":0,"parent":0,"menu_order":0,"comment_status":"closed","ping_status":"closed","template":"","meta":[],"_links":{"self":[{"href":"https:\/\/test4.mi-backup.ch\/pl\/wp-json\/wp\/v2\/pages\/7123"}],"collection":[{"href":"https:\/\/test4.mi-backup.ch\/pl\/wp-json\/wp\/v2\/pages"}],"about":[{"href":"https:\/\/test4.mi-backup.ch\/pl\/wp-json\/wp\/v2\/types\/page"}],"author":[{"embeddable":true,"href":"https:\/\/test4.mi-backup.ch\/pl\/wp-json\/wp\/v2\/users\/9"}],"replies":[{"embeddable":true,"href":"https:\/\/test4.mi-backup.ch\/pl\/wp-json\/wp\/v2\/comments?post=7123"}],"version-history":[{"count":9,"href":"https:\/\/test4.mi-backup.ch\/pl\/wp-json\/wp\/v2\/pages\/7123\/revisions"}],"predecessor-version":[{"id":10818,"href":"https:\/\/test4.mi-backup.ch\/pl\/wp-json\/wp\/v2\/pages\/7123\/revisions\/10818"}],"wp:attachment":[{"href":"https:\/\/test4.mi-backup.ch\/pl\/wp-json\/wp\/v2\/media?parent=7123"}],"curies":[{"name":"wp","href":"https:\/\/api.w.org\/{rel}","templated":true}]}}