{"id":7124,"date":"2017-10-22T18:58:41","date_gmt":"2017-10-22T16:58:41","guid":{"rendered":"https:\/\/test4.mi-backup.ch\/?page_id=7124"},"modified":"2019-07-08T16:13:27","modified_gmt":"2019-07-08T14:13:27","slug":"darowizny","status":"publish","type":"page","link":"https:\/\/test4.mi-backup.ch\/pl\/darowizny\/","title":{"rendered":"Darowizny"},"content":{"rendered":"<p>Wszystkich rycerzy i czytelnik\u00f3w, kt\u00f3rym droga jest sprawa apostolatu maryjnego oraz Rycerstwa Niepokalanej Tradycyjnej Obserwancji, prosimy o wsparcie finansowe naszego dzie\u0142a.<\/p>\n<p>Dzi\u0119kujemy wszystkim za s\u0142owa zach\u0119ty, \u017cyczliwo\u015b\u0107, modlitw\u0119, ofiar\u0119 i ja\u0142mu\u017cn\u0119.<\/p>\n<p><strong>Przelew krajowy<\/strong><\/p>\n<p>Fundacja Militia Immaculatae<br \/>\nul. Garncarska 34<br \/>\n04-886 Warszawa<\/p>\n<p>Bank: BG\u017b BNP Paribas<br \/>\nNr konta: 47 1750 0012 0000 0000 4109 9418<\/p>\n","protected":false},"excerpt":{"rendered":"<p>Wszystkich rycerzy i czytelnik\u00f3w, kt\u00f3rym droga jest sprawa apostolatu maryjnego oraz Rycerstwa Niepokalanej Tradycyjnej Obserwancji, prosimy o wsparcie finansowe naszego dzie\u0142a. Dzi\u0119kujemy wszystkim za s\u0142owa zach\u0119ty, \u017cyczliwo\u015b\u0107, modlitw\u0119, ofiar\u0119 i ja\u0142mu\u017cn\u0119. Przelew krajowy Fundacja Militia Immaculatae ul. Garncarska 34 04-886 Warszawa Bank: BG\u017b BNP Paribas Nr konta: 47 1750 0012<a class=\"more-link\" href=\"https:\/\/test4.mi-backup.ch\/pl\/darowizny\/\">Czytaj dalej &rarr;<\/a><\/p>\n","protected":false},"author":9,"featured_media":0,"parent":0,"menu_order":0,"comment_status":"closed","ping_status":"closed","template":"","meta":[],"_links":{"self":[{"href":"https:\/\/test4.mi-backup.ch\/pl\/wp-json\/wp\/v2\/pages\/7124"}],"collection":[{"href":"https:\/\/test4.mi-backup.ch\/pl\/wp-json\/wp\/v2\/pages"}],"about":[{"href":"https:\/\/test4.mi-backup.ch\/pl\/wp-json\/wp\/v2\/types\/page"}],"author":[{"embeddable":true,"href":"https:\/\/test4.mi-backup.ch\/pl\/wp-json\/wp\/v2\/users\/9"}],"replies":[{"embeddable":true,"href":"https:\/\/test4.mi-backup.ch\/pl\/wp-json\/wp\/v2\/comments?post=7124"}],"version-history":[{"count":10,"href":"https:\/\/test4.mi-backup.ch\/pl\/wp-json\/wp\/v2\/pages\/7124\/revisions"}],"predecessor-version":[{"id":18756,"href":"https:\/\/test4.mi-backup.ch\/pl\/wp-json\/wp\/v2\/pages\/7124\/revisions\/18756"}],"wp:attachment":[{"href":"https:\/\/test4.mi-backup.ch\/pl\/wp-json\/wp\/v2\/media?parent=7124"}],"curies":[{"name":"wp","href":"https:\/\/api.w.org\/{rel}","templated":true}]}}