{"id":7126,"date":"2020-10-03T21:18:38","date_gmt":"2020-10-03T19:18:38","guid":{"rendered":"https:\/\/test4.mi-backup.ch\/?page_id=7126"},"modified":"2022-08-02T17:16:58","modified_gmt":"2022-08-02T15:16:58","slug":"pochodzenie-oraz-os-czasu-m-i","status":"publish","type":"page","link":"https:\/\/test4.mi-backup.ch\/pl\/pochodzenie-oraz-os-czasu-m-i\/","title":{"rendered":"Pochodzenie oraz o\u015b czasu M.I."},"content":{"rendered":"<h1><strong>Spis Tre\u015bci<\/strong><\/h1>\n<p><a href=\"https:\/\/test4.mi-backup.ch\/wp-content\/uploads\/2022\/02\/origine1-1.jpg\"><img loading=\"lazy\" class=\"alignright wp-image-50965\" src=\"https:\/\/test4.mi-backup.ch\/wp-content\/uploads\/2022\/02\/origine1-1-724x1024.jpg\" alt=\"\" width=\"305\" height=\"431\" srcset=\"https:\/\/test4.mi-backup.ch\/wp-content\/uploads\/2022\/02\/origine1-1-724x1024.jpg 724w, https:\/\/test4.mi-backup.ch\/wp-content\/uploads\/2022\/02\/origine1-1-212x300.jpg 212w, https:\/\/test4.mi-backup.ch\/wp-content\/uploads\/2022\/02\/origine1-1-768x1086.jpg 768w, https:\/\/test4.mi-backup.ch\/wp-content\/uploads\/2022\/02\/origine1-1-1086x1536.jpg 1086w, https:\/\/test4.mi-backup.ch\/wp-content\/uploads\/2022\/02\/origine1-1-389x550.jpg 389w, https:\/\/test4.mi-backup.ch\/wp-content\/uploads\/2022\/02\/origine1-1-600x849.jpg 600w, https:\/\/test4.mi-backup.ch\/wp-content\/uploads\/2022\/02\/origine1-1.jpg 1414w\" sizes=\"(max-width: 305px) 100vw, 305px\" \/><\/a><\/p>\n<ol>\n<li>Rok 1917<\/li>\n<li>Rozw\u00f3j M.I.<\/li>\n<li>Zdradzenie M.I. po Soborze Watyka\u0144skim<\/li>\n<\/ol>\n<h4><strong>1. Rok 1917<\/strong><\/h4>\n<p>Rok 1917\u00a0by\u0142 rokiem rewolucji pa\u017adziernikowej w Rosji, ale r\u00f3wnie\u017c w tym roku mia\u0142y miejsce <strong>objawienia<\/strong>\u00a0<strong>Matki Bo\u017cej w Fatimie!<\/strong><\/p>\n<p>W Rzymie masoneria obchodzi\u0142a swoj\u0105 dwusetn\u0105 rocznic\u0119 powstania. Gdziekolwiek si\u0119 spojrza\u0142o, mo\u017cna by\u0142o zobaczy\u0107 flagi i plakaty przedstawiaj\u0105ce \u015bw. Micha\u0142a Archanio\u0142a pokonanego i podeptanego przez Lucyfera. D\u0142ugie procesje pokonywa\u0142y drog\u0119 przez Wieczne Miasto kieruj\u0105c si\u0119 w stron\u0119 Placu \u015awi\u0119tego Piotra. Uczestnicy marszu \u015bpiewali blu\u017aniercze pie\u015bni i nie\u015bli sztandary z has\u0142ami takimi jak: \u201eSzatan b\u0119dzie rz\u0105dzi\u0107 w Watykanie, a Papie\u017c b\u0119dzie jego s\u0142ug\u0105\u201d.<\/p>\n<p>W tym samym czasie w Rzymie znalaz\u0142 si\u0119 m\u0142ody polski franciszkanin: brat Maksymilian Maria Kolbe, student teologii na Uniwersytecie Gregoria\u0144skim. By\u0142 \u015bwiadkiem tych gro\u017anych manifestacji<\/p>\n<p><a href=\"https:\/\/test4.mi-backup.ch\/wp-content\/uploads\/2022\/02\/ORIGINE2-1.jpg\"><img loading=\"lazy\" class=\"alignright wp-image-50982\" src=\"https:\/\/test4.mi-backup.ch\/wp-content\/uploads\/2022\/02\/ORIGINE2-1-724x1024.jpg\" alt=\"\" width=\"297\" height=\"421\" srcset=\"https:\/\/test4.mi-backup.ch\/wp-content\/uploads\/2022\/02\/ORIGINE2-1-724x1024.jpg 724w, https:\/\/test4.mi-backup.ch\/wp-content\/uploads\/2022\/02\/ORIGINE2-1-212x300.jpg 212w, https:\/\/test4.mi-backup.ch\/wp-content\/uploads\/2022\/02\/ORIGINE2-1-768x1086.jpg 768w, https:\/\/test4.mi-backup.ch\/wp-content\/uploads\/2022\/02\/ORIGINE2-1-1086x1536.jpg 1086w, https:\/\/test4.mi-backup.ch\/wp-content\/uploads\/2022\/02\/ORIGINE2-1-389x550.jpg 389w, https:\/\/test4.mi-backup.ch\/wp-content\/uploads\/2022\/02\/ORIGINE2-1-600x849.jpg 600w, https:\/\/test4.mi-backup.ch\/wp-content\/uploads\/2022\/02\/ORIGINE2-1.jpg 1414w\" sizes=\"(max-width: 297px) 100vw, 297px\" \/><\/a><\/p>\n<p><strong>\u201eCzy to mo\u017cliwe\u201d, zada\u0142 sobie pytanie, \u201e\u017ce nasi wrogowie dokonuj\u0105 takiego pokazu si\u0142y, aby nas pokona\u0107, kiedy my k\u0142adziemy r\u0119ce na kolanach i nie robimy nic? W ko\u0144cu, czy my nie mamy du\u017co pot\u0119\u017cniejszej broni; czy nie mo\u017cemy liczy\u0107 na ca\u0142e Niebo, a zw\u0142aszcza na Niepokalan\u0105?\u201d<\/strong><\/p>\n<p>M\u0142ody brat zakonny rozwa\u017ca\u0142 Pismo \u015awi\u0119te, dzie\u0142a Ojc\u00f3w Ko\u015bcio\u0142a, nauczanie \u015bw. Ludwika Marii Grignion de Montforta; rozwa\u017ca\u0142 tak\u017ce dogmat o Niepokalanym Pocz\u0119ciu, jak r\u00f3wnie\u017c znaczenie objawie\u0144 Matki Bo\u017cej w Lourdes. W rzeczywisto\u015bci, wszystkie te prawdy i tajemnice maj\u0105 nie tylko znaczenie duchowe, ale s\u0105 r\u00f3wnie\u017c niezwykle praktyczne ze wzgl\u0119du na ich znaczenie spo\u0142eczne.<\/p>\n<p><strong>\u201eNieskazitelna Dziewica, pogromczyni wszystkich herezji, nie wycofa si\u0119 przed wrogiem, kt\u00f3ry podnosi swoj\u0105 g\u0142ow\u0119 przeciwko Niej. Kiedy odnajdzie wierne s\u0142ugi, kt\u00f3rzy b\u0119d\u0105 pos\u0142uszni Jej rozkazom, odniesie nowe zwyci\u0119stwa, wi\u0119ksze, ni\u017c mo\u017cemy to sobie wyobrazi\u0107\u201d.<a href=\"https:\/\/test4.mi-backup.ch\/wp-content\/uploads\/2022\/02\/origine4.jpg\"><img loading=\"lazy\" class=\"alignright wp-image-51012\" src=\"https:\/\/test4.mi-backup.ch\/wp-content\/uploads\/2022\/02\/origine4-724x1024.jpg\" alt=\"\" width=\"298\" height=\"421\" srcset=\"https:\/\/test4.mi-backup.ch\/wp-content\/uploads\/2022\/02\/origine4-724x1024.jpg 724w, https:\/\/test4.mi-backup.ch\/wp-content\/uploads\/2022\/02\/origine4-212x300.jpg 212w, https:\/\/test4.mi-backup.ch\/wp-content\/uploads\/2022\/02\/origine4-768x1086.jpg 768w, https:\/\/test4.mi-backup.ch\/wp-content\/uploads\/2022\/02\/origine4-1086x1536.jpg 1086w, https:\/\/test4.mi-backup.ch\/wp-content\/uploads\/2022\/02\/origine4-389x550.jpg 389w, https:\/\/test4.mi-backup.ch\/wp-content\/uploads\/2022\/02\/origine4-600x849.jpg 600w, https:\/\/test4.mi-backup.ch\/wp-content\/uploads\/2022\/02\/origine4.jpg 1414w\" sizes=\"(max-width: 298px) 100vw, 298px\" \/><\/a><\/strong><\/p>\n<p>&nbsp;<\/p>\n<p>W 1917 r. w Rzymie obchodzono kolejn\u0105 rocznic\u0119, tym razem jednak dnia zwyci\u0119stwa Niepokalanej: gwa\u0142townego nawr\u00f3cenia \u017byda Alfonsa Ratisbonne\u2019a w roku 1842, dzi\u0119ki \u0142askom otrzymanym przez Cudowny Medalik.<\/p>\n<p>Ten zbieg okoliczno\u015bci by\u0142 inspiracj\u0105 dla br. Maksymiliana do za\u0142o\u017cenia Rycerstwa Niepokalanej. Jej emblematem sta\u0142 si\u0119 <strong>Cudowny Medalik. <\/strong><\/p>\n<p>Trzy dni po cudzie s\u0142o\u0144ca w Fatimie, <strong>16 pa\u017adziernika 1917 r.<\/strong>, za zgod\u0105 prze\u0142o\u017conego, <strong>br. Maksymilian wraz z sze\u015bcioma wsp\u00f3\u0142bra\u0107mi za\u0142o\u017cy\u0142 Militia Immaculatae (M.I.),<\/strong> kl\u0119cz\u0105c przed o\u0142tarzem Matki Bo\u017cej w kaplicy Kolegium Serafickiego w Rzymie.<\/p>\n<hr \/>\n<h4><strong>2. Rozw\u00f3j M.I.<\/strong><\/h4>\n<p><a href=\"https:\/\/test4.mi-backup.ch\/wp-content\/uploads\/2022\/02\/ORIGINE3.jpg\"><img loading=\"lazy\" class=\"alignright wp-image-50968\" src=\"https:\/\/test4.mi-backup.ch\/wp-content\/uploads\/2022\/02\/ORIGINE3-212x300.jpg\" alt=\"\" width=\"296\" height=\"419\" srcset=\"https:\/\/test4.mi-backup.ch\/wp-content\/uploads\/2022\/02\/ORIGINE3-212x300.jpg 212w, https:\/\/test4.mi-backup.ch\/wp-content\/uploads\/2022\/02\/ORIGINE3-724x1024.jpg 724w, https:\/\/test4.mi-backup.ch\/wp-content\/uploads\/2022\/02\/ORIGINE3-768x1086.jpg 768w, https:\/\/test4.mi-backup.ch\/wp-content\/uploads\/2022\/02\/ORIGINE3-1086x1536.jpg 1086w, https:\/\/test4.mi-backup.ch\/wp-content\/uploads\/2022\/02\/ORIGINE3-389x550.jpg 389w, https:\/\/test4.mi-backup.ch\/wp-content\/uploads\/2022\/02\/ORIGINE3-600x849.jpg 600w, https:\/\/test4.mi-backup.ch\/wp-content\/uploads\/2022\/02\/ORIGINE3.jpg 1414w\" sizes=\"(max-width: 296px) 100vw, 296px\" \/><\/a><\/p>\n<p>Rok po za\u0142o\u017ceniu, <strong>Rycerstwo Niepokalanej otrzyma\u0142o b\u0142ogos\u0142awie\u0144stwo apostolskie od papie\u017ca Benedykta XV,<\/strong> b\u0142ogos\u0142awie\u0144stwo to by\u0142o wielokrotnie odnawiane przez jego nast\u0119pc\u00f3w.<\/p>\n<p><strong>2 stycznia 1922 r. Wikariat Rzymski zatwierdzi\u0142 je jako stowarzyszenie pobo\u017cne [<em>Pia Unio<\/em>]. <\/strong>W 1927 r. M.I. zosta\u0142o wyniesione do godno\u015bci stowarzyszenia\u00a0<em>Pia Unio Primaria<\/em>, co oznacza, \u017ce M.I. mog\u0142o wsz\u0119dzie zak\u0142ada\u0107 filie.<\/p>\n<p>Odt\u0105d M.I. w cudowny spos\u00f3b rozprzestrzeni\u0142o si\u0119 na ca\u0142ym \u015bwiecie, docieraj\u0105c nawet na daleki wsch\u00f3d.<\/p>\n<p><strong>W 1933 r., <\/strong>zaledwie sze\u015b\u0107 lat po za\u0142o\u017ceniu Niepokalanowa, dom macierzysty liczy\u0142 762 braci zakonnych, kt\u00f3rzy gorliwie po\u015bwi\u0119cali si\u0119 maryjnemu apostolatowi w ka\u017cdej mo\u017cliwej formie, zw\u0142aszcza poprzez publikacje katolickie.<\/p>\n<p><strong>W 1939 r.<\/strong>\u00a0 \u201eRycerz Niepokalanej\u201d ukazywa\u0142 si\u0119 w nak\u0142adzie do 750 000 egzemplarzy.<\/p>\n<p><strong>W 1942 r<\/strong>.<strong>,<\/strong> na 25-lecie za\u0142o\u017cenia Rycerstwa Niepokalanej, Stowarzyszenie otrzyma\u0142o od papie\u017ca Piusa XII now\u0105 aprobat\u0119, z wyrazami uznania i apostolskim b\u0142ogos\u0142awie\u0144stwem.<\/p>\n<p><strong>\u00a0<\/strong>Do czasu Soboru Watyka\u0144skiego II <strong>M.I. liczy\u0142o 500 dom\u00f3w na pi\u0119ciu kontynentach i oko\u0142o 3 milion\u00f3w cz\u0142onk\u00f3w.<\/strong><\/p>\n<hr \/>\n<h4><strong>3. Zdradzenie M.I. po Drugim Soborze Watyka\u0144skim.<\/strong><\/h4>\n<figure id=\"attachment_51570\" aria-describedby=\"caption-attachment-51570\" style=\"width: 358px\" class=\"wp-caption alignright\"><img loading=\"lazy\" class=\"wp-image-51576\" src=\"https:\/\/test4.mi-backup.ch\/wp-content\/uploads\/2022\/02\/17_-_Pope_John_Paul_II_and_Franciszek_Gajowniczek_at_the_canonization_of_St._Maximilian_Maria_Kolbe_1982.jpg\" alt=\"\" width=\"358\" height=\"295\" srcset=\"https:\/\/test4.mi-backup.ch\/wp-content\/uploads\/2022\/02\/17_-_Pope_John_Paul_II_and_Franciszek_Gajowniczek_at_the_canonization_of_St._Maximilian_Maria_Kolbe_1982.jpg 581w, https:\/\/test4.mi-backup.ch\/wp-content\/uploads\/2022\/02\/17_-_Pope_John_Paul_II_and_Franciszek_Gajowniczek_at_the_canonization_of_St._Maximilian_Maria_Kolbe_1982-300x247.jpg 300w, https:\/\/test4.mi-backup.ch\/wp-content\/uploads\/2022\/02\/17_-_Pope_John_Paul_II_and_Franciszek_Gajowniczek_at_the_canonization_of_St._Maximilian_Maria_Kolbe_1982-425x350.jpg 425w\" sizes=\"(max-width: 358px) 100vw, 358px\" \/><figcaption id=\"caption-attachment-51570\" class=\"wp-caption-text\">Papie\u017c Jan Pawe\u0142 II z Franciszkiem Gajowniczkiem, dla kt\u00f3rego po\u015bwi\u0119ci\u0142 swe \u017cycie w bunkrze g\u0142odowym \u015bw. Maksymilian. Zdj\u0119cie z kanonizacji \u015bw. Maksymiliana (1984).<\/figcaption><\/figure>\n<p>Rewolucja zainspirowana przez Sob\u00f3r Watyka\u0144ski II nie oszcz\u0119dzi\u0142a M.I. i wprowadzi\u0142a tam\u00a0 radykalne zmiany.<\/p>\n<h4><strong>1. NAZWA<\/strong><\/h4>\n<p>Krytycy Rycerstwa Niepokalanej i wszystkiego, co odnosi si\u0119 do Dziewicy Maryi, zaatakowali przede wszystkim <strong>nazw\u0119 &#8220;Militia Immaculatae&#8221; i zmienili j\u0105 na &#8220;Misj\u0119 Niepokalanej&#8221;,<\/strong> usuwaj\u0105c w ten spos\u00f3b bojowy, obronny i zwyci\u0119ski charakter Niepokalanowa, kt\u00f3ry nie odpowiada\u0142 fa\u0142szywym zasadom wolno\u015bci religijnej i soborowego pacyfizmu.<\/p>\n<p>Wkr\u00f3tce po tym, <strong>[nowe] statuty<\/strong> zosta\u0142y przystosowane do ducha Soboru. \u0179r\u00f3d\u0142em cytat\u00f3w s\u0105 niemal wy\u0142\u0105cznie teksty soborowe oraz pisma papie\u017cy Paw\u0142a VI i Jana Paw\u0142a II, z kilkoma wyj\u0105tkami cytat\u00f3w ze \u015bw. Maksymiliana.<\/p>\n<h4><strong>2. CEL<\/strong><\/h4>\n<p>Zmienione statuty ukazuj\u0105 zupe\u0142nie nowy cel M.I.: ju\u017c nie ma \u017cadnej wzmianki o nawr\u00f3ceniu mason\u00f3w, heretyk\u00f3w, itp.<\/p>\n<p>Nawet akt strzelisty M.I. <strong>(\u201eO Maryjo, bez grzechu pierworodnego pocz\u0119ta, \u2026\u201d) <\/strong>zosta\u0142 pozbawiony ostatniego zdania, kt\u00f3re (pod wp\u0142ywem Bo\u017cej inspiracji) zosta\u0142o dodane przez za\u0142o\u017cyciela:\u00a0<strong>\u201e(\u2026) i za wszystkimi, kt\u00f3rzy si\u0119 do Ciebie nie uciekaj\u0105, a zw\u0142aszcza za masonami i poleconymi Tobie.\u201d<\/strong><\/p>\n<p>Podobnie: nawr\u00f3cenie dusz, walka z b\u0142\u0119dami oraz wysi\u0142ki w celu sprowadzenia odszczepie\u0144c\u00f3w z powrotem na \u0142ono \u015awi\u0119tej Matki Ko\u015bcio\u0142a s\u0105 nieobecne w nowych statutach. Nie wymienia si\u0119 szatana, najgorszego wroga Niepokalanej i dusz, st\u0105d te\u017c logiczny brak wzmianki o zbawieniu tych dusz, kt\u00f3re musz\u0105 by\u0107 wydarte za wszelk\u0105 cen\u0119 z otch\u0142ani piekielnych.<\/p>\n<h4><strong>3. ISTOTA (M.I.)<\/strong><\/h4>\n<p>Co do istoty, wci\u0105\u017c m\u00f3wi si\u0119 o ca\u0142kowitym po\u015bwi\u0119ceniu si\u0119 Maryi, ale radykalnie zmieniono rozumienie tego, co to konkretnie oznacza: \u017cadnego s\u0142owa o pos\u0142usze\u0144stwie woli Niepokalanej; zamiast apostolatu szerzenia prawdziwej wiary, skupiono si\u0119 na dzia\u0142alno\u015bci na rzecz promowania godno\u015bci osoby ludzkiej i ochronie \u017cycia.<\/p>\n<p>Naj\u015bwi\u0119tsza Maryja Panna jest przedstawiana tak, jakby by\u0142a jednym z przyk\u0142ad\u00f3w do na\u015bladowania, <strong>a nie jako pewny \u015brodek u\u015bwi\u0119cenia i nasza jedyna nadzieja na osi\u0105gni\u0119cie \u015bwi\u0119to\u015bci. <\/strong><\/p>\n<p>Z drugiej strony, nowe statuty milcz\u0105 o tym, co \u015bw. Maksymilian nazywa\u00a0\u201epraktycznym zastosowaniem dogmatu o Niepokalanym Pocz\u0119ciu\u201d, a mianowicie o Jej czynnym udziale jako po\u015bredniczki wszystkich \u0142ask (prawda, kt\u00f3ra przez II Sob\u00f3r Watyka\u0144ski zosta\u0142a uczyniona dyskusyjn\u0105 opini\u0105), zw\u0142aszcza \u0142ask nawr\u00f3cenia i u\u015bwi\u0119cenia.<\/p>\n<blockquote><p><strong>Tym sposobem zaprzecza si\u0119 temu, co przez za\u0142o\u017cyciela zosta\u0142o uznane za fundament ca\u0142ego dzie\u0142a: \u201eWszystkie dzie\u0142a MI s\u0105 oparte na tej prawdzie, \u017ce Maryja jest po\u015bredniczk\u0105 wszystkich \u0142ask. Gdyby tak nie by\u0142o, nasza praca i wysi\u0142ki by\u0142yby daremne.\u201d<\/strong> (Konferencja, 6 czerwca 1933)<\/p><\/blockquote>\n","protected":false},"excerpt":{"rendered":"<p>Spis Tre\u015bci Rok 1917 Rozw\u00f3j M.I. Zdradzenie M.I. po Soborze Watyka\u0144skim 1. Rok 1917 Rok 1917\u00a0by\u0142 rokiem rewolucji pa\u017adziernikowej w Rosji, ale r\u00f3wnie\u017c w tym roku mia\u0142y miejsce objawienia\u00a0Matki Bo\u017cej w Fatimie! W Rzymie masoneria obchodzi\u0142a swoj\u0105 dwusetn\u0105 rocznic\u0119 powstania. Gdziekolwiek si\u0119 spojrza\u0142o, mo\u017cna by\u0142o zobaczy\u0107 flagi i plakaty przedstawiaj\u0105ce<a class=\"more-link\" href=\"https:\/\/test4.mi-backup.ch\/pl\/pochodzenie-oraz-os-czasu-m-i\/\">Czytaj dalej &rarr;<\/a><\/p>\n","protected":false},"author":9,"featured_media":0,"parent":0,"menu_order":0,"comment_status":"closed","ping_status":"closed","template":"","meta":[],"_links":{"self":[{"href":"https:\/\/test4.mi-backup.ch\/pl\/wp-json\/wp\/v2\/pages\/7126"}],"collection":[{"href":"https:\/\/test4.mi-backup.ch\/pl\/wp-json\/wp\/v2\/pages"}],"about":[{"href":"https:\/\/test4.mi-backup.ch\/pl\/wp-json\/wp\/v2\/types\/page"}],"author":[{"embeddable":true,"href":"https:\/\/test4.mi-backup.ch\/pl\/wp-json\/wp\/v2\/users\/9"}],"replies":[{"embeddable":true,"href":"https:\/\/test4.mi-backup.ch\/pl\/wp-json\/wp\/v2\/comments?post=7126"}],"version-history":[{"count":10,"href":"https:\/\/test4.mi-backup.ch\/pl\/wp-json\/wp\/v2\/pages\/7126\/revisions"}],"predecessor-version":[{"id":74007,"href":"https:\/\/test4.mi-backup.ch\/pl\/wp-json\/wp\/v2\/pages\/7126\/revisions\/74007"}],"wp:attachment":[{"href":"https:\/\/test4.mi-backup.ch\/pl\/wp-json\/wp\/v2\/media?parent=7126"}],"curies":[{"name":"wp","href":"https:\/\/api.w.org\/{rel}","templated":true}]}}