{"id":7128,"date":"2017-10-22T16:29:27","date_gmt":"2017-10-22T14:29:27","guid":{"rendered":"https:\/\/test4.mi-backup.ch\/?page_id=7128"},"modified":"2017-10-24T12:28:42","modified_gmt":"2017-10-24T10:28:42","slug":"istota-mi","status":"publish","type":"page","link":"https:\/\/test4.mi-backup.ch\/pl\/istota-mi\/","title":{"rendered":"Istota MI"},"content":{"rendered":"<div style=\"width: 300px;float: right\">\n<p><img loading=\"lazy\" class=\"alignright\" src=\"https:\/\/test4.mi-backup.ch\/wp-content\/uploads\/media\/kolbe11.jpg\" alt=\"\" width=\"250\" height=\"291\" align=\"top\" border=\"1\" hspace=\"5\" vspace=\"5\" \/><\/p>\n<p><img loading=\"lazy\" class=\"alignright\" src=\"https:\/\/test4.mi-backup.ch\/wp-content\/uploads\/media\/niepokalanow5.jpg\" alt=\"\" width=\"250\" height=\"159\" align=\"top\" border=\"1\" hspace=\"5\" vspace=\"5\" \/><\/p>\n<p><img loading=\"lazy\" class=\"alignright\" src=\"https:\/\/test4.mi-backup.ch\/wp-content\/uploads\/media\/Kobe9.jpg.jpg\" alt=\"\" width=\"250\" height=\"412\" align=\"top\" border=\"1\" hspace=\"5\" vspace=\"5\" \/><\/p>\n<p><img loading=\"lazy\" class=\"alignright\" src=\"https:\/\/test4.mi-backup.ch\/wp-content\/uploads\/media\/kolbe11_(2).jpg\" alt=\"\" width=\"250\" height=\"291\" align=\"top\" border=\"1\" hspace=\"5\" vspace=\"5\" \/><\/p>\n<\/div>\n<p>Stowarzyszenie jest w\u0142asno\u015bci\u0105 Matki Bo\u017cej, jest Jej dzie\u0142em, Jej s\u0142u\u017cb\u0105, Jej we wszystkim oddane. Oznacza to r\u00f3wnie\u017c, \u017ce ka\u017cdy wst\u0119puj\u0105cy do tego stowarzyszenia \u201eoddaje si\u0119 Niepokalanej bez \u017cadnych zastrze\u017ce\u0144 i\u00a0pod ka\u017cdym wzgl\u0119dem, bez \u017cadnego wyj\u0105tku\u201d. Oznacza to wreszcie, \u017ce \u201eidea\u0142em ka\u017cdego z\u00a0cz\u0142onk\u00f3w jest by\u0107 Niepokalanej, by\u0107 Jej s\u0142ug\u0105 i\u00a0dzieckiem, i z\u00a0mi\u0142o\u015bci niewolnikiem, i\u00a0rzecz\u0105, i\u00a0w\u0142asno\u015bci\u0105, i\u00a0pod ka\u017cd\u0105, ka\u017cd\u0105 nazw\u0105, jaka tylko mi\u0142o\u015b\u0107 ku Niej wymy\u015bli\u0142a lub kiedykolwiek wymy\u015bli\u0107 zdo\u0142a\u2026 by\u0107 jej pod ka\u017cdym wzgl\u0119dem i\u00a0to na ca\u0142e \u017cycie i\u00a0\u015bmier\u0107, i\u00a0wieczno\u015b\u0107\u201d \u2014 pisa\u0142 o.\u00a0Maksymilian.<\/p>\n<p>\u201eCelem wi\u0119c naszym jest: Stara\u0107 si\u0119 o nawr\u00f3cenie grzesznik\u00f3w, heretyk\u00f3w, schizmatyk\u00f3w itd., a najbardziej mason\u00f3w i o u\u015bwi\u0119cenie wszystkich pod opiek\u0105 i za po\u015brednictwem Niepokalanej.\u201d (Rycerz Niepokalanej 1924)<\/p>\n<p>Ojciec Maksymilian Kolbe wyr\u00f3\u017cnia 3 stopnie MI, kt\u00f3re mo\u017cna realizowa\u0107 stosuj\u0105c \u201ewszystkie godziwe \u015brodki, na jakie pozwalaj\u0105 stan, warunki i okoliczno\u015bci, co zostawia si\u0119 gorliwo\u015bci i roztropno\u015bci ka\u017cdego\u201d:<\/p>\n<p>1. Pierwszy stopie\u0144 \u2013 indywidualne apostolstwo \u2013 ka\u017cdy z Rycerzy po\u015bwi\u0119ca si\u0119 Niepokalanej i d\u0105\u017cy do realizacji cel\u00f3w Rycerstwa osobi\u015bcie i w takim stopniu, na jaki pozwalaj\u0105 okoliczno\u015bci, oraz w zgodzie z cnot\u0105 roztropno\u015bci.<\/p>\n<p>Ten stopie\u0144 to podstawa, fundament Rycerstwa: Rycerz Niepokalanej w swym \u017cyciu osobistym jest na wz\u00f3r \u017co\u0142nierza \u2014 modli si\u0119, po\u015bwi\u0119ca si\u0119 oraz walczy w swych ma\u0142ych, codziennych potyczkach.<\/p>\n<p>2. Drugi stopie\u0144 \u2013 wsp\u00f3lne dzia\u0142anie \u2013 Rycerze stowarzyszaj\u0105 si\u0119 poprzez specjalne statuty i programy. \u0141\u0105cz\u0105c swe si\u0142y, s\u0105 w stanie szybciej i skuteczniej osi\u0105gn\u0105\u0107 deklarowane cele.<\/p>\n<p>Ten stopie\u0144 charakteryzuje si\u0119 wsp\u00f3lnym wysi\u0142kiem oraz organizacj\u0105 w celu prowadzenia publicznego apostolatu. Rycerze mog\u0105 wsp\u00f3\u0142pracowa\u0107 przy r\u00f3\u017cnorakich akcjach i projektach: w parafiach, w przeoratach, w miejscowych towarzystwach religijnych lub na poziomie zakon\u00f3w b\u0105d\u017a kongregacji. Zrzesza\u0107 si\u0119 mog\u0105 r\u00f3wnie\u017c Rycerze posiadaj\u0105cy podobne zainteresowania duchowe, zbli\u017cony wiek, pragn\u0105cy osi\u0105gn\u0105\u0107 szczeg\u00f3lny cel apostolski, itd. Ponadto, ka\u017cda istniej\u0105ca organizacja (np. ruchy m\u0142odzie\u017cowe, ko\u0142a samokszta\u0142cenia) mo\u017ce przyj\u0105\u0107 idea\u0142y MI i funkcjonowa\u0107 niejako na zasadzie MI \u201edrugiego stopnia\u201d.<\/p>\n<p>3. Trzeci stopie\u0144 &#8211; bezgraniczne oddanie si\u0119 Niepokalanej \u2013 Rycerz pozwala Niepokalanej uczyni\u0107 z nim to, co Ona chce, oraz tak, jak chce. Nale\u017cymy do Niej ca\u0142kowicie, a Ona nale\u017cy ca\u0142kowicie do nas. Wszystko czynimy z Jej pomoc\u0105 oraz \u017cyjemy i pracujemy pod Jej opiek\u0105.<\/p>\n<p>W ten spos\u00f3b pierwszy stopie\u0144 ogranicza si\u0119 do akcji indywidualnej; drugi do\u0142\u0105cza akcj\u0119 zorganizowan\u0105, a\u00a0trzeci, zrywaj\u0105c wszelkie granice, zmierza do heroizmu. (List z 25.05.1920 r.)<\/p>\n","protected":false},"excerpt":{"rendered":"<p>Stowarzyszenie jest w\u0142asno\u015bci\u0105 Matki Bo\u017cej, jest Jej dzie\u0142em, Jej s\u0142u\u017cb\u0105, Jej we wszystkim oddane. Oznacza to r\u00f3wnie\u017c, \u017ce ka\u017cdy wst\u0119puj\u0105cy do tego stowarzyszenia \u201eoddaje si\u0119 Niepokalanej bez \u017cadnych zastrze\u017ce\u0144 i\u00a0pod ka\u017cdym wzgl\u0119dem, bez \u017cadnego wyj\u0105tku\u201d. Oznacza to wreszcie, \u017ce \u201eidea\u0142em ka\u017cdego z\u00a0cz\u0142onk\u00f3w jest by\u0107 Niepokalanej, by\u0107 Jej s\u0142ug\u0105 i\u00a0dzieckiem, i<a class=\"more-link\" href=\"https:\/\/test4.mi-backup.ch\/pl\/istota-mi\/\">Czytaj dalej &rarr;<\/a><\/p>\n","protected":false},"author":9,"featured_media":0,"parent":0,"menu_order":0,"comment_status":"closed","ping_status":"closed","template":"","meta":[],"_links":{"self":[{"href":"https:\/\/test4.mi-backup.ch\/pl\/wp-json\/wp\/v2\/pages\/7128"}],"collection":[{"href":"https:\/\/test4.mi-backup.ch\/pl\/wp-json\/wp\/v2\/pages"}],"about":[{"href":"https:\/\/test4.mi-backup.ch\/pl\/wp-json\/wp\/v2\/types\/page"}],"author":[{"embeddable":true,"href":"https:\/\/test4.mi-backup.ch\/pl\/wp-json\/wp\/v2\/users\/9"}],"replies":[{"embeddable":true,"href":"https:\/\/test4.mi-backup.ch\/pl\/wp-json\/wp\/v2\/comments?post=7128"}],"version-history":[{"count":9,"href":"https:\/\/test4.mi-backup.ch\/pl\/wp-json\/wp\/v2\/pages\/7128\/revisions"}],"predecessor-version":[{"id":7527,"href":"https:\/\/test4.mi-backup.ch\/pl\/wp-json\/wp\/v2\/pages\/7128\/revisions\/7527"}],"wp:attachment":[{"href":"https:\/\/test4.mi-backup.ch\/pl\/wp-json\/wp\/v2\/media?parent=7128"}],"curies":[{"name":"wp","href":"https:\/\/api.w.org\/{rel}","templated":true}]}}