{"id":7130,"date":"2017-10-25T18:56:49","date_gmt":"2017-10-25T16:56:49","guid":{"rendered":"https:\/\/test4.mi-backup.ch\/?page_id=7130"},"modified":"2017-11-26T20:05:14","modified_gmt":"2017-11-26T19:05:14","slug":"cudowny-medalik","status":"publish","type":"page","link":"https:\/\/test4.mi-backup.ch\/pl\/cudowny-medalik\/","title":{"rendered":"Cudowny Medalik"},"content":{"rendered":"<blockquote><p>\u201eWszyscy, kt\u00f3rzy b\u0119d\u0105 go nosi\u0107, dost\u0105pi\u0105 wielkich \u0142ask. \u0141aski b\u0119d\u0105 obfite dla tych, kt\u00f3rzy nosi\u0107 go b\u0119d\u0105 z ufno\u015bci\u0105.\u201d<\/p><\/blockquote>\n<h3>Znak mi\u0142o\u015bci<\/h3>\n<p><img loading=\"lazy\" class=\"alignright\" src=\"https:\/\/test4.mi-backup.ch\/wp-content\/uploads\/media\/Medal.jpg\" alt=\"\" width=\"250\" height=\"173\" align=\"top\" border=\"1\" hspace=\"5\" vspace=\"5\" \/>Cudowny Medalik jest jednym z uznanych przez Ko\u015bci\u00f3\u0142 katolicki sakramentali\u00f3w, znakiem zewn\u0119trznym z wewn\u0119trznym oddzia\u0142ywaniem. Sakramentalia nie dzia\u0142aj\u0105 same z siebie, lecz wyjednuj\u0105 b\u0142ogos\u0142awie\u0144stwo Bo\u017ce na podstawie modlitw i zas\u0142ug Ko\u015bcio\u0142a, a ich skuteczno\u015b\u0107 zale\u017cy tak\u017ce od usposobienia i przygotowania tego, kt\u00f3ry je przyjmuje i z nich korzysta. Dlatego Medalik musi zosta\u0107 po\u015bwi\u0119cony przez ksi\u0119dza, aby spocz\u0119\u0142o na nim b\u0142ogos\u0142awie\u0144stwo Bo\u017ce.<\/p>\n<p>Medalik jest znakiem mi\u0142o\u015bci naszej Niebieskiej Matki do swoich dzieci. Je\u015bli nosimy Medalik na znak tego, \u017ce jeste\u015bmy dzie\u0107mi Maryi i z ufno\u015bci\u0105 w to, \u017ce Maryja poprzez ten Medalik udzieli nam opieki i b\u0142ogos\u0142awie\u0144stwa, to Medalik stanie si\u0119 tak\u017ce znakiem naszej mi\u0142o\u015bci do Maryi.<\/p>\n<h3>Pochodzenie Medalika<\/h3>\n<div style=\"width: 270px;float: right\">\n<p><img loading=\"lazy\" class=\"alignright\" src=\"https:\/\/test4.mi-backup.ch\/wp-content\/uploads\/media\/erscheinung2_sephia.jpg\" alt=\"\" width=\"250\" height=\"363\" align=\"top\" border=\"1\" hspace=\"5\" vspace=\"5\" \/><img loading=\"lazy\" class=\"alignright\" src=\"https:\/\/test4.mi-backup.ch\/wp-content\/uploads\/media\/Erscheinung_sephia.jpg\" alt=\"\" width=\"250\" height=\"365\" align=\"top\" border=\"1\" hspace=\"5\" vspace=\"5\" \/><\/p>\n<p><img loading=\"lazy\" class=\"alignright\" src=\"https:\/\/test4.mi-backup.ch\/wp-content\/uploads\/media\/CatherineLabour1.jpg\" alt=\"\" width=\"250\" height=\"178\" align=\"top\" border=\"1\" hspace=\"5\" vspace=\"5\" \/><\/p>\n<p><img loading=\"lazy\" class=\"alignright\" src=\"https:\/\/test4.mi-backup.ch\/wp-content\/uploads\/media\/d-1_merci.jpg\" alt=\"\" width=\"250\" height=\"170\" align=\"top\" border=\"1\" hspace=\"5\" vspace=\"5\" \/><\/p>\n<\/div>\n<p>27 listopada 1830 r. Naj\u015bwi\u0119tsza Panna Maryja ukaza\u0142a si\u0119 nowicjuszce Katarzynie Labour\u00e9 ze Zgromadzenia Si\u00f3str Mi\u0142osierdzia \u015bw. Wincentego \u00e0 Paulo w Pary\u017cu. Stoj\u0105ca na kuli ziemskiej Naj\u015bwi\u0119tsza Dziewica mia\u017cd\u017cy stopami g\u0142ow\u0119 w\u0119\u017ca \u2013 szatana. Nawi\u0105zuje to do pierwszej ksi\u0119gi Biblii, Ksi\u0119gi Rodzaju (3, 15), gdzie B\u00f3g m\u00f3wi do szata\u0144skiego w\u0119\u017ca: \u201eWprowadzam nieprzyja\u017a\u0144 mi\u0119dzy ciebie a Niewiast\u0119 oraz mi\u0119dzy potomstwo twoje, a potomstwo Jej; Ona zdepcze g\u0142ow\u0119 twoj\u0105.\u201d.<\/p>\n<p lang=\"zxx\">Katarzyna zobaczy\u0142a Matk\u0119 Bo\u017c\u0105 ze wspania\u0142ymi pier\u015bcieniami kamieni na palcach, z kt\u00f3rych wychodzi\u0142y \u015bwietliste promienie, osnuwaj\u0105ce ca\u0142\u0105 posta\u0107 Maryi \u015bwiat\u0142em. Wyja\u015bni\u0142a: <strong>\u201ePromienie s\u0105 symbolem \u0142ask Bo\u017cych, kt\u00f3re wylewam na wszystkich, kt\u00f3rzy mnie o to prosz\u0105.\u201d<\/strong>.<\/p>\n<p>Nast\u0119pnie uformowa\u0142a si\u0119 wok\u00f3\u0142 Panny owalna rama, na kt\u00f3rej z\u0142otymi literami by\u0142o napisane: <strong>\u201eO Maryjo bez grzechu pocz\u0119ta, m\u00f3dl si\u0119 za nami, kt\u00f3rzy si\u0119 do Ciebie uciekamy.\u201d<\/strong>.<br \/>\nJednocze\u015bnie siostra us\u0142ysza\u0142a g\u0142os, kt\u00f3ry jej powiedzia\u0142: <strong>\u201ePostaraj si\u0119 o wybicie medalika wed\u0142ug tego wzoru: wszyscy, kt\u00f3rzy go b\u0119d\u0105 nosi\u0107, otrzymaj\u0105 wielkie \u0142aski. \u0141aski b\u0119d\u0105 obfite dla tych, kt\u00f3rzy nosi\u0107 go b\u0119d\u0105 z ufno\u015bci\u0105.\u201d<\/strong>.<\/p>\n<p lang=\"zxx\">P\u00f3\u017aniej siostra zobaczy\u0142a, jak powinna wygl\u0105da\u0107 tylna cz\u0119\u015b\u0107 Medalika: <strong>M<\/strong> (jak Maryja) pod krzy\u017cem. Poni\u017cej dwa serca: Jezusa i Maryi, a wok\u00f3\u0142 12 gwiazd (por. Ap 12, 1). W kolejnym objawieniu Matka Bo\u017ca powt\u00f3rzy\u0142a polecenie wybicia Medalika.<\/p>\n<p>Reszt\u0119 \u017cycia siostra Katarzyna sp\u0119dzi\u0142a w klasztorze, s\u0142u\u017c\u0105c biednym i chorym a\u017c do \u015bmierci w roku 1876. Katarzyna Labour\u00e9 szczeg\u00f3lnie odznacza\u0142a si\u0119 dzieci\u0119c\u0105 mi\u0142o\u015bci\u0105 do Maryi i pokor\u0105. Przez ca\u0142e swoje \u017cycie nie opowiedzia\u0142a nikomu, opr\u00f3cz swoich prze\u0142o\u017conych, o objawieniu. Jej cia\u0142o spoczywa do dzisiaj w stanie nienaruszonym w Pary\u017cu, w kaplicy przy Rue du Bac.<\/p>\n<h3>Dlaczego \u201eCudowny\u201d?<\/h3>\n<p>Medalik szybko zdoby\u0142 serca wiernych i ludzie nadali mu przydomek: \u201eCudowny\u201d, poniewa\u017c poprzez ten Medalik od samego pocz\u0105tku mia\u0142o miejsce du\u017co cud\u00f3w. Wiele spektakularnych nawr\u00f3ce\u0144 i uzdrowie\u0144 przyczyni\u0142o si\u0119 do jego rozpowszechnienia. Jeszcze za \u017cycia \u015bw. Katarzyny zosta\u0142o wybitych a\u017c ponad miliard. Maryja dotrzyma\u0142a obietnicy. Niezliczone s\u0105 \u0142aski, kt\u00f3rych udzieli\u0142a poprzez Medalik Jej Niepokalanego Pocz\u0119cia: nawr\u00f3cenie dusz, cudowne uzdrowienia z r\u00f3\u017cnych chor\u00f3b, pomoc w wielkich trudno\u015bciach i ucisku, ratunek w niebezpiecze\u0144stwie \u015bmierci.<\/p>\n<p lang=\"zxx\">Cudowny Medalik to prezent od matczynego Serca Maryi. Ta mi\u0142o\u015b\u0107 i moc Jej Niepokalanego Serca powinna dotrze\u0107 do wszystkich ludzi na \u015bwiecie, by mogli odnale\u017a\u0107 drog\u0119 do zbawienia.<\/p>\n<p>Pos\u0142uchaj prosz\u0119 s\u0142\u00f3w Matki Bo\u017cej! No\u015b Medalik z g\u0142\u0119bokim szacunkiem i ufno\u015bci\u0105 oraz staraj si\u0119 go rozpowszechnia\u0107, gdzie tylko to mo\u017cliwe.<\/p>\n<p lang=\"zxx\">Odmawiaj cz\u0119sto kr\u00f3tk\u0105 modlitw\u0119 z medalika: <strong>\u201eO Maryjo bez grzechu pocz\u0119ta, m\u00f3dl si\u0119 za nami, kt\u00f3rzy si\u0119 do Ciebie uciekamy.\u201d<\/strong>.<\/p>\n","protected":false},"excerpt":{"rendered":"<p>\u201eWszyscy, kt\u00f3rzy b\u0119d\u0105 go nosi\u0107, dost\u0105pi\u0105 wielkich \u0142ask. \u0141aski b\u0119d\u0105 obfite dla tych, kt\u00f3rzy nosi\u0107 go b\u0119d\u0105 z ufno\u015bci\u0105.\u201d Znak mi\u0142o\u015bci Cudowny Medalik jest jednym z uznanych przez Ko\u015bci\u00f3\u0142 katolicki sakramentali\u00f3w, znakiem zewn\u0119trznym z wewn\u0119trznym oddzia\u0142ywaniem. Sakramentalia nie dzia\u0142aj\u0105 same z siebie, lecz wyjednuj\u0105 b\u0142ogos\u0142awie\u0144stwo Bo\u017ce na podstawie modlitw i<a class=\"more-link\" href=\"https:\/\/test4.mi-backup.ch\/pl\/cudowny-medalik\/\">Czytaj dalej &rarr;<\/a><\/p>\n","protected":false},"author":9,"featured_media":84600,"parent":0,"menu_order":0,"comment_status":"closed","ping_status":"closed","template":"","meta":[],"_links":{"self":[{"href":"https:\/\/test4.mi-backup.ch\/pl\/wp-json\/wp\/v2\/pages\/7130"}],"collection":[{"href":"https:\/\/test4.mi-backup.ch\/pl\/wp-json\/wp\/v2\/pages"}],"about":[{"href":"https:\/\/test4.mi-backup.ch\/pl\/wp-json\/wp\/v2\/types\/page"}],"author":[{"embeddable":true,"href":"https:\/\/test4.mi-backup.ch\/pl\/wp-json\/wp\/v2\/users\/9"}],"replies":[{"embeddable":true,"href":"https:\/\/test4.mi-backup.ch\/pl\/wp-json\/wp\/v2\/comments?post=7130"}],"version-history":[{"count":6,"href":"https:\/\/test4.mi-backup.ch\/pl\/wp-json\/wp\/v2\/pages\/7130\/revisions"}],"predecessor-version":[{"id":8247,"href":"https:\/\/test4.mi-backup.ch\/pl\/wp-json\/wp\/v2\/pages\/7130\/revisions\/8247"}],"wp:featuredmedia":[{"embeddable":true,"href":"https:\/\/test4.mi-backup.ch\/pl\/wp-json\/wp\/v2\/media\/84600"}],"wp:attachment":[{"href":"https:\/\/test4.mi-backup.ch\/pl\/wp-json\/wp\/v2\/media?parent=7130"}],"curies":[{"name":"wp","href":"https:\/\/api.w.org\/{rel}","templated":true}]}}