{"id":7149,"date":"2017-10-22T15:31:31","date_gmt":"2017-10-22T13:31:31","guid":{"rendered":"https:\/\/test4.mi-backup.ch\/?page_id=7149"},"modified":"2018-11-26T14:14:13","modified_gmt":"2018-11-26T13:14:13","slug":"warunki-przystapienia-do-mi","status":"publish","type":"page","link":"https:\/\/test4.mi-backup.ch\/pl\/warunki-przystapienia-do-mi\/","title":{"rendered":"Warunki przyst\u0105pienia do MI"},"content":{"rendered":"<h3>Jak zosta\u0107 rycerzem Niepokalanej?<\/h3>\n<p><!-- [if gte mso 9]&gt;--><\/p>\n<p><!-- [if gte mso 9]&gt;--><\/p>\n<div  class=\"shortcode-box border-box style-orangelight table\" ><div class='shortcode-box-icon table-cell-mid'><i class='fa fa-exclamation-triangle'><\/i><\/div><div class=\"shortcode-box-content table-cell-mid\"><strong>Uwaga:<\/strong> warunkiem przyj\u0119cia do MI jest przestrzeganie statutu opracowanego przez \u015bw. Maksymiliana, kt\u00f3ry mo\u017cna znale\u017a\u0107 <a href=\"https:\/\/test4.mi-backup.ch\/pl\/rycerstwo\/\">tutaj<\/a>.<\/div><\/div>\n<p><img class=\"alignright\" style=\"width: 250px;height: 377px;border-width: 1px;border-style: solid;margin: 5px;float: right\" src=\"https:\/\/test4.mi-backup.ch\/wp-content\/uploads\/media\/Aktuelles\/Fatima_Wandermadonna_(Copy).jpg\" alt=\"\" \/><\/p>\n<p>\u015aw. o. Maksymilian nie chcia\u0142 nak\u0142ada\u0107 na kandydat\u00f3w ogromnych zobowi\u0105za\u0144, \u017ceby umo\u017cliwi\u0107 cz\u0142onkostwo ka\u017cdemu, bez wzgl\u0119du na wiek, p\u0142e\u0107 czy zaw\u00f3d.<\/p>\n<p>Poni\u017cej znajd\u0105 Pa\u0144stwo kilka praktycznych wskaz\u00f3wek, jak wst\u0105pi\u0107 w szeregi MI. Je\u015bli to mo\u017cliwe, mog\u0105 Pa\u0144stwo spr\u00f3bowa\u0107 znale\u017a\u0107 przyjaci\u00f3\u0142 lub krewnych, kt\u00f3rzy wspieraliby Pa\u0144stwa na drodze do Rycerstwa Niepokalanej. By\u0107 mo\u017ce r\u00f3wnie\u017c zechcieliby si\u0119 jej po\u015bwi\u0119ci\u0107.<\/p>\n<p>Zaleca si\u0119 podj\u0119cie nast\u0119puj\u0105cych krok\u00f3w na drodze do cz\u0142onkostwa w MI:<\/p>\n<p>1. Zaczerpn\u0105\u0107 wiadomo\u015bci na temat ducha MI, na przyk\u0142ad:<\/p>\n<ul>\n<li>zapozna\u0107 si\u0119 z informacjami na <strong>naszej stronie internetowej<\/strong> i regularnie czyta\u0107 <strong>Listy Ojca Dyrektora do rycerzy Niepokalanej<\/strong>;<\/li>\n<li>przeczyta\u0107 biografi\u0119 \u015bw. Maksymiliana Kolbe autorstwa Marii Winowskiej pt. <strong>\u201eSzaniec Niepokalanej\u201d<\/strong> oraz ksi\u0105\u017ck\u0119 o Rycerstwie Niepokalanej Tradycyjnej Obserwancji ks. Karola Stehlina pt. <strong>\u201eNiepokalana, nasz Idea\u0142\u201d<\/strong>;<\/li>\n<li>wys\u0142ucha\u0107 <strong>konferencji o MI i Niepokalanej<\/strong>.<\/li>\n<\/ul>\n<div  class=\"shortcode-box border-box style-bluelight table\" ><div class='shortcode-box-icon table-cell-mid'><i class='fa fa-info-circle'><\/i><\/div><div class=\"shortcode-box-content table-cell-mid\">Listy Ojca Dyrektora do rycerzy Niepokalanej s\u0105 dost\u0119pne <a href=\"https:\/\/test4.mi-backup.ch\/pl\/listy-ojca-dyrektora\/\"><strong>tutaj<\/strong><\/a>.<\/div><\/div>\n<div  class=\"shortcode-box border-box style-bluelight table\" ><div class='shortcode-box-icon table-cell-mid'><i class='fa fa-info-circle'><\/i><\/div><div class=\"shortcode-box-content table-cell-mid\">Biografia \u015bw. Maksymiliana Kolbe autorstwa Marii Winowskiej pt. \u201eSzaniec Niepokalanej\u201d\u00a0jest dost\u0119pna w ksi\u0119garni <a href=\"http:\/\/www.tedeum.pl\/tytul\/212,Szaleniec-Niepokalanej-sw-Maksymilian-Kolbe\" target=\"_blank\" rel=\"noopener\"><strong>Te Deum<\/strong><\/a>.<\/div><\/div>\n<div  class=\"shortcode-box border-box style-bluelight table\" ><div class='shortcode-box-icon table-cell-mid'><i class='fa fa-info-circle'><\/i><\/div><div class=\"shortcode-box-content table-cell-mid\">Ksi\u0105\u017cka o Rycerstwie Niepokalanej Tradycyjnej Obserwancji ks. Karola Stehlina pt. \u201eNiepokalana, nasz Idea\u0142\u201d jest dost\u0119pna w ksi\u0119garni <strong><a href=\"http:\/\/www.tedeum.pl\/tytul\/742,Niepokalana-nasz-ideal\" target=\"_blank\" rel=\"noopener\">Te Deum<\/a><\/strong>.<\/div><\/div>\n<div  class=\"shortcode-box border-box style-bluelight table\" ><div class='shortcode-box-icon table-cell-mid'><i class='fa fa-info-circle'><\/i><\/div><div class=\"shortcode-box-content table-cell-mid\">Konferencje o MI i Niepokalanej s\u0105 dost\u0119pne w <a href=\"http:\/\/archiwum.militia-immaculatae.org\/wyklady-ks-karola-stehlina\/\" target=\"_blank\" rel=\"noopener\" class=\"broken_link\"><strong>archiwum dawnej witryny<\/strong><\/a>.<\/div><\/div>\n<p>2. Z odpowiednim wyprzedzeniem nawi\u0105za\u0107 kontakt z kap\u0142anem Bractwa Kap\u0142a\u0144skiego \u015bw. Piusa X i poprosi\u0107 go o przeprowadzenie ceremonii przyj\u0119cia. Zaleca si\u0119 zaplanowanie przyj\u0119cia w jedno ze \u015bwi\u0105t maryjnych \u2013 np. 25 marca (Zwiastowanie), 8 grudnia (Niepokalane Pocz\u0119cie) lub inne.<\/p>\n<p>3. Przygotowa\u0107 si\u0119 duchowo do aktu po\u015bwi\u0119cenia si\u0119 Niepokalanej.\u00a0W tym celu polecamy ma\u0142\u0105 ksi\u0105\u017ceczk\u0119 <strong>\u201ePo\u015bwi\u0119cenie si\u0119 Niepokalanej\u201d<\/strong> ks. Karola Stehlina, kt\u00f3ra zawiera wprowadzenie i 13-dniowe przygotowanie wed\u0142ug \u015bw. Maksymiliana Kolbe oraz <strong>ceremoni\u0119 przyj\u0119cia<\/strong> do Rycerstwa Niepokalanej.<\/p>\n<div  class=\"shortcode-box border-box style-bluelight table\" ><div class='shortcode-box-icon table-cell-mid'><i class='fa fa-info-circle'><\/i><\/div><div class=\"shortcode-box-content table-cell-mid\">Ksi\u0105\u017ceczka\u00a0\u201ePo\u015bwi\u0119cenie si\u0119 Niepokalanej\u201d ks. Karola Stehlina jest dost\u0119pna w ksi\u0119garni <a href=\"http:\/\/www.tedeum.pl\/tytul\/1603,Poswiecenie-sie-Niepokalanej\" target=\"_blank\" rel=\"noopener\"><strong>Te Deum<\/strong><\/a>.<\/div><\/div>\n<div  class=\"shortcode-box border-box style-bluelight table\" ><div class='shortcode-box-icon table-cell-mid'><i class='fa fa-info-circle'><\/i><\/div><div class=\"shortcode-box-content table-cell-mid\">Ceremonia przyj\u0119cia jest dost\u0119pna\u00a0<a href=\"https:\/\/test4.mi-backup.ch\/pl\/ceremonia-przyjecia\/\"><strong>tutaj<\/strong><\/a>.<\/div><\/div>\n<p>4.\u00a0Dokona\u0107 po\u015bwi\u0119cenia.<\/p>\n<div  class=\"shortcode-box border-box style-orangelight table\" ><div class='shortcode-box-icon table-cell-mid'><i class='fa fa-exclamation-triangle'><\/i><\/div><div class=\"shortcode-box-content table-cell-mid\"><strong>Uwaga:<\/strong> oficjalne uznanie cz\u0142onkostwa w MI nast\u0119puje dopiero wtedy, gdy stosowne za\u015bwiadczenie zostanie podpisane przez kap\u0142ana i wprowadzone do ewidencji w g\u0142\u00f3wnej siedzibie MI.<\/div><\/div>\n<p>5. \u017by\u0107 zgodnie z duchem MI. W tym celu polecamy zapozna\u0107 si\u0119 z <strong>naszymi ksi\u0105\u017ckami<\/strong>.<\/p>\n<div  class=\"shortcode-box border-box style-bluelight table\" ><div class='shortcode-box-icon table-cell-mid'><i class='fa fa-info-circle'><\/i><\/div><div class=\"shortcode-box-content table-cell-mid\">Ksi\u0105\u017cki te mo\u017cna zamawia\u0107 w ksi\u0119garni <a href=\"http:\/\/www.tedeum.pl\/\" target=\"_blank\" rel=\"noopener\"><strong>Te Deum<\/strong><\/a>.<\/div><\/div>\n<p>6. By\u0107 mo\u017ce b\u0119d\u0105 Pa\u0144stwo mieli mo\u017cliwo\u015b\u0107 <strong>za\u0142o\u017cy\u0107 grup\u0119<\/strong> razem z innymi rycerzami MI.<\/p>\n<div  class=\"shortcode-box border-box style-bluelight table\" ><div class='shortcode-box-icon table-cell-mid'><i class='fa fa-info-circle'><\/i><\/div><div class=\"shortcode-box-content table-cell-mid\">Informacje na temat zak\u0142adania grup dost\u0119pne s\u0105 <a href=\"https:\/\/test4.mi-backup.ch\/pl\/warunki-zakladania-grup-mi\/\"><strong>tutaj<\/strong><\/a>.<\/div><\/div>\n","protected":false},"excerpt":{"rendered":"<p>Jak zosta\u0107 rycerzem Niepokalanej? \u015aw. o. Maksymilian nie chcia\u0142 nak\u0142ada\u0107 na kandydat\u00f3w ogromnych zobowi\u0105za\u0144, \u017ceby umo\u017cliwi\u0107 cz\u0142onkostwo ka\u017cdemu, bez wzgl\u0119du na wiek, p\u0142e\u0107 czy zaw\u00f3d. Poni\u017cej znajd\u0105 Pa\u0144stwo kilka praktycznych wskaz\u00f3wek, jak wst\u0105pi\u0107 w szeregi MI. Je\u015bli to mo\u017cliwe, mog\u0105 Pa\u0144stwo spr\u00f3bowa\u0107 znale\u017a\u0107 przyjaci\u00f3\u0142 lub krewnych, kt\u00f3rzy wspieraliby Pa\u0144stwa na<a class=\"more-link\" href=\"https:\/\/test4.mi-backup.ch\/pl\/warunki-przystapienia-do-mi\/\">Czytaj dalej &rarr;<\/a><\/p>\n","protected":false},"author":9,"featured_media":0,"parent":0,"menu_order":0,"comment_status":"closed","ping_status":"closed","template":"","meta":[],"_links":{"self":[{"href":"https:\/\/test4.mi-backup.ch\/pl\/wp-json\/wp\/v2\/pages\/7149"}],"collection":[{"href":"https:\/\/test4.mi-backup.ch\/pl\/wp-json\/wp\/v2\/pages"}],"about":[{"href":"https:\/\/test4.mi-backup.ch\/pl\/wp-json\/wp\/v2\/types\/page"}],"author":[{"embeddable":true,"href":"https:\/\/test4.mi-backup.ch\/pl\/wp-json\/wp\/v2\/users\/9"}],"replies":[{"embeddable":true,"href":"https:\/\/test4.mi-backup.ch\/pl\/wp-json\/wp\/v2\/comments?post=7149"}],"version-history":[{"count":10,"href":"https:\/\/test4.mi-backup.ch\/pl\/wp-json\/wp\/v2\/pages\/7149\/revisions"}],"predecessor-version":[{"id":14289,"href":"https:\/\/test4.mi-backup.ch\/pl\/wp-json\/wp\/v2\/pages\/7149\/revisions\/14289"}],"wp:attachment":[{"href":"https:\/\/test4.mi-backup.ch\/pl\/wp-json\/wp\/v2\/media?parent=7149"}],"curies":[{"name":"wp","href":"https:\/\/api.w.org\/{rel}","templated":true}]}}