{"id":7151,"date":"2017-10-23T19:00:36","date_gmt":"2017-10-23T17:00:36","guid":{"rendered":"https:\/\/test4.mi-backup.ch\/?page_id=7151"},"modified":"2017-10-25T20:12:05","modified_gmt":"2017-10-25T18:12:05","slug":"jego-ideal","status":"publish","type":"page","link":"https:\/\/test4.mi-backup.ch\/pl\/jego-ideal\/","title":{"rendered":"Jego idea\u0142"},"content":{"rendered":"<p><img loading=\"lazy\" class=\"size-medium wp-image-7487 alignleft\" src=\"https:\/\/test4.mi-backup.ch\/wp-content\/uploads\/2017\/10\/jego_ideal-231x300.jpg\" alt=\"\" width=\"231\" height=\"300\" srcset=\"https:\/\/test4.mi-backup.ch\/wp-content\/uploads\/2017\/10\/jego_ideal-231x300.jpg 231w, https:\/\/test4.mi-backup.ch\/wp-content\/uploads\/2017\/10\/jego_ideal.jpg 269w\" sizes=\"(max-width: 231px) 100vw, 231px\" \/><br \/>\n<em> Samemu si\u0119 do Niej zbli\u017cy\u0107, do Niej si\u0119 upodobni\u0107, pozwoli\u0107, by Ona opanowa\u0142a nasze serce i ca\u0142\u0105 nasz\u0105 istot\u0119, by Ona \u017cy\u0142a i dzia\u0142a\u0142a w nas i przez nas, by Ona mi\u0142owa\u0142a Boga naszym sercem, by\u015bmy do Niej nale\u017celi bezgranicznie &#8211; oto nasz idea\u0142.<\/em><br \/>\n<em> Promieniowa\u0107 na otoczenie, zdobywa\u0107 dla Niej dusze, by przed Ni\u0105 tak\u017ce serca bli\u017anich si\u0119 otwar\u0142y, by zakr\u00f3lowa\u0142a Ona w sercach wszystkich, co s\u0105 gdziekolwiek na \u015bwiecie, bez wzgl\u0119du na r\u00f3\u017cnic\u0119 ras, narodowo\u015bci, j\u0119zyk\u00f3w i tak\u017ce a\u017c do sko\u0144czenia \u015bwiata &#8211; oto nasz idea\u0142.<\/em><br \/>\n<em> I by Jej \u017cycie w nas pog\u0142\u0119bia\u0142o si\u0119 z dnia na dzie\u0144, z godziny na godzin\u0119, z chwili na chwil\u0119 i to bez \u017cadnych granic &#8211; oto nasz idea\u0142.<\/em><br \/>\n<em> I aby to Jej \u017cycie podobnie rozwija\u0142o si\u0119 w ka\u017cdej duszy, co jest i b\u0119dzie kiedykolwiek &#8211; oto nasz idea\u0142.<\/em><\/p>\n<p>\u015bw. Maksymilian Maria Kolbe<\/p>\n","protected":false},"excerpt":{"rendered":"<p>Samemu si\u0119 do Niej zbli\u017cy\u0107, do Niej si\u0119 upodobni\u0107, pozwoli\u0107, by Ona opanowa\u0142a nasze serce i ca\u0142\u0105 nasz\u0105 istot\u0119, by Ona \u017cy\u0142a i dzia\u0142a\u0142a w nas i przez nas, by Ona mi\u0142owa\u0142a Boga naszym sercem, by\u015bmy do Niej nale\u017celi bezgranicznie &#8211; oto nasz idea\u0142. Promieniowa\u0107 na otoczenie, zdobywa\u0107 dla Niej<a class=\"more-link\" href=\"https:\/\/test4.mi-backup.ch\/pl\/jego-ideal\/\">Czytaj dalej &rarr;<\/a><\/p>\n","protected":false},"author":9,"featured_media":0,"parent":0,"menu_order":0,"comment_status":"closed","ping_status":"closed","template":"","meta":[],"_links":{"self":[{"href":"https:\/\/test4.mi-backup.ch\/pl\/wp-json\/wp\/v2\/pages\/7151"}],"collection":[{"href":"https:\/\/test4.mi-backup.ch\/pl\/wp-json\/wp\/v2\/pages"}],"about":[{"href":"https:\/\/test4.mi-backup.ch\/pl\/wp-json\/wp\/v2\/types\/page"}],"author":[{"embeddable":true,"href":"https:\/\/test4.mi-backup.ch\/pl\/wp-json\/wp\/v2\/users\/9"}],"replies":[{"embeddable":true,"href":"https:\/\/test4.mi-backup.ch\/pl\/wp-json\/wp\/v2\/comments?post=7151"}],"version-history":[{"count":10,"href":"https:\/\/test4.mi-backup.ch\/pl\/wp-json\/wp\/v2\/pages\/7151\/revisions"}],"predecessor-version":[{"id":7694,"href":"https:\/\/test4.mi-backup.ch\/pl\/wp-json\/wp\/v2\/pages\/7151\/revisions\/7694"}],"wp:attachment":[{"href":"https:\/\/test4.mi-backup.ch\/pl\/wp-json\/wp\/v2\/media?parent=7151"}],"curies":[{"name":"wp","href":"https:\/\/api.w.org\/{rel}","templated":true}]}}