{"id":7153,"date":"2017-10-24T21:43:37","date_gmt":"2017-10-24T19:43:37","guid":{"rendered":"https:\/\/test4.mi-backup.ch\/?page_id=7153"},"modified":"2017-10-27T11:53:31","modified_gmt":"2017-10-27T09:53:31","slug":"sw-maksymilian-i-cudowny-medalik","status":"publish","type":"page","link":"https:\/\/test4.mi-backup.ch\/pl\/sw-maksymilian-i-cudowny-medalik\/","title":{"rendered":"\u015aw. Maksymilian i Cudowny Medalik"},"content":{"rendered":"<figure style=\"width: 250px\" class=\"wp-caption alignright\"><img loading=\"lazy\" src=\"https:\/\/test4.mi-backup.ch\/wp-content\/uploads\/media\/Notre_Dame_du_Medaille.jpg\" width=\"250\" height=\"427\" align=\"top\" border=\"1\" hspace=\"5\" vspace=\"5\" \/><figcaption class=\"wp-caption-text\">Naj\u015bwi\u0119tsza Maryja Panna od Cudownego Medalika w miejscu objawie\u0144 w Rue du Bac, Pary\u017c<\/figcaption><\/figure>\n<p class=\"western\">Jako zewn\u0119trzny znak przynale\u017cno\u015bci do MI rycerz Niepokalanej nosi Jej Cudowny Medalik. My, stworzenia ludzkie, nie jeste\u015bmy jedynie dusz\u0105, mamy tak\u017ce cia\u0142o. Nasze wewn\u0119trzne \u017cycie, nasz idea\u0142 i mentalno\u015b\u0107 winny si\u0119 jako\u015b uzewn\u0119trznia\u0107, uwidacznia\u0107 w naszym \u017cyciu zewn\u0119trznym. Dlatego zewn\u0119trzne znaki s\u0105 konieczne, aby ukaza\u0107 wewn\u0119trzne nastawienie. Zbawiciel chcia\u0142 swoje \u0142aski przekazywa\u0107 ludziom przez pewne widzialne znaki, a m\u00f3wi\u0105c \u015bci\u015ble, przez sakramenty. Podobnie, tzn. w widzialny spos\u00f3b, rycerz Niepokalanej musi z\u0142o\u017cy\u0107 publiczne przyrzeczenie i przywdzia\u0107 zewn\u0119trzne znaki.<\/p>\n<p>Cudowny Medalik jest zewn\u0119trznym znakiem wewn\u0119trznego, ca\u0142kowitego po\u015bwi\u0119cenia si\u0119 Niepokalanej.<\/p>\n<p class=\"western\">Ci wi\u0119cej, jako bro\u0144 w walce o dusze, rycerz winien rozpowszechnia\u0107 te medaliki, gdzie tylko mo\u017ce:<\/p>\n<p style=\"padding-left: 30px\"><em>Medalik Niepokalanej niech b\u0119dzie broni\u0105, a raczej kulk\u0105, kt\u00f3r\u0105 ka\u017cdy rycerz Niepokalanej si\u0119 pos\u0142uguje. Cho\u0107by kto najgorszym, je\u017celi tylko zgodzi si\u0119 nosi\u0107 na sobie Cudowny Medalik, da\u0107 mu go i modli\u0107 si\u0119 za niego, a przy sposobno\u015bci dobrym s\u0142owem stara\u0107 si\u0119 poma\u0142u przywie\u015b\u0107 do ukochania Niepokalanej Matki ca\u0142ym sercem i uciekania si\u0119 do Niej we wszystkich trudno\u015bciach i pokusach. Kto si\u0119 szczerze do Niepokalanej modli\u0107 zacznie, ten i niebawem, a zw\u0142aszcza w Jej \u015bwi\u0119to, da si\u0119 nam\u00f3wi\u0107 do spowiedzi. Du\u017co jest z\u0142a na \u015bwiecie, ale pami\u0119tajmy, \u017ce Niepokalana pot\u0119\u017cniejsza i \u201eOna zetrze g\u0142ow\u0119 w\u0119\u017ca piekielnego\u201d.<\/em><\/p>\n<figure style=\"width: 250px\" class=\"wp-caption alignright\"><img loading=\"lazy\" src=\"https:\/\/test4.mi-backup.ch\/wp-content\/uploads\/media\/S._Andrea_delle_Fratte012.JPG\" width=\"250\" height=\"333\" align=\"top\" border=\"1\" hspace=\"5\" vspace=\"5\" \/><figcaption class=\"wp-caption-text\">O\u0142tarz \u0141ask w ko\u015bciele St. Andrea delle Fratte w Rzymie<\/figcaption><\/figure>\n<p class=\"western\">Czy taka praktyka nie jest w pewnym sensie przesad\u0105? Jak to mo\u017cliwe, \u017ce za\u0142o\u017cyciel MI tak wielkie zaufanie pok\u0142ada\u0142 w tym skromnym, materialnym symbolu? Powinni\u015bmy odpowiedzie\u0107, \u017ce samo powstanie MI by\u0142o blisko zwi\u0105zane z wielkim cudem, jaki si\u0119 dokona\u0142 przez Cudowny Medalik, a by\u0142o nim nawr\u00f3cenie \u017cyda, Alfonsa Ratisbonne`a. W roku, w kt\u00f3rym MI zosta\u0142a za\u0142ozona (1917), w Rzymie obchodzono 75. rocznic\u0119 tego wielkiego cudu. Brat Maksymilian ju\u017c d\u0142ugo przedtem postawi\u0142 sobie pytanie:<\/p>\n<p style=\"padding-left: 30px\"><em>Czy to mo\u017cliwe, \u017ceby wrogowie wykazywali tak wielk\u0105 aktywno\u015b\u0107 i uzyskiwali przewag\u0119, kiedy my zostajemy s\u0142abi, nie przestaj\u0105c jednak pracowa\u0107? Czy my nie mamy silniejszej broni, a szczeg\u00f3lnie opieki nieba i Niepokalanej dziewicy?<\/em><\/p>\n<p class=\"western\">Odnalaz\u0142 odpowied\u017a tego pami\u0119tnego 20 stycznia, kiedy prze\u0142o\u017cony domu podsun\u0105\u0142 braciom histori\u0119 nawr\u00f3cenia \u017cyda jako temat do rozwa\u017ca\u0144. Podczas tego rozwa\u017cania, jak po\u015bwiadcza o. Pal, przyjaciel o. Kolbego i wsp\u00f3\u0142za\u0142o\u017cyciel MI, Maksymilian otrzyma\u0142 natchnienie za\u0142o\u017cenia rycerstwa na cze\u015b\u0107 Niepokalanej, kt\u00f3re obra\u0142oby Cudowny Medalik jako sw\u00f3j emblemat i tarcz\u0119. Od tamtego dnia br. Maksymilian udawa\u0142 si\u0119 cz\u0119sto do ko\u015bcio\u0142a Sant\u2019Andrea delle Fratte, modl\u0105c si\u0119 przed o\u0142tarzem, gdzie nawr\u00f3ci\u0142 si\u0119 Alfons Ratisbonne. Wybra\u0142 te\u017c ten o\u0142tarz na miejsce odprawienia swojej pierwszej Mszy \u015bw. po \u015bwi\u0119ceniach kap\u0142a\u0144skich.<\/p>\n<p class=\"western\">Co wi\u0119cej, o. Maksymilian cz\u0119sto m\u00f3wi\u0142 braciom o niezwyk\u0142ych zbiegach okoliczno\u015bci, jakich sam do\u015bwiadczy\u0142, a kt\u00f3re wi\u0105za\u0142y si\u0119 z Cudownym Medalikiem. Na przyk\u0142ad raz, kiedy wypoczywa\u0142 w Zakopanem, pr\u00f3bowa\u0142 nawr\u00f3ci\u0107 m\u0142odego wolnomy\u015bliciela, kt\u00f3ry z dum\u0105 nazywa\u0142 samego siebie heretykiem:<\/p>\n<p style=\"padding-left: 30px\"><em>Wszelkie argumenty zawiod\u0142y. Z grzeczno\u015bci jednak przyj\u0105\u0142 Cudowny Medalik. Potem proponowa\u0142em mu spowied\u017a. \u201eNie jestem przygotowany, \u017cadn\u0105 miar\u0105\u201d, brzmia\u0142a odpowied\u017a. Lecz w tym samym momencie pad\u0142 na kolana, jakby wy\u017csz\u0105 si\u0142\u0105 zmuszony. Spowied\u017a si\u0119 zacz\u0119\u0142a; m\u0142ody cz\u0142owiek p\u0142aka\u0142 jak dziecko. Niepokalana zwyci\u0119\u017cy\u0142a.<\/em><\/p>\n<p class=\"western\">Oczywi\u015bcie przyczyna tej cudownej przemiany w ludzkim sercu nie by\u0142 sam medalik jako fizyczny przedmiot, ale w\u0142a\u015bnie Niepokalana, kt\u00f3ra przywi\u0105za\u0142a szczeg\u00f3lne \u0142aski do noszenia Cudownego Medalika. I by\u0142o wiele, wiele takich wypadk\u00f3w w \u017cyciu \u015bw. Maksymiliana.\u00a0Dlatego:<\/p>\n<p style=\"padding-left: 30px\"><em>Jej medalik rozdawa\u0107, gdzie tylko si\u0119 da: dzieciom, by zawsze go na szyi nosi\u0142y, i starszym, i m\u0142odzie\u017cy zw\u0142aszcza, by pod Jej opiek\u0105 mia\u0142a dosy\u0107 si\u0142 do odparcia tylu pokus i zasadzek czyhaj\u0105cych na ni\u0105 w naszych czasach. A ju\u017c tym, co do ko\u015bcio\u0142a nie zagl\u0105daj\u0105, do spowiedzi boj\u0105 si\u0119 przyj\u015b\u0107, z praktyk religijnych szydz\u0105, z prawd wiary si\u0119 \u015bmiej\u0105, zagrz\u0119\u017ali w b\u0142oto moralne albo poza Ko\u015bcio\u0142em w herezji przebywaj\u0105 \u2013 o, tym to ju\u017c koniecznie medalik Niepokalanej ofiarowa\u0107 i prosi\u0107, by zechcieli go nosi\u0107, a tymczasem gor\u0105co Niepokalan\u0105 b\u0142aga\u0107 o ich nawr\u00f3cenie. Wielu nawet wtedy rad\u0119 znajduje, gdy kto nie chce w \u017caden spos\u00f3b przyj\u0105\u0107 medalika. Ot po prostu wszywaj\u0105 go po kryjomu do ubrania i modl\u0105 si\u0119, a Niepokalana pr\u0119dzej czy p\u00f3\u017aniej okazuje, co potrafi. Wi\u0119c Cudowny Medalik to kulka Milicji Niepokalanej<\/em><em>!<\/em><\/p>\n<p>(za: ks. Karol Stehlin: <em>Niepokalana, nasz idea\u0142.\u00a0Duch Rycerstwa Niepokalanej o. Maksymiliana Kolbego.<\/em>\u00a0Te Deum, Warszawa 2007. Kursyw\u0105 zaznaczono cytaty ze \u015bw. Maksymiliana.)<\/p>\n","protected":false},"excerpt":{"rendered":"<p>Jako zewn\u0119trzny znak przynale\u017cno\u015bci do MI rycerz Niepokalanej nosi Jej Cudowny Medalik. My, stworzenia ludzkie, nie jeste\u015bmy jedynie dusz\u0105, mamy tak\u017ce cia\u0142o. Nasze wewn\u0119trzne \u017cycie, nasz idea\u0142 i mentalno\u015b\u0107 winny si\u0119 jako\u015b uzewn\u0119trznia\u0107, uwidacznia\u0107 w naszym \u017cyciu zewn\u0119trznym. Dlatego zewn\u0119trzne znaki s\u0105 konieczne, aby ukaza\u0107 wewn\u0119trzne nastawienie. Zbawiciel chcia\u0142 swoje<a class=\"more-link\" href=\"https:\/\/test4.mi-backup.ch\/pl\/sw-maksymilian-i-cudowny-medalik\/\">Czytaj dalej &rarr;<\/a><\/p>\n","protected":false},"author":9,"featured_media":0,"parent":0,"menu_order":0,"comment_status":"closed","ping_status":"closed","template":"","meta":[],"_links":{"self":[{"href":"https:\/\/test4.mi-backup.ch\/pl\/wp-json\/wp\/v2\/pages\/7153"}],"collection":[{"href":"https:\/\/test4.mi-backup.ch\/pl\/wp-json\/wp\/v2\/pages"}],"about":[{"href":"https:\/\/test4.mi-backup.ch\/pl\/wp-json\/wp\/v2\/types\/page"}],"author":[{"embeddable":true,"href":"https:\/\/test4.mi-backup.ch\/pl\/wp-json\/wp\/v2\/users\/9"}],"replies":[{"embeddable":true,"href":"https:\/\/test4.mi-backup.ch\/pl\/wp-json\/wp\/v2\/comments?post=7153"}],"version-history":[{"count":5,"href":"https:\/\/test4.mi-backup.ch\/pl\/wp-json\/wp\/v2\/pages\/7153\/revisions"}],"predecessor-version":[{"id":7732,"href":"https:\/\/test4.mi-backup.ch\/pl\/wp-json\/wp\/v2\/pages\/7153\/revisions\/7732"}],"wp:attachment":[{"href":"https:\/\/test4.mi-backup.ch\/pl\/wp-json\/wp\/v2\/media?parent=7153"}],"curies":[{"name":"wp","href":"https:\/\/api.w.org\/{rel}","templated":true}]}}