{"id":7154,"date":"2017-10-29T13:36:29","date_gmt":"2017-10-29T12:36:29","guid":{"rendered":"https:\/\/test4.mi-backup.ch\/?page_id=7154"},"modified":"2022-08-27T14:43:52","modified_gmt":"2022-08-27T12:43:52","slug":"kaciki-mi","status":"publish","type":"page","link":"https:\/\/test4.mi-backup.ch\/pl\/kaciki-mi\/","title":{"rendered":"K\u0105ciki MI"},"content":{"rendered":"<h2>K\u0105ciki MI<\/h2>\n<figure id=\"attachment_9764\" aria-describedby=\"caption-attachment-9764\" style=\"width: 300px\" class=\"wp-caption alignright\"><a href=\"https:\/\/test4.mi-backup.ch\/wp-content\/uploads\/2018\/03\/kacik_mi_chorzow.jpg\"><img loading=\"lazy\" class=\"wp-image-9764 size-medium\" src=\"https:\/\/test4.mi-backup.ch\/wp-content\/uploads\/2018\/03\/kacik_mi_chorzow-300x250.jpg\" alt=\"\" width=\"300\" height=\"250\" srcset=\"https:\/\/test4.mi-backup.ch\/wp-content\/uploads\/2018\/03\/kacik_mi_chorzow-300x250.jpg 300w, https:\/\/test4.mi-backup.ch\/wp-content\/uploads\/2018\/03\/kacik_mi_chorzow-768x641.jpg 768w, https:\/\/test4.mi-backup.ch\/wp-content\/uploads\/2018\/03\/kacik_mi_chorzow-1024x854.jpg 1024w, https:\/\/test4.mi-backup.ch\/wp-content\/uploads\/2018\/03\/kacik_mi_chorzow-425x355.jpg 425w, https:\/\/test4.mi-backup.ch\/wp-content\/uploads\/2018\/03\/kacik_mi_chorzow-600x501.jpg 600w\" sizes=\"(max-width: 300px) 100vw, 300px\" \/><\/a><figcaption id=\"caption-attachment-9764\" class=\"wp-caption-text\">W kaplicy pw. \u015bw. Maksymiliana Kolbego w Chorzowie powsta\u0142 k\u0105cik z materia\u0142ami dotycz\u0105cymi Rycerstwa Niepokalanej. Zach\u0119camy Rycerzy do podj\u0119cia podobnych inicjatyw w swoich kaplicach.<br \/>(<a href=\"https:\/\/test4.mi-backup.ch\/pl\/kolo-mi-2-w-chorzowie\/\">czytaj wi\u0119cej<\/a>)<\/figcaption><\/figure>\n<p>W Polsce k\u0105ciki MI dzia\u0142aj\u0105 przy kaplicach FSSPX:<\/p>\n<ul>\n<li><a href=\"http:\/\/www.piusx.org.pl\/kaplice\/Bajerze\" target=\"_blank\" rel=\"noopener\"><strong>Bajerze<\/strong><\/a><\/li>\n<li><strong><a href=\"https:\/\/www.piusx.org.pl\/kaplice\/bialystok\" target=\"_blank\" rel=\"noopener\">Bia\u0142ystok<\/a><\/strong><\/li>\n<li><a href=\"https:\/\/www.piusx.org.pl\/kaplice\/bielsko-biala\" target=\"_blank\" rel=\"noopener\"><strong>Bielsko-Bia\u0142a<\/strong><\/a><\/li>\n<li><a href=\"https:\/\/www.piusx.org.pl\/kaplice\/boleslawiec\" target=\"_blank\" rel=\"noopener\"><strong>Boles\u0142awiec<\/strong><\/a><\/li>\n<li><a href=\"http:\/\/www.piusx.org.pl\/kaplice\/Chorzow\" target=\"_blank\" rel=\"noopener\"><strong>Chorz\u00f3w<\/strong><\/a><\/li>\n<li><a href=\"http:\/\/www.piusx.org.pl\/kaplice\/Gdynia\" target=\"_blank\" rel=\"noopener\"><strong>Gdynia<\/strong><\/a><\/li>\n<li><a href=\"https:\/\/www.piusx.org.pl\/kaplice\/gniezno\" target=\"_blank\" rel=\"noopener\"><strong>Gniezno<\/strong><\/a><\/li>\n<li><a href=\"https:\/\/www.piusx.org.pl\/kaplice\/jaroslaw\" target=\"_blank\" rel=\"noopener\"><strong>Jaros\u0142aw<\/strong><\/a><\/li>\n<li><a href=\"https:\/\/www.piusx.org.pl\/kaplice\/jozefow\" target=\"_blank\" rel=\"noopener\"><strong>J\u00f3zef\u00f3w<\/strong><\/a><\/li>\n<li><a href=\"http:\/\/www.piusx.org.pl\/kaplice\/Krakow\" target=\"_blank\" rel=\"noopener\"><strong>Krak\u00f3w<\/strong><\/a><\/li>\n<li><a href=\"http:\/\/www.piusx.org.pl\/kaplice\/Lubatowa\" target=\"_blank\" rel=\"noopener\"><strong>Lubatowa<\/strong><\/a><\/li>\n<li><a href=\"http:\/\/www.piusx.org.pl\/kaplice\/Lublin\" target=\"_blank\" rel=\"noopener\"><strong>Lublin<\/strong><\/a><\/li>\n<li><a href=\"http:\/\/www.piusx.org.pl\/kaplice\/Lodz\" target=\"_blank\" rel=\"noopener\"><strong>\u0141\u00f3d\u017a<\/strong><\/a><\/li>\n<li><a href=\"https:\/\/www.piusx.org.pl\/kaplice\/nowy-sacz\" target=\"_blank\" rel=\"noopener\"><strong>Nowy S\u0105cz<\/strong><\/a><\/li>\n<li><a href=\"http:\/\/www.piusx.org.pl\/kaplice\/Olsztyn\" target=\"_blank\" rel=\"noopener\"><strong>Olsztyn<\/strong><\/a><\/li>\n<li><a href=\"https:\/\/www.piusx.org.pl\/kaplice\/ostroleka\" target=\"_blank\" rel=\"noopener\"><strong>Ostro\u0142\u0119ka<\/strong><\/a><\/li>\n<li><a href=\"http:\/\/www.piusx.org.pl\/kaplice\/Poznan\" target=\"_blank\" rel=\"noopener\"><strong>Pozna\u0144<\/strong><\/a><\/li>\n<li><a href=\"https:\/\/www.piusx.org.pl\/kaplice\/radom\" target=\"_blank\" rel=\"noopener\"><strong>Radom<\/strong><\/a><\/li>\n<li><a href=\"http:\/\/www.piusx.org.pl\/kaplice\/Rzeszow\" target=\"_blank\" rel=\"noopener\"><strong>Rzesz\u00f3w<\/strong><\/a><\/li>\n<li><a href=\"https:\/\/www.piusx.org.pl\/kaplice\/suwalki\" target=\"_blank\" rel=\"noopener\"><strong>Suwa\u0142ki<\/strong><\/a><\/li>\n<li><a href=\"http:\/\/www.piusx.org.pl\/kaplice\/Szczecin\" target=\"_blank\" rel=\"noopener\"><strong>Szczecin<\/strong><\/a><\/li>\n<li><a href=\"https:\/\/www.piusx.org.pl\/kaplice\/tarnow\" target=\"_blank\" rel=\"noopener\"><strong>Tarn\u00f3w<\/strong><\/a><\/li>\n<li><a href=\"https:\/\/www.piusx.org.pl\/kaplice\/tczew\" target=\"_blank\" rel=\"noopener\"><strong>Tczew<\/strong><\/a><\/li>\n<li><a href=\"http:\/\/www.piusx.org.pl\/kaplice\/Warszawa\" target=\"_blank\" rel=\"noopener\"><strong>Warszawa<\/strong><\/a><\/li>\n<li><a href=\"http:\/\/www.piusx.org.pl\/kaplice\/Wroclaw\" target=\"_blank\" rel=\"noopener\"><strong>Wroc\u0142aw<\/strong><\/a><\/li>\n<li><a href=\"https:\/\/www.piusx.org.pl\/kaplice\/zamosc\" target=\"_blank\" rel=\"noopener\"><strong>Zamo\u015b\u0107<\/strong><\/a><\/li>\n<\/ul>\n<p>Mo\u017cna tam pobra\u0107 materia\u0142y do szerzenia apostolatu, uzupe\u0142ni\u0107 zapas po\u015bwi\u0119conych Cudownych Medalik\u00f3w, naby\u0107 interesuj\u0105ce ksi\u0105\u017cki i czasopisma lub porozmawia\u0107 z innymi wiernymi, z kt\u00f3rych wielu jest r\u00f3wnie\u017c cz\u0142onkami Rycerstwa. Prosimy o zwr\u00f3cenie si\u0119 z zapytaniem do miejscowego kap\u0142ana o wi\u0119cej informacji. W ten sam spos\u00f3b ch\u0119tni mog\u0105 r\u00f3wnie\u017c zasili\u0107 szeregi MI, je\u015bli jeszcze tego nie uczynili.<\/p>\n<div  class=\"shortcode-box border-box style-bluelight table\" ><div class='shortcode-box-icon table-cell-mid'><i class='fa fa-info-circle'><\/i><\/div><div class=\"shortcode-box-content table-cell-mid\">Wi\u0119cej informacji na temat kaplic mo\u017cna odnale\u017a\u0107 pod adresem:\u00a0<strong><a href=\"http:\/\/www.piusx.org.pl\/kaplice\" target=\"_blank\" rel=\"noopener\">http:\/\/www.piusx.org.pl\/kaplice<\/a><\/strong><\/div><\/div>\n","protected":false},"excerpt":{"rendered":"<p>K\u0105ciki MI W Polsce k\u0105ciki MI dzia\u0142aj\u0105 przy kaplicach FSSPX: Bajerze Bia\u0142ystok Bielsko-Bia\u0142a Boles\u0142awiec Chorz\u00f3w Gdynia Gniezno Jaros\u0142aw J\u00f3zef\u00f3w Krak\u00f3w Lubatowa Lublin \u0141\u00f3d\u017a Nowy S\u0105cz Olsztyn Ostro\u0142\u0119ka Pozna\u0144 Radom Rzesz\u00f3w Suwa\u0142ki Szczecin Tarn\u00f3w Tczew Warszawa Wroc\u0142aw Zamo\u015b\u0107 Mo\u017cna tam pobra\u0107 materia\u0142y do szerzenia apostolatu, uzupe\u0142ni\u0107 zapas po\u015bwi\u0119conych Cudownych Medalik\u00f3w, naby\u0107<a class=\"more-link\" href=\"https:\/\/test4.mi-backup.ch\/pl\/kaciki-mi\/\">Czytaj dalej &rarr;<\/a><\/p>\n","protected":false},"author":9,"featured_media":0,"parent":0,"menu_order":0,"comment_status":"closed","ping_status":"closed","template":"","meta":[],"_links":{"self":[{"href":"https:\/\/test4.mi-backup.ch\/pl\/wp-json\/wp\/v2\/pages\/7154"}],"collection":[{"href":"https:\/\/test4.mi-backup.ch\/pl\/wp-json\/wp\/v2\/pages"}],"about":[{"href":"https:\/\/test4.mi-backup.ch\/pl\/wp-json\/wp\/v2\/types\/page"}],"author":[{"embeddable":true,"href":"https:\/\/test4.mi-backup.ch\/pl\/wp-json\/wp\/v2\/users\/9"}],"replies":[{"embeddable":true,"href":"https:\/\/test4.mi-backup.ch\/pl\/wp-json\/wp\/v2\/comments?post=7154"}],"version-history":[{"count":10,"href":"https:\/\/test4.mi-backup.ch\/pl\/wp-json\/wp\/v2\/pages\/7154\/revisions"}],"predecessor-version":[{"id":77184,"href":"https:\/\/test4.mi-backup.ch\/pl\/wp-json\/wp\/v2\/pages\/7154\/revisions\/77184"}],"wp:attachment":[{"href":"https:\/\/test4.mi-backup.ch\/pl\/wp-json\/wp\/v2\/media?parent=7154"}],"curies":[{"name":"wp","href":"https:\/\/api.w.org\/{rel}","templated":true}]}}