{"id":73353,"date":"2022-07-29T15:07:19","date_gmt":"2022-07-29T13:07:19","guid":{"rendered":"https:\/\/test4.mi-backup.ch\/medias-et-reseaux-sociaux\/"},"modified":"2022-08-01T11:59:02","modified_gmt":"2022-08-01T09:59:02","slug":"media-i-portale-spolecznosciowe","status":"publish","type":"page","link":"https:\/\/test4.mi-backup.ch\/pl\/media-i-portale-spolecznosciowe\/","title":{"rendered":"Media i portale spo\u0142eczno\u015bciowe"},"content":{"rendered":"<h2><strong>Spis tre\u015bci:<\/strong><\/h2>\n<ol>\n<li>Media wymagaj\u0105ce u\u017cycia stron internetowych.<\/li>\n<li>Media nie wymagaj\u0105ce u\u017cycia stron internetowych.<\/li>\n<\/ol>\n<hr \/>\n<h4><strong>1. Media wymagaj\u0105ce u\u017cycia stron internetowych.<\/strong><\/h4>\n<h4 style=\"padding-left: 40px;\"><strong>A. YouTube<a href=\"https:\/\/test4.mi-backup.ch\/wp-content\/uploads\/2022\/07\/5-1-212x300.jpg\"><img loading=\"lazy\" class=\"alignright wp-image-73364\" src=\"https:\/\/test4.mi-backup.ch\/wp-content\/uploads\/2022\/07\/5-1-212x300.jpg\" alt=\"\" width=\"300\" height=\"424\" srcset=\"https:\/\/test4.mi-backup.ch\/wp-content\/uploads\/2022\/07\/5-1-212x300.jpg 212w, https:\/\/test4.mi-backup.ch\/wp-content\/uploads\/2022\/07\/5-1-724x1024.jpg 724w, https:\/\/test4.mi-backup.ch\/wp-content\/uploads\/2022\/07\/5-1-768x1086.jpg 768w, https:\/\/test4.mi-backup.ch\/wp-content\/uploads\/2022\/07\/5-1-1086x1536.jpg 1086w, https:\/\/test4.mi-backup.ch\/wp-content\/uploads\/2022\/07\/5-1-389x550.jpg 389w, https:\/\/test4.mi-backup.ch\/wp-content\/uploads\/2022\/07\/5-1-600x849.jpg 600w, https:\/\/test4.mi-backup.ch\/wp-content\/uploads\/2022\/07\/5-1.jpg 1414w\" sizes=\"(max-width: 300px) 100vw, 300px\" \/><\/a><\/strong><\/h4>\n<p><span lang=\"PL\"><strong>Wprowadzenie:<\/strong>\u00a0<\/span><span lang=\"PL\">Zasada dzia\u0142ania Youtube jest do\u015b\u0107 prosta. Jest to kana\u0142 filmowy, na kt\u00f3rym publikujemy filmy, kt\u00f3re sami tworzymy, konferencje o charakterze maryjnym czy kazania ksi\u0119\u017cy, kt\u00f3rzy s\u0105 r\u00f3wnie\u017c cz\u0142onkami MI.<\/span><\/p>\n<p><span lang=\"PL\"><strong>Cel:<\/strong>\u00a0<\/span><span lang=\"PL\"> Udost\u0119pnianie, odtwarzanie i transmitowanie film\u00f3w tak aby pom\u00f3c duszom w ich \u017cyciu duchowym oraz przyci\u0105ga\u0107 je do Boga.<\/span><\/p>\n<h5>Kana\u0142y w r\u00f3\u017cnych j\u0119zykach:<\/h5>\n<p>POLSKI KANA\u0141 YOUTUBE: <strong><a href=\"https:\/\/www.youtube.com\/c\/TriumfNiepokalanej\" target=\"_blank\" rel=\"noopener\" data-saferedirecturl=\"https:\/\/www.google.com\/url?q=https:\/\/www.youtube.com\/c\/TriumfNiepokalanej&amp;source=gmail&amp;ust=1647415938512000&amp;usg=AOvVaw0aZk_UTbO7lPdw5E3nwOrI\">Triumf Niepokalanej<\/a><\/strong><\/p>\n<p>FRANCUSKI KANA\u0141 YOUTUBE: <strong><a href=\"https:\/\/www.youtube.com\/c\/MilitiaImmaculataeFR\" target=\"_blank\" rel=\"noopener\" data-saferedirecturl=\"https:\/\/www.google.com\/url?q=https:\/\/www.youtube.com\/c\/MilitiaImmaculataeFR&amp;source=gmail&amp;ust=1647415938512000&amp;usg=AOvVaw3jkRSPlog5tZgBCSGiEBJ9\">Militia Immaculatae FR<\/a><\/strong><\/p>\n<p>ANGIELSKIE I HISZPA\u0143SKIE KANA\u0141Y YOUTUBE: <strong><a href=\"https:\/\/www.youtube.com\/c\/MilitiaImmaculataeTraditional\" target=\"_blank\" rel=\"noopener\" data-saferedirecturl=\"https:\/\/www.google.com\/url?q=https:\/\/www.youtube.com\/c\/MilitiaImmaculataeTraditional&amp;source=gmail&amp;ust=1647415938512000&amp;usg=AOvVaw2bGKJagGqbq227WF55iNpV\">Militia Immaculatae<\/a><\/strong><\/p>\n<p>NIEMIECKI KANA\u0141 YOUTUBE: <strong><a href=\"https:\/\/www.youtube.com\/c\/MilitiaImmaculatae\" target=\"_blank\" rel=\"noopener\" data-saferedirecturl=\"https:\/\/www.google.com\/url?q=https:\/\/www.youtube.com\/c\/MilitiaImmaculatae&amp;source=gmail&amp;ust=1647415938512000&amp;usg=AOvVaw3yXpuAnCZ37He8O9Ri4ZNs\">Militia Immaculatae<\/a><\/strong><\/p>\n<hr \/>\n<div style=\"position: relative; width: 100%; height: 0; padding-top: 33.3333%; padding-bottom: 48px; box-shadow: 0 2px 8px 0 rgba(63,69,81,0.16); margin-top: 1.6em; margin-bottom: 0.9em; overflow: hidden; border-radius: 8px; will-change: transform;\"><iframe style=\"position: absolute; width: 100%; height: 100%; top: 0; left: 0; border: none; padding: 0; margin: 0;\" src=\"https:\/\/www.canva.com\/design\/DAFH5ejSpwo\/view?embed\" allowfullscreen=\"allowfullscreen\" data-mce-fragment=\"1\"><br \/>\n<\/iframe><\/div>\n<p><a href=\"https:\/\/www.canva.com\/design\/DAFH5ejSpwo\/view?utm_content=DAFH5ejSpwo&amp;utm_campaign=designshare&amp;utm_medium=embeds&amp;utm_source=link\" target=\"_blank\" rel=\"noopener\">Inne media<\/a><\/p>\n<hr \/>\n<h4 style=\"padding-left: 40px;\"><strong>C. FACEBOOK<a href=\"https:\/\/test4.mi-backup.ch\/wp-content\/uploads\/2022\/07\/fb-212x300.jpg\"><img loading=\"lazy\" class=\"alignright wp-image-73388\" src=\"https:\/\/test4.mi-backup.ch\/wp-content\/uploads\/2022\/07\/fb-212x300.jpg\" alt=\"\" width=\"300\" height=\"424\" srcset=\"https:\/\/test4.mi-backup.ch\/wp-content\/uploads\/2022\/07\/fb-212x300.jpg 212w, https:\/\/test4.mi-backup.ch\/wp-content\/uploads\/2022\/07\/fb-724x1024.jpg 724w, https:\/\/test4.mi-backup.ch\/wp-content\/uploads\/2022\/07\/fb-768x1086.jpg 768w, https:\/\/test4.mi-backup.ch\/wp-content\/uploads\/2022\/07\/fb-1086x1536.jpg 1086w, https:\/\/test4.mi-backup.ch\/wp-content\/uploads\/2022\/07\/fb-389x550.jpg 389w, https:\/\/test4.mi-backup.ch\/wp-content\/uploads\/2022\/07\/fb-600x849.jpg 600w, https:\/\/test4.mi-backup.ch\/wp-content\/uploads\/2022\/07\/fb.jpg 1414w\" sizes=\"(max-width: 300px) 100vw, 300px\" \/><\/a><\/strong><\/h4>\n<p><strong>Wprowadzenie<\/strong>: Ta platforma s\u0142u\u017cy do publikowania aktualno\u015bci, artyku\u0142\u00f3w, kart, film\u00f3w, reklamowaniu nowych pozycji ksi\u0105\u017ckowych b\u0105d\u017a wirtualnych.<\/p>\n<p><strong>Cel<\/strong>: Kropla po kropli, karm dusze po\u017cytecznymi tre\u015bciami. Poniewa\u017c Facebook jest du\u017cej mierze r\u00f3wnie\u017c \u017ar\u00f3d\u0142em zmarnowanego czasu, gdy u\u017cywamy go w uzale\u017cniaj\u0105cy spos\u00f3b. Publikujemy wiadomo\u015bci dla Rycerzy, pragn\u0105cych trzyma\u0107 si\u0119 z dala od chaosu wirtualnego \u015bwiata.<\/p>\n<h5>Strony, profile, albumy w r\u00f3\u017cnych j\u0119zykach:<\/h5>\n<p>PROFIL FRANCUSKI &#8211; \u00a0<a href=\"https:\/\/www.facebook.com\/militiaimmaculataefr\" class=\"broken_link\" target=\"_blank\" rel=\"noopener\"><strong>MILITIA IMMACULATAE<\/strong><\/a><\/p>\n<p>STRONA ANGIELSKA \u2013<a href=\"https:\/\/www.facebook.com\/militiaimmaculataeen\" class=\"broken_link\" target=\"_blank\" rel=\"noopener\"><strong>\u00a0Militia Immaculatae \u2013 Traditional Observance<\/strong><\/a><\/p>\n<p>POLSKI ALBUM &#8211; \u00a0<a href=\"https:\/\/www.facebook.com\/media\/set\/?set=a.2957085287877994&amp;type=3\" class=\"broken_link\" target=\"_blank\" rel=\"noopener\"><strong>W NIEPOKALANYM SERCU MARYI<\/strong><\/a><\/p>\n<p>ALBUM TURECKI &#8211; \u00a0<a href=\"https:\/\/www.facebook.com\/media\/set\/?set=a.2957082251211631&amp;type=3\" class=\"broken_link\" target=\"_blank\" rel=\"noopener\"><strong>MERYEM\u2019IN LEKESIZ KALBI<\/strong><\/a><\/p>\n<p>HISZPA\u0143SKI ALBUM &#8211; \u00a0<a href=\"https:\/\/www.facebook.com\/media\/set\/?set=a.2957075244545665&amp;type=3\" class=\"broken_link\" target=\"_blank\" rel=\"noopener\"><strong>EL CORAZON DE MARIA<\/strong><\/a><\/p>\n<p>CHI\u0143SKI ALBUM &#8211; \u00a0<a href=\"https:\/\/www.facebook.com\/media\/set\/?set=a.2957077407878782&amp;type=3\" class=\"broken_link\" target=\"_blank\" rel=\"noopener\"><strong>\u5723\u6bcd\u5723\u5fc3\u9601<\/strong><\/a><\/p>\n<p>ALBUM INDONEZYJSKI &#8211; <a href=\"https:\/\/www.facebook.com\/media\/set\/?set=a.2957087964544393&amp;type=3\" class=\"broken_link\" target=\"_blank\" rel=\"noopener\"><strong>DI DALAM HATI MARIA INDONESIA<\/strong><\/a><\/p>\n<hr \/>\n<h4><strong>2. Media nie wymagaj\u0105ce u\u017cycia stron internetowych.<a href=\"https:\/\/test4.mi-backup.ch\/wp-content\/uploads\/2022\/08\/Pol-0000340-300x300.jpg\"><img loading=\"lazy\" class=\"alignright wp-image-73664 size-medium\" src=\"https:\/\/test4.mi-backup.ch\/wp-content\/uploads\/2022\/08\/Pol-0000340-300x300.jpg\" alt=\"\" width=\"300\" height=\"300\" srcset=\"https:\/\/test4.mi-backup.ch\/wp-content\/uploads\/2022\/08\/Pol-0000340-300x300.jpg 300w, https:\/\/test4.mi-backup.ch\/wp-content\/uploads\/2022\/08\/Pol-0000340-1024x1024.jpg 1024w, https:\/\/test4.mi-backup.ch\/wp-content\/uploads\/2022\/08\/Pol-0000340-150x150.jpg 150w, https:\/\/test4.mi-backup.ch\/wp-content\/uploads\/2022\/08\/Pol-0000340-768x768.jpg 768w, https:\/\/test4.mi-backup.ch\/wp-content\/uploads\/2022\/08\/Pol-0000340-32x32.jpg 32w, https:\/\/test4.mi-backup.ch\/wp-content\/uploads\/2022\/08\/Pol-0000340-425x425.jpg 425w, https:\/\/test4.mi-backup.ch\/wp-content\/uploads\/2022\/08\/Pol-0000340-400x400.jpg 400w, https:\/\/test4.mi-backup.ch\/wp-content\/uploads\/2022\/08\/Pol-0000340-600x600.jpg 600w, https:\/\/test4.mi-backup.ch\/wp-content\/uploads\/2022\/08\/Pol-0000340-100x100.jpg 100w, https:\/\/test4.mi-backup.ch\/wp-content\/uploads\/2022\/08\/Pol-0000340.jpg 1080w\" sizes=\"(max-width: 300px) 100vw, 300px\" \/><\/a><\/strong><\/h4>\n<h4 style=\"padding-left: 40px;\"><strong>A. SHARE-YOUR-PHOTOS<\/strong><\/h4>\n<p><strong>Wprowadzenie<\/strong>: Zasada <strong>SHARE-YOUR-PHOTOS<\/strong> jest do\u015b\u0107 prosta. Jest to miejsce do przechowywania zdj\u0119\u0107, w kt\u00f3rym przechowujemy wszystkie nasze wirtualne karty publikowane od kilku lat. Ta aplikacja nie wymaga korzystania ze strony internetowej. Dlatego jest bardzo \u0142atwo dost\u0119pny i jest cennym \u017ar\u00f3d\u0142em amunicji dla Rycerzy. Ta aplikacja mo\u017ce by\u0107 u\u017cywana na urz\u0105dzeniach mobilnych i komputerowych oraz innych urz\u0105dzeniach&#8230;<\/p>\n<p><strong>Cel<\/strong>: Wirtualne karty s\u0105 publikowane w tej aplikacji w r\u00f3\u017cnych albumach. <strong>Jest jednak wa\u017cne, aby ka\u017cdy kto z niego korzysta, nie publikowa\u0142 niczego osobistego w albumach.<\/strong> Karty powinny by\u0107 po prostu pobrane, a nast\u0119pnie udost\u0119pnione i rozprowadzane wok\u00f3\u0142 nas, tak aby pom\u00f3c duszom w ich \u017cyciu duchowym oraz przyci\u0105ga\u0107 je do Boga.<\/p>\n<figure id=\"attachment_73108\" aria-describedby=\"caption-attachment-73108\" style=\"width: 276px\" class=\"wp-caption alignright\"><a href=\"https:\/\/test4.mi-backup.ch\/wp-content\/uploads\/2022\/07\/share-your-photos-logo.jpg\"><img loading=\"lazy\" class=\"wp-image-73114 size-full\" src=\"https:\/\/test4.mi-backup.ch\/wp-content\/uploads\/2022\/07\/share-your-photos-logo.jpg\" alt=\"\" width=\"276\" height=\"269\" srcset=\"https:\/\/test4.mi-backup.ch\/wp-content\/uploads\/2022\/07\/share-your-photos-logo.jpg 276w, https:\/\/test4.mi-backup.ch\/wp-content\/uploads\/2022\/07\/share-your-photos-logo-32x32.jpg 32w\" sizes=\"(max-width: 276px) 100vw, 276px\" \/><\/a><figcaption id=\"caption-attachment-73108\" class=\"wp-caption-text\">Logo de l&#8217;application<\/figcaption><\/figure>\n<p><strong>Zasada dzia\u0142ania aplikacji jest prosta:<\/strong><\/p>\n<ol>\n<li>Pobierz aplikacj\u0119.<\/li>\n<li>Wyszukaj wydarzenie &#8220;Militia Immaculatae&#8221;<\/li>\n<li>Wybierz album, do kt\u00f3rego chcesz do\u0142\u0105czy\u0107<\/li>\n<li>Gotowe! Mo\u017cesz zaprosi\u0107 inne osoby i do\u0142\u0105czy\u0107 do kilku album\u00f3w w r\u00f3\u017cnych j\u0119zykach, jak to by\u0142o w przypadku naszej aplikacji Celebrate. Nie zamierzamy ju\u017c u\u017cywa\u0107 aplikacji Celebrate, z powodu zbyt du\u017cej ilo\u015bci k\u0142opot\u00f3w i b\u0142\u0119d\u00f3w.<br \/>\nNazwy wydarze\u0144 lub r\u00f3\u017cnych album\u00f3w pozostaj\u0105 takie same jak wcze\u015bniej, zmienia si\u0119 tylko aplikacja.<\/li>\n<li>Prosimy o udost\u0119pnianie w miar\u0119 mo\u017cliwo\u015bci wydarze\u0144\/album\u00f3w, poniewa\u017c albumy, w kt\u00f3rych nie b\u0119dzie co najmniej 3 go\u015bci b\u0119d\u0105 systematycznie kasowane. To jest jedyne ograniczenie aplikacji&#8230; i dobrze, \u017ce istnieje, poniewa\u017c zobowi\u0105zuje nas do apostolatu!<\/li>\n<\/ol>\n<h5>Lista album\u00f3w w r\u00f3\u017cnych j\u0119zykach:<\/h5>\n<table>\n<tbody>\n<tr>\n<td width=\"185\"><strong>J\u0118ZYK<\/strong><\/td>\n<td width=\"212\"><strong>Tytu\u0142 albumu<\/strong><\/td>\n<td width=\"212\"><\/td>\n<\/tr>\n<tr>\n<td width=\"185\"><strong>FRANCUSKI<\/strong><\/td>\n<td width=\"212\"><a href=\"https:\/\/shareyourphotos.app.link\/aihkUg9P3rb\" target=\"_blank\" rel=\"noopener\"><strong>AU ROYAUME DE MARIE<\/strong><\/a><\/td>\n<td width=\"212\"><\/td>\n<\/tr>\n<tr>\n<td width=\"185\"><\/td>\n<td width=\"212\"><strong>INSTAGRAM FRAN\u00c7AIS<\/strong><\/td>\n<td width=\"212\"><\/td>\n<\/tr>\n<tr>\n<td width=\"185\"><strong>ANGIELSKI\u00a0<\/strong><\/td>\n<td width=\"212\"><a href=\"https:\/\/shareyourphotos.app.link\/tvQJRJcQ3rb\" target=\"_blank\" rel=\"noopener\"><strong>IN MARY&#8217;S HEART<\/strong><\/a><\/td>\n<td width=\"212\"><\/td>\n<\/tr>\n<tr>\n<td width=\"185\"><strong><span class=\"JsGRdQ\">HISZPA\u0143SKI<\/span><\/strong><\/td>\n<td width=\"212\"><a href=\"https:\/\/shareyourphotos.app.link\/h3y2uKfQ3rb\" target=\"_blank\" rel=\"noopener\"><strong>EL CORAZON DE MARIA<\/strong><\/a><\/td>\n<td width=\"212\"><\/td>\n<\/tr>\n<tr>\n<td width=\"185\"><strong>POLSKI<\/strong><\/td>\n<td width=\"212\"><a href=\"https:\/\/shareyourphotos.app.link\/l1nnJViQ3rb\" target=\"_blank\" rel=\"noopener\"><strong>W NIEPOKALANYM SERCU MARYI POLAND<\/strong><\/a><\/td>\n<td width=\"212\"><\/td>\n<\/tr>\n<tr>\n<td width=\"185\"><strong>TURECKI<\/strong><\/td>\n<td width=\"212\"><a href=\"https:\/\/shareyourphotos.app.link\/mNyKGPzQ3rb\" target=\"_blank\" rel=\"noopener\"><strong>MERYEM&#8217;IN LEKESIZ KALBI TURK<\/strong><\/a><\/td>\n<td width=\"212\"><\/td>\n<\/tr>\n<tr>\n<td width=\"185\"><strong>INDONEZYJSKI<\/strong><\/td>\n<td width=\"212\"><a href=\"https:\/\/shareyourphotos.app.link\/AUN7rJDQ3rb\" target=\"_blank\" rel=\"noopener\"><strong>DI DALAM HATI MARIA INDONESIA<\/strong><\/a><\/td>\n<td width=\"212\"><\/td>\n<\/tr>\n<tr>\n<td width=\"185\"><strong>CHI\u0143SKI<\/strong><\/td>\n<td width=\"212\"><a href=\"https:\/\/shareyourphotos.app.link\/WwuWjVKQ3rb\" target=\"_blank\" rel=\"noopener\"><strong>\u5723\u6bcd\u5723\u5fc3\u9601<\/strong><\/a><\/td>\n<td width=\"212\"><\/td>\n<\/tr>\n<tr>\n<td width=\"185\"><strong>PORTUGALSKI<\/strong><\/td>\n<td width=\"212\"><a href=\"https:\/\/shareyourphotos.app.link\/iTQeyzTQ3rb\" target=\"_blank\" rel=\"noopener\"><strong>NO IMACULADO CORA\u00c7\u00c3O DE MARIA PORTUGAL<\/strong><\/a><\/td>\n<td width=\"212\"><\/td>\n<\/tr>\n<tr>\n<td width=\"185\"><strong>CHORWACKI<\/strong><\/td>\n<td width=\"212\"><a href=\"https:\/\/shareyourphotos.app.link\/JeBnTuRQ3rb\" target=\"_blank\" rel=\"noopener\"><strong>U MARIJINOM SRCU CROATIE<\/strong><\/a><\/td>\n<td width=\"212\"><\/td>\n<\/tr>\n<tr>\n<td width=\"185\"><strong>NIEMIECKI<\/strong><\/td>\n<td width=\"212\"><a href=\"https:\/\/shareyourphotos.app.link\/QkvyVspP3rb\" target=\"_blank\" rel=\"noopener\"><strong>IN MARIA HERZEN GERMANY<\/strong><\/a><\/td>\n<td width=\"212\"><\/td>\n<\/tr>\n<tr>\n<td width=\"185\"><strong>FILIPIN<\/strong><\/td>\n<td width=\"212\"><a href=\"https:\/\/shareyourphotos.app.link\/PhNQNFIQ3rb\" target=\"_blank\" rel=\"noopener\"><strong>MAHAL NA BIRHENG MARIA, REYNA NG PILIPINAS<\/strong><\/a><\/td>\n<td width=\"212\"><\/td>\n<\/tr>\n<tr>\n<td width=\"185\"><strong>TAMIL \u2013 INDIE<\/strong><\/td>\n<td width=\"212\"><a href=\"https:\/\/shareyourphotos.app.link\/1rzVCrGQ3rb\" target=\"_blank\" rel=\"noopener\"><strong>\u0bae\u0bb0\u0bbf\u0baf\u0bbe\u0baf\u0bbf\u0ba9\u0bcd \u0b87\u0bb0\u0bc1\u0ba4\u0baf\u0ba4\u0bcd\u0ba4\u0bbf\u0bb2\u0bcd Tamil<\/strong><\/a><\/td>\n<td width=\"212\"><\/td>\n<\/tr>\n<\/tbody>\n<\/table>\n<div class=\"sc-aemoO kAkSPR\">\n<div class=\"sc-higXBA iTdwUQ\">\n<div class=\"sc-gGmIRh dReUCL\">\n<hr \/>\n<\/div>\n<\/div>\n<\/div>\n<h4 style=\"padding-left: 40px;\"><strong>B. TELEGRAM<a href=\"https:\/\/test4.mi-backup.ch\/wp-content\/uploads\/2022\/07\/6-1-212x300.jpg\"><img loading=\"lazy\" class=\"alignright wp-image-73372\" src=\"https:\/\/test4.mi-backup.ch\/wp-content\/uploads\/2022\/07\/6-1-212x300.jpg\" alt=\"\" width=\"300\" height=\"424\" srcset=\"https:\/\/test4.mi-backup.ch\/wp-content\/uploads\/2022\/07\/6-1-212x300.jpg 212w, https:\/\/test4.mi-backup.ch\/wp-content\/uploads\/2022\/07\/6-1-724x1024.jpg 724w, https:\/\/test4.mi-backup.ch\/wp-content\/uploads\/2022\/07\/6-1-768x1086.jpg 768w, https:\/\/test4.mi-backup.ch\/wp-content\/uploads\/2022\/07\/6-1-1086x1536.jpg 1086w, https:\/\/test4.mi-backup.ch\/wp-content\/uploads\/2022\/07\/6-1-389x550.jpg 389w, https:\/\/test4.mi-backup.ch\/wp-content\/uploads\/2022\/07\/6-1-600x849.jpg 600w, https:\/\/test4.mi-backup.ch\/wp-content\/uploads\/2022\/07\/6-1.jpg 1414w\" sizes=\"(max-width: 300px) 100vw, 300px\" \/><\/a><\/strong><\/h4>\n<p><strong>Wprowadzenie<\/strong>: Telegram jest do\u015b\u0107 prosty: z jednej strony dzia\u0142a jak <strong>prosta skrzynka pocztowa<\/strong>; a z drugiej strony <strong>mamy mo\u017cliwo\u015b\u0107 tworzenia kana\u0142\u00f3w, w kt\u00f3rych dwa razy w tygodniu publikujemy nasze wirtualne publikacje.<\/strong><\/p>\n<p><strong>Cel<\/strong>: Te publikacje maj\u0105 tylko jeden cel: dzieli\u0107 si\u0119 i rozpowszechnia\u0107 wok\u00f3\u0142 nas, aby pom\u00f3c duszom w ich \u017cyciu duchowym i zwr\u00f3ci\u0107 je do Boga.<\/p>\n<p><em>Aby wyszuka\u0107 kana\u0142 w innym j\u0119zyku, musisz napisa\u0107 na pocz\u0105tku naci\u015bni\u0119cia:<\/em><strong> t.me\/<\/strong> Przyk\u0142ad: <a href=\"https:\/\/t.me\/militimamaclataepl\" target=\"_blank\">https:\/\/t.me\/militimamaclataepl<\/a><\/p>\n<h5>Kana\u0142y w r\u00f3\u017cnych j\u0119zykach:<\/h5>\n<p>KANA\u0141 POLSKI \u2013 <a href=\"https:\/\/t.me\/militiaimmaculataepl\" target=\"_blank\" rel=\"noopener\" data-saferedirecturl=\"https:\/\/www.google.com\/url?q=https:\/\/t.me\/militiaimmaculataepl&amp;source=gmail&amp;ust=1647415938512000&amp;usg=AOvVaw2jS9qlXwz0PMobaHXMPPsq\"><strong>MILITIA IMMACULATAE PL<\/strong><\/a><\/p>\n<p>KANA\u0141 FRANCUSKI \u2013 <a href=\"https:\/\/t.me\/militiaimmaculataefr\" target=\"_blank\" rel=\"noopener\" data-saferedirecturl=\"https:\/\/www.google.com\/url?q=https:\/\/t.me\/militiaimmaculataefr&amp;source=gmail&amp;ust=1647415938512000&amp;usg=AOvVaw2N6OP37hw5a448ZW9ooW-q\"><strong>MILITIA IMMACULATAE FR<\/strong><\/a><\/p>\n<p>KANA\u0141 ANGIELSKI \u2013 <a href=\"https:\/\/t.me\/militiaimmaculataeen\" target=\"_blank\" rel=\"noopener\" data-saferedirecturl=\"https:\/\/www.google.com\/url?q=https:\/\/t.me\/militiaimmaculataeengl&amp;source=gmail&amp;ust=1647415938512000&amp;usg=AOvVaw1SFWCf6ILx6689LXdOIDC0\"><strong>MILITIA IMMACULATAE EN<\/strong><\/a><\/p>\n<p>KANA\u0141 HISZPA\u0143SKI \u2013 <a href=\"https:\/\/t.me\/militiaimmaculataees\" target=\"_blank\" rel=\"noopener\" data-saferedirecturl=\"https:\/\/www.google.com\/url?q=https:\/\/t.me\/militiaimmaculataees&amp;source=gmail&amp;ust=1647415938512000&amp;usg=AOvVaw1P7DZ4aBp0OQfCXIHnZ1-h\"><strong>MILITIA IMMACULATAE ES<\/strong><\/a><\/p>\n<p>KANA\u0141 TURECKI \u2013 <a href=\"https:\/\/t.me\/militiaimmaculataetr\" target=\"_blank\" rel=\"noopener\" data-saferedirecturl=\"https:\/\/www.google.com\/url?q=https:\/\/t.me\/militiaimmaculataetr&amp;source=gmail&amp;ust=1647415938512000&amp;usg=AOvVaw1l6i4CO-d2Iwv6l_SYi1Od\"><strong>MILITIA IMMACULATAE TR<\/strong><\/a><\/p>\n<p>KANA\u0141 INDONEZYJSKI \u2013 <strong><a href=\"https:\/\/t.me\/militiaimmaculataeid\" target=\"_blank\" rel=\"noopener\" data-saferedirecturl=\"https:\/\/www.google.com\/url?q=https:\/\/t.me\/militiaimmaculataeid&amp;source=gmail&amp;ust=1647415938512000&amp;usg=AOvVaw0tBpWX_5aGn1S19HPJP-Ec\">MILITIA IMMACULATAE ID<\/a><\/strong><\/p>\n<hr \/>\n<h4 style=\"padding-left: 40px;\"><strong>C.WHATSAPP<a href=\"https:\/\/test4.mi-backup.ch\/wp-content\/uploads\/2022\/07\/WHATSAPP-212x300.jpg\"><img loading=\"lazy\" class=\"alignright wp-image-73412\" src=\"https:\/\/test4.mi-backup.ch\/wp-content\/uploads\/2022\/07\/WHATSAPP-212x300.jpg\" alt=\"\" width=\"300\" height=\"424\" srcset=\"https:\/\/test4.mi-backup.ch\/wp-content\/uploads\/2022\/07\/WHATSAPP-212x300.jpg 212w, https:\/\/test4.mi-backup.ch\/wp-content\/uploads\/2022\/07\/WHATSAPP-724x1024.jpg 724w, https:\/\/test4.mi-backup.ch\/wp-content\/uploads\/2022\/07\/WHATSAPP-768x1086.jpg 768w, https:\/\/test4.mi-backup.ch\/wp-content\/uploads\/2022\/07\/WHATSAPP-1086x1536.jpg 1086w, https:\/\/test4.mi-backup.ch\/wp-content\/uploads\/2022\/07\/WHATSAPP-389x550.jpg 389w, https:\/\/test4.mi-backup.ch\/wp-content\/uploads\/2022\/07\/WHATSAPP-600x849.jpg 600w, https:\/\/test4.mi-backup.ch\/wp-content\/uploads\/2022\/07\/WHATSAPP.jpg 1414w\" sizes=\"(max-width: 300px) 100vw, 300px\" \/><\/a><\/strong><\/h4>\n<p><strong>Wprowadzenie<\/strong>: Whatsapp dzia\u0142a jako prosty komunikator, gdzie tak\u017ce mamy grupy w r\u00f3\u017cnych j\u0119zykach, do kt\u00f3rych wysy\u0142amy nasze wirtualne publikacje <strong>dwa razy w tygodniu.<\/strong> Jednak ta wiadomo\u015b\u0107 pozwala nam r\u00f3wnie\u017c na wymian\u0119 z Rycerzami, kt\u00f3rzy otrzymuj\u0105 karty.<\/p>\n<p><strong>Cel:<\/strong> Rozpowszechnianie kart i publikacji Niepokalanej, a tak\u017ce utrzymywanie kontaktu z odizolowanymi Rycerzami na \u015bwiecie.<\/p>\n<table>\n<tbody>\n<tr>\n<td width=\"185\"><strong>J\u0118ZYK<\/strong><\/td>\n<td width=\"212\"><strong>NAZWA GRUPY<\/strong><\/td>\n<\/tr>\n<tr>\n<td width=\"185\"><strong>FRANCUSKI<\/strong><\/td>\n<td width=\"212\"><a href=\"https:\/\/chat.whatsapp.com\/IRvB9vyVNwMFLKINBmPidW\" target=\"_blank\" rel=\"noopener\"><strong>AU ROYAUME DE MARIE<\/strong><\/a><\/td>\n<\/tr>\n<tr>\n<td width=\"185\"><strong>ANGIELSKI\u00a0<\/strong><\/td>\n<td width=\"212\"><a href=\"https:\/\/chat.whatsapp.com\/I9izuJWfdUj8ls3F7QaWTN\" target=\"_blank\" rel=\"noopener\"><strong>IN MARY&#8217;S HEART<\/strong><\/a><\/td>\n<\/tr>\n<tr>\n<td width=\"185\"><strong><span class=\"JsGRdQ\">HISZPA\u0143SKI<\/span><\/strong><\/td>\n<td width=\"212\"><a href=\"https:\/\/chat.whatsapp.com\/FehpneYA014BFQNtwNx5J5\" target=\"_blank\" rel=\"noopener\"><strong>EL CORAZON DE MARIA<\/strong><\/a><\/td>\n<\/tr>\n<tr>\n<td width=\"185\"><strong>TURECKI<\/strong><\/td>\n<td width=\"212\"><a href=\"https:\/\/chat.whatsapp.com\/DnVBeM4ab3RGzBHooNynxx\" target=\"_blank\" rel=\"noopener\"><strong>MERYEM&#8217;IN LEKESIZ KALBI TURK<\/strong><\/a><\/td>\n<\/tr>\n<\/tbody>\n<\/table>\n<hr \/>\n<h4 style=\"padding-left: 40px;\"><strong>D. INSTAGRAM<a href=\"https:\/\/test4.mi-backup.ch\/wp-content\/uploads\/2022\/07\/instagram-2-212x300.jpg\"><img loading=\"lazy\" class=\"alignright wp-image-73396\" src=\"https:\/\/test4.mi-backup.ch\/wp-content\/uploads\/2022\/07\/instagram-2-212x300.jpg\" alt=\"\" width=\"300\" height=\"424\" srcset=\"https:\/\/test4.mi-backup.ch\/wp-content\/uploads\/2022\/07\/instagram-2-212x300.jpg 212w, https:\/\/test4.mi-backup.ch\/wp-content\/uploads\/2022\/07\/instagram-2-724x1024.jpg 724w, https:\/\/test4.mi-backup.ch\/wp-content\/uploads\/2022\/07\/instagram-2-768x1086.jpg 768w, https:\/\/test4.mi-backup.ch\/wp-content\/uploads\/2022\/07\/instagram-2-1086x1536.jpg 1086w, https:\/\/test4.mi-backup.ch\/wp-content\/uploads\/2022\/07\/instagram-2-389x550.jpg 389w, https:\/\/test4.mi-backup.ch\/wp-content\/uploads\/2022\/07\/instagram-2-600x849.jpg 600w, https:\/\/test4.mi-backup.ch\/wp-content\/uploads\/2022\/07\/instagram-2.jpg 1414w\" sizes=\"(max-width: 300px) 100vw, 300px\" \/><\/a><\/strong><\/h4>\n<p><strong>Wprowadzenie<\/strong>: Zasada dzia\u0142ania Instagrama jest prosta. Jest to miejsce do udost\u0119pniania zdj\u0119\u0107, w kt\u00f3rym publikujemy wirtualne karty.<\/p>\n<p><strong>Cel<\/strong>: Kr\u00f3tkie, ale warto\u015bciowe tre\u015bci zawarte na kartach, mo\u017cemy w \u0142atwy spos\u00f3b publikowa\u0107, udost\u0119pnia\u0107 i rozpowszechnia\u0107 wok\u00f3\u0142 nas, tak aby pom\u00f3c duszom w ich \u017cyciu duchowym oraz przyci\u0105ga\u0107 je do Boga.<\/p>\n<h5>Lista profili w r\u00f3\u017cnych j\u0119zykach:<\/h5>\n<p>FRANCJA &#8211; <a href=\"https:\/\/www.instagram.com\/invites\/contact\/?i=jhpnkmcjzk0h&amp;utm_content=l25aysn\" target=\"_blank\" rel=\"noopener\"><strong>miltiaimmaculataefr<\/strong><\/a><\/p>\n<p>ANGIELSKI \u00a0&#8211;<a href=\"https:\/\/www.instagram.com\/invites\/contact\/?i=cnte9lhpdzzg&amp;utm_content=o66hfz8\" target=\"_blank\" rel=\"noopener\"><strong> militiaimmaculataeen<\/strong><\/a><\/p>\n<hr \/>\n<p><a href=\"https:\/\/test4.mi-backup.ch\/wp-content\/uploads\/2022\/07\/online-avec-marie-pr-page.jpg\"><img loading=\"lazy\" class=\"wp-image-73428 size-full aligncenter\" src=\"https:\/\/test4.mi-backup.ch\/wp-content\/uploads\/2022\/07\/online-avec-marie-pr-page.jpg\" alt=\"\" width=\"2000\" height=\"1414\" srcset=\"https:\/\/test4.mi-backup.ch\/wp-content\/uploads\/2022\/07\/online-avec-marie-pr-page.jpg 2000w, https:\/\/test4.mi-backup.ch\/wp-content\/uploads\/2022\/07\/online-avec-marie-pr-page-300x212.jpg 300w, https:\/\/test4.mi-backup.ch\/wp-content\/uploads\/2022\/07\/online-avec-marie-pr-page-1024x724.jpg 1024w, https:\/\/test4.mi-backup.ch\/wp-content\/uploads\/2022\/07\/online-avec-marie-pr-page-768x543.jpg 768w, https:\/\/test4.mi-backup.ch\/wp-content\/uploads\/2022\/07\/online-avec-marie-pr-page-1536x1086.jpg 1536w, https:\/\/test4.mi-backup.ch\/wp-content\/uploads\/2022\/07\/online-avec-marie-pr-page-425x300.jpg 425w, https:\/\/test4.mi-backup.ch\/wp-content\/uploads\/2022\/07\/online-avec-marie-pr-page-600x424.jpg 600w\" sizes=\"(max-width: 2000px) 100vw, 2000px\" \/><\/a><\/p>\n","protected":false},"excerpt":{"rendered":"<p>Spis tre\u015bci: Media wymagaj\u0105ce u\u017cycia stron internetowych. Media nie wymagaj\u0105ce u\u017cycia stron internetowych. 1. Media wymagaj\u0105ce u\u017cycia stron internetowych. A. YouTube Wprowadzenie:\u00a0Zasada dzia\u0142ania Youtube jest do\u015b\u0107 prosta. Jest to kana\u0142 filmowy, na kt\u00f3rym publikujemy filmy, kt\u00f3re sami tworzymy, konferencje o charakterze maryjnym czy kazania ksi\u0119\u017cy, kt\u00f3rzy s\u0105 r\u00f3wnie\u017c cz\u0142onkami MI.<a class=\"more-link\" href=\"https:\/\/test4.mi-backup.ch\/pl\/media-i-portale-spolecznosciowe\/\">Czytaj dalej &rarr;<\/a><\/p>\n","protected":false},"author":182,"featured_media":73420,"parent":0,"menu_order":0,"comment_status":"closed","ping_status":"closed","template":"","meta":[],"_links":{"self":[{"href":"https:\/\/test4.mi-backup.ch\/pl\/wp-json\/wp\/v2\/pages\/73353"}],"collection":[{"href":"https:\/\/test4.mi-backup.ch\/pl\/wp-json\/wp\/v2\/pages"}],"about":[{"href":"https:\/\/test4.mi-backup.ch\/pl\/wp-json\/wp\/v2\/types\/page"}],"author":[{"embeddable":true,"href":"https:\/\/test4.mi-backup.ch\/pl\/wp-json\/wp\/v2\/users\/182"}],"replies":[{"embeddable":true,"href":"https:\/\/test4.mi-backup.ch\/pl\/wp-json\/wp\/v2\/comments?post=73353"}],"version-history":[{"count":10,"href":"https:\/\/test4.mi-backup.ch\/pl\/wp-json\/wp\/v2\/pages\/73353\/revisions"}],"predecessor-version":[{"id":73701,"href":"https:\/\/test4.mi-backup.ch\/pl\/wp-json\/wp\/v2\/pages\/73353\/revisions\/73701"}],"wp:featuredmedia":[{"embeddable":true,"href":"https:\/\/test4.mi-backup.ch\/pl\/wp-json\/wp\/v2\/media\/73420"}],"wp:attachment":[{"href":"https:\/\/test4.mi-backup.ch\/pl\/wp-json\/wp\/v2\/media?parent=73353"}],"curies":[{"name":"wp","href":"https:\/\/api.w.org\/{rel}","templated":true}]}}